{"id":15503,"date":"2022-06-28T14:35:14","date_gmt":"2022-06-28T12:35:14","guid":{"rendered":"https:\/\/www.fachbau.ch\/?post_type=product&#038;p=15503"},"modified":"2022-06-28T14:35:14","modified_gmt":"2022-06-28T12:35:14","slug":"intelligent-bauen-12-2021","status":"publish","type":"product","link":"https:\/\/www.fachbau.ch\/de\/product\/intelligent-bauen-12-2021\/","title":{"rendered":"intelligent bauen 12\/2021"},"content":{"rendered":"<h2>SPECIAL: GEB\u00c4UDEAUTOMATION<\/h2>\n<ul>\n<li>Siemens-Studie zur k\u00fcnftigen Infrastruktur<\/li>\n<li>Planer-Tag von Salto Schweiz<\/li>\n<li>SmartGridready \u2013 erste Ger\u00e4te erhalten das Label<\/li>\n<li>GNI: IoT f\u00fchrt zu neuer Zusammenarbeit<\/li>\n<\/ul>\n<p>&nbsp;<\/p>\n<h2>Bau- \/ Immobilienbranche<\/h2>\n<ul>\n<li>Kurz &amp; knapp: Nachrichten aus der Branche<\/li>\n<li>Interview mit Thomas Freuler, CEO Spaeter-Gruppe<\/li>\n<li>Vorschau Swissbau 2022<\/li>\n<li>Alle wichtigen Termine der Branche<\/li>\n<\/ul>\n<h2>Architektur<\/h2>\n<ul>\n<li>Ausgew\u00e4hlte Projekte im In- und Ausland<\/li>\n<li>Botta-Therme: Ein einzigartiger Kosmos<\/li>\n<li>Zurich er\u00f6ffnet energieef\ufb01zienten Hauptsitz<\/li>\n<li>Closed-Cavity-Fassade mit nat\u00fcrlicher Bel\u00fcftung<\/li>\n<\/ul>\n<h2>Technik<\/h2>\n<ul>\n<li>Forschung + Entwicklung: Kreislaufwirtschaft im Fokus<\/li>\n<li>W\u00e4rmepumpen: Nat\u00fcrliche K\u00e4ltemittel schonen das Klima<\/li>\n<li>GSGI: Verbandsnachrichten<\/li>\n<li>Abwasser als Energiequelle<\/li>\n<li>Zerti\ufb01kat \u00ab2000-Watt-Areal in Transformation\u00bb<\/li>\n<\/ul>\n<h2>Baustoffe<\/h2>\n<ul>\n<li>Innenausbau: Das Gl\u00fcck hat eine Farbe<\/li>\n<li>Praxisbeispiele Innenbegr\u00fcnung<\/li>\n<li>Nachhaltigkeit: Beton als dominierender Baustoff<\/li>\n<li>Klassenziel: Schulbauten komplett aus Holz<\/li>\n<\/ul>\n","protected":false},"excerpt":{"rendered":"<p>Erhalte die deutschsprachige Fachzeitschrift \u00abintelligent bauen\u00bb in der Ausgabe 12\/2021 als PDF-Download mit nachfolgendem Inhaltsverzeichnis:<\/p>\n","protected":false},"featured_media":15505,"template":"","meta":{"_acf_changed":false,"pgc_sgb_lightbox_settings":""},"product_brand":[],"product_cat":[1727,1728],"product_tag":[1724],"class_list":{"0":"post-15503","1":"product","2":"type-product","3":"status-publish","4":"has-post-thumbnail","6":"product_cat-einzelausgaben","7":"product_cat-intelligent-bauen","8":"product_tag-1724","10":"first","11":"instock","12":"downloadable","13":"virtual","14":"taxable","15":"purchasable","16":"product-type-simple"},"acf":[],"yoast_head":"<!-- This site is optimized with the Yoast SEO plugin v27.4 - https:\/\/yoast.com\/product\/yoast-seo-wordpress\/ -->\n<title>intelligent bauen 12\/2021 - fachbau.ch<\/title>\n<meta name=\"description\" content=\"Erhalte die deutschsprachige Fachzeitschrift \u00abintelligent bauen\u00bb in der Ausgabe 12\/2021 als PDF-Download mit nachfolgendem Inhaltsverzeichnis:\" \/>\n<meta name=\"robots\" content=\"index, follow, max-snippet:-1, max-image-preview:large, max-video-preview:-1\" \/>\n<link rel=\"canonical\" href=\"http:\/\/www.fachbau.ch\/de\/de_de\/product\/intelligent-bauen-12-2021\/\" \/>\n<meta property=\"og:locale\" content=\"de_DE\" \/>\n<meta property=\"og:type\" content=\"article\" \/>\n<meta property=\"og:title\" content=\"intelligent bauen 12\/2021 - fachbau.ch\" \/>\n<meta property=\"og:description\" content=\"Erhalte die deutschsprachige Fachzeitschrift \u00abintelligent bauen\u00bb in der Ausgabe 12\/2021 als PDF-Download mit nachfolgendem Inhaltsverzeichnis:\" \/>\n<meta property=\"og:url\" content=\"http:\/\/www.fachbau.ch\/de\/de_de\/product\/intelligent-bauen-12-2021\/\" \/>\n<meta property=\"og:site_name\" content=\"fachbau.ch\" \/>\n<meta property=\"og:image\" content=\"https:\/\/www.fachbau.ch\/wp-content\/uploads\/2022\/06\/intelligentbauen_2021_12.png\" \/>\n\t<meta property=\"og:image:width\" content=\"654\" \/>\n\t<meta property=\"og:image:height\" content=\"370\" \/>\n\t<meta property=\"og:image:type\" content=\"image\/png\" \/>\n<meta name=\"twitter:card\" content=\"summary_large_image\" \/>\n<meta name=\"twitter:label1\" content=\"Gesch\u00e4tzte Lesezeit\" \/>\n\t<meta name=\"twitter:data1\" content=\"1\u00a0Minute\" \/>\n<script type=\"application\/ld+json\" class=\"yoast-schema-graph\">{\"@context\":\"https:\\\/\\\/schema.org\",\"@graph\":[{\"@type\":\"WebPage\",\"@id\":\"http:\\\/\\\/www.fachbau.ch\\\/de_de\\\/product\\\/intelligent-bauen-12-2021\\\/\",\"url\":\"http:\\\/\\\/www.fachbau.ch\\\/de_de\\\/product\\\/intelligent-bauen-12-2021\\\/\",\"name\":\"intelligent bauen 12\\\/2021 - fachbau.ch\",\"isPartOf\":{\"@id\":\"https:\\\/\\\/www.fachbau.ch\\\/#website\"},\"primaryImageOfPage\":{\"@id\":\"http:\\\/\\\/www.fachbau.ch\\\/de_de\\\/product\\\/intelligent-bauen-12-2021\\\/#primaryimage\"},\"image\":{\"@id\":\"http:\\\/\\\/www.fachbau.ch\\\/de_de\\\/product\\\/intelligent-bauen-12-2021\\\/#primaryimage\"},\"thumbnailUrl\":\"https:\\\/\\\/www.fachbau.ch\\\/wp-content\\\/uploads\\\/2022\\\/06\\\/intelligentbauen_2021_12.png\",\"datePublished\":\"2022-06-28T12:35:14+00:00\",\"description\":\"Erhalte die deutschsprachige Fachzeitschrift \u00abintelligent bauen\u00bb in der Ausgabe 12\\\/2021 als PDF-Download mit nachfolgendem Inhaltsverzeichnis:\",\"breadcrumb\":{\"@id\":\"http:\\\/\\\/www.fachbau.ch\\\/de_de\\\/product\\\/intelligent-bauen-12-2021\\\/#breadcrumb\"},\"inLanguage\":\"de\",\"potentialAction\":[{\"@type\":\"ReadAction\",\"target\":[\"http:\\\/\\\/www.fachbau.ch\\\/de_de\\\/product\\\/intelligent-bauen-12-2021\\\/\"]}]},{\"@type\":\"ImageObject\",\"inLanguage\":\"de\",\"@id\":\"http:\\\/\\\/www.fachbau.ch\\\/de_de\\\/product\\\/intelligent-bauen-12-2021\\\/#primaryimage\",\"url\":\"https:\\\/\\\/www.fachbau.ch\\\/wp-content\\\/uploads\\\/2022\\\/06\\\/intelligentbauen_2021_12.png\",\"contentUrl\":\"https:\\\/\\\/www.fachbau.ch\\\/wp-content\\\/uploads\\\/2022\\\/06\\\/intelligentbauen_2021_12.png\",\"width\":654,\"height\":370},{\"@type\":\"BreadcrumbList\",\"@id\":\"http:\\\/\\\/www.fachbau.ch\\\/de_de\\\/product\\\/intelligent-bauen-12-2021\\\/#breadcrumb\",\"itemListElement\":[{\"@type\":\"ListItem\",\"position\":1,\"name\":\"Startseite\",\"item\":\"https:\\\/\\\/www.fachbau.ch\\\/\"},{\"@type\":\"ListItem\",\"position\":2,\"name\":\"Shop\",\"item\":\"https:\\\/\\\/www.fachbau.ch\\\/shop\\\/\"},{\"@type\":\"ListItem\",\"position\":3,\"name\":\"intelligent bauen 12\\\/2021\"}]},{\"@type\":\"WebSite\",\"@id\":\"https:\\\/\\\/www.fachbau.ch\\\/#website\",\"url\":\"https:\\\/\\\/www.fachbau.ch\\\/\",\"name\":\"fachbau.ch\",\"description\":\"Modernes, nachhaltiges Bauen.\",\"publisher\":{\"@id\":\"https:\\\/\\\/www.fachbau.ch\\\/#organization\"},\"potentialAction\":[{\"@type\":\"SearchAction\",\"target\":{\"@type\":\"EntryPoint\",\"urlTemplate\":\"https:\\\/\\\/www.fachbau.ch\\\/?s={search_term_string}\"},\"query-input\":{\"@type\":\"PropertyValueSpecification\",\"valueRequired\":true,\"valueName\":\"search_term_string\"}}],\"inLanguage\":\"de\"},{\"@type\":\"Organization\",\"@id\":\"https:\\\/\\\/www.fachbau.ch\\\/#organization\",\"name\":\"fachbau.ch\",\"url\":\"https:\\\/\\\/www.fachbau.ch\\\/\",\"logo\":{\"@type\":\"ImageObject\",\"inLanguage\":\"de\",\"@id\":\"https:\\\/\\\/www.fachbau.ch\\\/#\\\/schema\\\/logo\\\/image\\\/\",\"url\":\"https:\\\/\\\/www.fachbau.ch\\\/wp-content\\\/uploads\\\/2021\\\/12\\\/Logo_fachbau_ch.png\",\"contentUrl\":\"https:\\\/\\\/www.fachbau.ch\\\/wp-content\\\/uploads\\\/2021\\\/12\\\/Logo_fachbau_ch.png\",\"width\":283,\"height\":42,\"caption\":\"fachbau.ch\"},\"image\":{\"@id\":\"https:\\\/\\\/www.fachbau.ch\\\/#\\\/schema\\\/logo\\\/image\\\/\"}}]}<\/script>\n<!-- \/ Yoast SEO plugin. -->","yoast_head_json":{"title":"intelligent bauen 12\/2021 - fachbau.ch","description":"Erhalte die deutschsprachige Fachzeitschrift \u00abintelligent bauen\u00bb in der Ausgabe 12\/2021 als PDF-Download mit nachfolgendem Inhaltsverzeichnis:","robots":{"index":"index","follow":"follow","max-snippet":"max-snippet:-1","max-image-preview":"max-image-preview:large","max-video-preview":"max-video-preview:-1"},"canonical":"http:\/\/www.fachbau.ch\/de\/de_de\/product\/intelligent-bauen-12-2021\/","og_locale":"de_DE","og_type":"article","og_title":"intelligent bauen 12\/2021 - fachbau.ch","og_description":"Erhalte die deutschsprachige Fachzeitschrift \u00abintelligent bauen\u00bb in der Ausgabe 12\/2021 als PDF-Download mit nachfolgendem Inhaltsverzeichnis:","og_url":"http:\/\/www.fachbau.ch\/de\/de_de\/product\/intelligent-bauen-12-2021\/","og_site_name":"fachbau.ch","og_image":[{"width":654,"height":370,"url":"https:\/\/www.fachbau.ch\/wp-content\/uploads\/2022\/06\/intelligentbauen_2021_12.png","type":"image\/png"}],"twitter_card":"summary_large_image","twitter_misc":{"Gesch\u00e4tzte Lesezeit":"1\u00a0Minute"},"schema":{"@context":"https:\/\/schema.org","@graph":[{"@type":"WebPage","@id":"http:\/\/www.fachbau.ch\/de_de\/product\/intelligent-bauen-12-2021\/","url":"http:\/\/www.fachbau.ch\/de_de\/product\/intelligent-bauen-12-2021\/","name":"intelligent bauen 12\/2021 - fachbau.ch","isPartOf":{"@id":"https:\/\/www.fachbau.ch\/#website"},"primaryImageOfPage":{"@id":"http:\/\/www.fachbau.ch\/de_de\/product\/intelligent-bauen-12-2021\/#primaryimage"},"image":{"@id":"http:\/\/www.fachbau.ch\/de_de\/product\/intelligent-bauen-12-2021\/#primaryimage"},"thumbnailUrl":"https:\/\/www.fachbau.ch\/wp-content\/uploads\/2022\/06\/intelligentbauen_2021_12.png","datePublished":"2022-06-28T12:35:14+00:00","description":"Erhalte die deutschsprachige Fachzeitschrift \u00abintelligent bauen\u00bb in der Ausgabe 12\/2021 als PDF-Download mit nachfolgendem Inhaltsverzeichnis:","breadcrumb":{"@id":"http:\/\/www.fachbau.ch\/de_de\/product\/intelligent-bauen-12-2021\/#breadcrumb"},"inLanguage":"de","potentialAction":[{"@type":"ReadAction","target":["http:\/\/www.fachbau.ch\/de_de\/product\/intelligent-bauen-12-2021\/"]}]},{"@type":"ImageObject","inLanguage":"de","@id":"http:\/\/www.fachbau.ch\/de_de\/product\/intelligent-bauen-12-2021\/#primaryimage","url":"https:\/\/www.fachbau.ch\/wp-content\/uploads\/2022\/06\/intelligentbauen_2021_12.png","contentUrl":"https:\/\/www.fachbau.ch\/wp-content\/uploads\/2022\/06\/intelligentbauen_2021_12.png","width":654,"height":370},{"@type":"BreadcrumbList","@id":"http:\/\/www.fachbau.ch\/de_de\/product\/intelligent-bauen-12-2021\/#breadcrumb","itemListElement":[{"@type":"ListItem","position":1,"name":"Startseite","item":"https:\/\/www.fachbau.ch\/"},{"@type":"ListItem","position":2,"name":"Shop","item":"https:\/\/www.fachbau.ch\/shop\/"},{"@type":"ListItem","position":3,"name":"intelligent bauen 12\/2021"}]},{"@type":"WebSite","@id":"https:\/\/www.fachbau.ch\/#website","url":"https:\/\/www.fachbau.ch\/","name":"fachbau.ch","description":"Modernes, nachhaltiges Bauen.","publisher":{"@id":"https:\/\/www.fachbau.ch\/#organization"},"potentialAction":[{"@type":"SearchAction","target":{"@type":"EntryPoint","urlTemplate":"https:\/\/www.fachbau.ch\/?s={search_term_string}"},"query-input":{"@type":"PropertyValueSpecification","valueRequired":true,"valueName":"search_term_string"}}],"inLanguage":"de"},{"@type":"Organization","@id":"https:\/\/www.fachbau.ch\/#organization","name":"fachbau.ch","url":"https:\/\/www.fachbau.ch\/","logo":{"@type":"ImageObject","inLanguage":"de","@id":"https:\/\/www.fachbau.ch\/#\/schema\/logo\/image\/","url":"https:\/\/www.fachbau.ch\/wp-content\/uploads\/2021\/12\/Logo_fachbau_ch.png","contentUrl":"https:\/\/www.fachbau.ch\/wp-content\/uploads\/2021\/12\/Logo_fachbau_ch.png","width":283,"height":42,"caption":"fachbau.ch"},"image":{"@id":"https:\/\/www.fachbau.ch\/#\/schema\/logo\/image\/"}}]}},"_links":{"self":[{"href":"https:\/\/www.fachbau.ch\/de\/wp-json\/wp\/v2\/product\/15503","targetHints":{"allow":["GET"]}}],"collection":[{"href":"https:\/\/www.fachbau.ch\/de\/wp-json\/wp\/v2\/product"}],"about":[{"href":"https:\/\/www.fachbau.ch\/de\/wp-json\/wp\/v2\/types\/product"}],"wp:featuredmedia":[{"embeddable":true,"href":"https:\/\/www.fachbau.ch\/de\/wp-json\/wp\/v2\/media\/15505"}],"wp:attachment":[{"href":"https:\/\/www.fachbau.ch\/de\/wp-json\/wp\/v2\/media?parent=15503"}],"wp:term":[{"taxonomy":"product_brand","embeddable":true,"href":"https:\/\/www.fachbau.ch\/de\/wp-json\/wp\/v2\/product_brand?post=15503"},{"taxonomy":"product_cat","embeddable":true,"href":"https:\/\/www.fachbau.ch\/de\/wp-json\/wp\/v2\/product_cat?post=15503"},{"taxonomy":"product_tag","embeddable":true,"href":"https:\/\/www.fachbau.ch\/de\/wp-json\/wp\/v2\/product_tag?post=15503"}],"curies":[{"name":"wp","href":"https:\/\/api.w.org\/{rel}","templated":true}]}}