{"id":13918,"date":"2022-01-28T07:44:13","date_gmt":"2022-01-28T06:44:13","guid":{"rendered":"https:\/\/www.fachbau.ch\/?post_type=product&#038;p=13918"},"modified":"2022-01-28T07:44:13","modified_gmt":"2022-01-28T06:44:13","slug":"die-baustellen-7-8-2010","status":"publish","type":"product","link":"https:\/\/www.fachbau.ch\/de\/product\/die-baustellen-7-8-2010\/","title":{"rendered":"die baustellen 7-8\/2010"},"content":{"rendered":"<h2>Branche<\/h2>\n<h2>kurz &amp; knapp<\/h2>\n<p>Das neuste aus der Branche.<\/p>\n<h2>fokus<\/h2>\n<p>Christian Menn verbindet als Br\u00fcckenbauer Menschen.<\/p>\n<h2>konjunktur<\/h2>\n<p>Solider Aufschwung \u2013 aber langsames Tempo.<\/p>\n<p>Wie gef\u00e4hrlich ist eine hohe Staatsverschuldung?<\/p>\n<h2>verbandsinformationen<\/h2>\n<p>Verbesserte Energieeffizienz dank umfassendem Messkonzept.<\/p>\n<h2>projekte<\/h2>\n<p>In der Sommerpause ist Verschiedenes spruchreif geworden.<\/p>\n<h2>Technik<\/h2>\n<h2>tunnelbau<\/h2>\n<ul>\n<li>Die Bauarbeiten an der Durchmesserlinie stehen in der entscheidenden Phase.<\/li>\n<li>Das zweite grosse Loch der neuen Alpentransversale.<\/li>\n<li>Die Zentralbahn wird tiefer gelegt.<\/li>\n<\/ul>\n<h2>br\u00fcckenbau<\/h2>\n<ul>\n<li>Historische H\u00e4ngebr\u00fccke wird auf den neusten Stand gebracht.<\/li>\n<li>Stahl verbindet.<\/li>\n<li>Die Fly-Over-Rampen sind in der Schweiz gelandet.<\/li>\n<li>N\u00e4chtlicher Grosseinsatz im Kanton Zug.<\/li>\n<\/ul>\n<h2>bohrtechnik<\/h2>\n<p>Wie mit Pendelbohrungen grosse Staumauern \u00fcberwacht werden.<\/p>\n<h2>50 jahre nationalstrassen<\/h2>\n<ul>\n<li>Ein nationales Grossprojekt.<\/li>\n<li>Von der nationalen Strasse zum ganzheitlichen Verkehrskonzept.<\/li>\n<li>Wenn es in der Migros Nationalstrassen zu kaufen g\u00e4be.<\/li>\n<li>\u00abDie Nationalstrassen gew\u00e4hren eine hohe Lebensqualit\u00e4t!\u00bb<\/li>\n<\/ul>\n<h2>gesch\u00e4ftsbau<\/h2>\n<p>Basel hat einen neuen Einkaufstempel.<\/p>\n<h2>ger\u00fcstbau<\/h2>\n<p>Hohe logistische Anforderungen.<\/p>\n<h2>schalungstechnik<\/h2>\n<p>Jeder Auftrag ein Sonderauftrag.<\/p>\n<h2>mikropf\u00e4hle<\/h2>\n<p>Eine Bahn auf Spezialgr\u00fcndung.<\/p>\n<h2>sprengtechnik<\/h2>\n<p>Die zweite Informationstagung steht vor der T\u00fcr.<\/p>\n<h2>baumaschinen<\/h2>\n<p>Die Anbieter von Arbeitsb\u00fchnen haben sich organisiert.<\/p>\n<h2>nutzfahrzeuge<\/h2>\n<ul>\n<li>Hannover ist f\u00fcr eine Leistungsshow bereit.<\/li>\n<li>Wie sieht modernes Flottenmanagement aus?<\/li>\n<li>Neue Wege in der Logistik.<\/li>\n<\/ul>\n<h2>Management<\/h2>\n<h2>personalf\u00fchrung<\/h2>\n<p>Halten Sie Ihre Mitarbeiter!<\/p>\n<h2>agenda<\/h2>\n<p>Spannende Veranstaltungen warten auf interessierte Besucher.<\/p>\n<h2>baukarriere<\/h2>\n<p>Unsere Vorschl\u00e4ge f\u00fcr Ihren n\u00e4chsten Karriereschritt.<\/p>\n<h2>sieben fragen interview<\/h2>\n<p>Wie Schalungstechnik und soziales Gewissen zusammenfinden.<\/p>\n<h2>aus den verb\u00e4nden<\/h2>\n<p>News aus den zahlreichen Schweizer \u00abBauverb\u00e4nden\u00bb.<\/p>\n<h2>Service<\/h2>\n<h2>recht &amp; rekord<\/h2>\n<p>Wie weiter ohne schriftlichen Vertrag?<\/p>\n<p>Der gr\u00f6sste Uhrturm der Welt.<\/p>\n<h2>speziell &amp; ausgesucht<\/h2>\n<p>Mit frischem Schwung.<\/p>\n<h2>bezugsquellen<\/h2>\n<p>Alles, was es in der Branche zu kaufen gibt!<\/p>\n<h2>bauobjekte<\/h2>\n<p>Frisch aufbereitet: die neusten Bauobjekte.<\/p>\n<h2>b\u00fccher<\/h2>\n<p>Nur wer liest, bleibt schlau.<\/p>\n<h2>blickpunkt<\/h2>\n<p>Bauen f\u00fcr eine gute Sache.<\/p>\n","protected":false},"excerpt":{"rendered":"<p>Erhalte die deutschsprachige Fachzeitschrift \u00abdie baustellen\u00bb in der Ausgabe 7-8\/2010 als PDF-Download mit nachfolgendem Inhaltsverzeichnis:<\/p>\n","protected":false},"featured_media":13920,"template":"","meta":{"_acf_changed":false,"pgc_sgb_lightbox_settings":""},"product_brand":[],"product_cat":[1732,1727],"product_tag":[1713],"class_list":{"0":"post-13918","1":"product","2":"type-product","3":"status-publish","4":"has-post-thumbnail","6":"product_cat-die-baustellen","7":"product_cat-einzelausgaben","8":"product_tag-1713","10":"first","11":"instock","12":"downloadable","13":"virtual","14":"taxable","15":"purchasable","16":"product-type-simple"},"acf":[],"yoast_head":"<!-- This site is optimized with the Yoast SEO plugin v27.4 - https:\/\/yoast.com\/product\/yoast-seo-wordpress\/ -->\n<title>die baustellen 7-8\/2010 - fachbau.ch<\/title>\n<meta name=\"description\" content=\"Erhalte die deutschsprachige Fachzeitschrift \u00abdie baustellen\u00bb in der Ausgabe 7-8\/2010 als PDF-Download mit nachfolgendem Inhaltsverzeichnis:\" \/>\n<meta name=\"robots\" content=\"index, follow, max-snippet:-1, max-image-preview:large, max-video-preview:-1\" \/>\n<link rel=\"canonical\" href=\"http:\/\/www.fachbau.ch\/de\/de_de\/product\/die-baustellen-7-8-2010\/\" \/>\n<meta property=\"og:locale\" content=\"de_DE\" \/>\n<meta property=\"og:type\" content=\"article\" \/>\n<meta property=\"og:title\" content=\"die baustellen 7-8\/2010 - fachbau.ch\" \/>\n<meta property=\"og:description\" content=\"Erhalte die deutschsprachige Fachzeitschrift \u00abdie baustellen\u00bb in der Ausgabe 7-8\/2010 als PDF-Download mit nachfolgendem Inhaltsverzeichnis:\" \/>\n<meta property=\"og:url\" content=\"http:\/\/www.fachbau.ch\/de\/de_de\/product\/die-baustellen-7-8-2010\/\" \/>\n<meta property=\"og:site_name\" content=\"fachbau.ch\" \/>\n<meta property=\"og:image\" content=\"https:\/\/www.fachbau.ch\/wp-content\/uploads\/2022\/01\/die_baustellen_2010_7-8.png\" \/>\n\t<meta property=\"og:image:width\" content=\"654\" \/>\n\t<meta property=\"og:image:height\" content=\"370\" \/>\n\t<meta property=\"og:image:type\" content=\"image\/png\" \/>\n<meta name=\"twitter:card\" content=\"summary_large_image\" \/>\n<meta name=\"twitter:label1\" content=\"Gesch\u00e4tzte Lesezeit\" \/>\n\t<meta name=\"twitter:data1\" content=\"1\u00a0Minute\" \/>\n<script type=\"application\/ld+json\" class=\"yoast-schema-graph\">{\"@context\":\"https:\\\/\\\/schema.org\",\"@graph\":[{\"@type\":\"WebPage\",\"@id\":\"http:\\\/\\\/www.fachbau.ch\\\/de_de\\\/product\\\/die-baustellen-7-8-2010\\\/\",\"url\":\"http:\\\/\\\/www.fachbau.ch\\\/de_de\\\/product\\\/die-baustellen-7-8-2010\\\/\",\"name\":\"die baustellen 7-8\\\/2010 - fachbau.ch\",\"isPartOf\":{\"@id\":\"https:\\\/\\\/www.fachbau.ch\\\/#website\"},\"primaryImageOfPage\":{\"@id\":\"http:\\\/\\\/www.fachbau.ch\\\/de_de\\\/product\\\/die-baustellen-7-8-2010\\\/#primaryimage\"},\"image\":{\"@id\":\"http:\\\/\\\/www.fachbau.ch\\\/de_de\\\/product\\\/die-baustellen-7-8-2010\\\/#primaryimage\"},\"thumbnailUrl\":\"https:\\\/\\\/www.fachbau.ch\\\/wp-content\\\/uploads\\\/2022\\\/01\\\/die_baustellen_2010_7-8.png\",\"datePublished\":\"2022-01-28T06:44:13+00:00\",\"description\":\"Erhalte die deutschsprachige Fachzeitschrift \u00abdie baustellen\u00bb in der Ausgabe 7-8\\\/2010 als PDF-Download mit nachfolgendem Inhaltsverzeichnis:\",\"breadcrumb\":{\"@id\":\"http:\\\/\\\/www.fachbau.ch\\\/de_de\\\/product\\\/die-baustellen-7-8-2010\\\/#breadcrumb\"},\"inLanguage\":\"de\",\"potentialAction\":[{\"@type\":\"ReadAction\",\"target\":[\"http:\\\/\\\/www.fachbau.ch\\\/de_de\\\/product\\\/die-baustellen-7-8-2010\\\/\"]}]},{\"@type\":\"ImageObject\",\"inLanguage\":\"de\",\"@id\":\"http:\\\/\\\/www.fachbau.ch\\\/de_de\\\/product\\\/die-baustellen-7-8-2010\\\/#primaryimage\",\"url\":\"https:\\\/\\\/www.fachbau.ch\\\/wp-content\\\/uploads\\\/2022\\\/01\\\/die_baustellen_2010_7-8.png\",\"contentUrl\":\"https:\\\/\\\/www.fachbau.ch\\\/wp-content\\\/uploads\\\/2022\\\/01\\\/die_baustellen_2010_7-8.png\",\"width\":654,\"height\":370},{\"@type\":\"BreadcrumbList\",\"@id\":\"http:\\\/\\\/www.fachbau.ch\\\/de_de\\\/product\\\/die-baustellen-7-8-2010\\\/#breadcrumb\",\"itemListElement\":[{\"@type\":\"ListItem\",\"position\":1,\"name\":\"Startseite\",\"item\":\"https:\\\/\\\/www.fachbau.ch\\\/\"},{\"@type\":\"ListItem\",\"position\":2,\"name\":\"Shop\",\"item\":\"https:\\\/\\\/www.fachbau.ch\\\/shop\\\/\"},{\"@type\":\"ListItem\",\"position\":3,\"name\":\"die baustellen 7-8\\\/2010\"}]},{\"@type\":\"WebSite\",\"@id\":\"https:\\\/\\\/www.fachbau.ch\\\/#website\",\"url\":\"https:\\\/\\\/www.fachbau.ch\\\/\",\"name\":\"fachbau.ch\",\"description\":\"Modernes, nachhaltiges Bauen.\",\"publisher\":{\"@id\":\"https:\\\/\\\/www.fachbau.ch\\\/#organization\"},\"potentialAction\":[{\"@type\":\"SearchAction\",\"target\":{\"@type\":\"EntryPoint\",\"urlTemplate\":\"https:\\\/\\\/www.fachbau.ch\\\/?s={search_term_string}\"},\"query-input\":{\"@type\":\"PropertyValueSpecification\",\"valueRequired\":true,\"valueName\":\"search_term_string\"}}],\"inLanguage\":\"de\"},{\"@type\":\"Organization\",\"@id\":\"https:\\\/\\\/www.fachbau.ch\\\/#organization\",\"name\":\"fachbau.ch\",\"url\":\"https:\\\/\\\/www.fachbau.ch\\\/\",\"logo\":{\"@type\":\"ImageObject\",\"inLanguage\":\"de\",\"@id\":\"https:\\\/\\\/www.fachbau.ch\\\/#\\\/schema\\\/logo\\\/image\\\/\",\"url\":\"https:\\\/\\\/www.fachbau.ch\\\/wp-content\\\/uploads\\\/2021\\\/12\\\/Logo_fachbau_ch.png\",\"contentUrl\":\"https:\\\/\\\/www.fachbau.ch\\\/wp-content\\\/uploads\\\/2021\\\/12\\\/Logo_fachbau_ch.png\",\"width\":283,\"height\":42,\"caption\":\"fachbau.ch\"},\"image\":{\"@id\":\"https:\\\/\\\/www.fachbau.ch\\\/#\\\/schema\\\/logo\\\/image\\\/\"}}]}<\/script>\n<!-- \/ Yoast SEO plugin. -->","yoast_head_json":{"title":"die baustellen 7-8\/2010 - fachbau.ch","description":"Erhalte die deutschsprachige Fachzeitschrift \u00abdie baustellen\u00bb in der Ausgabe 7-8\/2010 als PDF-Download mit nachfolgendem Inhaltsverzeichnis:","robots":{"index":"index","follow":"follow","max-snippet":"max-snippet:-1","max-image-preview":"max-image-preview:large","max-video-preview":"max-video-preview:-1"},"canonical":"http:\/\/www.fachbau.ch\/de\/de_de\/product\/die-baustellen-7-8-2010\/","og_locale":"de_DE","og_type":"article","og_title":"die baustellen 7-8\/2010 - fachbau.ch","og_description":"Erhalte die deutschsprachige Fachzeitschrift \u00abdie baustellen\u00bb in der Ausgabe 7-8\/2010 als PDF-Download mit nachfolgendem Inhaltsverzeichnis:","og_url":"http:\/\/www.fachbau.ch\/de\/de_de\/product\/die-baustellen-7-8-2010\/","og_site_name":"fachbau.ch","og_image":[{"width":654,"height":370,"url":"https:\/\/www.fachbau.ch\/wp-content\/uploads\/2022\/01\/die_baustellen_2010_7-8.png","type":"image\/png"}],"twitter_card":"summary_large_image","twitter_misc":{"Gesch\u00e4tzte Lesezeit":"1\u00a0Minute"},"schema":{"@context":"https:\/\/schema.org","@graph":[{"@type":"WebPage","@id":"http:\/\/www.fachbau.ch\/de_de\/product\/die-baustellen-7-8-2010\/","url":"http:\/\/www.fachbau.ch\/de_de\/product\/die-baustellen-7-8-2010\/","name":"die baustellen 7-8\/2010 - fachbau.ch","isPartOf":{"@id":"https:\/\/www.fachbau.ch\/#website"},"primaryImageOfPage":{"@id":"http:\/\/www.fachbau.ch\/de_de\/product\/die-baustellen-7-8-2010\/#primaryimage"},"image":{"@id":"http:\/\/www.fachbau.ch\/de_de\/product\/die-baustellen-7-8-2010\/#primaryimage"},"thumbnailUrl":"https:\/\/www.fachbau.ch\/wp-content\/uploads\/2022\/01\/die_baustellen_2010_7-8.png","datePublished":"2022-01-28T06:44:13+00:00","description":"Erhalte die deutschsprachige Fachzeitschrift \u00abdie baustellen\u00bb in der Ausgabe 7-8\/2010 als PDF-Download mit nachfolgendem Inhaltsverzeichnis:","breadcrumb":{"@id":"http:\/\/www.fachbau.ch\/de_de\/product\/die-baustellen-7-8-2010\/#breadcrumb"},"inLanguage":"de","potentialAction":[{"@type":"ReadAction","target":["http:\/\/www.fachbau.ch\/de_de\/product\/die-baustellen-7-8-2010\/"]}]},{"@type":"ImageObject","inLanguage":"de","@id":"http:\/\/www.fachbau.ch\/de_de\/product\/die-baustellen-7-8-2010\/#primaryimage","url":"https:\/\/www.fachbau.ch\/wp-content\/uploads\/2022\/01\/die_baustellen_2010_7-8.png","contentUrl":"https:\/\/www.fachbau.ch\/wp-content\/uploads\/2022\/01\/die_baustellen_2010_7-8.png","width":654,"height":370},{"@type":"BreadcrumbList","@id":"http:\/\/www.fachbau.ch\/de_de\/product\/die-baustellen-7-8-2010\/#breadcrumb","itemListElement":[{"@type":"ListItem","position":1,"name":"Startseite","item":"https:\/\/www.fachbau.ch\/"},{"@type":"ListItem","position":2,"name":"Shop","item":"https:\/\/www.fachbau.ch\/shop\/"},{"@type":"ListItem","position":3,"name":"die baustellen 7-8\/2010"}]},{"@type":"WebSite","@id":"https:\/\/www.fachbau.ch\/#website","url":"https:\/\/www.fachbau.ch\/","name":"fachbau.ch","description":"Modernes, nachhaltiges Bauen.","publisher":{"@id":"https:\/\/www.fachbau.ch\/#organization"},"potentialAction":[{"@type":"SearchAction","target":{"@type":"EntryPoint","urlTemplate":"https:\/\/www.fachbau.ch\/?s={search_term_string}"},"query-input":{"@type":"PropertyValueSpecification","valueRequired":true,"valueName":"search_term_string"}}],"inLanguage":"de"},{"@type":"Organization","@id":"https:\/\/www.fachbau.ch\/#organization","name":"fachbau.ch","url":"https:\/\/www.fachbau.ch\/","logo":{"@type":"ImageObject","inLanguage":"de","@id":"https:\/\/www.fachbau.ch\/#\/schema\/logo\/image\/","url":"https:\/\/www.fachbau.ch\/wp-content\/uploads\/2021\/12\/Logo_fachbau_ch.png","contentUrl":"https:\/\/www.fachbau.ch\/wp-content\/uploads\/2021\/12\/Logo_fachbau_ch.png","width":283,"height":42,"caption":"fachbau.ch"},"image":{"@id":"https:\/\/www.fachbau.ch\/#\/schema\/logo\/image\/"}}]}},"_links":{"self":[{"href":"https:\/\/www.fachbau.ch\/de\/wp-json\/wp\/v2\/product\/13918","targetHints":{"allow":["GET"]}}],"collection":[{"href":"https:\/\/www.fachbau.ch\/de\/wp-json\/wp\/v2\/product"}],"about":[{"href":"https:\/\/www.fachbau.ch\/de\/wp-json\/wp\/v2\/types\/product"}],"wp:featuredmedia":[{"embeddable":true,"href":"https:\/\/www.fachbau.ch\/de\/wp-json\/wp\/v2\/media\/13920"}],"wp:attachment":[{"href":"https:\/\/www.fachbau.ch\/de\/wp-json\/wp\/v2\/media?parent=13918"}],"wp:term":[{"taxonomy":"product_brand","embeddable":true,"href":"https:\/\/www.fachbau.ch\/de\/wp-json\/wp\/v2\/product_brand?post=13918"},{"taxonomy":"product_cat","embeddable":true,"href":"https:\/\/www.fachbau.ch\/de\/wp-json\/wp\/v2\/product_cat?post=13918"},{"taxonomy":"product_tag","embeddable":true,"href":"https:\/\/www.fachbau.ch\/de\/wp-json\/wp\/v2\/product_tag?post=13918"}],"curies":[{"name":"wp","href":"https:\/\/api.w.org\/{rel}","templated":true}]}}