{"id":13910,"date":"2022-01-28T07:24:17","date_gmt":"2022-01-28T06:24:17","guid":{"rendered":"https:\/\/www.fachbau.ch\/?post_type=product&#038;p=13910"},"modified":"2022-01-28T07:24:17","modified_gmt":"2022-01-28T06:24:17","slug":"die-baustellen-10-2010","status":"publish","type":"product","link":"https:\/\/www.fachbau.ch\/de\/product\/die-baustellen-10-2010\/","title":{"rendered":"die baustellen 10\/2010"},"content":{"rendered":"<h2>Branche<\/h2>\n<h2>kurz &amp; knapp<\/h2>\n<p>Der Newsticker f\u00fcr die Baubranche: f\u00fcr Sie zusammengefasst.<\/p>\n<h2>fokus<\/h2>\n<p>Spannende Bauforschung bei der EMPA: Direktor Gian-Luca Bona im Gespr\u00e4ch.<\/p>\n<h2>konjunktur<\/h2>\n<p>\u00abHochbauprognose 2010\u20132016\u00bb zeigt stabilisierende Faktoren f\u00fcr die Bauzukunft.<\/p>\n<h2>verbandsinformationen<\/h2>\n<p>Ein neues Label sichert die Qualit\u00e4t f\u00fcr Generalunternehmer.<\/p>\n<h2>bauspektrum<\/h2>\n<p>Nachhaltigkeit hat viele Aspekte: Der Veranstalter erl\u00e4utert die Ziele des Meetings.<\/p>\n<h2>projekte<\/h2>\n<p>Die Infrastruktur ist im Brennpunkt des Interesses.<\/p>\n<h2>Technik<\/h2>\n<h2>baustoffe<\/h2>\n<p>Der Trockenbau hat sich etabliert.<\/p>\n<p>H\u00e4user mit Systembau.<\/p>\n<h2>bauelemente<\/h2>\n<p>Ob in Holz, Stahl oder Beton: der Elementbau hat Zukunft.<\/p>\n<h2>baustelle<\/h2>\n<p>Bern definiert den Verkehrsanschluss in drei Dimensionen.<\/p>\n<h2>jahrhundertdurchstich<\/h2>\n<p>Die Schweiz hat den l\u00e4ngsten Eisenbahntunnel der Welt er\u00f6ffnet.<\/p>\n<h2>projekt<\/h2>\n<p>Luzerner Hinterbahnhofgel\u00e4nde etabliert sich.<\/p>\n<p>Basler \u00dcberbauung verbindet Bahnhof und Quartier.<\/p>\n<h2>farbe am bau<\/h2>\n<ul>\n<li>Das Farbsystem f\u00fcr die Schweiz entwickelt sich weiter.<\/li>\n<li>Zur\u00fcckhaltender Farbeinsatz im Wohnheim f\u00fcr \u00e4ltere Menschen.<\/li>\n<li>Ein K\u00fcnstler macht Farbarchitektur.<\/li>\n<\/ul>\n<h2>bausoftware<\/h2>\n<ul>\n<li>Die Schnittstellen f\u00fcr Normpositionen entwickeln sich.<\/li>\n<li>Das Arbeitspferd f\u00fcr CAD-Spezialisten vernetzt die Fachplaner.<\/li>\n<li>Schnelle Resultate und vielf\u00e4ltige Importm\u00f6glichkeiten mit Planungssoftware.<\/li>\n<\/ul>\n<h2>tagungsreportage<\/h2>\n<p>Der Bauverband im Dienste der beruflichen Aus- und Weiterbildung.<\/p>\n<h2>aktuelles<\/h2>\n<p>Veranstaltungshinweise<\/p>\n<h2>agenda<\/h2>\n<p>Erleben, zuschauen, mitmachen ist die Devise.<\/p>\n<h2>Management<\/h2>\n<h2>messevorschau<\/h2>\n<p>Die Welt der Trucks gibt sich in Luzern ein Stelldichein.<\/p>\n<p>Die Profis f\u00fcr Katastrophenschutz kommen nach St.Gallen.<\/p>\n<h2>wasserbau<\/h2>\n<p>Ein Bericht von der Reusswehranlage in Luzern.<\/p>\n<h2>interview<\/h2>\n<p>Was sollte von kleinen und grossen Baustellen versichert werden?<\/p>\n<h2>bau-karriere<\/h2>\n<p>Planen Sie mit uns Ihren n\u00e4chsten Baukarriere-Schritt.<\/p>\n<h2>sieben fragen interview<\/h2>\n<p>Eine Bauchemie stellt sich der \u00d6kologie.<\/p>\n<h2>Service<\/h2>\n<h2>verbandsnachrichten<\/h2>\n<p>Die Verb\u00e4nde laden ein und informieren zu aktuellen Themen.<\/p>\n<h2>recht &amp; rekord<\/h2>\n<p>Verlangt ein Planervertrag mit einer Gemeinde eine \u00abBudgetverantwortung\u00bb?<\/p>\n<p>Vor der englischen Grafschaft Kent ragen einhundert Windr\u00e4der aus dem Meer.<\/p>\n<h2>speziell &amp; ausgesucht<\/h2>\n<p>Man g\u00f6nnt sich ja sonst nichts: Traditionelles Design und ultramoderne Technik.<\/p>\n<h2>grossobjekte<\/h2>\n<p>Die Baudaten: Ist Ihr n\u00e4chstes Objekt dabei?<\/p>\n<h2>bezugsquellen<\/h2>\n<p>Das richtige Produkt am richtigen Ort finden.<\/p>\n<h2>b\u00fccher<\/h2>\n<p>Dies und das f\u00fcr den Bauschaffenden.<\/p>\n<h2>blickpunkt<\/h2>\n<p>Ein Baustellenmanager l\u00e4sst Taten sprechen<\/p>\n","protected":false},"excerpt":{"rendered":"<p>Erhalte die deutschsprachige Fachzeitschrift \u00abdie baustellen\u00bb in der Ausgabe 10\/2010 als PDF-Download mit nachfolgendem Inhaltsverzeichnis:<\/p>\n","protected":false},"featured_media":13912,"template":"","meta":{"_acf_changed":false,"pgc_sgb_lightbox_settings":""},"product_brand":[],"product_cat":[1732,1727],"product_tag":[1713],"class_list":{"0":"post-13910","1":"product","2":"type-product","3":"status-publish","4":"has-post-thumbnail","6":"product_cat-die-baustellen","7":"product_cat-einzelausgaben","8":"product_tag-1713","10":"first","11":"instock","12":"downloadable","13":"virtual","14":"taxable","15":"purchasable","16":"product-type-simple"},"acf":[],"yoast_head":"<!-- This site is optimized with the Yoast SEO plugin v27.4 - https:\/\/yoast.com\/product\/yoast-seo-wordpress\/ -->\n<title>die baustellen 10\/2010 - fachbau.ch<\/title>\n<meta name=\"description\" content=\"Erhalte die deutschsprachige Fachzeitschrift \u00abdie baustellen\u00bb in der Ausgabe 10\/2010 als PDF-Download mit nachfolgendem Inhaltsverzeichnis:\" \/>\n<meta name=\"robots\" content=\"index, follow, max-snippet:-1, max-image-preview:large, max-video-preview:-1\" \/>\n<link rel=\"canonical\" href=\"http:\/\/www.fachbau.ch\/de\/de_de\/product\/die-baustellen-10-2010\/\" \/>\n<meta property=\"og:locale\" content=\"de_DE\" \/>\n<meta property=\"og:type\" content=\"article\" \/>\n<meta property=\"og:title\" content=\"die baustellen 10\/2010 - fachbau.ch\" \/>\n<meta property=\"og:description\" content=\"Erhalte die deutschsprachige Fachzeitschrift \u00abdie baustellen\u00bb in der Ausgabe 10\/2010 als PDF-Download mit nachfolgendem Inhaltsverzeichnis:\" \/>\n<meta property=\"og:url\" content=\"http:\/\/www.fachbau.ch\/de\/de_de\/product\/die-baustellen-10-2010\/\" \/>\n<meta property=\"og:site_name\" content=\"fachbau.ch\" \/>\n<meta property=\"og:image\" content=\"https:\/\/www.fachbau.ch\/wp-content\/uploads\/2022\/01\/die_baustellen_2010_10.png\" \/>\n\t<meta property=\"og:image:width\" content=\"654\" \/>\n\t<meta property=\"og:image:height\" content=\"370\" \/>\n\t<meta property=\"og:image:type\" content=\"image\/png\" \/>\n<meta name=\"twitter:card\" content=\"summary_large_image\" \/>\n<meta name=\"twitter:label1\" content=\"Gesch\u00e4tzte Lesezeit\" \/>\n\t<meta name=\"twitter:data1\" content=\"2\u00a0Minuten\" \/>\n<script type=\"application\/ld+json\" class=\"yoast-schema-graph\">{\"@context\":\"https:\\\/\\\/schema.org\",\"@graph\":[{\"@type\":\"WebPage\",\"@id\":\"http:\\\/\\\/www.fachbau.ch\\\/de_de\\\/product\\\/die-baustellen-10-2010\\\/\",\"url\":\"http:\\\/\\\/www.fachbau.ch\\\/de_de\\\/product\\\/die-baustellen-10-2010\\\/\",\"name\":\"die baustellen 10\\\/2010 - fachbau.ch\",\"isPartOf\":{\"@id\":\"https:\\\/\\\/www.fachbau.ch\\\/#website\"},\"primaryImageOfPage\":{\"@id\":\"http:\\\/\\\/www.fachbau.ch\\\/de_de\\\/product\\\/die-baustellen-10-2010\\\/#primaryimage\"},\"image\":{\"@id\":\"http:\\\/\\\/www.fachbau.ch\\\/de_de\\\/product\\\/die-baustellen-10-2010\\\/#primaryimage\"},\"thumbnailUrl\":\"https:\\\/\\\/www.fachbau.ch\\\/wp-content\\\/uploads\\\/2022\\\/01\\\/die_baustellen_2010_10.png\",\"datePublished\":\"2022-01-28T06:24:17+00:00\",\"description\":\"Erhalte die deutschsprachige Fachzeitschrift \u00abdie baustellen\u00bb in der Ausgabe 10\\\/2010 als PDF-Download mit nachfolgendem Inhaltsverzeichnis:\",\"breadcrumb\":{\"@id\":\"http:\\\/\\\/www.fachbau.ch\\\/de_de\\\/product\\\/die-baustellen-10-2010\\\/#breadcrumb\"},\"inLanguage\":\"de\",\"potentialAction\":[{\"@type\":\"ReadAction\",\"target\":[\"http:\\\/\\\/www.fachbau.ch\\\/de_de\\\/product\\\/die-baustellen-10-2010\\\/\"]}]},{\"@type\":\"ImageObject\",\"inLanguage\":\"de\",\"@id\":\"http:\\\/\\\/www.fachbau.ch\\\/de_de\\\/product\\\/die-baustellen-10-2010\\\/#primaryimage\",\"url\":\"https:\\\/\\\/www.fachbau.ch\\\/wp-content\\\/uploads\\\/2022\\\/01\\\/die_baustellen_2010_10.png\",\"contentUrl\":\"https:\\\/\\\/www.fachbau.ch\\\/wp-content\\\/uploads\\\/2022\\\/01\\\/die_baustellen_2010_10.png\",\"width\":654,\"height\":370},{\"@type\":\"BreadcrumbList\",\"@id\":\"http:\\\/\\\/www.fachbau.ch\\\/de_de\\\/product\\\/die-baustellen-10-2010\\\/#breadcrumb\",\"itemListElement\":[{\"@type\":\"ListItem\",\"position\":1,\"name\":\"Startseite\",\"item\":\"https:\\\/\\\/www.fachbau.ch\\\/\"},{\"@type\":\"ListItem\",\"position\":2,\"name\":\"Shop\",\"item\":\"https:\\\/\\\/www.fachbau.ch\\\/shop\\\/\"},{\"@type\":\"ListItem\",\"position\":3,\"name\":\"die baustellen 10\\\/2010\"}]},{\"@type\":\"WebSite\",\"@id\":\"https:\\\/\\\/www.fachbau.ch\\\/#website\",\"url\":\"https:\\\/\\\/www.fachbau.ch\\\/\",\"name\":\"fachbau.ch\",\"description\":\"Modernes, nachhaltiges Bauen.\",\"publisher\":{\"@id\":\"https:\\\/\\\/www.fachbau.ch\\\/#organization\"},\"potentialAction\":[{\"@type\":\"SearchAction\",\"target\":{\"@type\":\"EntryPoint\",\"urlTemplate\":\"https:\\\/\\\/www.fachbau.ch\\\/?s={search_term_string}\"},\"query-input\":{\"@type\":\"PropertyValueSpecification\",\"valueRequired\":true,\"valueName\":\"search_term_string\"}}],\"inLanguage\":\"de\"},{\"@type\":\"Organization\",\"@id\":\"https:\\\/\\\/www.fachbau.ch\\\/#organization\",\"name\":\"fachbau.ch\",\"url\":\"https:\\\/\\\/www.fachbau.ch\\\/\",\"logo\":{\"@type\":\"ImageObject\",\"inLanguage\":\"de\",\"@id\":\"https:\\\/\\\/www.fachbau.ch\\\/#\\\/schema\\\/logo\\\/image\\\/\",\"url\":\"https:\\\/\\\/www.fachbau.ch\\\/wp-content\\\/uploads\\\/2021\\\/12\\\/Logo_fachbau_ch.png\",\"contentUrl\":\"https:\\\/\\\/www.fachbau.ch\\\/wp-content\\\/uploads\\\/2021\\\/12\\\/Logo_fachbau_ch.png\",\"width\":283,\"height\":42,\"caption\":\"fachbau.ch\"},\"image\":{\"@id\":\"https:\\\/\\\/www.fachbau.ch\\\/#\\\/schema\\\/logo\\\/image\\\/\"}}]}<\/script>\n<!-- \/ Yoast SEO plugin. -->","yoast_head_json":{"title":"die baustellen 10\/2010 - fachbau.ch","description":"Erhalte die deutschsprachige Fachzeitschrift \u00abdie baustellen\u00bb in der Ausgabe 10\/2010 als PDF-Download mit nachfolgendem Inhaltsverzeichnis:","robots":{"index":"index","follow":"follow","max-snippet":"max-snippet:-1","max-image-preview":"max-image-preview:large","max-video-preview":"max-video-preview:-1"},"canonical":"http:\/\/www.fachbau.ch\/de\/de_de\/product\/die-baustellen-10-2010\/","og_locale":"de_DE","og_type":"article","og_title":"die baustellen 10\/2010 - fachbau.ch","og_description":"Erhalte die deutschsprachige Fachzeitschrift \u00abdie baustellen\u00bb in der Ausgabe 10\/2010 als PDF-Download mit nachfolgendem Inhaltsverzeichnis:","og_url":"http:\/\/www.fachbau.ch\/de\/de_de\/product\/die-baustellen-10-2010\/","og_site_name":"fachbau.ch","og_image":[{"width":654,"height":370,"url":"https:\/\/www.fachbau.ch\/wp-content\/uploads\/2022\/01\/die_baustellen_2010_10.png","type":"image\/png"}],"twitter_card":"summary_large_image","twitter_misc":{"Gesch\u00e4tzte Lesezeit":"2\u00a0Minuten"},"schema":{"@context":"https:\/\/schema.org","@graph":[{"@type":"WebPage","@id":"http:\/\/www.fachbau.ch\/de_de\/product\/die-baustellen-10-2010\/","url":"http:\/\/www.fachbau.ch\/de_de\/product\/die-baustellen-10-2010\/","name":"die baustellen 10\/2010 - fachbau.ch","isPartOf":{"@id":"https:\/\/www.fachbau.ch\/#website"},"primaryImageOfPage":{"@id":"http:\/\/www.fachbau.ch\/de_de\/product\/die-baustellen-10-2010\/#primaryimage"},"image":{"@id":"http:\/\/www.fachbau.ch\/de_de\/product\/die-baustellen-10-2010\/#primaryimage"},"thumbnailUrl":"https:\/\/www.fachbau.ch\/wp-content\/uploads\/2022\/01\/die_baustellen_2010_10.png","datePublished":"2022-01-28T06:24:17+00:00","description":"Erhalte die deutschsprachige Fachzeitschrift \u00abdie baustellen\u00bb in der Ausgabe 10\/2010 als PDF-Download mit nachfolgendem Inhaltsverzeichnis:","breadcrumb":{"@id":"http:\/\/www.fachbau.ch\/de_de\/product\/die-baustellen-10-2010\/#breadcrumb"},"inLanguage":"de","potentialAction":[{"@type":"ReadAction","target":["http:\/\/www.fachbau.ch\/de_de\/product\/die-baustellen-10-2010\/"]}]},{"@type":"ImageObject","inLanguage":"de","@id":"http:\/\/www.fachbau.ch\/de_de\/product\/die-baustellen-10-2010\/#primaryimage","url":"https:\/\/www.fachbau.ch\/wp-content\/uploads\/2022\/01\/die_baustellen_2010_10.png","contentUrl":"https:\/\/www.fachbau.ch\/wp-content\/uploads\/2022\/01\/die_baustellen_2010_10.png","width":654,"height":370},{"@type":"BreadcrumbList","@id":"http:\/\/www.fachbau.ch\/de_de\/product\/die-baustellen-10-2010\/#breadcrumb","itemListElement":[{"@type":"ListItem","position":1,"name":"Startseite","item":"https:\/\/www.fachbau.ch\/"},{"@type":"ListItem","position":2,"name":"Shop","item":"https:\/\/www.fachbau.ch\/shop\/"},{"@type":"ListItem","position":3,"name":"die baustellen 10\/2010"}]},{"@type":"WebSite","@id":"https:\/\/www.fachbau.ch\/#website","url":"https:\/\/www.fachbau.ch\/","name":"fachbau.ch","description":"Modernes, nachhaltiges Bauen.","publisher":{"@id":"https:\/\/www.fachbau.ch\/#organization"},"potentialAction":[{"@type":"SearchAction","target":{"@type":"EntryPoint","urlTemplate":"https:\/\/www.fachbau.ch\/?s={search_term_string}"},"query-input":{"@type":"PropertyValueSpecification","valueRequired":true,"valueName":"search_term_string"}}],"inLanguage":"de"},{"@type":"Organization","@id":"https:\/\/www.fachbau.ch\/#organization","name":"fachbau.ch","url":"https:\/\/www.fachbau.ch\/","logo":{"@type":"ImageObject","inLanguage":"de","@id":"https:\/\/www.fachbau.ch\/#\/schema\/logo\/image\/","url":"https:\/\/www.fachbau.ch\/wp-content\/uploads\/2021\/12\/Logo_fachbau_ch.png","contentUrl":"https:\/\/www.fachbau.ch\/wp-content\/uploads\/2021\/12\/Logo_fachbau_ch.png","width":283,"height":42,"caption":"fachbau.ch"},"image":{"@id":"https:\/\/www.fachbau.ch\/#\/schema\/logo\/image\/"}}]}},"_links":{"self":[{"href":"https:\/\/www.fachbau.ch\/de\/wp-json\/wp\/v2\/product\/13910","targetHints":{"allow":["GET"]}}],"collection":[{"href":"https:\/\/www.fachbau.ch\/de\/wp-json\/wp\/v2\/product"}],"about":[{"href":"https:\/\/www.fachbau.ch\/de\/wp-json\/wp\/v2\/types\/product"}],"wp:featuredmedia":[{"embeddable":true,"href":"https:\/\/www.fachbau.ch\/de\/wp-json\/wp\/v2\/media\/13912"}],"wp:attachment":[{"href":"https:\/\/www.fachbau.ch\/de\/wp-json\/wp\/v2\/media?parent=13910"}],"wp:term":[{"taxonomy":"product_brand","embeddable":true,"href":"https:\/\/www.fachbau.ch\/de\/wp-json\/wp\/v2\/product_brand?post=13910"},{"taxonomy":"product_cat","embeddable":true,"href":"https:\/\/www.fachbau.ch\/de\/wp-json\/wp\/v2\/product_cat?post=13910"},{"taxonomy":"product_tag","embeddable":true,"href":"https:\/\/www.fachbau.ch\/de\/wp-json\/wp\/v2\/product_tag?post=13910"}],"curies":[{"name":"wp","href":"https:\/\/api.w.org\/{rel}","templated":true}]}}