{"id":13893,"date":"2022-01-28T04:11:01","date_gmt":"2022-01-28T03:11:01","guid":{"rendered":"https:\/\/www.fachbau.ch\/?post_type=product&#038;p=13893"},"modified":"2022-01-28T04:11:01","modified_gmt":"2022-01-28T03:11:01","slug":"die-baustellen-2-2011","status":"publish","type":"product","link":"https:\/\/www.fachbau.ch\/de\/product\/die-baustellen-2-2011\/","title":{"rendered":"die baustellen 2\/2011"},"content":{"rendered":"<h2>Branche<\/h2>\n<h2>kurz &amp; knapp<\/h2>\n<p>Aufgaben und Kompetenzen werden neu verteilt.<\/p>\n<h2>fokus<\/h2>\n<p>Am Steuer des Zementriesen, engagiert f\u00fcr die CO2-Reduktion.<\/p>\n<h2>konjunktur<\/h2>\n<p>Der Motor brummt besser als erwartet.<\/p>\n<h2>infra-tagung<\/h2>\n<p>Bundesr\u00e4tin Leuthard spricht zu den Infrastruktur-Bauleuten.<\/p>\n<p>Die Zukunft unserer Verkehrswege: alle Reden in Kurzform.<\/p>\n<h2>verbandsinformationen<\/h2>\n<p>Die Erfolgsgeschichte des Generalunternehmer-Verbands VSGU.<\/p>\n<h2>projekte<\/h2>\n<p>Es wird viel investiert und Grosses gebaut.<\/p>\n<h2>Technik<\/h2>\n<h2>sportanlagenbau<\/h2>\n<ul>\n<li>Die aktuellen Schweizer Sportbauten auf einen Blick.<\/li>\n<li>Ein Gespr\u00e4ch mit Herz f\u00fcr die swisspor-Arena.<\/li>\n<li>Das Luzerner Stadtzentrum f\u00fcr den Sport ist im Bau.<\/li>\n<li>Bericht \u00fcber die Bauarbeiten an der Sportarena.<\/li>\n<li>Erste Liga und ein neues Stadion f\u00fcr den FC Thun.<\/li>\n<li>Das Z\u00fcrcher Hallenbad City wird saniert.<\/li>\n<li>Kunstrasen f\u00fcr den sauberen Fussball.<\/li>\n<\/ul>\n<h2>aussenbeleuchtung<\/h2>\n<p>Die Leuchtdiode mausert sich zur Strassenbeleuchtung.<\/p>\n<h2>membranbau<\/h2>\n<p>Was die Membrankonstruktion heute kann.<\/p>\n<h2>verputz und m\u00f6rtel<\/h2>\n<ul>\n<li>Verbundsysteme mit Putzschichten.<\/li>\n<li>Hydroaktive D\u00e4mmsysteme mit mineralischem Fassadenputz.<\/li>\n<li>Reportage aus dem Putzwerk.<\/li>\n<li>Die Empa entwickelte einen hochd\u00e4mmenden Fassadenputz.<\/li>\n<\/ul>\n<h2>r\u00fcckbau<\/h2>\n<p>Spektakul\u00e4rer Abbruch der Regensbergbr\u00fccke in drei N\u00e4chten.<\/p>\n<h2>bauvermessung<\/h2>\n<p>Die elektronische Vermessung fliesst direkt in die Planung.<\/p>\n<h2>kehrichtverbrennungsanlagen<\/h2>\n<ul>\n<li>Kehrichtverbrennungsanlagen KVA mutieren zu integralen Kraftwerken.<\/li>\n<li>KVA Bern gedeiht zur \u00abEnergiezentrale Forsthaus\u00bb.<\/li>\n<li>KVA-Umbau zum effektiven \u00abStadtwerk Winterthur\u00bb.<\/li>\n<\/ul>\n<h2>baustellenbericht<\/h2>\n<p>Die arch\u00e4ologischen Sch\u00e4tze am Op\u00e9ra Z\u00fcrich sind ausgehoben.<\/p>\n<h2>parksystem<\/h2>\n<p>Eine Vision wird Wirklichkeit und das Parkhaus wird freundlicher.<\/p>\n<h2>Management<\/h2>\n<h2>interview<\/h2>\n<p>Der neue CEO der Priora-Gruppe zielt auf den \u00abLife Cycle\u00bb des Bauens.<\/p>\n<h2>baumaschinenmesse<\/h2>\n<p>An der \u00abSonderschau Betonr\u00fcckbau\u00bb stellen sich die Betontrenner vor.<\/p>\n<h2>personalberatung<\/h2>\n<p>Der richtige Personalberater unterst\u00fctzt die Suche nach Fachkr\u00e4ften.<\/p>\n<h2>agenda<\/h2>\n<p>Alles andere als langweilig.<\/p>\n<h2>bau-karriere<\/h2>\n<p>Die Baumaschinenf\u00fchrer lernen die Maschine zu warten und sparsam zu fahren.<\/p>\n<h2>sieben-fragen-interview<\/h2>\n<p>Wie der Gesch\u00e4ftsf\u00fchrer der Sika Schweiz sein Unternehmen an der Spitze h\u00e4lt.<\/p>\n<h2>Service<\/h2>\n<h2>verbandsnachrichten<\/h2>\n<p>Aktuelle Einladungen f\u00fcr Baufachleute.<\/p>\n<h2>recht &amp; rekord<\/h2>\n<p>Kann der Aufwand f\u00fcr die Planausgabe nach 10 Jahren verrechnet werden?<\/p>\n<h2>speziell &amp; ausgesucht<\/h2>\n<p>Unterhaltsames und N\u00fctzliches: die Gadgets f\u00fcr diesen Monat.<\/p>\n<h2>grossobjekte<\/h2>\n<p>Wer was heute bauen will.<\/p>\n<h2>bezugsquellen<\/h2>\n<p>Die neusten Adressen f\u00fcrs Bauen und Renovieren.<\/p>\n<h2>b\u00fccher<\/h2>\n<p>Aus Lesen wird man schlau.<\/p>\n<h2>blickpunkt<\/h2>\n<p>Von der Gr\u00fcndung an dabei und als erfolgreicher Fachberater unterwegs.<\/p>\n","protected":false},"excerpt":{"rendered":"<p>Erhalte die deutschsprachige Fachzeitschrift \u00abdie baustellen\u00bb in der Ausgabe 2\/2011 als PDF-Download mit nachfolgendem Inhaltsverzeichnis:<\/p>\n","protected":false},"featured_media":13895,"template":"","meta":{"_acf_changed":false,"pgc_sgb_lightbox_settings":""},"product_brand":[],"product_cat":[1732,1727],"product_tag":[1714],"class_list":{"0":"post-13893","1":"product","2":"type-product","3":"status-publish","4":"has-post-thumbnail","6":"product_cat-die-baustellen","7":"product_cat-einzelausgaben","8":"product_tag-1714","10":"first","11":"instock","12":"downloadable","13":"virtual","14":"taxable","15":"purchasable","16":"product-type-simple"},"acf":[],"yoast_head":"<!-- This site is optimized with the Yoast SEO plugin v27.4 - https:\/\/yoast.com\/product\/yoast-seo-wordpress\/ -->\n<title>die baustellen 2\/2011 - fachbau.ch<\/title>\n<meta name=\"description\" content=\"Erhalte die deutschsprachige Fachzeitschrift \u00abdie baustellen\u00bb in der Ausgabe 2\/2011 als PDF-Download mit nachfolgendem Inhaltsverzeichnis:\" \/>\n<meta name=\"robots\" content=\"index, follow, max-snippet:-1, max-image-preview:large, max-video-preview:-1\" \/>\n<link rel=\"canonical\" href=\"http:\/\/www.fachbau.ch\/de\/de_de\/product\/die-baustellen-2-2011\/\" \/>\n<meta property=\"og:locale\" content=\"de_DE\" \/>\n<meta property=\"og:type\" content=\"article\" \/>\n<meta property=\"og:title\" content=\"die baustellen 2\/2011 - fachbau.ch\" \/>\n<meta property=\"og:description\" content=\"Erhalte die deutschsprachige Fachzeitschrift \u00abdie baustellen\u00bb in der Ausgabe 2\/2011 als PDF-Download mit nachfolgendem Inhaltsverzeichnis:\" \/>\n<meta property=\"og:url\" content=\"http:\/\/www.fachbau.ch\/de\/de_de\/product\/die-baustellen-2-2011\/\" \/>\n<meta property=\"og:site_name\" content=\"fachbau.ch\" \/>\n<meta property=\"og:image\" content=\"https:\/\/www.fachbau.ch\/wp-content\/uploads\/2022\/01\/die_baustellen_2011_2.png\" \/>\n\t<meta property=\"og:image:width\" content=\"654\" \/>\n\t<meta property=\"og:image:height\" content=\"370\" \/>\n\t<meta property=\"og:image:type\" content=\"image\/png\" \/>\n<meta name=\"twitter:card\" content=\"summary_large_image\" \/>\n<meta name=\"twitter:label1\" content=\"Gesch\u00e4tzte Lesezeit\" \/>\n\t<meta name=\"twitter:data1\" content=\"2\u00a0Minuten\" \/>\n<script type=\"application\/ld+json\" class=\"yoast-schema-graph\">{\"@context\":\"https:\\\/\\\/schema.org\",\"@graph\":[{\"@type\":\"WebPage\",\"@id\":\"http:\\\/\\\/www.fachbau.ch\\\/de_de\\\/product\\\/die-baustellen-2-2011\\\/\",\"url\":\"http:\\\/\\\/www.fachbau.ch\\\/de_de\\\/product\\\/die-baustellen-2-2011\\\/\",\"name\":\"die baustellen 2\\\/2011 - fachbau.ch\",\"isPartOf\":{\"@id\":\"https:\\\/\\\/www.fachbau.ch\\\/#website\"},\"primaryImageOfPage\":{\"@id\":\"http:\\\/\\\/www.fachbau.ch\\\/de_de\\\/product\\\/die-baustellen-2-2011\\\/#primaryimage\"},\"image\":{\"@id\":\"http:\\\/\\\/www.fachbau.ch\\\/de_de\\\/product\\\/die-baustellen-2-2011\\\/#primaryimage\"},\"thumbnailUrl\":\"https:\\\/\\\/www.fachbau.ch\\\/wp-content\\\/uploads\\\/2022\\\/01\\\/die_baustellen_2011_2.png\",\"datePublished\":\"2022-01-28T03:11:01+00:00\",\"description\":\"Erhalte die deutschsprachige Fachzeitschrift \u00abdie baustellen\u00bb in der Ausgabe 2\\\/2011 als PDF-Download mit nachfolgendem Inhaltsverzeichnis:\",\"breadcrumb\":{\"@id\":\"http:\\\/\\\/www.fachbau.ch\\\/de_de\\\/product\\\/die-baustellen-2-2011\\\/#breadcrumb\"},\"inLanguage\":\"de\",\"potentialAction\":[{\"@type\":\"ReadAction\",\"target\":[\"http:\\\/\\\/www.fachbau.ch\\\/de_de\\\/product\\\/die-baustellen-2-2011\\\/\"]}]},{\"@type\":\"ImageObject\",\"inLanguage\":\"de\",\"@id\":\"http:\\\/\\\/www.fachbau.ch\\\/de_de\\\/product\\\/die-baustellen-2-2011\\\/#primaryimage\",\"url\":\"https:\\\/\\\/www.fachbau.ch\\\/wp-content\\\/uploads\\\/2022\\\/01\\\/die_baustellen_2011_2.png\",\"contentUrl\":\"https:\\\/\\\/www.fachbau.ch\\\/wp-content\\\/uploads\\\/2022\\\/01\\\/die_baustellen_2011_2.png\",\"width\":654,\"height\":370},{\"@type\":\"BreadcrumbList\",\"@id\":\"http:\\\/\\\/www.fachbau.ch\\\/de_de\\\/product\\\/die-baustellen-2-2011\\\/#breadcrumb\",\"itemListElement\":[{\"@type\":\"ListItem\",\"position\":1,\"name\":\"Startseite\",\"item\":\"https:\\\/\\\/www.fachbau.ch\\\/\"},{\"@type\":\"ListItem\",\"position\":2,\"name\":\"Shop\",\"item\":\"https:\\\/\\\/www.fachbau.ch\\\/shop\\\/\"},{\"@type\":\"ListItem\",\"position\":3,\"name\":\"die baustellen 2\\\/2011\"}]},{\"@type\":\"WebSite\",\"@id\":\"https:\\\/\\\/www.fachbau.ch\\\/#website\",\"url\":\"https:\\\/\\\/www.fachbau.ch\\\/\",\"name\":\"fachbau.ch\",\"description\":\"Modernes, nachhaltiges Bauen.\",\"publisher\":{\"@id\":\"https:\\\/\\\/www.fachbau.ch\\\/#organization\"},\"potentialAction\":[{\"@type\":\"SearchAction\",\"target\":{\"@type\":\"EntryPoint\",\"urlTemplate\":\"https:\\\/\\\/www.fachbau.ch\\\/?s={search_term_string}\"},\"query-input\":{\"@type\":\"PropertyValueSpecification\",\"valueRequired\":true,\"valueName\":\"search_term_string\"}}],\"inLanguage\":\"de\"},{\"@type\":\"Organization\",\"@id\":\"https:\\\/\\\/www.fachbau.ch\\\/#organization\",\"name\":\"fachbau.ch\",\"url\":\"https:\\\/\\\/www.fachbau.ch\\\/\",\"logo\":{\"@type\":\"ImageObject\",\"inLanguage\":\"de\",\"@id\":\"https:\\\/\\\/www.fachbau.ch\\\/#\\\/schema\\\/logo\\\/image\\\/\",\"url\":\"https:\\\/\\\/www.fachbau.ch\\\/wp-content\\\/uploads\\\/2021\\\/12\\\/Logo_fachbau_ch.png\",\"contentUrl\":\"https:\\\/\\\/www.fachbau.ch\\\/wp-content\\\/uploads\\\/2021\\\/12\\\/Logo_fachbau_ch.png\",\"width\":283,\"height\":42,\"caption\":\"fachbau.ch\"},\"image\":{\"@id\":\"https:\\\/\\\/www.fachbau.ch\\\/#\\\/schema\\\/logo\\\/image\\\/\"}}]}<\/script>\n<!-- \/ Yoast SEO plugin. -->","yoast_head_json":{"title":"die baustellen 2\/2011 - fachbau.ch","description":"Erhalte die deutschsprachige Fachzeitschrift \u00abdie baustellen\u00bb in der Ausgabe 2\/2011 als PDF-Download mit nachfolgendem Inhaltsverzeichnis:","robots":{"index":"index","follow":"follow","max-snippet":"max-snippet:-1","max-image-preview":"max-image-preview:large","max-video-preview":"max-video-preview:-1"},"canonical":"http:\/\/www.fachbau.ch\/de\/de_de\/product\/die-baustellen-2-2011\/","og_locale":"de_DE","og_type":"article","og_title":"die baustellen 2\/2011 - fachbau.ch","og_description":"Erhalte die deutschsprachige Fachzeitschrift \u00abdie baustellen\u00bb in der Ausgabe 2\/2011 als PDF-Download mit nachfolgendem Inhaltsverzeichnis:","og_url":"http:\/\/www.fachbau.ch\/de\/de_de\/product\/die-baustellen-2-2011\/","og_site_name":"fachbau.ch","og_image":[{"width":654,"height":370,"url":"https:\/\/www.fachbau.ch\/wp-content\/uploads\/2022\/01\/die_baustellen_2011_2.png","type":"image\/png"}],"twitter_card":"summary_large_image","twitter_misc":{"Gesch\u00e4tzte Lesezeit":"2\u00a0Minuten"},"schema":{"@context":"https:\/\/schema.org","@graph":[{"@type":"WebPage","@id":"http:\/\/www.fachbau.ch\/de_de\/product\/die-baustellen-2-2011\/","url":"http:\/\/www.fachbau.ch\/de_de\/product\/die-baustellen-2-2011\/","name":"die baustellen 2\/2011 - fachbau.ch","isPartOf":{"@id":"https:\/\/www.fachbau.ch\/#website"},"primaryImageOfPage":{"@id":"http:\/\/www.fachbau.ch\/de_de\/product\/die-baustellen-2-2011\/#primaryimage"},"image":{"@id":"http:\/\/www.fachbau.ch\/de_de\/product\/die-baustellen-2-2011\/#primaryimage"},"thumbnailUrl":"https:\/\/www.fachbau.ch\/wp-content\/uploads\/2022\/01\/die_baustellen_2011_2.png","datePublished":"2022-01-28T03:11:01+00:00","description":"Erhalte die deutschsprachige Fachzeitschrift \u00abdie baustellen\u00bb in der Ausgabe 2\/2011 als PDF-Download mit nachfolgendem Inhaltsverzeichnis:","breadcrumb":{"@id":"http:\/\/www.fachbau.ch\/de_de\/product\/die-baustellen-2-2011\/#breadcrumb"},"inLanguage":"de","potentialAction":[{"@type":"ReadAction","target":["http:\/\/www.fachbau.ch\/de_de\/product\/die-baustellen-2-2011\/"]}]},{"@type":"ImageObject","inLanguage":"de","@id":"http:\/\/www.fachbau.ch\/de_de\/product\/die-baustellen-2-2011\/#primaryimage","url":"https:\/\/www.fachbau.ch\/wp-content\/uploads\/2022\/01\/die_baustellen_2011_2.png","contentUrl":"https:\/\/www.fachbau.ch\/wp-content\/uploads\/2022\/01\/die_baustellen_2011_2.png","width":654,"height":370},{"@type":"BreadcrumbList","@id":"http:\/\/www.fachbau.ch\/de_de\/product\/die-baustellen-2-2011\/#breadcrumb","itemListElement":[{"@type":"ListItem","position":1,"name":"Startseite","item":"https:\/\/www.fachbau.ch\/"},{"@type":"ListItem","position":2,"name":"Shop","item":"https:\/\/www.fachbau.ch\/shop\/"},{"@type":"ListItem","position":3,"name":"die baustellen 2\/2011"}]},{"@type":"WebSite","@id":"https:\/\/www.fachbau.ch\/#website","url":"https:\/\/www.fachbau.ch\/","name":"fachbau.ch","description":"Modernes, nachhaltiges Bauen.","publisher":{"@id":"https:\/\/www.fachbau.ch\/#organization"},"potentialAction":[{"@type":"SearchAction","target":{"@type":"EntryPoint","urlTemplate":"https:\/\/www.fachbau.ch\/?s={search_term_string}"},"query-input":{"@type":"PropertyValueSpecification","valueRequired":true,"valueName":"search_term_string"}}],"inLanguage":"de"},{"@type":"Organization","@id":"https:\/\/www.fachbau.ch\/#organization","name":"fachbau.ch","url":"https:\/\/www.fachbau.ch\/","logo":{"@type":"ImageObject","inLanguage":"de","@id":"https:\/\/www.fachbau.ch\/#\/schema\/logo\/image\/","url":"https:\/\/www.fachbau.ch\/wp-content\/uploads\/2021\/12\/Logo_fachbau_ch.png","contentUrl":"https:\/\/www.fachbau.ch\/wp-content\/uploads\/2021\/12\/Logo_fachbau_ch.png","width":283,"height":42,"caption":"fachbau.ch"},"image":{"@id":"https:\/\/www.fachbau.ch\/#\/schema\/logo\/image\/"}}]}},"_links":{"self":[{"href":"https:\/\/www.fachbau.ch\/de\/wp-json\/wp\/v2\/product\/13893","targetHints":{"allow":["GET"]}}],"collection":[{"href":"https:\/\/www.fachbau.ch\/de\/wp-json\/wp\/v2\/product"}],"about":[{"href":"https:\/\/www.fachbau.ch\/de\/wp-json\/wp\/v2\/types\/product"}],"wp:featuredmedia":[{"embeddable":true,"href":"https:\/\/www.fachbau.ch\/de\/wp-json\/wp\/v2\/media\/13895"}],"wp:attachment":[{"href":"https:\/\/www.fachbau.ch\/de\/wp-json\/wp\/v2\/media?parent=13893"}],"wp:term":[{"taxonomy":"product_brand","embeddable":true,"href":"https:\/\/www.fachbau.ch\/de\/wp-json\/wp\/v2\/product_brand?post=13893"},{"taxonomy":"product_cat","embeddable":true,"href":"https:\/\/www.fachbau.ch\/de\/wp-json\/wp\/v2\/product_cat?post=13893"},{"taxonomy":"product_tag","embeddable":true,"href":"https:\/\/www.fachbau.ch\/de\/wp-json\/wp\/v2\/product_tag?post=13893"}],"curies":[{"name":"wp","href":"https:\/\/api.w.org\/{rel}","templated":true}]}}