{"id":13889,"date":"2022-01-28T04:02:59","date_gmt":"2022-01-28T03:02:59","guid":{"rendered":"https:\/\/www.fachbau.ch\/?post_type=product&#038;p=13889"},"modified":"2022-01-28T04:02:59","modified_gmt":"2022-01-28T03:02:59","slug":"die-baustellen-3-2011","status":"publish","type":"product","link":"https:\/\/www.fachbau.ch\/de\/product\/die-baustellen-3-2011\/","title":{"rendered":"die baustellen 3\/2011"},"content":{"rendered":"<h2>Branche<\/h2>\n<h2>kurz &amp; knapp<\/h2>\n<p>Das Inventar ist vielerorts gemacht und die Aussichten sind gut.<\/p>\n<h2>fokus<\/h2>\n<p>Familie, Gesch\u00e4ft und Politik halten ihn in Bewegung.<\/p>\n<h2>konjunktur<\/h2>\n<p>Die allgemeine Wirtschaftslage treibt die Baukonjunktur an.<\/p>\n<h2>verbandsinformationen<\/h2>\n<p>VSGU: Ein Team von Spezialisten.<\/p>\n<h2>projekte<\/h2>\n<p>Vorhaben gibt es viele: vom N\u00f6tigen bis zum Luxuri\u00f6sen.<\/p>\n<h2>baumaschinenmesse<\/h2>\n<p>Die Conexpo in Las Vegas: ein \u00dcberblick, wenn das m\u00f6glich ist.<\/p>\n<h2>Technik<\/h2>\n<h2>mobile krane<\/h2>\n<ul>\n<li>Die rollenden Krane im Einsatz.<\/li>\n<li>Pneukrane werden in grosser Vielfalt gebaut.<\/li>\n<li>Raupenkran im Einsatz f\u00fcr das neue Tramdepot in Bern West.<\/li>\n<\/ul>\n<h2>hydrodynamik<\/h2>\n<p>Eine saubere Technologie erobert die Bauwerkssanierung.<\/p>\n<p>Hydrodynamische Untergrundvorbereitung an der Tunnelwand.<\/p>\n<h2>verdichtungsmessung<\/h2>\n<p>Intelligentes Messsystem macht Verdichtungsmaschinen effizienter.<\/p>\n<h2>baustellenlogistik<\/h2>\n<p>Moderne Logistiksysteme vereinfachen die Baustellenorganisation.<\/p>\n<p>Wie die Logistik Bauprozesse und -abl\u00e4ufe verbessern kann.<\/p>\n<h2>br\u00fcckenbau<\/h2>\n<p>Neue Br\u00fcckenplatte in Rekordzeit verschoben.<\/p>\n<h2>steinschlagschutz<\/h2>\n<ul>\n<li>Gummireifen sch\u00fctzen Verkehrsbauten.<\/li>\n<li>Das Sensorsystem warnt in Echtzeit.<\/li>\n<li>Dynamischer Steinschlagschutz mittels Computersimulation.<\/li>\n<\/ul>\n<h2>tunnelsanierung<\/h2>\n<p>Sicherheit und Gew\u00e4sserschutz auf dem neusten Stand.<\/p>\n<h2>verkehrswegbau<\/h2>\n<p>Talent-Show im Verkehrshaus Luzern.<\/p>\n<h2>leitungsbau<\/h2>\n<ul>\n<li>Die Vorteile der grabenlosen Baumethoden.<\/li>\n<li>Im Beispiel: eine Sp\u00fclbohrung.<\/li>\n<li>Horizontalsp\u00fclbohrtechnik f\u00fcr den Leitungsbau.<\/li>\n<\/ul>\n<h2>elementbau<\/h2>\n<p>Neues Einrichtungshaus aus Beton- und Stahlelementen.<\/p>\n<h2>baumaschinenmesse<\/h2>\n<p>Retrospektive der Luzerner Baumaschinenschau.<\/p>\n<p>Impressionen aus dem Messerundgang.<\/p>\n<h2>Management<\/h2>\n<h2>agenda<\/h2>\n<p>In K\u00fcrze und zum Vormerken.<\/p>\n<h2>bau-karriere<\/h2>\n<p>Die Fachrichtungen \u00abPolybau\u00bb geben jungen Berufsleuten Perspektiven.<\/p>\n<h2>sieben-fragen-interview<\/h2>\n<p>Im Dienst f\u00fcr die Kunden und die Nachhaltigkeit.<\/p>\n<h2>Service<\/h2>\n<h2>verbandsinformationen<\/h2>\n<p>Macher und Schaffer bringen neue Impulse.<\/p>\n<h2>recht &amp; rekord<\/h2>\n<p>Abgangsentsch\u00e4digung f\u00fcr langj\u00e4hrigen Mitarbeiter.<\/p>\n<p>Die teuerste Br\u00fccke der Welt.<\/p>\n<h2>speziell &amp; ausgesucht<\/h2>\n<p>Reduktion auf das Wesentliche mit Eleganz.<\/p>\n<h2>grossobjekte<\/h2>\n<p>Auch das Offertwesen ist sehr besch\u00e4ftigt.<\/p>\n<h2>bezugsquellen<\/h2>\n<p>Wer was anbietet; die neusten Adressen in diesem Monat.<\/p>\n<h2>b\u00fccher<\/h2>\n<p>Wissen vertiefen mit der Fachliteratur.<\/p>\n<h2>blickpunkt<\/h2>\n<p>Junges Architektenteam gewinnt \u00abSchindler Award 2010\u00bb.<\/p>\n","protected":false},"excerpt":{"rendered":"<p>Erhalte die deutschsprachige Fachzeitschrift \u00abdie baustellen\u00bb in der Ausgabe 3\/2011 als PDF-Download mit nachfolgendem Inhaltsverzeichnis:<\/p>\n","protected":false},"featured_media":13891,"template":"","meta":{"_acf_changed":false,"pgc_sgb_lightbox_settings":""},"product_brand":[],"product_cat":[1732,1727],"product_tag":[1714],"class_list":{"0":"post-13889","1":"product","2":"type-product","3":"status-publish","4":"has-post-thumbnail","6":"product_cat-die-baustellen","7":"product_cat-einzelausgaben","8":"product_tag-1714","10":"first","11":"instock","12":"downloadable","13":"virtual","14":"taxable","15":"purchasable","16":"product-type-simple"},"acf":[],"yoast_head":"<!-- This site is optimized with the Yoast SEO plugin v27.4 - https:\/\/yoast.com\/product\/yoast-seo-wordpress\/ -->\n<title>die baustellen 3\/2011 - fachbau.ch<\/title>\n<meta name=\"description\" content=\"Erhalte die deutschsprachige Fachzeitschrift \u00abdie baustellen\u00bb in der Ausgabe 3\/2011 als PDF-Download mit nachfolgendem Inhaltsverzeichnis:\" \/>\n<meta name=\"robots\" content=\"index, follow, max-snippet:-1, max-image-preview:large, max-video-preview:-1\" \/>\n<link rel=\"canonical\" href=\"http:\/\/www.fachbau.ch\/de\/de_de\/product\/die-baustellen-3-2011\/\" \/>\n<meta property=\"og:locale\" content=\"de_DE\" \/>\n<meta property=\"og:type\" content=\"article\" \/>\n<meta property=\"og:title\" content=\"die baustellen 3\/2011 - fachbau.ch\" \/>\n<meta property=\"og:description\" content=\"Erhalte die deutschsprachige Fachzeitschrift \u00abdie baustellen\u00bb in der Ausgabe 3\/2011 als PDF-Download mit nachfolgendem Inhaltsverzeichnis:\" \/>\n<meta property=\"og:url\" content=\"http:\/\/www.fachbau.ch\/de\/de_de\/product\/die-baustellen-3-2011\/\" \/>\n<meta property=\"og:site_name\" content=\"fachbau.ch\" \/>\n<meta property=\"og:image\" content=\"https:\/\/www.fachbau.ch\/wp-content\/uploads\/2022\/01\/die_baustellen_2011_3.png\" \/>\n\t<meta property=\"og:image:width\" content=\"654\" \/>\n\t<meta property=\"og:image:height\" content=\"370\" \/>\n\t<meta property=\"og:image:type\" content=\"image\/png\" \/>\n<meta name=\"twitter:card\" content=\"summary_large_image\" \/>\n<meta name=\"twitter:label1\" content=\"Gesch\u00e4tzte Lesezeit\" \/>\n\t<meta name=\"twitter:data1\" content=\"1\u00a0Minute\" \/>\n<script type=\"application\/ld+json\" class=\"yoast-schema-graph\">{\"@context\":\"https:\\\/\\\/schema.org\",\"@graph\":[{\"@type\":\"WebPage\",\"@id\":\"http:\\\/\\\/www.fachbau.ch\\\/de_de\\\/product\\\/die-baustellen-3-2011\\\/\",\"url\":\"http:\\\/\\\/www.fachbau.ch\\\/de_de\\\/product\\\/die-baustellen-3-2011\\\/\",\"name\":\"die baustellen 3\\\/2011 - fachbau.ch\",\"isPartOf\":{\"@id\":\"https:\\\/\\\/www.fachbau.ch\\\/#website\"},\"primaryImageOfPage\":{\"@id\":\"http:\\\/\\\/www.fachbau.ch\\\/de_de\\\/product\\\/die-baustellen-3-2011\\\/#primaryimage\"},\"image\":{\"@id\":\"http:\\\/\\\/www.fachbau.ch\\\/de_de\\\/product\\\/die-baustellen-3-2011\\\/#primaryimage\"},\"thumbnailUrl\":\"https:\\\/\\\/www.fachbau.ch\\\/wp-content\\\/uploads\\\/2022\\\/01\\\/die_baustellen_2011_3.png\",\"datePublished\":\"2022-01-28T03:02:59+00:00\",\"description\":\"Erhalte die deutschsprachige Fachzeitschrift \u00abdie baustellen\u00bb in der Ausgabe 3\\\/2011 als PDF-Download mit nachfolgendem Inhaltsverzeichnis:\",\"breadcrumb\":{\"@id\":\"http:\\\/\\\/www.fachbau.ch\\\/de_de\\\/product\\\/die-baustellen-3-2011\\\/#breadcrumb\"},\"inLanguage\":\"de\",\"potentialAction\":[{\"@type\":\"ReadAction\",\"target\":[\"http:\\\/\\\/www.fachbau.ch\\\/de_de\\\/product\\\/die-baustellen-3-2011\\\/\"]}]},{\"@type\":\"ImageObject\",\"inLanguage\":\"de\",\"@id\":\"http:\\\/\\\/www.fachbau.ch\\\/de_de\\\/product\\\/die-baustellen-3-2011\\\/#primaryimage\",\"url\":\"https:\\\/\\\/www.fachbau.ch\\\/wp-content\\\/uploads\\\/2022\\\/01\\\/die_baustellen_2011_3.png\",\"contentUrl\":\"https:\\\/\\\/www.fachbau.ch\\\/wp-content\\\/uploads\\\/2022\\\/01\\\/die_baustellen_2011_3.png\",\"width\":654,\"height\":370},{\"@type\":\"BreadcrumbList\",\"@id\":\"http:\\\/\\\/www.fachbau.ch\\\/de_de\\\/product\\\/die-baustellen-3-2011\\\/#breadcrumb\",\"itemListElement\":[{\"@type\":\"ListItem\",\"position\":1,\"name\":\"Startseite\",\"item\":\"https:\\\/\\\/www.fachbau.ch\\\/\"},{\"@type\":\"ListItem\",\"position\":2,\"name\":\"Shop\",\"item\":\"https:\\\/\\\/www.fachbau.ch\\\/shop\\\/\"},{\"@type\":\"ListItem\",\"position\":3,\"name\":\"die baustellen 3\\\/2011\"}]},{\"@type\":\"WebSite\",\"@id\":\"https:\\\/\\\/www.fachbau.ch\\\/#website\",\"url\":\"https:\\\/\\\/www.fachbau.ch\\\/\",\"name\":\"fachbau.ch\",\"description\":\"Modernes, nachhaltiges Bauen.\",\"publisher\":{\"@id\":\"https:\\\/\\\/www.fachbau.ch\\\/#organization\"},\"potentialAction\":[{\"@type\":\"SearchAction\",\"target\":{\"@type\":\"EntryPoint\",\"urlTemplate\":\"https:\\\/\\\/www.fachbau.ch\\\/?s={search_term_string}\"},\"query-input\":{\"@type\":\"PropertyValueSpecification\",\"valueRequired\":true,\"valueName\":\"search_term_string\"}}],\"inLanguage\":\"de\"},{\"@type\":\"Organization\",\"@id\":\"https:\\\/\\\/www.fachbau.ch\\\/#organization\",\"name\":\"fachbau.ch\",\"url\":\"https:\\\/\\\/www.fachbau.ch\\\/\",\"logo\":{\"@type\":\"ImageObject\",\"inLanguage\":\"de\",\"@id\":\"https:\\\/\\\/www.fachbau.ch\\\/#\\\/schema\\\/logo\\\/image\\\/\",\"url\":\"https:\\\/\\\/www.fachbau.ch\\\/wp-content\\\/uploads\\\/2021\\\/12\\\/Logo_fachbau_ch.png\",\"contentUrl\":\"https:\\\/\\\/www.fachbau.ch\\\/wp-content\\\/uploads\\\/2021\\\/12\\\/Logo_fachbau_ch.png\",\"width\":283,\"height\":42,\"caption\":\"fachbau.ch\"},\"image\":{\"@id\":\"https:\\\/\\\/www.fachbau.ch\\\/#\\\/schema\\\/logo\\\/image\\\/\"}}]}<\/script>\n<!-- \/ Yoast SEO plugin. -->","yoast_head_json":{"title":"die baustellen 3\/2011 - fachbau.ch","description":"Erhalte die deutschsprachige Fachzeitschrift \u00abdie baustellen\u00bb in der Ausgabe 3\/2011 als PDF-Download mit nachfolgendem Inhaltsverzeichnis:","robots":{"index":"index","follow":"follow","max-snippet":"max-snippet:-1","max-image-preview":"max-image-preview:large","max-video-preview":"max-video-preview:-1"},"canonical":"http:\/\/www.fachbau.ch\/de\/de_de\/product\/die-baustellen-3-2011\/","og_locale":"de_DE","og_type":"article","og_title":"die baustellen 3\/2011 - fachbau.ch","og_description":"Erhalte die deutschsprachige Fachzeitschrift \u00abdie baustellen\u00bb in der Ausgabe 3\/2011 als PDF-Download mit nachfolgendem Inhaltsverzeichnis:","og_url":"http:\/\/www.fachbau.ch\/de\/de_de\/product\/die-baustellen-3-2011\/","og_site_name":"fachbau.ch","og_image":[{"width":654,"height":370,"url":"https:\/\/www.fachbau.ch\/wp-content\/uploads\/2022\/01\/die_baustellen_2011_3.png","type":"image\/png"}],"twitter_card":"summary_large_image","twitter_misc":{"Gesch\u00e4tzte Lesezeit":"1\u00a0Minute"},"schema":{"@context":"https:\/\/schema.org","@graph":[{"@type":"WebPage","@id":"http:\/\/www.fachbau.ch\/de_de\/product\/die-baustellen-3-2011\/","url":"http:\/\/www.fachbau.ch\/de_de\/product\/die-baustellen-3-2011\/","name":"die baustellen 3\/2011 - fachbau.ch","isPartOf":{"@id":"https:\/\/www.fachbau.ch\/#website"},"primaryImageOfPage":{"@id":"http:\/\/www.fachbau.ch\/de_de\/product\/die-baustellen-3-2011\/#primaryimage"},"image":{"@id":"http:\/\/www.fachbau.ch\/de_de\/product\/die-baustellen-3-2011\/#primaryimage"},"thumbnailUrl":"https:\/\/www.fachbau.ch\/wp-content\/uploads\/2022\/01\/die_baustellen_2011_3.png","datePublished":"2022-01-28T03:02:59+00:00","description":"Erhalte die deutschsprachige Fachzeitschrift \u00abdie baustellen\u00bb in der Ausgabe 3\/2011 als PDF-Download mit nachfolgendem Inhaltsverzeichnis:","breadcrumb":{"@id":"http:\/\/www.fachbau.ch\/de_de\/product\/die-baustellen-3-2011\/#breadcrumb"},"inLanguage":"de","potentialAction":[{"@type":"ReadAction","target":["http:\/\/www.fachbau.ch\/de_de\/product\/die-baustellen-3-2011\/"]}]},{"@type":"ImageObject","inLanguage":"de","@id":"http:\/\/www.fachbau.ch\/de_de\/product\/die-baustellen-3-2011\/#primaryimage","url":"https:\/\/www.fachbau.ch\/wp-content\/uploads\/2022\/01\/die_baustellen_2011_3.png","contentUrl":"https:\/\/www.fachbau.ch\/wp-content\/uploads\/2022\/01\/die_baustellen_2011_3.png","width":654,"height":370},{"@type":"BreadcrumbList","@id":"http:\/\/www.fachbau.ch\/de_de\/product\/die-baustellen-3-2011\/#breadcrumb","itemListElement":[{"@type":"ListItem","position":1,"name":"Startseite","item":"https:\/\/www.fachbau.ch\/"},{"@type":"ListItem","position":2,"name":"Shop","item":"https:\/\/www.fachbau.ch\/shop\/"},{"@type":"ListItem","position":3,"name":"die baustellen 3\/2011"}]},{"@type":"WebSite","@id":"https:\/\/www.fachbau.ch\/#website","url":"https:\/\/www.fachbau.ch\/","name":"fachbau.ch","description":"Modernes, nachhaltiges Bauen.","publisher":{"@id":"https:\/\/www.fachbau.ch\/#organization"},"potentialAction":[{"@type":"SearchAction","target":{"@type":"EntryPoint","urlTemplate":"https:\/\/www.fachbau.ch\/?s={search_term_string}"},"query-input":{"@type":"PropertyValueSpecification","valueRequired":true,"valueName":"search_term_string"}}],"inLanguage":"de"},{"@type":"Organization","@id":"https:\/\/www.fachbau.ch\/#organization","name":"fachbau.ch","url":"https:\/\/www.fachbau.ch\/","logo":{"@type":"ImageObject","inLanguage":"de","@id":"https:\/\/www.fachbau.ch\/#\/schema\/logo\/image\/","url":"https:\/\/www.fachbau.ch\/wp-content\/uploads\/2021\/12\/Logo_fachbau_ch.png","contentUrl":"https:\/\/www.fachbau.ch\/wp-content\/uploads\/2021\/12\/Logo_fachbau_ch.png","width":283,"height":42,"caption":"fachbau.ch"},"image":{"@id":"https:\/\/www.fachbau.ch\/#\/schema\/logo\/image\/"}}]}},"_links":{"self":[{"href":"https:\/\/www.fachbau.ch\/de\/wp-json\/wp\/v2\/product\/13889","targetHints":{"allow":["GET"]}}],"collection":[{"href":"https:\/\/www.fachbau.ch\/de\/wp-json\/wp\/v2\/product"}],"about":[{"href":"https:\/\/www.fachbau.ch\/de\/wp-json\/wp\/v2\/types\/product"}],"wp:featuredmedia":[{"embeddable":true,"href":"https:\/\/www.fachbau.ch\/de\/wp-json\/wp\/v2\/media\/13891"}],"wp:attachment":[{"href":"https:\/\/www.fachbau.ch\/de\/wp-json\/wp\/v2\/media?parent=13889"}],"wp:term":[{"taxonomy":"product_brand","embeddable":true,"href":"https:\/\/www.fachbau.ch\/de\/wp-json\/wp\/v2\/product_brand?post=13889"},{"taxonomy":"product_cat","embeddable":true,"href":"https:\/\/www.fachbau.ch\/de\/wp-json\/wp\/v2\/product_cat?post=13889"},{"taxonomy":"product_tag","embeddable":true,"href":"https:\/\/www.fachbau.ch\/de\/wp-json\/wp\/v2\/product_tag?post=13889"}],"curies":[{"name":"wp","href":"https:\/\/api.w.org\/{rel}","templated":true}]}}