{"id":13853,"date":"2022-01-28T02:42:09","date_gmt":"2022-01-28T01:42:09","guid":{"rendered":"https:\/\/www.fachbau.ch\/?post_type=product&#038;p=13853"},"modified":"2022-01-28T02:42:09","modified_gmt":"2022-01-28T01:42:09","slug":"die-baustellen-1-2012","status":"publish","type":"product","link":"https:\/\/www.fachbau.ch\/de\/product\/die-baustellen-1-2012\/","title":{"rendered":"die baustellen 1\/2012"},"content":{"rendered":"<h2>Branche<\/h2>\n<h2>kurz &amp; knapp<\/h2>\n<p>Junge Bau\u00f6konomen und neue Gesch\u00e4ftsstrukturen.<\/p>\n<h2>fokus<\/h2>\n<p>\u00abSwissness\u00bb verpflichtet zur Perfektion und dazu, Vertrauen zu gewinnen.<\/p>\n<h2>konjunktur<\/h2>\n<p>Nachhaltige Schweizer Marktwirtschaft definiert sich im Qualit\u00e4tsdenken.<\/p>\n<h2>interview<\/h2>\n<p>Baumaschinen brauchen harmonisierte Standards.<\/p>\n<h2>projekte<\/h2>\n<p>Sportlich und nah beim Wasser \u2013 ein Trend ohne Grenzen.<\/p>\n<h2>bauen im ausland<\/h2>\n<p>Verkehrsl\u00f6sungen auf Italienisch.<\/p>\n<h2>erfinder der bauwelt<\/h2>\n<p>Der Zement in der Geschichte der Neuzeit.<\/p>\n<h2>swissbau<\/h2>\n<p>Unsere Impressionen nach vielen Events.<\/p>\n<h2>Branche<\/h2>\n<h2>rohrleitungsbau<\/h2>\n<p>Fl\u00fcssigboden verfestigt auch schwierigen Untergrund.<\/p>\n<h2>nutzfahrzeuge<\/h2>\n<p>Mit GPS Kraftstoff sparen.<\/p>\n<h2>bauplatz<\/h2>\n<ul>\n<li>Titelthema Bauplatz \u2013 Erfahrungen und Einsichten.<\/li>\n<li>Der Mensch im Mittelpunkt: Gruss des bauf\u00fchrenden Redaktors.<\/li>\n<li>Bauf\u00fchrer und Polier bringen die Baustelle in Schwung.<\/li>\n<li>Bauf\u00fchrer \u2013 aus dem Tagebuch berichtet.<\/li>\n<li>Baupolier \u2013 eine Reportage aus dem Zentrum des Geschehens.<\/li>\n<li>Der Mauerroboter \u2013 eine Tendenz f\u00fcr die Zukunft?<\/li>\n<li>Die Zulieferanten \u2013 wer heute bestellt, der wartet schon darauf.<\/li>\n<li>Neue Maschinen f\u00fcr den Materialtransport und die Baustellenlogistik.<\/li>\n<li>Baumaterial \u2013 f\u00fcr Nachschub wird gesorgt.<\/li>\n<li>Wasserdicht ist eine Grundanforderung.<\/li>\n<li>Eine \u00abWeisse Wanne\u00bb h\u00e4lt f\u00fcr den ganzen Lebenszyklus dicht.<\/li>\n<li>Jede Baumaschinengeneration steigert die Produktion.<\/li>\n<li>Der Kran \u2013 ohne die Bauriesen geht nichts mehr.<\/li>\n<li>Energieversorgung \u2013 Elektroinstallation bis an den Arbeitsplatz.<\/li>\n<li>Die Container \u2013 sie pr\u00e4gen den modernen Bauplatz.<\/li>\n<li>Hygiene und Sauberkeit \u2013 die vorfabrizierten Sanit\u00e4reinheiten.<\/li>\n<li>Kommunikation \u2013 vom Handy zum multifunktionalen Smartphone.<\/li>\n<li>Kommunikation \u2013 mit dem Laptop unterwegs.<\/li>\n<li>Die Sicherheit \u2013 eine Kampagne f\u00fcr die Schutzmassnahmen.<\/li>\n<\/ul>\n<h2>infrastruktur<\/h2>\n<p>Die mobile Ampel erh\u00e4lt ein wachsames Auge.<\/p>\n<h2>grundbau<\/h2>\n<p>Beispiel einer St\u00fctzmauer mit armierter Erde.<\/p>\n<h2>Management<\/h2>\n<h2>seminar<\/h2>\n<p>\u00abBauunternehmensmanagement\u00bb f\u00fcr Ingenieure und Architekten.<\/p>\n<h2>vorbericht<\/h2>\n<p>Die Betonprofis treffen sich am Kongress in Neu-Ulm.<\/p>\n<h2>baumanagement<\/h2>\n<p>Partnering im Bauablauf \u2013 ein etwas anderer L\u00f6sungsansatz.<\/p>\n<h2>kolumne<\/h2>\n<p>N\u00e4her beim Kunden: schneller im Web und mit Selbst\u00fcberpr\u00fcfung.<\/p>\n<h2>agenda<\/h2>\n<p>Weiterbildung und Meetings f\u00fcr Leute der Baubranche.<\/p>\n<h2>bau-karriere<\/h2>\n<p>Stellenmarkt: Know-how ist gesucht.<\/p>\n<p>Lehrbetriebsverb\u00fcnde unterst\u00fctzen Lehrlinge und Lehrbetriebe.<\/p>\n<h2>sieben-fragen-interview<\/h2>\n<p>Engagement f\u00fcr den Infrastrukturbau in der Schweiz.<\/p>\n<h2>Service<\/h2>\n<h2>verbandsnachrichten<\/h2>\n<p>Die Branchenverb\u00e4nde laden zum Mitmachen ein.<\/p>\n<h2>recht &amp; rekord<\/h2>\n<p>Die Verantwortungsbereiche im Subplanerverh\u00e4ltnis.<\/p>\n<h2>bau &amp; kunst<\/h2>\n<p>Ein Holzsteg bringt die Natur n\u00e4her.<\/p>\n<h2>bauobjekte<\/h2>\n<p>Ausgesuchte Grossprojekte sind in der Pipeline.<\/p>\n<h2>bezugsquellen<\/h2>\n<p>Aktuelle Angebote f\u00fcr Produkte und Leistungen.<\/p>\n<h2>blickpunkt<\/h2>\n<p>Mit den H\u00e4nden arbeiten und die H\u00f6he bezwingen.<\/p>\n","protected":false},"excerpt":{"rendered":"<p>Erhalte die deutschsprachige Fachzeitschrift \u00abdie baustellen\u00bb in der Ausgabe 1\/2012 als PDF-Download mit nachfolgendem Inhaltsverzeichnis:<\/p>\n","protected":false},"featured_media":13855,"template":"","meta":{"_acf_changed":false,"pgc_sgb_lightbox_settings":""},"product_brand":[],"product_cat":[1732,1727],"product_tag":[1715],"class_list":{"0":"post-13853","1":"product","2":"type-product","3":"status-publish","4":"has-post-thumbnail","6":"product_cat-die-baustellen","7":"product_cat-einzelausgaben","8":"product_tag-1715","10":"first","11":"instock","12":"downloadable","13":"virtual","14":"taxable","15":"purchasable","16":"product-type-simple"},"acf":[],"yoast_head":"<!-- This site is optimized with the Yoast SEO plugin v27.4 - https:\/\/yoast.com\/product\/yoast-seo-wordpress\/ -->\n<title>die baustellen 1\/2012 - fachbau.ch<\/title>\n<meta name=\"description\" content=\"Erhalte die deutschsprachige Fachzeitschrift \u00abdie baustellen\u00bb in der Ausgabe 1\/2012 als PDF-Download mit nachfolgendem Inhaltsverzeichnis:\" \/>\n<meta name=\"robots\" content=\"index, follow, max-snippet:-1, max-image-preview:large, max-video-preview:-1\" \/>\n<link rel=\"canonical\" href=\"http:\/\/www.fachbau.ch\/de\/de_de\/product\/die-baustellen-1-2012\/\" \/>\n<meta property=\"og:locale\" content=\"de_DE\" \/>\n<meta property=\"og:type\" content=\"article\" \/>\n<meta property=\"og:title\" content=\"die baustellen 1\/2012 - fachbau.ch\" \/>\n<meta property=\"og:description\" content=\"Erhalte die deutschsprachige Fachzeitschrift \u00abdie baustellen\u00bb in der Ausgabe 1\/2012 als PDF-Download mit nachfolgendem Inhaltsverzeichnis:\" \/>\n<meta property=\"og:url\" content=\"http:\/\/www.fachbau.ch\/de\/de_de\/product\/die-baustellen-1-2012\/\" \/>\n<meta property=\"og:site_name\" content=\"fachbau.ch\" \/>\n<meta property=\"og:image\" content=\"https:\/\/www.fachbau.ch\/wp-content\/uploads\/2022\/01\/die_baustellen_2012_1.png\" \/>\n\t<meta property=\"og:image:width\" content=\"654\" \/>\n\t<meta property=\"og:image:height\" content=\"370\" \/>\n\t<meta property=\"og:image:type\" content=\"image\/png\" \/>\n<meta name=\"twitter:card\" content=\"summary_large_image\" \/>\n<meta name=\"twitter:label1\" content=\"Gesch\u00e4tzte Lesezeit\" \/>\n\t<meta name=\"twitter:data1\" content=\"2\u00a0Minuten\" \/>\n<script type=\"application\/ld+json\" class=\"yoast-schema-graph\">{\"@context\":\"https:\\\/\\\/schema.org\",\"@graph\":[{\"@type\":\"WebPage\",\"@id\":\"http:\\\/\\\/www.fachbau.ch\\\/de_de\\\/product\\\/die-baustellen-1-2012\\\/\",\"url\":\"http:\\\/\\\/www.fachbau.ch\\\/de_de\\\/product\\\/die-baustellen-1-2012\\\/\",\"name\":\"die baustellen 1\\\/2012 - fachbau.ch\",\"isPartOf\":{\"@id\":\"https:\\\/\\\/www.fachbau.ch\\\/#website\"},\"primaryImageOfPage\":{\"@id\":\"http:\\\/\\\/www.fachbau.ch\\\/de_de\\\/product\\\/die-baustellen-1-2012\\\/#primaryimage\"},\"image\":{\"@id\":\"http:\\\/\\\/www.fachbau.ch\\\/de_de\\\/product\\\/die-baustellen-1-2012\\\/#primaryimage\"},\"thumbnailUrl\":\"https:\\\/\\\/www.fachbau.ch\\\/wp-content\\\/uploads\\\/2022\\\/01\\\/die_baustellen_2012_1.png\",\"datePublished\":\"2022-01-28T01:42:09+00:00\",\"description\":\"Erhalte die deutschsprachige Fachzeitschrift \u00abdie baustellen\u00bb in der Ausgabe 1\\\/2012 als PDF-Download mit nachfolgendem Inhaltsverzeichnis:\",\"breadcrumb\":{\"@id\":\"http:\\\/\\\/www.fachbau.ch\\\/de_de\\\/product\\\/die-baustellen-1-2012\\\/#breadcrumb\"},\"inLanguage\":\"de\",\"potentialAction\":[{\"@type\":\"ReadAction\",\"target\":[\"http:\\\/\\\/www.fachbau.ch\\\/de_de\\\/product\\\/die-baustellen-1-2012\\\/\"]}]},{\"@type\":\"ImageObject\",\"inLanguage\":\"de\",\"@id\":\"http:\\\/\\\/www.fachbau.ch\\\/de_de\\\/product\\\/die-baustellen-1-2012\\\/#primaryimage\",\"url\":\"https:\\\/\\\/www.fachbau.ch\\\/wp-content\\\/uploads\\\/2022\\\/01\\\/die_baustellen_2012_1.png\",\"contentUrl\":\"https:\\\/\\\/www.fachbau.ch\\\/wp-content\\\/uploads\\\/2022\\\/01\\\/die_baustellen_2012_1.png\",\"width\":654,\"height\":370},{\"@type\":\"BreadcrumbList\",\"@id\":\"http:\\\/\\\/www.fachbau.ch\\\/de_de\\\/product\\\/die-baustellen-1-2012\\\/#breadcrumb\",\"itemListElement\":[{\"@type\":\"ListItem\",\"position\":1,\"name\":\"Startseite\",\"item\":\"https:\\\/\\\/www.fachbau.ch\\\/\"},{\"@type\":\"ListItem\",\"position\":2,\"name\":\"Shop\",\"item\":\"https:\\\/\\\/www.fachbau.ch\\\/shop\\\/\"},{\"@type\":\"ListItem\",\"position\":3,\"name\":\"die baustellen 1\\\/2012\"}]},{\"@type\":\"WebSite\",\"@id\":\"https:\\\/\\\/www.fachbau.ch\\\/#website\",\"url\":\"https:\\\/\\\/www.fachbau.ch\\\/\",\"name\":\"fachbau.ch\",\"description\":\"Modernes, nachhaltiges Bauen.\",\"publisher\":{\"@id\":\"https:\\\/\\\/www.fachbau.ch\\\/#organization\"},\"potentialAction\":[{\"@type\":\"SearchAction\",\"target\":{\"@type\":\"EntryPoint\",\"urlTemplate\":\"https:\\\/\\\/www.fachbau.ch\\\/?s={search_term_string}\"},\"query-input\":{\"@type\":\"PropertyValueSpecification\",\"valueRequired\":true,\"valueName\":\"search_term_string\"}}],\"inLanguage\":\"de\"},{\"@type\":\"Organization\",\"@id\":\"https:\\\/\\\/www.fachbau.ch\\\/#organization\",\"name\":\"fachbau.ch\",\"url\":\"https:\\\/\\\/www.fachbau.ch\\\/\",\"logo\":{\"@type\":\"ImageObject\",\"inLanguage\":\"de\",\"@id\":\"https:\\\/\\\/www.fachbau.ch\\\/#\\\/schema\\\/logo\\\/image\\\/\",\"url\":\"https:\\\/\\\/www.fachbau.ch\\\/wp-content\\\/uploads\\\/2021\\\/12\\\/Logo_fachbau_ch.png\",\"contentUrl\":\"https:\\\/\\\/www.fachbau.ch\\\/wp-content\\\/uploads\\\/2021\\\/12\\\/Logo_fachbau_ch.png\",\"width\":283,\"height\":42,\"caption\":\"fachbau.ch\"},\"image\":{\"@id\":\"https:\\\/\\\/www.fachbau.ch\\\/#\\\/schema\\\/logo\\\/image\\\/\"}}]}<\/script>\n<!-- \/ Yoast SEO plugin. -->","yoast_head_json":{"title":"die baustellen 1\/2012 - fachbau.ch","description":"Erhalte die deutschsprachige Fachzeitschrift \u00abdie baustellen\u00bb in der Ausgabe 1\/2012 als PDF-Download mit nachfolgendem Inhaltsverzeichnis:","robots":{"index":"index","follow":"follow","max-snippet":"max-snippet:-1","max-image-preview":"max-image-preview:large","max-video-preview":"max-video-preview:-1"},"canonical":"http:\/\/www.fachbau.ch\/de\/de_de\/product\/die-baustellen-1-2012\/","og_locale":"de_DE","og_type":"article","og_title":"die baustellen 1\/2012 - fachbau.ch","og_description":"Erhalte die deutschsprachige Fachzeitschrift \u00abdie baustellen\u00bb in der Ausgabe 1\/2012 als PDF-Download mit nachfolgendem Inhaltsverzeichnis:","og_url":"http:\/\/www.fachbau.ch\/de\/de_de\/product\/die-baustellen-1-2012\/","og_site_name":"fachbau.ch","og_image":[{"width":654,"height":370,"url":"https:\/\/www.fachbau.ch\/wp-content\/uploads\/2022\/01\/die_baustellen_2012_1.png","type":"image\/png"}],"twitter_card":"summary_large_image","twitter_misc":{"Gesch\u00e4tzte Lesezeit":"2\u00a0Minuten"},"schema":{"@context":"https:\/\/schema.org","@graph":[{"@type":"WebPage","@id":"http:\/\/www.fachbau.ch\/de_de\/product\/die-baustellen-1-2012\/","url":"http:\/\/www.fachbau.ch\/de_de\/product\/die-baustellen-1-2012\/","name":"die baustellen 1\/2012 - fachbau.ch","isPartOf":{"@id":"https:\/\/www.fachbau.ch\/#website"},"primaryImageOfPage":{"@id":"http:\/\/www.fachbau.ch\/de_de\/product\/die-baustellen-1-2012\/#primaryimage"},"image":{"@id":"http:\/\/www.fachbau.ch\/de_de\/product\/die-baustellen-1-2012\/#primaryimage"},"thumbnailUrl":"https:\/\/www.fachbau.ch\/wp-content\/uploads\/2022\/01\/die_baustellen_2012_1.png","datePublished":"2022-01-28T01:42:09+00:00","description":"Erhalte die deutschsprachige Fachzeitschrift \u00abdie baustellen\u00bb in der Ausgabe 1\/2012 als PDF-Download mit nachfolgendem Inhaltsverzeichnis:","breadcrumb":{"@id":"http:\/\/www.fachbau.ch\/de_de\/product\/die-baustellen-1-2012\/#breadcrumb"},"inLanguage":"de","potentialAction":[{"@type":"ReadAction","target":["http:\/\/www.fachbau.ch\/de_de\/product\/die-baustellen-1-2012\/"]}]},{"@type":"ImageObject","inLanguage":"de","@id":"http:\/\/www.fachbau.ch\/de_de\/product\/die-baustellen-1-2012\/#primaryimage","url":"https:\/\/www.fachbau.ch\/wp-content\/uploads\/2022\/01\/die_baustellen_2012_1.png","contentUrl":"https:\/\/www.fachbau.ch\/wp-content\/uploads\/2022\/01\/die_baustellen_2012_1.png","width":654,"height":370},{"@type":"BreadcrumbList","@id":"http:\/\/www.fachbau.ch\/de_de\/product\/die-baustellen-1-2012\/#breadcrumb","itemListElement":[{"@type":"ListItem","position":1,"name":"Startseite","item":"https:\/\/www.fachbau.ch\/"},{"@type":"ListItem","position":2,"name":"Shop","item":"https:\/\/www.fachbau.ch\/shop\/"},{"@type":"ListItem","position":3,"name":"die baustellen 1\/2012"}]},{"@type":"WebSite","@id":"https:\/\/www.fachbau.ch\/#website","url":"https:\/\/www.fachbau.ch\/","name":"fachbau.ch","description":"Modernes, nachhaltiges Bauen.","publisher":{"@id":"https:\/\/www.fachbau.ch\/#organization"},"potentialAction":[{"@type":"SearchAction","target":{"@type":"EntryPoint","urlTemplate":"https:\/\/www.fachbau.ch\/?s={search_term_string}"},"query-input":{"@type":"PropertyValueSpecification","valueRequired":true,"valueName":"search_term_string"}}],"inLanguage":"de"},{"@type":"Organization","@id":"https:\/\/www.fachbau.ch\/#organization","name":"fachbau.ch","url":"https:\/\/www.fachbau.ch\/","logo":{"@type":"ImageObject","inLanguage":"de","@id":"https:\/\/www.fachbau.ch\/#\/schema\/logo\/image\/","url":"https:\/\/www.fachbau.ch\/wp-content\/uploads\/2021\/12\/Logo_fachbau_ch.png","contentUrl":"https:\/\/www.fachbau.ch\/wp-content\/uploads\/2021\/12\/Logo_fachbau_ch.png","width":283,"height":42,"caption":"fachbau.ch"},"image":{"@id":"https:\/\/www.fachbau.ch\/#\/schema\/logo\/image\/"}}]}},"_links":{"self":[{"href":"https:\/\/www.fachbau.ch\/de\/wp-json\/wp\/v2\/product\/13853","targetHints":{"allow":["GET"]}}],"collection":[{"href":"https:\/\/www.fachbau.ch\/de\/wp-json\/wp\/v2\/product"}],"about":[{"href":"https:\/\/www.fachbau.ch\/de\/wp-json\/wp\/v2\/types\/product"}],"wp:featuredmedia":[{"embeddable":true,"href":"https:\/\/www.fachbau.ch\/de\/wp-json\/wp\/v2\/media\/13855"}],"wp:attachment":[{"href":"https:\/\/www.fachbau.ch\/de\/wp-json\/wp\/v2\/media?parent=13853"}],"wp:term":[{"taxonomy":"product_brand","embeddable":true,"href":"https:\/\/www.fachbau.ch\/de\/wp-json\/wp\/v2\/product_brand?post=13853"},{"taxonomy":"product_cat","embeddable":true,"href":"https:\/\/www.fachbau.ch\/de\/wp-json\/wp\/v2\/product_cat?post=13853"},{"taxonomy":"product_tag","embeddable":true,"href":"https:\/\/www.fachbau.ch\/de\/wp-json\/wp\/v2\/product_tag?post=13853"}],"curies":[{"name":"wp","href":"https:\/\/api.w.org\/{rel}","templated":true}]}}