{"id":13836,"date":"2022-01-27T14:29:25","date_gmt":"2022-01-27T13:29:25","guid":{"rendered":"https:\/\/www.fachbau.ch\/?post_type=product&#038;p=13836"},"modified":"2022-01-27T14:29:25","modified_gmt":"2022-01-27T13:29:25","slug":"die-baustellen-6-2012","status":"publish","type":"product","link":"https:\/\/www.fachbau.ch\/de\/product\/die-baustellen-6-2012\/","title":{"rendered":"die baustellen 6\/2012"},"content":{"rendered":"<h2>Branche<\/h2>\n<h2>kurz &amp; knapp<\/h2>\n<p>Ver\u00e4nderungen, Neuentwicklungen und Jubil\u00e4um.<\/p>\n<h2>fokus<\/h2>\n<p>Ver\u00e4nderungen mit dem Ziel f\u00fcr neue Strategien.<\/p>\n<h2>konjunktur<\/h2>\n<p>Schweizer Wachstumsst\u00e4rke unter erschwerten Bedingungen.<\/p>\n<h2>projekte<\/h2>\n<p>Von Stahl-Glas-Pal\u00e4sten bis zur n\u00fctzlichen Aufstockung.<\/p>\n<h2>bauen im ausland<\/h2>\n<p>\u00d6sterreich baut den Semmering-Basistunnel.<\/p>\n<h2>erfinder der bauwelt<\/h2>\n<p>Die B\u00e4ndigung des Nitroglycerins.<\/p>\n<h2>Technik<\/h2>\n<h2>infrastrukturbau<\/h2>\n<ul>\n<li>Interview: vernetzte Nachtbaustelle Cityring Luzern.<\/li>\n<li>Edler Karossenstall: Ein Rundgang durch das gebaute Parkhaus Op\u00e9ra.<\/li>\n<li>Interview: Der Gesamtprojektleiter zieht Bilanz.<\/li>\n<\/ul>\n<h2>baustellenbericht<\/h2>\n<ul>\n<li>B\u00fcrokomplex am Eishockeystadion.<\/li>\n<li>Firmenareal wird Flaniermeile am Z\u00fcrichsee.<\/li>\n<li>Rollen statt Abbrechen \u2013 ein Volksspektakel in Oerlikon.<\/li>\n<li>Geb\u00e4udeverschiebung als Glanzleistung des Managements.<\/li>\n<li>Die gr\u00f6sste Halle der Schweiz ist ein Berner Tramdepot.<\/li>\n<li>Durchdachte L\u00fcftungskonzepte und ihr Einsparpotenzial.<\/li>\n<li>Staubdichte Arbeitsebene mit dem Fl\u00e4chenger\u00fcst.<\/li>\n<\/ul>\n<h2>baumaschinen<\/h2>\n<ul>\n<li>Baumaschinen: Maschinen, Ger\u00e4te und Fahrzeuge auf der Baustelle.<\/li>\n<li>Baufahrzeuge: Abgasvorschriften bestimmen den Offroader-Markt.<\/li>\n<li>Kleinmaschinen und Bauger\u00e4te: angepasste Leistungssteigerung.<\/li>\n<li>Lastwagen und Transporter: f\u00fcr den kostenoptimierten Betrieb.<\/li>\n<li>Krane: neue Bestmarken und Konzepte.<\/li>\n<\/ul>\n<h2>baumaschineneinsatz<\/h2>\n<p>Interview: Miete statt Kauf ist der Trend.<\/p>\n<p>Ein Bagger erobert den Berg.<\/p>\n<h2>motorenforschung<\/h2>\n<p>Diesel-Abgasreinigung f\u00fcr die n\u00e4chste Generation.<\/p>\n<h2>entsorgung<\/h2>\n<p>\u00dcber den Umgang mit Sonderabf\u00e4llen.<\/p>\n<h2>jubil\u00e4umsfest<\/h2>\n<p>Ein gelungenes Fest im Weiacher Kieswerk.<\/p>\n<h2>holzbau<\/h2>\n<ul>\n<li>Die Reparatur von Holztragbalken.<\/li>\n<li>Attraktive Arbeitspl\u00e4tze mit schweren Maschinen.<\/li>\n<li>\u00dcbergabe: Die gr\u00f6sste Holzkuppel Europas ist nun in Betrieb.<\/li>\n<\/ul>\n<h2>Management<\/h2>\n<h2>verbandsinformation fab<\/h2>\n<p>Interview mit dem Pr\u00e4sidenten der Fachgruppe Architektur und Bau.<\/p>\n<h2>zementpromotion<\/h2>\n<p>Neue Kampagne des Verbands der Schweizerischen Zementindustrie.<\/p>\n<h2>markenf\u00fchrung<\/h2>\n<p>Geschichten pr\u00e4gen sich ein.<\/p>\n<h2>kolumne<\/h2>\n<p>Erlebnisse am Bildschirm und wie sich echter Ertrag definiert.<\/p>\n<h2>agenda<\/h2>\n<p>H\u00f6ren und Verstehen aus erster Hand.<\/p>\n<h2>bau-karriere<\/h2>\n<p>Stellenmarkt: Spannende Eins\u00e4tze f\u00fcr ausgewiesene Fachleute.<\/p>\n<p>Wie man das Unternehmen f\u00fcr Bewerber attraktiver macht.<\/p>\n<h2>sieben-fragen-interview<\/h2>\n<p>Bauadministration, Gesch\u00e4ftsl\u00f6sungen und IT-Unterst\u00fctzung.<\/p>\n<h2>Service<\/h2>\n<h2>verbandsnachrichten<\/h2>\n<p>Schulungen und Pr\u00e4sentationen f\u00fcr Baufachleute.<\/p>\n<h2>recht &amp; rekord<\/h2>\n<p>Die Rangordnung der Baunormen und die neue Rekordgr\u00f6sse der Tiefgaragen.<\/p>\n<h2>bau &amp; kunst<\/h2>\n<p>Intarsienkunst bereichert den Eulachpark in Winterthur.<\/p>\n<h2>bauobjekte<\/h2>\n<p>Wo eine Offerte auf Interesse st\u00f6sst.<\/p>\n<h2>bezugsquellen<\/h2>\n<p>Wer die gew\u00fcnschte Leistung bringt.<\/p>\n<h2>b\u00fccher<\/h2>\n<p>Neuerscheinungen f\u00fcr den Fachspezialisten.<\/p>\n<h2>blickpunkt<\/h2>\n<p>Nach dem Bauen kommt das Dixieland.<\/p>\n","protected":false},"excerpt":{"rendered":"<p>Erhalte die deutschsprachige Fachzeitschrift \u00abdie baustellen\u00bb in der Ausgabe 6\/2012 als PDF-Download mit nachfolgendem Inhaltsverzeichnis:<\/p>\n","protected":false},"featured_media":13838,"template":"","meta":{"_acf_changed":false,"pgc_sgb_lightbox_settings":""},"product_brand":[],"product_cat":[1732,1727],"product_tag":[1715],"class_list":{"0":"post-13836","1":"product","2":"type-product","3":"status-publish","4":"has-post-thumbnail","6":"product_cat-die-baustellen","7":"product_cat-einzelausgaben","8":"product_tag-1715","10":"first","11":"instock","12":"downloadable","13":"virtual","14":"taxable","15":"purchasable","16":"product-type-simple"},"acf":[],"yoast_head":"<!-- This site is optimized with the Yoast SEO plugin v27.4 - https:\/\/yoast.com\/product\/yoast-seo-wordpress\/ -->\n<title>die baustellen 6\/2012 - fachbau.ch<\/title>\n<meta name=\"description\" content=\"Erhalte die deutschsprachige Fachzeitschrift \u00abdie baustellen\u00bb in der Ausgabe 6\/2012 als PDF-Download mit nachfolgendem Inhaltsverzeichnis:\" \/>\n<meta name=\"robots\" content=\"index, follow, max-snippet:-1, max-image-preview:large, max-video-preview:-1\" \/>\n<link rel=\"canonical\" href=\"http:\/\/www.fachbau.ch\/de\/de_de\/product\/die-baustellen-6-2012\/\" \/>\n<meta property=\"og:locale\" content=\"de_DE\" \/>\n<meta property=\"og:type\" content=\"article\" \/>\n<meta property=\"og:title\" content=\"die baustellen 6\/2012 - fachbau.ch\" \/>\n<meta property=\"og:description\" content=\"Erhalte die deutschsprachige Fachzeitschrift \u00abdie baustellen\u00bb in der Ausgabe 6\/2012 als PDF-Download mit nachfolgendem Inhaltsverzeichnis:\" \/>\n<meta property=\"og:url\" content=\"http:\/\/www.fachbau.ch\/de\/de_de\/product\/die-baustellen-6-2012\/\" \/>\n<meta property=\"og:site_name\" content=\"fachbau.ch\" \/>\n<meta property=\"og:image\" content=\"https:\/\/www.fachbau.ch\/wp-content\/uploads\/2022\/01\/die_baustellen_2012_6.png\" \/>\n\t<meta property=\"og:image:width\" content=\"654\" \/>\n\t<meta property=\"og:image:height\" content=\"370\" \/>\n\t<meta property=\"og:image:type\" content=\"image\/png\" \/>\n<meta name=\"twitter:card\" content=\"summary_large_image\" \/>\n<meta name=\"twitter:label1\" content=\"Gesch\u00e4tzte Lesezeit\" \/>\n\t<meta name=\"twitter:data1\" content=\"2\u00a0Minuten\" \/>\n<script type=\"application\/ld+json\" class=\"yoast-schema-graph\">{\"@context\":\"https:\\\/\\\/schema.org\",\"@graph\":[{\"@type\":\"WebPage\",\"@id\":\"http:\\\/\\\/www.fachbau.ch\\\/de_de\\\/product\\\/die-baustellen-6-2012\\\/\",\"url\":\"http:\\\/\\\/www.fachbau.ch\\\/de_de\\\/product\\\/die-baustellen-6-2012\\\/\",\"name\":\"die baustellen 6\\\/2012 - fachbau.ch\",\"isPartOf\":{\"@id\":\"https:\\\/\\\/www.fachbau.ch\\\/#website\"},\"primaryImageOfPage\":{\"@id\":\"http:\\\/\\\/www.fachbau.ch\\\/de_de\\\/product\\\/die-baustellen-6-2012\\\/#primaryimage\"},\"image\":{\"@id\":\"http:\\\/\\\/www.fachbau.ch\\\/de_de\\\/product\\\/die-baustellen-6-2012\\\/#primaryimage\"},\"thumbnailUrl\":\"https:\\\/\\\/www.fachbau.ch\\\/wp-content\\\/uploads\\\/2022\\\/01\\\/die_baustellen_2012_6.png\",\"datePublished\":\"2022-01-27T13:29:25+00:00\",\"description\":\"Erhalte die deutschsprachige Fachzeitschrift \u00abdie baustellen\u00bb in der Ausgabe 6\\\/2012 als PDF-Download mit nachfolgendem Inhaltsverzeichnis:\",\"breadcrumb\":{\"@id\":\"http:\\\/\\\/www.fachbau.ch\\\/de_de\\\/product\\\/die-baustellen-6-2012\\\/#breadcrumb\"},\"inLanguage\":\"de\",\"potentialAction\":[{\"@type\":\"ReadAction\",\"target\":[\"http:\\\/\\\/www.fachbau.ch\\\/de_de\\\/product\\\/die-baustellen-6-2012\\\/\"]}]},{\"@type\":\"ImageObject\",\"inLanguage\":\"de\",\"@id\":\"http:\\\/\\\/www.fachbau.ch\\\/de_de\\\/product\\\/die-baustellen-6-2012\\\/#primaryimage\",\"url\":\"https:\\\/\\\/www.fachbau.ch\\\/wp-content\\\/uploads\\\/2022\\\/01\\\/die_baustellen_2012_6.png\",\"contentUrl\":\"https:\\\/\\\/www.fachbau.ch\\\/wp-content\\\/uploads\\\/2022\\\/01\\\/die_baustellen_2012_6.png\",\"width\":654,\"height\":370},{\"@type\":\"BreadcrumbList\",\"@id\":\"http:\\\/\\\/www.fachbau.ch\\\/de_de\\\/product\\\/die-baustellen-6-2012\\\/#breadcrumb\",\"itemListElement\":[{\"@type\":\"ListItem\",\"position\":1,\"name\":\"Startseite\",\"item\":\"https:\\\/\\\/www.fachbau.ch\\\/\"},{\"@type\":\"ListItem\",\"position\":2,\"name\":\"Shop\",\"item\":\"https:\\\/\\\/www.fachbau.ch\\\/shop\\\/\"},{\"@type\":\"ListItem\",\"position\":3,\"name\":\"die baustellen 6\\\/2012\"}]},{\"@type\":\"WebSite\",\"@id\":\"https:\\\/\\\/www.fachbau.ch\\\/#website\",\"url\":\"https:\\\/\\\/www.fachbau.ch\\\/\",\"name\":\"fachbau.ch\",\"description\":\"Modernes, nachhaltiges Bauen.\",\"publisher\":{\"@id\":\"https:\\\/\\\/www.fachbau.ch\\\/#organization\"},\"potentialAction\":[{\"@type\":\"SearchAction\",\"target\":{\"@type\":\"EntryPoint\",\"urlTemplate\":\"https:\\\/\\\/www.fachbau.ch\\\/?s={search_term_string}\"},\"query-input\":{\"@type\":\"PropertyValueSpecification\",\"valueRequired\":true,\"valueName\":\"search_term_string\"}}],\"inLanguage\":\"de\"},{\"@type\":\"Organization\",\"@id\":\"https:\\\/\\\/www.fachbau.ch\\\/#organization\",\"name\":\"fachbau.ch\",\"url\":\"https:\\\/\\\/www.fachbau.ch\\\/\",\"logo\":{\"@type\":\"ImageObject\",\"inLanguage\":\"de\",\"@id\":\"https:\\\/\\\/www.fachbau.ch\\\/#\\\/schema\\\/logo\\\/image\\\/\",\"url\":\"https:\\\/\\\/www.fachbau.ch\\\/wp-content\\\/uploads\\\/2021\\\/12\\\/Logo_fachbau_ch.png\",\"contentUrl\":\"https:\\\/\\\/www.fachbau.ch\\\/wp-content\\\/uploads\\\/2021\\\/12\\\/Logo_fachbau_ch.png\",\"width\":283,\"height\":42,\"caption\":\"fachbau.ch\"},\"image\":{\"@id\":\"https:\\\/\\\/www.fachbau.ch\\\/#\\\/schema\\\/logo\\\/image\\\/\"}}]}<\/script>\n<!-- \/ Yoast SEO plugin. -->","yoast_head_json":{"title":"die baustellen 6\/2012 - fachbau.ch","description":"Erhalte die deutschsprachige Fachzeitschrift \u00abdie baustellen\u00bb in der Ausgabe 6\/2012 als PDF-Download mit nachfolgendem Inhaltsverzeichnis:","robots":{"index":"index","follow":"follow","max-snippet":"max-snippet:-1","max-image-preview":"max-image-preview:large","max-video-preview":"max-video-preview:-1"},"canonical":"http:\/\/www.fachbau.ch\/de\/de_de\/product\/die-baustellen-6-2012\/","og_locale":"de_DE","og_type":"article","og_title":"die baustellen 6\/2012 - fachbau.ch","og_description":"Erhalte die deutschsprachige Fachzeitschrift \u00abdie baustellen\u00bb in der Ausgabe 6\/2012 als PDF-Download mit nachfolgendem Inhaltsverzeichnis:","og_url":"http:\/\/www.fachbau.ch\/de\/de_de\/product\/die-baustellen-6-2012\/","og_site_name":"fachbau.ch","og_image":[{"width":654,"height":370,"url":"https:\/\/www.fachbau.ch\/wp-content\/uploads\/2022\/01\/die_baustellen_2012_6.png","type":"image\/png"}],"twitter_card":"summary_large_image","twitter_misc":{"Gesch\u00e4tzte Lesezeit":"2\u00a0Minuten"},"schema":{"@context":"https:\/\/schema.org","@graph":[{"@type":"WebPage","@id":"http:\/\/www.fachbau.ch\/de_de\/product\/die-baustellen-6-2012\/","url":"http:\/\/www.fachbau.ch\/de_de\/product\/die-baustellen-6-2012\/","name":"die baustellen 6\/2012 - fachbau.ch","isPartOf":{"@id":"https:\/\/www.fachbau.ch\/#website"},"primaryImageOfPage":{"@id":"http:\/\/www.fachbau.ch\/de_de\/product\/die-baustellen-6-2012\/#primaryimage"},"image":{"@id":"http:\/\/www.fachbau.ch\/de_de\/product\/die-baustellen-6-2012\/#primaryimage"},"thumbnailUrl":"https:\/\/www.fachbau.ch\/wp-content\/uploads\/2022\/01\/die_baustellen_2012_6.png","datePublished":"2022-01-27T13:29:25+00:00","description":"Erhalte die deutschsprachige Fachzeitschrift \u00abdie baustellen\u00bb in der Ausgabe 6\/2012 als PDF-Download mit nachfolgendem Inhaltsverzeichnis:","breadcrumb":{"@id":"http:\/\/www.fachbau.ch\/de_de\/product\/die-baustellen-6-2012\/#breadcrumb"},"inLanguage":"de","potentialAction":[{"@type":"ReadAction","target":["http:\/\/www.fachbau.ch\/de_de\/product\/die-baustellen-6-2012\/"]}]},{"@type":"ImageObject","inLanguage":"de","@id":"http:\/\/www.fachbau.ch\/de_de\/product\/die-baustellen-6-2012\/#primaryimage","url":"https:\/\/www.fachbau.ch\/wp-content\/uploads\/2022\/01\/die_baustellen_2012_6.png","contentUrl":"https:\/\/www.fachbau.ch\/wp-content\/uploads\/2022\/01\/die_baustellen_2012_6.png","width":654,"height":370},{"@type":"BreadcrumbList","@id":"http:\/\/www.fachbau.ch\/de_de\/product\/die-baustellen-6-2012\/#breadcrumb","itemListElement":[{"@type":"ListItem","position":1,"name":"Startseite","item":"https:\/\/www.fachbau.ch\/"},{"@type":"ListItem","position":2,"name":"Shop","item":"https:\/\/www.fachbau.ch\/shop\/"},{"@type":"ListItem","position":3,"name":"die baustellen 6\/2012"}]},{"@type":"WebSite","@id":"https:\/\/www.fachbau.ch\/#website","url":"https:\/\/www.fachbau.ch\/","name":"fachbau.ch","description":"Modernes, nachhaltiges Bauen.","publisher":{"@id":"https:\/\/www.fachbau.ch\/#organization"},"potentialAction":[{"@type":"SearchAction","target":{"@type":"EntryPoint","urlTemplate":"https:\/\/www.fachbau.ch\/?s={search_term_string}"},"query-input":{"@type":"PropertyValueSpecification","valueRequired":true,"valueName":"search_term_string"}}],"inLanguage":"de"},{"@type":"Organization","@id":"https:\/\/www.fachbau.ch\/#organization","name":"fachbau.ch","url":"https:\/\/www.fachbau.ch\/","logo":{"@type":"ImageObject","inLanguage":"de","@id":"https:\/\/www.fachbau.ch\/#\/schema\/logo\/image\/","url":"https:\/\/www.fachbau.ch\/wp-content\/uploads\/2021\/12\/Logo_fachbau_ch.png","contentUrl":"https:\/\/www.fachbau.ch\/wp-content\/uploads\/2021\/12\/Logo_fachbau_ch.png","width":283,"height":42,"caption":"fachbau.ch"},"image":{"@id":"https:\/\/www.fachbau.ch\/#\/schema\/logo\/image\/"}}]}},"_links":{"self":[{"href":"https:\/\/www.fachbau.ch\/de\/wp-json\/wp\/v2\/product\/13836","targetHints":{"allow":["GET"]}}],"collection":[{"href":"https:\/\/www.fachbau.ch\/de\/wp-json\/wp\/v2\/product"}],"about":[{"href":"https:\/\/www.fachbau.ch\/de\/wp-json\/wp\/v2\/types\/product"}],"wp:featuredmedia":[{"embeddable":true,"href":"https:\/\/www.fachbau.ch\/de\/wp-json\/wp\/v2\/media\/13838"}],"wp:attachment":[{"href":"https:\/\/www.fachbau.ch\/de\/wp-json\/wp\/v2\/media?parent=13836"}],"wp:term":[{"taxonomy":"product_brand","embeddable":true,"href":"https:\/\/www.fachbau.ch\/de\/wp-json\/wp\/v2\/product_brand?post=13836"},{"taxonomy":"product_cat","embeddable":true,"href":"https:\/\/www.fachbau.ch\/de\/wp-json\/wp\/v2\/product_cat?post=13836"},{"taxonomy":"product_tag","embeddable":true,"href":"https:\/\/www.fachbau.ch\/de\/wp-json\/wp\/v2\/product_tag?post=13836"}],"curies":[{"name":"wp","href":"https:\/\/api.w.org\/{rel}","templated":true}]}}