{"id":13832,"date":"2022-01-27T14:19:53","date_gmt":"2022-01-27T13:19:53","guid":{"rendered":"https:\/\/www.fachbau.ch\/?post_type=product&#038;p=13832"},"modified":"2022-01-27T14:19:53","modified_gmt":"2022-01-27T13:19:53","slug":"die-baustellen-7-8-2012","status":"publish","type":"product","link":"https:\/\/www.fachbau.ch\/de\/product\/die-baustellen-7-8-2012\/","title":{"rendered":"die baustellen 7-8\/2012"},"content":{"rendered":"<h2>Branche<\/h2>\n<h2>kurz &amp; knapp<\/h2>\n<p>Wer sich engagiert und wer engagiert wird.<\/p>\n<h2>fokus<\/h2>\n<p>Parteipr\u00e4sident mit Generalbauerfahrung.<\/p>\n<h2>konjunktur<\/h2>\n<p>Trend zu Investments in gebauter Form.<\/p>\n<h2>verbandsinformation gsgi<\/h2>\n<p>Pl\u00e4doyer f\u00fcr die Holzenergie.<\/p>\n<h2>projekte<\/h2>\n<p>Erstaunlich, es gibt weiterhin Stadtr\u00e4ume f\u00fcr monumentale Grossbauten.<\/p>\n<h2>bauen im ausland<\/h2>\n<p>Schwedischer Industriehafen wird ein moderner Stadtteil.<\/p>\n<h2>erfinder der bauwelt<\/h2>\n<p>Tierpr\u00e4parator verleiht der Bautechnologie neue Impulse.<\/p>\n<h2>jubil\u00e4um<\/h2>\n<p>Sonderteil zu 40 Jahren AZ SVB und Campus Sursee.<\/p>\n<h2>Technik<\/h2>\n<h2>schalungsreportage<\/h2>\n<p>Praxisberichte f\u00fcr die Schalung: Technik, Systeme und Anwendungen.<\/p>\n<h2>ger\u00fcstbau<\/h2>\n<ul>\n<li>Interview: Der Ger\u00fcstbauer als Sicherheitsexperte der Baustelle.<\/li>\n<li>Kassettendach als Schutz f\u00fcr die Wasserturmsanierung.<\/li>\n<li>Aus der Baupraxis entwickelt \u2013 heute ausgereift.<\/li>\n<\/ul>\n<h2>nachhaltige baustoffe<\/h2>\n<ul>\n<li>Zementwerke tragen massgeblich zur CO2-Reduktion in der Schweiz bei.<\/li>\n<li>Backstein: Der traditionelle Baustoff ist zur Nachhaltigkeit pr\u00e4destiniert.<\/li>\n<li>D\u00e4mmstoffe: EPS und Steinwolle Kopf an Kopf im Rennen.<\/li>\n<li>Die industrielle Entsorgung als Ressourcenlieferant.<\/li>\n<\/ul>\n<h2>naturstein<\/h2>\n<ul>\n<li>Trends zur unverwechselbaren und nat\u00fcrlichen Vielfalt.<\/li>\n<li>Interview: Ethik im Natursteingesch\u00e4ft.<\/li>\n<li>Natursteinpflege: Vorbeugen ist besser als heilen.<\/li>\n<\/ul>\n<h2>umnutzung<\/h2>\n<p>Eine Grossliegenschaft an bester Lage in Z\u00fcrich erh\u00e4lt neue Werte.<\/p>\n<h2>asbestsanierung<\/h2>\n<p>Geb\u00e4ude mit Baujahr vor 1990 sind generell verd\u00e4chtig.<\/p>\n<h2>materialforschung<\/h2>\n<p>Sehen statt nur f\u00fchlen bringt schnellere und exaktere Resultate.<\/p>\n<h2>bautafeln<\/h2>\n<p>Zur Kommunikation der Baustelle mit der Aussenwelt.<\/p>\n<h2>Management<\/h2>\n<h2>verbandsinformation fab<\/h2>\n<p>Herzlich willkommen. Der Verband und seine Fachveranstaltungen.<\/p>\n<h2>planung und strategie<\/h2>\n<p>Das Tiefbauamt f\u00f6rdert die Zusammenarbeit.<\/p>\n<p>Perspektiven und M\u00f6glichkeiten f\u00fcr das Bauen im Ausland.<\/p>\n<h2>kolumne<\/h2>\n<p>\u00dcber die Kommunikation der Wohnungsangebote und der Gruppenleiter.<\/p>\n<h2>agenda<\/h2>\n<p>Wo es Neues zu erleben gibt.<\/p>\n<h2>bau-karriere<\/h2>\n<p>Stellenmarkt: Fachkr\u00e4fte sind auf dem Bau gesucht.<\/p>\n<p>Ein idealer Ort f\u00fcr die Sprengausbildung.<\/p>\n<h2>sieben-fragen-interview<\/h2>\n<p>Ein Schweizer Baumaschinen-Ausr\u00fcster und seine Dienstleistungen.<\/p>\n<h2>Service<\/h2>\n<h2>verbandsnachrichten<\/h2>\n<p>Wegbereiter f\u00fcr die Branche.<\/p>\n<h2>recht &amp; rekord<\/h2>\n<p>Die Haftung aus dem Planervertrag.<\/p>\n<p>Die h\u00f6chstgelegene H\u00e4ngeseilbr\u00fccke Europas.<\/p>\n<h2>bau &amp; kunst<\/h2>\n<p>\u00dcbergrosse Collagenbilder zeigen Luxus und Verg\u00e4nglichkeit.<\/p>\n<h2>grossobjekte<\/h2>\n<p>Wo sich eine Offerte lohnen kann.<\/p>\n<h2>bezugsquellen<\/h2>\n<p>Die Fachpartner f\u00fcr das Bauvorhaben.<\/p>\n<h2>b\u00fccher<\/h2>\n<p>Gebundenes Fachwissen zum Nachschlagen.<\/p>\n<h2>blickpunkt<\/h2>\n<p>Vom K\u00e4ser zum Draussenjob als Pr\u00fcfstellenleiter.<\/p>\n","protected":false},"excerpt":{"rendered":"<p>Erhalte die deutschsprachige Fachzeitschrift \u00abdie baustellen\u00bb in der Ausgabe 7-8\/2012 als PDF-Download mit nachfolgendem Inhaltsverzeichnis:<\/p>\n","protected":false},"featured_media":13834,"template":"","meta":{"_acf_changed":false,"pgc_sgb_lightbox_settings":""},"product_brand":[],"product_cat":[1732,1727],"product_tag":[1715],"class_list":{"0":"post-13832","1":"product","2":"type-product","3":"status-publish","4":"has-post-thumbnail","6":"product_cat-die-baustellen","7":"product_cat-einzelausgaben","8":"product_tag-1715","10":"first","11":"instock","12":"downloadable","13":"virtual","14":"taxable","15":"purchasable","16":"product-type-simple"},"acf":[],"yoast_head":"<!-- This site is optimized with the Yoast SEO plugin v27.4 - https:\/\/yoast.com\/product\/yoast-seo-wordpress\/ -->\n<title>die baustellen 7-8\/2012 - fachbau.ch<\/title>\n<meta name=\"description\" content=\"Erhalte die deutschsprachige Fachzeitschrift \u00abdie baustellen\u00bb in der Ausgabe 7-8\/2012 als PDF-Download mit nachfolgendem Inhaltsverzeichnis:\" \/>\n<meta name=\"robots\" content=\"index, follow, max-snippet:-1, max-image-preview:large, max-video-preview:-1\" \/>\n<link rel=\"canonical\" href=\"http:\/\/www.fachbau.ch\/de\/de_de\/product\/die-baustellen-7-8-2012\/\" \/>\n<meta property=\"og:locale\" content=\"de_DE\" \/>\n<meta property=\"og:type\" content=\"article\" \/>\n<meta property=\"og:title\" content=\"die baustellen 7-8\/2012 - fachbau.ch\" \/>\n<meta property=\"og:description\" content=\"Erhalte die deutschsprachige Fachzeitschrift \u00abdie baustellen\u00bb in der Ausgabe 7-8\/2012 als PDF-Download mit nachfolgendem Inhaltsverzeichnis:\" \/>\n<meta property=\"og:url\" content=\"http:\/\/www.fachbau.ch\/de\/de_de\/product\/die-baustellen-7-8-2012\/\" \/>\n<meta property=\"og:site_name\" content=\"fachbau.ch\" \/>\n<meta property=\"og:image\" content=\"https:\/\/www.fachbau.ch\/wp-content\/uploads\/2022\/01\/die_baustellen_2012_7-8.png\" \/>\n\t<meta property=\"og:image:width\" content=\"654\" \/>\n\t<meta property=\"og:image:height\" content=\"370\" \/>\n\t<meta property=\"og:image:type\" content=\"image\/png\" \/>\n<meta name=\"twitter:card\" content=\"summary_large_image\" \/>\n<meta name=\"twitter:label1\" content=\"Gesch\u00e4tzte Lesezeit\" \/>\n\t<meta name=\"twitter:data1\" content=\"2\u00a0Minuten\" \/>\n<script type=\"application\/ld+json\" class=\"yoast-schema-graph\">{\"@context\":\"https:\\\/\\\/schema.org\",\"@graph\":[{\"@type\":\"WebPage\",\"@id\":\"http:\\\/\\\/www.fachbau.ch\\\/de_de\\\/product\\\/die-baustellen-7-8-2012\\\/\",\"url\":\"http:\\\/\\\/www.fachbau.ch\\\/de_de\\\/product\\\/die-baustellen-7-8-2012\\\/\",\"name\":\"die baustellen 7-8\\\/2012 - fachbau.ch\",\"isPartOf\":{\"@id\":\"https:\\\/\\\/www.fachbau.ch\\\/#website\"},\"primaryImageOfPage\":{\"@id\":\"http:\\\/\\\/www.fachbau.ch\\\/de_de\\\/product\\\/die-baustellen-7-8-2012\\\/#primaryimage\"},\"image\":{\"@id\":\"http:\\\/\\\/www.fachbau.ch\\\/de_de\\\/product\\\/die-baustellen-7-8-2012\\\/#primaryimage\"},\"thumbnailUrl\":\"https:\\\/\\\/www.fachbau.ch\\\/wp-content\\\/uploads\\\/2022\\\/01\\\/die_baustellen_2012_7-8.png\",\"datePublished\":\"2022-01-27T13:19:53+00:00\",\"description\":\"Erhalte die deutschsprachige Fachzeitschrift \u00abdie baustellen\u00bb in der Ausgabe 7-8\\\/2012 als PDF-Download mit nachfolgendem Inhaltsverzeichnis:\",\"breadcrumb\":{\"@id\":\"http:\\\/\\\/www.fachbau.ch\\\/de_de\\\/product\\\/die-baustellen-7-8-2012\\\/#breadcrumb\"},\"inLanguage\":\"de\",\"potentialAction\":[{\"@type\":\"ReadAction\",\"target\":[\"http:\\\/\\\/www.fachbau.ch\\\/de_de\\\/product\\\/die-baustellen-7-8-2012\\\/\"]}]},{\"@type\":\"ImageObject\",\"inLanguage\":\"de\",\"@id\":\"http:\\\/\\\/www.fachbau.ch\\\/de_de\\\/product\\\/die-baustellen-7-8-2012\\\/#primaryimage\",\"url\":\"https:\\\/\\\/www.fachbau.ch\\\/wp-content\\\/uploads\\\/2022\\\/01\\\/die_baustellen_2012_7-8.png\",\"contentUrl\":\"https:\\\/\\\/www.fachbau.ch\\\/wp-content\\\/uploads\\\/2022\\\/01\\\/die_baustellen_2012_7-8.png\",\"width\":654,\"height\":370},{\"@type\":\"BreadcrumbList\",\"@id\":\"http:\\\/\\\/www.fachbau.ch\\\/de_de\\\/product\\\/die-baustellen-7-8-2012\\\/#breadcrumb\",\"itemListElement\":[{\"@type\":\"ListItem\",\"position\":1,\"name\":\"Startseite\",\"item\":\"https:\\\/\\\/www.fachbau.ch\\\/\"},{\"@type\":\"ListItem\",\"position\":2,\"name\":\"Shop\",\"item\":\"https:\\\/\\\/www.fachbau.ch\\\/shop\\\/\"},{\"@type\":\"ListItem\",\"position\":3,\"name\":\"die baustellen 7-8\\\/2012\"}]},{\"@type\":\"WebSite\",\"@id\":\"https:\\\/\\\/www.fachbau.ch\\\/#website\",\"url\":\"https:\\\/\\\/www.fachbau.ch\\\/\",\"name\":\"fachbau.ch\",\"description\":\"Modernes, nachhaltiges Bauen.\",\"publisher\":{\"@id\":\"https:\\\/\\\/www.fachbau.ch\\\/#organization\"},\"potentialAction\":[{\"@type\":\"SearchAction\",\"target\":{\"@type\":\"EntryPoint\",\"urlTemplate\":\"https:\\\/\\\/www.fachbau.ch\\\/?s={search_term_string}\"},\"query-input\":{\"@type\":\"PropertyValueSpecification\",\"valueRequired\":true,\"valueName\":\"search_term_string\"}}],\"inLanguage\":\"de\"},{\"@type\":\"Organization\",\"@id\":\"https:\\\/\\\/www.fachbau.ch\\\/#organization\",\"name\":\"fachbau.ch\",\"url\":\"https:\\\/\\\/www.fachbau.ch\\\/\",\"logo\":{\"@type\":\"ImageObject\",\"inLanguage\":\"de\",\"@id\":\"https:\\\/\\\/www.fachbau.ch\\\/#\\\/schema\\\/logo\\\/image\\\/\",\"url\":\"https:\\\/\\\/www.fachbau.ch\\\/wp-content\\\/uploads\\\/2021\\\/12\\\/Logo_fachbau_ch.png\",\"contentUrl\":\"https:\\\/\\\/www.fachbau.ch\\\/wp-content\\\/uploads\\\/2021\\\/12\\\/Logo_fachbau_ch.png\",\"width\":283,\"height\":42,\"caption\":\"fachbau.ch\"},\"image\":{\"@id\":\"https:\\\/\\\/www.fachbau.ch\\\/#\\\/schema\\\/logo\\\/image\\\/\"}}]}<\/script>\n<!-- \/ Yoast SEO plugin. -->","yoast_head_json":{"title":"die baustellen 7-8\/2012 - fachbau.ch","description":"Erhalte die deutschsprachige Fachzeitschrift \u00abdie baustellen\u00bb in der Ausgabe 7-8\/2012 als PDF-Download mit nachfolgendem Inhaltsverzeichnis:","robots":{"index":"index","follow":"follow","max-snippet":"max-snippet:-1","max-image-preview":"max-image-preview:large","max-video-preview":"max-video-preview:-1"},"canonical":"http:\/\/www.fachbau.ch\/de\/de_de\/product\/die-baustellen-7-8-2012\/","og_locale":"de_DE","og_type":"article","og_title":"die baustellen 7-8\/2012 - fachbau.ch","og_description":"Erhalte die deutschsprachige Fachzeitschrift \u00abdie baustellen\u00bb in der Ausgabe 7-8\/2012 als PDF-Download mit nachfolgendem Inhaltsverzeichnis:","og_url":"http:\/\/www.fachbau.ch\/de\/de_de\/product\/die-baustellen-7-8-2012\/","og_site_name":"fachbau.ch","og_image":[{"width":654,"height":370,"url":"https:\/\/www.fachbau.ch\/wp-content\/uploads\/2022\/01\/die_baustellen_2012_7-8.png","type":"image\/png"}],"twitter_card":"summary_large_image","twitter_misc":{"Gesch\u00e4tzte Lesezeit":"2\u00a0Minuten"},"schema":{"@context":"https:\/\/schema.org","@graph":[{"@type":"WebPage","@id":"http:\/\/www.fachbau.ch\/de_de\/product\/die-baustellen-7-8-2012\/","url":"http:\/\/www.fachbau.ch\/de_de\/product\/die-baustellen-7-8-2012\/","name":"die baustellen 7-8\/2012 - fachbau.ch","isPartOf":{"@id":"https:\/\/www.fachbau.ch\/#website"},"primaryImageOfPage":{"@id":"http:\/\/www.fachbau.ch\/de_de\/product\/die-baustellen-7-8-2012\/#primaryimage"},"image":{"@id":"http:\/\/www.fachbau.ch\/de_de\/product\/die-baustellen-7-8-2012\/#primaryimage"},"thumbnailUrl":"https:\/\/www.fachbau.ch\/wp-content\/uploads\/2022\/01\/die_baustellen_2012_7-8.png","datePublished":"2022-01-27T13:19:53+00:00","description":"Erhalte die deutschsprachige Fachzeitschrift \u00abdie baustellen\u00bb in der Ausgabe 7-8\/2012 als PDF-Download mit nachfolgendem Inhaltsverzeichnis:","breadcrumb":{"@id":"http:\/\/www.fachbau.ch\/de_de\/product\/die-baustellen-7-8-2012\/#breadcrumb"},"inLanguage":"de","potentialAction":[{"@type":"ReadAction","target":["http:\/\/www.fachbau.ch\/de_de\/product\/die-baustellen-7-8-2012\/"]}]},{"@type":"ImageObject","inLanguage":"de","@id":"http:\/\/www.fachbau.ch\/de_de\/product\/die-baustellen-7-8-2012\/#primaryimage","url":"https:\/\/www.fachbau.ch\/wp-content\/uploads\/2022\/01\/die_baustellen_2012_7-8.png","contentUrl":"https:\/\/www.fachbau.ch\/wp-content\/uploads\/2022\/01\/die_baustellen_2012_7-8.png","width":654,"height":370},{"@type":"BreadcrumbList","@id":"http:\/\/www.fachbau.ch\/de_de\/product\/die-baustellen-7-8-2012\/#breadcrumb","itemListElement":[{"@type":"ListItem","position":1,"name":"Startseite","item":"https:\/\/www.fachbau.ch\/"},{"@type":"ListItem","position":2,"name":"Shop","item":"https:\/\/www.fachbau.ch\/shop\/"},{"@type":"ListItem","position":3,"name":"die baustellen 7-8\/2012"}]},{"@type":"WebSite","@id":"https:\/\/www.fachbau.ch\/#website","url":"https:\/\/www.fachbau.ch\/","name":"fachbau.ch","description":"Modernes, nachhaltiges Bauen.","publisher":{"@id":"https:\/\/www.fachbau.ch\/#organization"},"potentialAction":[{"@type":"SearchAction","target":{"@type":"EntryPoint","urlTemplate":"https:\/\/www.fachbau.ch\/?s={search_term_string}"},"query-input":{"@type":"PropertyValueSpecification","valueRequired":true,"valueName":"search_term_string"}}],"inLanguage":"de"},{"@type":"Organization","@id":"https:\/\/www.fachbau.ch\/#organization","name":"fachbau.ch","url":"https:\/\/www.fachbau.ch\/","logo":{"@type":"ImageObject","inLanguage":"de","@id":"https:\/\/www.fachbau.ch\/#\/schema\/logo\/image\/","url":"https:\/\/www.fachbau.ch\/wp-content\/uploads\/2021\/12\/Logo_fachbau_ch.png","contentUrl":"https:\/\/www.fachbau.ch\/wp-content\/uploads\/2021\/12\/Logo_fachbau_ch.png","width":283,"height":42,"caption":"fachbau.ch"},"image":{"@id":"https:\/\/www.fachbau.ch\/#\/schema\/logo\/image\/"}}]}},"_links":{"self":[{"href":"https:\/\/www.fachbau.ch\/de\/wp-json\/wp\/v2\/product\/13832","targetHints":{"allow":["GET"]}}],"collection":[{"href":"https:\/\/www.fachbau.ch\/de\/wp-json\/wp\/v2\/product"}],"about":[{"href":"https:\/\/www.fachbau.ch\/de\/wp-json\/wp\/v2\/types\/product"}],"wp:featuredmedia":[{"embeddable":true,"href":"https:\/\/www.fachbau.ch\/de\/wp-json\/wp\/v2\/media\/13834"}],"wp:attachment":[{"href":"https:\/\/www.fachbau.ch\/de\/wp-json\/wp\/v2\/media?parent=13832"}],"wp:term":[{"taxonomy":"product_brand","embeddable":true,"href":"https:\/\/www.fachbau.ch\/de\/wp-json\/wp\/v2\/product_brand?post=13832"},{"taxonomy":"product_cat","embeddable":true,"href":"https:\/\/www.fachbau.ch\/de\/wp-json\/wp\/v2\/product_cat?post=13832"},{"taxonomy":"product_tag","embeddable":true,"href":"https:\/\/www.fachbau.ch\/de\/wp-json\/wp\/v2\/product_tag?post=13832"}],"curies":[{"name":"wp","href":"https:\/\/api.w.org\/{rel}","templated":true}]}}