{"id":13822,"date":"2022-01-27T13:51:13","date_gmt":"2022-01-27T12:51:13","guid":{"rendered":"https:\/\/www.fachbau.ch\/?post_type=product&#038;p=13822"},"modified":"2022-01-27T13:51:13","modified_gmt":"2022-01-27T12:51:13","slug":"die-baustellen-11-2012","status":"publish","type":"product","link":"https:\/\/www.fachbau.ch\/de\/product\/die-baustellen-11-2012\/","title":{"rendered":"die baustellen 11\/2012"},"content":{"rendered":"<h2>Branche<\/h2>\n<h2>kurz &amp; knapp<\/h2>\n<p>Die Baubranche expandiert und konsolidiert.<\/p>\n<h2>fokus<\/h2>\n<p>Nachhaltig bauen heisst den zuk\u00fcnftigen Wert erhalten.<\/p>\n<h2>bauspektrum<\/h2>\n<p>Konstanz mit Spannung am j\u00e4hrlichen Meeting.<\/p>\n<h2>verbandsinformation vsgu<\/h2>\n<p>Klarer Zeitplan f\u00fcr den Basler Messeneubau.<\/p>\n<h2>projekte<\/h2>\n<p>Alles wird gr\u00fcn: D\u00e4cher, Fassaden und Fl\u00e4chen.<\/p>\n<h2>bauen im ausland<\/h2>\n<p>Insell\u00f6sungen zum Abheben sind beliebt.<\/p>\n<h2>erfinder der bauwelt<\/h2>\n<p>Deutscher Bergbaupionier entwickelt das Drahtseil.<\/p>\n<h2>interview<\/h2>\n<p>Die Schweiz hat ein geniales Unfallversicherungsgesetz.<\/p>\n<h2>Technik<\/h2>\n<h2>sportbau<\/h2>\n<ul>\n<li>Der lange Weg zum richtigen Nutzungsmix am Stadion.<\/li>\n<li>Vollst\u00e4ndige Schallabsorption im Turnhallenboden.<\/li>\n<li>Pro und Contras bez\u00fcglich Kunst- oder Naturrasen.<\/li>\n<li>Das \u00dcbungsgel\u00e4nde dient nun den Freestylern.<\/li>\n<\/ul>\n<h2>rohrleitungsbau<\/h2>\n<p>Kunststoffrohre, die idealen Abwasserkan\u00e4le.<\/p>\n<p>GFK-Lining erweist sich als die beste Sanierungsvariante.<\/p>\n<h2>naturgefahren<\/h2>\n<ul>\n<li>Die wichtigsten Szenarien der Schweiz.<\/li>\n<li>Geschickt integrierte Stahlbauverst\u00e4rkung.<\/li>\n<li>Die Natur nutzen, um den Wald zu sch\u00fctzen.<\/li>\n<li>Die Handwerksbetriebe kennen die Kniffe.<\/li>\n<li>Sanfte Hangschutzsicherung bricht die Rekorde.<\/li>\n<\/ul>\n<h2>baumaschinen<\/h2>\n<p>Auf Entdeckungsreise im Land der unbegrenzten Baumaschinen.<\/p>\n<p>Und weitere Erlebnisse auf \u00dcbersee.<\/p>\n<h2>schalungstechnik<\/h2>\n<ul>\n<li>Schalungsroboter macht jede Form.<\/li>\n<li>Effizientes Schalungssystem geht in Richtung Automatisation.<\/li>\n<li>Schalungstechnik an der l\u00e4ngsten Gewichtsstaumauer der Schweiz.<\/li>\n<\/ul>\n<h2>sprengtechnik<\/h2>\n<p>Hochspannungsleitungen blitzartig verbunden.<\/p>\n<h2>baustellenbericht<\/h2>\n<ul>\n<li>Grossbaustelle im laufenden Bahnbetrieb.<\/li>\n<li>Areal\u00fcberbauung f\u00fcr die 2000-Watt-Gesellschaft.<\/li>\n<li>B\u00fcrokomplex schliesst an die Hochhauskette.<\/li>\n<li>Sozialer und \u00f6kologischer Charakterbau im Stadtgef\u00fcge.<\/li>\n<\/ul>\n<h2>Management<\/h2>\n<h2>werksbesichtigung<\/h2>\n<p>Innovative Krantechnik zum 50-J\u00e4hrigen.<\/p>\n<p>Hochleistungen im neuen Werksgeb\u00e4ude.<\/p>\n<h2>tagung<\/h2>\n<p>Trends und Aussichten f\u00fcr den Strassenbau.<\/p>\n<p>Die Pflichtenverteilung im Terminprogramm.<\/p>\n<h2>qr-codes<\/h2>\n<p>Messages entstehen aus Mustern.<\/p>\n<h2>kolumne<\/h2>\n<p>Begriffe wie Benutzerfreundlichkeit und Just-in-time geh\u00f6ren zum Gesch\u00e4ftsleben.<\/p>\n<h2>agenda<\/h2>\n<p>Kalendereintr\u00e4ge f\u00fcr Bauschaffende.<\/p>\n<h2>bau-karriere<\/h2>\n<p>Baubranche bringt neue Herausforderungen.<\/p>\n<p>\u00d6ffentliche Vortragsreihe der Berner Fachhochschule.<\/p>\n<h2>sieben-fragen-interview<\/h2>\n<p>Krane, Hebeb\u00fchnen und Container bringen Bewegung auf den Bauplatz.<\/p>\n<h2>Service<\/h2>\n<h2>verbandsnachrichten<\/h2>\n<p>Sie bringen das Kr\u00e4ftemessen ins Gleichgewicht.<\/p>\n<h2>recht &amp; rekord<\/h2>\n<p>Wenn der Bau nicht rund l\u00e4uft und der Bau nie genug hoch geht.<\/p>\n<h2>bau &amp; kunst<\/h2>\n<p>Haus f\u00fcr Musiker erinnert an Raketenbasis<\/p>\n<h2>blickpunkt<\/h2>\n<p>Der Allrounder und seine Holzskulpturen.<\/p>\n","protected":false},"excerpt":{"rendered":"<p>Erhalte die deutschsprachige Fachzeitschrift \u00abdie baustellen\u00bb in der Ausgabe 11\/2012 als PDF-Download mit nachfolgendem Inhaltsverzeichnis:<\/p>\n","protected":false},"featured_media":13824,"template":"","meta":{"_acf_changed":false,"pgc_sgb_lightbox_settings":""},"product_brand":[],"product_cat":[1732,1727],"product_tag":[1715],"class_list":{"0":"post-13822","1":"product","2":"type-product","3":"status-publish","4":"has-post-thumbnail","6":"product_cat-die-baustellen","7":"product_cat-einzelausgaben","8":"product_tag-1715","10":"first","11":"instock","12":"downloadable","13":"virtual","14":"taxable","15":"purchasable","16":"product-type-simple"},"acf":[],"yoast_head":"<!-- This site is optimized with the Yoast SEO plugin v27.4 - https:\/\/yoast.com\/product\/yoast-seo-wordpress\/ -->\n<title>die baustellen 11\/2012 - fachbau.ch<\/title>\n<meta name=\"description\" content=\"Erhalte die deutschsprachige Fachzeitschrift \u00abdie baustellen\u00bb in der Ausgabe 11\/2012 als PDF-Download mit nachfolgendem Inhaltsverzeichnis:\" \/>\n<meta name=\"robots\" content=\"index, follow, max-snippet:-1, max-image-preview:large, max-video-preview:-1\" \/>\n<link rel=\"canonical\" href=\"http:\/\/www.fachbau.ch\/de\/de_de\/product\/die-baustellen-11-2012\/\" \/>\n<meta property=\"og:locale\" content=\"de_DE\" \/>\n<meta property=\"og:type\" content=\"article\" \/>\n<meta property=\"og:title\" content=\"die baustellen 11\/2012 - fachbau.ch\" \/>\n<meta property=\"og:description\" content=\"Erhalte die deutschsprachige Fachzeitschrift \u00abdie baustellen\u00bb in der Ausgabe 11\/2012 als PDF-Download mit nachfolgendem Inhaltsverzeichnis:\" \/>\n<meta property=\"og:url\" content=\"http:\/\/www.fachbau.ch\/de\/de_de\/product\/die-baustellen-11-2012\/\" \/>\n<meta property=\"og:site_name\" content=\"fachbau.ch\" \/>\n<meta property=\"og:image\" content=\"https:\/\/www.fachbau.ch\/wp-content\/uploads\/2022\/01\/die_baustellen_2012_11.png\" \/>\n\t<meta property=\"og:image:width\" content=\"654\" \/>\n\t<meta property=\"og:image:height\" content=\"370\" \/>\n\t<meta property=\"og:image:type\" content=\"image\/png\" \/>\n<meta name=\"twitter:card\" content=\"summary_large_image\" \/>\n<meta name=\"twitter:label1\" content=\"Gesch\u00e4tzte Lesezeit\" \/>\n\t<meta name=\"twitter:data1\" content=\"2\u00a0Minuten\" \/>\n<script type=\"application\/ld+json\" class=\"yoast-schema-graph\">{\"@context\":\"https:\\\/\\\/schema.org\",\"@graph\":[{\"@type\":\"WebPage\",\"@id\":\"http:\\\/\\\/www.fachbau.ch\\\/de_de\\\/product\\\/die-baustellen-11-2012\\\/\",\"url\":\"http:\\\/\\\/www.fachbau.ch\\\/de_de\\\/product\\\/die-baustellen-11-2012\\\/\",\"name\":\"die baustellen 11\\\/2012 - fachbau.ch\",\"isPartOf\":{\"@id\":\"https:\\\/\\\/www.fachbau.ch\\\/#website\"},\"primaryImageOfPage\":{\"@id\":\"http:\\\/\\\/www.fachbau.ch\\\/de_de\\\/product\\\/die-baustellen-11-2012\\\/#primaryimage\"},\"image\":{\"@id\":\"http:\\\/\\\/www.fachbau.ch\\\/de_de\\\/product\\\/die-baustellen-11-2012\\\/#primaryimage\"},\"thumbnailUrl\":\"https:\\\/\\\/www.fachbau.ch\\\/wp-content\\\/uploads\\\/2022\\\/01\\\/die_baustellen_2012_11.png\",\"datePublished\":\"2022-01-27T12:51:13+00:00\",\"description\":\"Erhalte die deutschsprachige Fachzeitschrift \u00abdie baustellen\u00bb in der Ausgabe 11\\\/2012 als PDF-Download mit nachfolgendem Inhaltsverzeichnis:\",\"breadcrumb\":{\"@id\":\"http:\\\/\\\/www.fachbau.ch\\\/de_de\\\/product\\\/die-baustellen-11-2012\\\/#breadcrumb\"},\"inLanguage\":\"de\",\"potentialAction\":[{\"@type\":\"ReadAction\",\"target\":[\"http:\\\/\\\/www.fachbau.ch\\\/de_de\\\/product\\\/die-baustellen-11-2012\\\/\"]}]},{\"@type\":\"ImageObject\",\"inLanguage\":\"de\",\"@id\":\"http:\\\/\\\/www.fachbau.ch\\\/de_de\\\/product\\\/die-baustellen-11-2012\\\/#primaryimage\",\"url\":\"https:\\\/\\\/www.fachbau.ch\\\/wp-content\\\/uploads\\\/2022\\\/01\\\/die_baustellen_2012_11.png\",\"contentUrl\":\"https:\\\/\\\/www.fachbau.ch\\\/wp-content\\\/uploads\\\/2022\\\/01\\\/die_baustellen_2012_11.png\",\"width\":654,\"height\":370},{\"@type\":\"BreadcrumbList\",\"@id\":\"http:\\\/\\\/www.fachbau.ch\\\/de_de\\\/product\\\/die-baustellen-11-2012\\\/#breadcrumb\",\"itemListElement\":[{\"@type\":\"ListItem\",\"position\":1,\"name\":\"Startseite\",\"item\":\"https:\\\/\\\/www.fachbau.ch\\\/\"},{\"@type\":\"ListItem\",\"position\":2,\"name\":\"Shop\",\"item\":\"https:\\\/\\\/www.fachbau.ch\\\/shop\\\/\"},{\"@type\":\"ListItem\",\"position\":3,\"name\":\"die baustellen 11\\\/2012\"}]},{\"@type\":\"WebSite\",\"@id\":\"https:\\\/\\\/www.fachbau.ch\\\/#website\",\"url\":\"https:\\\/\\\/www.fachbau.ch\\\/\",\"name\":\"fachbau.ch\",\"description\":\"Modernes, nachhaltiges Bauen.\",\"publisher\":{\"@id\":\"https:\\\/\\\/www.fachbau.ch\\\/#organization\"},\"potentialAction\":[{\"@type\":\"SearchAction\",\"target\":{\"@type\":\"EntryPoint\",\"urlTemplate\":\"https:\\\/\\\/www.fachbau.ch\\\/?s={search_term_string}\"},\"query-input\":{\"@type\":\"PropertyValueSpecification\",\"valueRequired\":true,\"valueName\":\"search_term_string\"}}],\"inLanguage\":\"de\"},{\"@type\":\"Organization\",\"@id\":\"https:\\\/\\\/www.fachbau.ch\\\/#organization\",\"name\":\"fachbau.ch\",\"url\":\"https:\\\/\\\/www.fachbau.ch\\\/\",\"logo\":{\"@type\":\"ImageObject\",\"inLanguage\":\"de\",\"@id\":\"https:\\\/\\\/www.fachbau.ch\\\/#\\\/schema\\\/logo\\\/image\\\/\",\"url\":\"https:\\\/\\\/www.fachbau.ch\\\/wp-content\\\/uploads\\\/2021\\\/12\\\/Logo_fachbau_ch.png\",\"contentUrl\":\"https:\\\/\\\/www.fachbau.ch\\\/wp-content\\\/uploads\\\/2021\\\/12\\\/Logo_fachbau_ch.png\",\"width\":283,\"height\":42,\"caption\":\"fachbau.ch\"},\"image\":{\"@id\":\"https:\\\/\\\/www.fachbau.ch\\\/#\\\/schema\\\/logo\\\/image\\\/\"}}]}<\/script>\n<!-- \/ Yoast SEO plugin. -->","yoast_head_json":{"title":"die baustellen 11\/2012 - fachbau.ch","description":"Erhalte die deutschsprachige Fachzeitschrift \u00abdie baustellen\u00bb in der Ausgabe 11\/2012 als PDF-Download mit nachfolgendem Inhaltsverzeichnis:","robots":{"index":"index","follow":"follow","max-snippet":"max-snippet:-1","max-image-preview":"max-image-preview:large","max-video-preview":"max-video-preview:-1"},"canonical":"http:\/\/www.fachbau.ch\/de\/de_de\/product\/die-baustellen-11-2012\/","og_locale":"de_DE","og_type":"article","og_title":"die baustellen 11\/2012 - fachbau.ch","og_description":"Erhalte die deutschsprachige Fachzeitschrift \u00abdie baustellen\u00bb in der Ausgabe 11\/2012 als PDF-Download mit nachfolgendem Inhaltsverzeichnis:","og_url":"http:\/\/www.fachbau.ch\/de\/de_de\/product\/die-baustellen-11-2012\/","og_site_name":"fachbau.ch","og_image":[{"width":654,"height":370,"url":"https:\/\/www.fachbau.ch\/wp-content\/uploads\/2022\/01\/die_baustellen_2012_11.png","type":"image\/png"}],"twitter_card":"summary_large_image","twitter_misc":{"Gesch\u00e4tzte Lesezeit":"2\u00a0Minuten"},"schema":{"@context":"https:\/\/schema.org","@graph":[{"@type":"WebPage","@id":"http:\/\/www.fachbau.ch\/de_de\/product\/die-baustellen-11-2012\/","url":"http:\/\/www.fachbau.ch\/de_de\/product\/die-baustellen-11-2012\/","name":"die baustellen 11\/2012 - fachbau.ch","isPartOf":{"@id":"https:\/\/www.fachbau.ch\/#website"},"primaryImageOfPage":{"@id":"http:\/\/www.fachbau.ch\/de_de\/product\/die-baustellen-11-2012\/#primaryimage"},"image":{"@id":"http:\/\/www.fachbau.ch\/de_de\/product\/die-baustellen-11-2012\/#primaryimage"},"thumbnailUrl":"https:\/\/www.fachbau.ch\/wp-content\/uploads\/2022\/01\/die_baustellen_2012_11.png","datePublished":"2022-01-27T12:51:13+00:00","description":"Erhalte die deutschsprachige Fachzeitschrift \u00abdie baustellen\u00bb in der Ausgabe 11\/2012 als PDF-Download mit nachfolgendem Inhaltsverzeichnis:","breadcrumb":{"@id":"http:\/\/www.fachbau.ch\/de_de\/product\/die-baustellen-11-2012\/#breadcrumb"},"inLanguage":"de","potentialAction":[{"@type":"ReadAction","target":["http:\/\/www.fachbau.ch\/de_de\/product\/die-baustellen-11-2012\/"]}]},{"@type":"ImageObject","inLanguage":"de","@id":"http:\/\/www.fachbau.ch\/de_de\/product\/die-baustellen-11-2012\/#primaryimage","url":"https:\/\/www.fachbau.ch\/wp-content\/uploads\/2022\/01\/die_baustellen_2012_11.png","contentUrl":"https:\/\/www.fachbau.ch\/wp-content\/uploads\/2022\/01\/die_baustellen_2012_11.png","width":654,"height":370},{"@type":"BreadcrumbList","@id":"http:\/\/www.fachbau.ch\/de_de\/product\/die-baustellen-11-2012\/#breadcrumb","itemListElement":[{"@type":"ListItem","position":1,"name":"Startseite","item":"https:\/\/www.fachbau.ch\/"},{"@type":"ListItem","position":2,"name":"Shop","item":"https:\/\/www.fachbau.ch\/shop\/"},{"@type":"ListItem","position":3,"name":"die baustellen 11\/2012"}]},{"@type":"WebSite","@id":"https:\/\/www.fachbau.ch\/#website","url":"https:\/\/www.fachbau.ch\/","name":"fachbau.ch","description":"Modernes, nachhaltiges Bauen.","publisher":{"@id":"https:\/\/www.fachbau.ch\/#organization"},"potentialAction":[{"@type":"SearchAction","target":{"@type":"EntryPoint","urlTemplate":"https:\/\/www.fachbau.ch\/?s={search_term_string}"},"query-input":{"@type":"PropertyValueSpecification","valueRequired":true,"valueName":"search_term_string"}}],"inLanguage":"de"},{"@type":"Organization","@id":"https:\/\/www.fachbau.ch\/#organization","name":"fachbau.ch","url":"https:\/\/www.fachbau.ch\/","logo":{"@type":"ImageObject","inLanguage":"de","@id":"https:\/\/www.fachbau.ch\/#\/schema\/logo\/image\/","url":"https:\/\/www.fachbau.ch\/wp-content\/uploads\/2021\/12\/Logo_fachbau_ch.png","contentUrl":"https:\/\/www.fachbau.ch\/wp-content\/uploads\/2021\/12\/Logo_fachbau_ch.png","width":283,"height":42,"caption":"fachbau.ch"},"image":{"@id":"https:\/\/www.fachbau.ch\/#\/schema\/logo\/image\/"}}]}},"_links":{"self":[{"href":"https:\/\/www.fachbau.ch\/de\/wp-json\/wp\/v2\/product\/13822","targetHints":{"allow":["GET"]}}],"collection":[{"href":"https:\/\/www.fachbau.ch\/de\/wp-json\/wp\/v2\/product"}],"about":[{"href":"https:\/\/www.fachbau.ch\/de\/wp-json\/wp\/v2\/types\/product"}],"wp:featuredmedia":[{"embeddable":true,"href":"https:\/\/www.fachbau.ch\/de\/wp-json\/wp\/v2\/media\/13824"}],"wp:attachment":[{"href":"https:\/\/www.fachbau.ch\/de\/wp-json\/wp\/v2\/media?parent=13822"}],"wp:term":[{"taxonomy":"product_brand","embeddable":true,"href":"https:\/\/www.fachbau.ch\/de\/wp-json\/wp\/v2\/product_brand?post=13822"},{"taxonomy":"product_cat","embeddable":true,"href":"https:\/\/www.fachbau.ch\/de\/wp-json\/wp\/v2\/product_cat?post=13822"},{"taxonomy":"product_tag","embeddable":true,"href":"https:\/\/www.fachbau.ch\/de\/wp-json\/wp\/v2\/product_tag?post=13822"}],"curies":[{"name":"wp","href":"https:\/\/api.w.org\/{rel}","templated":true}]}}