{"id":13813,"date":"2022-01-27T11:42:12","date_gmt":"2022-01-27T10:42:12","guid":{"rendered":"https:\/\/www.fachbau.ch\/?post_type=product&#038;p=13813"},"modified":"2022-01-27T11:42:12","modified_gmt":"2022-01-27T10:42:12","slug":"die-baustellen-5-2013","status":"publish","type":"product","link":"https:\/\/www.fachbau.ch\/de\/product\/die-baustellen-5-2013\/","title":{"rendered":"die baustellen 5\/2013"},"content":{"rendered":"<h2>Branche<\/h2>\n<h2>kurz &amp; knapp<\/h2>\n<p>Bauen ist Kundendienst, sei es b2b oder b2c.<\/p>\n<h2>fokus<\/h2>\n<p>Astra-Direktor Rudolf Dieterle dirigiert das Schweizer Strassennetz bereits seit zehn Jahren.<\/p>\n<h2>baukonjunktur<\/h2>\n<p>Langfristige Wachstumstendenzen zeichnen sich im In- und Ausland ab.<\/p>\n<h2>verbandsinformation vsgu<\/h2>\n<p>F\u00fcr eine k\u00fcnftig bauliche Verdichtung sind Ersatzneubauten zu f\u00f6rdern.<\/p>\n<h2>projekte<\/h2>\n<p>Vom Badener Qualit\u00e4tsanspruch bis zum Sinn f\u00fcr Gerechtigkeit in Den Haag.<\/p>\n<h2>bauen im ausland<\/h2>\n<p>\u00d6kologische Wohnbauten aus rezyklierten \u00d6ltanks.<\/p>\n<h2>er\ufb01nder der bauwelt<\/h2>\n<p>Die Zeit war reif f\u00fcr das R\u00e4umungsfahrzeug.<\/p>\n<h2>Technik<\/h2>\n<h2>bauma-messer\u00fcckschau<\/h2>\n<ul>\n<li>Von der M\u00fcnchner Leistungsschau nachhaltig beeindruckt.<\/li>\n<li>Bauma-Baumaschinen: Die Neuheiten und Innovationen.<\/li>\n<li>Bauma-Bautechnik: Schalungssysteme mit Plus an Ef\ufb01zienz und Sicherheit.<\/li>\n<li>Bauma-Galerie: Ansichten und Einsichten in der R\u00fcckschau.<\/li>\n<\/ul>\n<h2>rohrleitungsbau<\/h2>\n<p>Grabenloser Rohrleitungsbau: Die Verfahren und was zu beachten ist.<\/p>\n<p>GFK, das Material f\u00fcr schnelle Tankmontage.<\/p>\n<h2>betonschneiden<\/h2>\n<p>Unter harten Bedingungen schwere Teile zur\u00fcckgebaut.<\/p>\n<p>Pr\u00e4zise und nach Mass zur\u00fcckgeschnitten.<\/p>\n<h2>baustellenbericht<\/h2>\n<ul>\n<li>Airport BER verlangt Geduld vor der Er\u00f6ffnung.<\/li>\n<li>Spanntechnik schafft das Drahtseildach \u00fcber den neuen Wankdorfkreisel.<\/li>\n<li>Vier Autobahnbr\u00fccken erhalten Totalsanierung unter Verkehr.<\/li>\n<li>Bordeaux in Frankreich hat jetzt die gr\u00f6sste Hubbr\u00fccke Europas.<\/li>\n<li>Zur Er\u00f6ffnung von Br\u00fcckenbauten f\u00fcr die neue Eisenbahn-Arlbergachse.<\/li>\n<\/ul>\n<h2>strassenunterhalt<\/h2>\n<p>Asphalt- und Betonober\ufb02\u00e4chen mit 100 Sachen gepr\u00fcft.<\/p>\n<h2>bauplatz-reportage<\/h2>\n<p>Selbstbohranker reduziert das Versetzen auf einen Arbeitsgang.<\/p>\n<h2>baubiologie<\/h2>\n<p>Glasfaserbewehrung erm\u00f6glicht den angepassten Betonbau.<\/p>\n<h2>baumaschinen<\/h2>\n<p>Drei gute Gr\u00fcnde f\u00fcr drei Baumaschinen.<\/p>\n<h2>nutzfahrzeuge<\/h2>\n<p>Euro 6 bildet die Basis f\u00fcr diese Trucks.<\/p>\n<h2>Management<\/h2>\n<h2>world tunnel congress<\/h2>\n<p>Genf wird zum globalen Zentrum f\u00fcr den Untertagebau.<\/p>\n<h2>suisse public<\/h2>\n<p>Die Plattform f\u00fcr den Schweizer Service Public in Bern.<\/p>\n<h2>\ufb01rmenjubil\u00e4um<\/h2>\n<p>50 Jahre erfolgreich in Verkauf, Service und Unterhalt von Baumaschinen.<\/p>\n<h2>kolumne<\/h2>\n<p>Geschichten beleben die Fakten, gezielte Bereiche f\u00fchren zur Diagnose.<\/p>\n<h2>forschungsplatz schweiz<\/h2>\n<p>Die Finanzierung von Forschung und Entwicklung in der Schweiz.<\/p>\n<h2>agenda<\/h2>\n<p>Die Bauagenda zum Herauspicken.<\/p>\n<h2>bau-karriere<\/h2>\n<ul>\n<li>Fachkr\u00e4fte beleben das Gesch\u00e4ft.<\/li>\n<li>Die Unterschiede zwischen Werkvertrag und SIA-Norm 118.<\/li>\n<li>Felsbohrtechnik-Schulung am realen Objekt.<\/li>\n<li>Feierliche \u00dcbergabe von Diplomen und Auszeichnungen in der Kaderschmiede.<\/li>\n<\/ul>\n<h2>sieben-fragen-interview<\/h2>\n<p>Wie der Baupraktiker seine massgeschneiderte Software erh\u00e4lt.<\/p>\n<h2>Service<\/h2>\n<h2>verbandsnachrichten<\/h2>\n<p>Engagements f\u00fcr die Branche, den Nachwuchs und das Netzwerk.<\/p>\n<h2>recht &amp; rekord<\/h2>\n<p>Forderungsprozesse m\u00f6glichst vermeiden und die M\u00f6glichkeiten des Holzbaus nutzen.<\/p>\n<h2>bau &amp; kunst<\/h2>\n<p>Naturquarzmaterial als Werkstoff f\u00fcr den Architekturk\u00fcnstler.<\/p>\n<h2>bezugsquellen<\/h2>\n<p>Die aktuellen Angebote im \u00dcberblick.<\/p>\n<h2>blickpunkt<\/h2>\n<p>Projektleiterin mit Leib und Seele.<\/p>\n","protected":false},"excerpt":{"rendered":"<p>Erhalte die deutschsprachige Fachzeitschrift \u00abdie baustellen\u00bb in der Ausgabe 5\/2013 als PDF-Download mit nachfolgendem Inhaltsverzeichnis:<\/p>\n","protected":false},"featured_media":13815,"template":"","meta":{"_acf_changed":false,"pgc_sgb_lightbox_settings":""},"product_brand":[],"product_cat":[1732,1727],"product_tag":[1716],"class_list":{"0":"post-13813","1":"product","2":"type-product","3":"status-publish","4":"has-post-thumbnail","6":"product_cat-die-baustellen","7":"product_cat-einzelausgaben","8":"product_tag-1716","10":"first","11":"instock","12":"downloadable","13":"virtual","14":"taxable","15":"purchasable","16":"product-type-simple"},"acf":[],"yoast_head":"<!-- This site is optimized with the Yoast SEO plugin v27.4 - https:\/\/yoast.com\/product\/yoast-seo-wordpress\/ -->\n<title>die baustellen 5\/2013 - fachbau.ch<\/title>\n<meta name=\"description\" content=\"Erhalte die deutschsprachige Fachzeitschrift \u00abdie baustellen\u00bb in der Ausgabe 5\/2013 als PDF-Download mit nachfolgendem Inhaltsverzeichnis:\" \/>\n<meta name=\"robots\" content=\"index, follow, max-snippet:-1, max-image-preview:large, max-video-preview:-1\" \/>\n<link rel=\"canonical\" href=\"http:\/\/www.fachbau.ch\/de\/de_de\/product\/die-baustellen-5-2013\/\" \/>\n<meta property=\"og:locale\" content=\"de_DE\" \/>\n<meta property=\"og:type\" content=\"article\" \/>\n<meta property=\"og:title\" content=\"die baustellen 5\/2013 - fachbau.ch\" \/>\n<meta property=\"og:description\" content=\"Erhalte die deutschsprachige Fachzeitschrift \u00abdie baustellen\u00bb in der Ausgabe 5\/2013 als PDF-Download mit nachfolgendem Inhaltsverzeichnis:\" \/>\n<meta property=\"og:url\" content=\"http:\/\/www.fachbau.ch\/de\/de_de\/product\/die-baustellen-5-2013\/\" \/>\n<meta property=\"og:site_name\" content=\"fachbau.ch\" \/>\n<meta property=\"og:image\" content=\"https:\/\/www.fachbau.ch\/wp-content\/uploads\/2022\/01\/die_baustellen_2013_5.png\" \/>\n\t<meta property=\"og:image:width\" content=\"654\" \/>\n\t<meta property=\"og:image:height\" content=\"370\" \/>\n\t<meta property=\"og:image:type\" content=\"image\/png\" \/>\n<meta name=\"twitter:card\" content=\"summary_large_image\" \/>\n<meta name=\"twitter:label1\" content=\"Gesch\u00e4tzte Lesezeit\" \/>\n\t<meta name=\"twitter:data1\" content=\"2\u00a0Minuten\" \/>\n<script type=\"application\/ld+json\" class=\"yoast-schema-graph\">{\"@context\":\"https:\\\/\\\/schema.org\",\"@graph\":[{\"@type\":\"WebPage\",\"@id\":\"http:\\\/\\\/www.fachbau.ch\\\/de_de\\\/product\\\/die-baustellen-5-2013\\\/\",\"url\":\"http:\\\/\\\/www.fachbau.ch\\\/de_de\\\/product\\\/die-baustellen-5-2013\\\/\",\"name\":\"die baustellen 5\\\/2013 - fachbau.ch\",\"isPartOf\":{\"@id\":\"https:\\\/\\\/www.fachbau.ch\\\/#website\"},\"primaryImageOfPage\":{\"@id\":\"http:\\\/\\\/www.fachbau.ch\\\/de_de\\\/product\\\/die-baustellen-5-2013\\\/#primaryimage\"},\"image\":{\"@id\":\"http:\\\/\\\/www.fachbau.ch\\\/de_de\\\/product\\\/die-baustellen-5-2013\\\/#primaryimage\"},\"thumbnailUrl\":\"https:\\\/\\\/www.fachbau.ch\\\/wp-content\\\/uploads\\\/2022\\\/01\\\/die_baustellen_2013_5.png\",\"datePublished\":\"2022-01-27T10:42:12+00:00\",\"description\":\"Erhalte die deutschsprachige Fachzeitschrift \u00abdie baustellen\u00bb in der Ausgabe 5\\\/2013 als PDF-Download mit nachfolgendem Inhaltsverzeichnis:\",\"breadcrumb\":{\"@id\":\"http:\\\/\\\/www.fachbau.ch\\\/de_de\\\/product\\\/die-baustellen-5-2013\\\/#breadcrumb\"},\"inLanguage\":\"de\",\"potentialAction\":[{\"@type\":\"ReadAction\",\"target\":[\"http:\\\/\\\/www.fachbau.ch\\\/de_de\\\/product\\\/die-baustellen-5-2013\\\/\"]}]},{\"@type\":\"ImageObject\",\"inLanguage\":\"de\",\"@id\":\"http:\\\/\\\/www.fachbau.ch\\\/de_de\\\/product\\\/die-baustellen-5-2013\\\/#primaryimage\",\"url\":\"https:\\\/\\\/www.fachbau.ch\\\/wp-content\\\/uploads\\\/2022\\\/01\\\/die_baustellen_2013_5.png\",\"contentUrl\":\"https:\\\/\\\/www.fachbau.ch\\\/wp-content\\\/uploads\\\/2022\\\/01\\\/die_baustellen_2013_5.png\",\"width\":654,\"height\":370},{\"@type\":\"BreadcrumbList\",\"@id\":\"http:\\\/\\\/www.fachbau.ch\\\/de_de\\\/product\\\/die-baustellen-5-2013\\\/#breadcrumb\",\"itemListElement\":[{\"@type\":\"ListItem\",\"position\":1,\"name\":\"Startseite\",\"item\":\"https:\\\/\\\/www.fachbau.ch\\\/\"},{\"@type\":\"ListItem\",\"position\":2,\"name\":\"Shop\",\"item\":\"https:\\\/\\\/www.fachbau.ch\\\/shop\\\/\"},{\"@type\":\"ListItem\",\"position\":3,\"name\":\"die baustellen 5\\\/2013\"}]},{\"@type\":\"WebSite\",\"@id\":\"https:\\\/\\\/www.fachbau.ch\\\/#website\",\"url\":\"https:\\\/\\\/www.fachbau.ch\\\/\",\"name\":\"fachbau.ch\",\"description\":\"Modernes, nachhaltiges Bauen.\",\"publisher\":{\"@id\":\"https:\\\/\\\/www.fachbau.ch\\\/#organization\"},\"potentialAction\":[{\"@type\":\"SearchAction\",\"target\":{\"@type\":\"EntryPoint\",\"urlTemplate\":\"https:\\\/\\\/www.fachbau.ch\\\/?s={search_term_string}\"},\"query-input\":{\"@type\":\"PropertyValueSpecification\",\"valueRequired\":true,\"valueName\":\"search_term_string\"}}],\"inLanguage\":\"de\"},{\"@type\":\"Organization\",\"@id\":\"https:\\\/\\\/www.fachbau.ch\\\/#organization\",\"name\":\"fachbau.ch\",\"url\":\"https:\\\/\\\/www.fachbau.ch\\\/\",\"logo\":{\"@type\":\"ImageObject\",\"inLanguage\":\"de\",\"@id\":\"https:\\\/\\\/www.fachbau.ch\\\/#\\\/schema\\\/logo\\\/image\\\/\",\"url\":\"https:\\\/\\\/www.fachbau.ch\\\/wp-content\\\/uploads\\\/2021\\\/12\\\/Logo_fachbau_ch.png\",\"contentUrl\":\"https:\\\/\\\/www.fachbau.ch\\\/wp-content\\\/uploads\\\/2021\\\/12\\\/Logo_fachbau_ch.png\",\"width\":283,\"height\":42,\"caption\":\"fachbau.ch\"},\"image\":{\"@id\":\"https:\\\/\\\/www.fachbau.ch\\\/#\\\/schema\\\/logo\\\/image\\\/\"}}]}<\/script>\n<!-- \/ Yoast SEO plugin. -->","yoast_head_json":{"title":"die baustellen 5\/2013 - fachbau.ch","description":"Erhalte die deutschsprachige Fachzeitschrift \u00abdie baustellen\u00bb in der Ausgabe 5\/2013 als PDF-Download mit nachfolgendem Inhaltsverzeichnis:","robots":{"index":"index","follow":"follow","max-snippet":"max-snippet:-1","max-image-preview":"max-image-preview:large","max-video-preview":"max-video-preview:-1"},"canonical":"http:\/\/www.fachbau.ch\/de\/de_de\/product\/die-baustellen-5-2013\/","og_locale":"de_DE","og_type":"article","og_title":"die baustellen 5\/2013 - fachbau.ch","og_description":"Erhalte die deutschsprachige Fachzeitschrift \u00abdie baustellen\u00bb in der Ausgabe 5\/2013 als PDF-Download mit nachfolgendem Inhaltsverzeichnis:","og_url":"http:\/\/www.fachbau.ch\/de\/de_de\/product\/die-baustellen-5-2013\/","og_site_name":"fachbau.ch","og_image":[{"width":654,"height":370,"url":"https:\/\/www.fachbau.ch\/wp-content\/uploads\/2022\/01\/die_baustellen_2013_5.png","type":"image\/png"}],"twitter_card":"summary_large_image","twitter_misc":{"Gesch\u00e4tzte Lesezeit":"2\u00a0Minuten"},"schema":{"@context":"https:\/\/schema.org","@graph":[{"@type":"WebPage","@id":"http:\/\/www.fachbau.ch\/de_de\/product\/die-baustellen-5-2013\/","url":"http:\/\/www.fachbau.ch\/de_de\/product\/die-baustellen-5-2013\/","name":"die baustellen 5\/2013 - fachbau.ch","isPartOf":{"@id":"https:\/\/www.fachbau.ch\/#website"},"primaryImageOfPage":{"@id":"http:\/\/www.fachbau.ch\/de_de\/product\/die-baustellen-5-2013\/#primaryimage"},"image":{"@id":"http:\/\/www.fachbau.ch\/de_de\/product\/die-baustellen-5-2013\/#primaryimage"},"thumbnailUrl":"https:\/\/www.fachbau.ch\/wp-content\/uploads\/2022\/01\/die_baustellen_2013_5.png","datePublished":"2022-01-27T10:42:12+00:00","description":"Erhalte die deutschsprachige Fachzeitschrift \u00abdie baustellen\u00bb in der Ausgabe 5\/2013 als PDF-Download mit nachfolgendem Inhaltsverzeichnis:","breadcrumb":{"@id":"http:\/\/www.fachbau.ch\/de_de\/product\/die-baustellen-5-2013\/#breadcrumb"},"inLanguage":"de","potentialAction":[{"@type":"ReadAction","target":["http:\/\/www.fachbau.ch\/de_de\/product\/die-baustellen-5-2013\/"]}]},{"@type":"ImageObject","inLanguage":"de","@id":"http:\/\/www.fachbau.ch\/de_de\/product\/die-baustellen-5-2013\/#primaryimage","url":"https:\/\/www.fachbau.ch\/wp-content\/uploads\/2022\/01\/die_baustellen_2013_5.png","contentUrl":"https:\/\/www.fachbau.ch\/wp-content\/uploads\/2022\/01\/die_baustellen_2013_5.png","width":654,"height":370},{"@type":"BreadcrumbList","@id":"http:\/\/www.fachbau.ch\/de_de\/product\/die-baustellen-5-2013\/#breadcrumb","itemListElement":[{"@type":"ListItem","position":1,"name":"Startseite","item":"https:\/\/www.fachbau.ch\/"},{"@type":"ListItem","position":2,"name":"Shop","item":"https:\/\/www.fachbau.ch\/shop\/"},{"@type":"ListItem","position":3,"name":"die baustellen 5\/2013"}]},{"@type":"WebSite","@id":"https:\/\/www.fachbau.ch\/#website","url":"https:\/\/www.fachbau.ch\/","name":"fachbau.ch","description":"Modernes, nachhaltiges Bauen.","publisher":{"@id":"https:\/\/www.fachbau.ch\/#organization"},"potentialAction":[{"@type":"SearchAction","target":{"@type":"EntryPoint","urlTemplate":"https:\/\/www.fachbau.ch\/?s={search_term_string}"},"query-input":{"@type":"PropertyValueSpecification","valueRequired":true,"valueName":"search_term_string"}}],"inLanguage":"de"},{"@type":"Organization","@id":"https:\/\/www.fachbau.ch\/#organization","name":"fachbau.ch","url":"https:\/\/www.fachbau.ch\/","logo":{"@type":"ImageObject","inLanguage":"de","@id":"https:\/\/www.fachbau.ch\/#\/schema\/logo\/image\/","url":"https:\/\/www.fachbau.ch\/wp-content\/uploads\/2021\/12\/Logo_fachbau_ch.png","contentUrl":"https:\/\/www.fachbau.ch\/wp-content\/uploads\/2021\/12\/Logo_fachbau_ch.png","width":283,"height":42,"caption":"fachbau.ch"},"image":{"@id":"https:\/\/www.fachbau.ch\/#\/schema\/logo\/image\/"}}]}},"_links":{"self":[{"href":"https:\/\/www.fachbau.ch\/de\/wp-json\/wp\/v2\/product\/13813","targetHints":{"allow":["GET"]}}],"collection":[{"href":"https:\/\/www.fachbau.ch\/de\/wp-json\/wp\/v2\/product"}],"about":[{"href":"https:\/\/www.fachbau.ch\/de\/wp-json\/wp\/v2\/types\/product"}],"wp:featuredmedia":[{"embeddable":true,"href":"https:\/\/www.fachbau.ch\/de\/wp-json\/wp\/v2\/media\/13815"}],"wp:attachment":[{"href":"https:\/\/www.fachbau.ch\/de\/wp-json\/wp\/v2\/media?parent=13813"}],"wp:term":[{"taxonomy":"product_brand","embeddable":true,"href":"https:\/\/www.fachbau.ch\/de\/wp-json\/wp\/v2\/product_brand?post=13813"},{"taxonomy":"product_cat","embeddable":true,"href":"https:\/\/www.fachbau.ch\/de\/wp-json\/wp\/v2\/product_cat?post=13813"},{"taxonomy":"product_tag","embeddable":true,"href":"https:\/\/www.fachbau.ch\/de\/wp-json\/wp\/v2\/product_tag?post=13813"}],"curies":[{"name":"wp","href":"https:\/\/api.w.org\/{rel}","templated":true}]}}