{"id":13810,"date":"2022-01-27T11:30:14","date_gmt":"2022-01-27T10:30:14","guid":{"rendered":"https:\/\/www.fachbau.ch\/?post_type=product&#038;p=13810"},"modified":"2022-01-27T11:30:14","modified_gmt":"2022-01-27T10:30:14","slug":"die-baustellen-9-2013","status":"publish","type":"product","link":"https:\/\/www.fachbau.ch\/de\/product\/die-baustellen-9-2013\/","title":{"rendered":"die baustellen 9\/2013"},"content":{"rendered":"<h2>Branche<\/h2>\n<h2>kurz &amp; knapp<\/h2>\n<p>Die Zyklen des Bauwesens beschleunigen sich<\/p>\n<h2>fokus<\/h2>\n<p>Wie Marcel Zahner sein Unternehmen f\u00fcr Arbeitsmaschinen \u00fcbernahm und heute leitet.<\/p>\n<h2>baukonjunktur<\/h2>\n<p>Der Bauindex CS\/SBV zeigt sich stabil und leicht aufw\u00e4rts.<\/p>\n<h2>verbandsinformation vsgu<\/h2>\n<p>GU ist nicht gleich GU.<\/p>\n<h2>projekte<\/h2>\n<p>Projekte: von beschaulich \u00fcber rasant bis durchmischt.<\/p>\n<h2>bauen im ausland<\/h2>\n<p>Italienischer Campus unter Membran\u00fcberdachung neu aufpoliert.<\/p>\n<h2>erfinder der bauwelt<\/h2>\n<p>Die moderne Stahlverg\u00fctung basiert auf genialen Machern.<\/p>\n<h2>Technik<\/h2>\n<h2>baumaschinen<\/h2>\n<ul>\n<li>Empa-Forschung beeinflusst die europ\u00e4ische Gesetzgebung.<\/li>\n<li>Machart und Modelle der aktuellen Muldenkipper.<\/li>\n<li>Drei Spezialisten bauen den XXL-Kabelrolldumper.<\/li>\n<li>Teleskopmaschinen setzen neue Standards.<\/li>\n<li>Wie die Baumaschinen das Sprechen lernen.<\/li>\n<\/ul>\n<h2>baustellenbericht<\/h2>\n<ul>\n<li>Baukran kommt per Helimontage nach Ischgl.<\/li>\n<li>Schweizer Sortieranlage setzt neue Standards.<\/li>\n<li>Was Geotextilien leisten und wie effizient sie wirken.<\/li>\n<\/ul>\n<h2>rohrleitungsbau<\/h2>\n<ul>\n<li>Absperrarmatur erm\u00f6glicht Werkstoff-homogenes PE-Wasserleitungsnetz.<\/li>\n<li>Was die systematische Erneuerung der Wasserleitungen auszeichnet.<\/li>\n<li>\u00dcber drei Kilometer grabenlos unter Flugfeldterrain hindurch.<\/li>\n<\/ul>\n<h2>werkhof<\/h2>\n<ul>\n<li>Sonderthema \u00abWerkhof\u00bb: Strategischer Sammelplatz des Baugesch\u00e4fts.<\/li>\n<li>Aus der Sicht des Gesch\u00e4ftsf\u00fchrers.<\/li>\n<li>Multifunktionale Gabelstapler mit Ergonomie: Was der Markt anbietet.<\/li>\n<li>\u00abT\u00e4glich 15 bis 20 Baustellen\u00bb \u2013 ein Gespr\u00e4ch mit dem Werkhofchef.<\/li>\n<li>Besuch beim Schweizer Bausoftware-Dienstleister. Das neue Werkhof-Modul.<\/li>\n<li>Das \u00abFlottenmanagement\u00bb \u2013 ein effizientes Modell f\u00fcr den Einsatz der Kleinger\u00e4te.<\/li>\n<li>Die richtige Krananlage steigert die Effizienz.<\/li>\n<li>Schweizer Unterboden-Waschanlage meistert auch den kanadischen \u00d6lsand.<\/li>\n<\/ul>\n<h2>bauprodukte<\/h2>\n<ul>\n<li>Die neue Bauprodukte-Verordnung der EU: Einfluss und Geltungsbereich.<\/li>\n<li>Marktsituation und Entwicklung vorfabrizierter Betonelemente in der Schweiz.<\/li>\n<li>Fassadenplatten aus ultrahochfestem Beton \u2013 Anwendungsbericht des Entwicklers.<\/li>\n<li>Diese Betonvorfabrikation ist auf komplexe Fertigbauteile spezialisiert.<\/li>\n<li>Beton-Fertigelemente: Ein Programm f\u00fcr die Energieoptimierung.<\/li>\n<\/ul>\n<h2>objektbericht<\/h2>\n<ul>\n<li>Es wird in erschwingliche Wohnqualit\u00e4t investiert. Ein Beispiel.<\/li>\n<li>Neuen Anzug f\u00fcr ein st\u00e4dtisches Wohn- und Gesch\u00e4ftshaus.<\/li>\n<li>Privatklinik erweitert ihr Angebot und feiert ihren Neubau.<\/li>\n<li>Zuckersilo mit Baugrundstabilisation.<\/li>\n<\/ul>\n<h2>Management<\/h2>\n<h2>baustellensicherheit<\/h2>\n<p>Kampagne f\u00fcr die Sicherheit der Strassenarbeiter.<\/p>\n<h2>sal\u00e4rumfrage<\/h2>\n<p>Ingenieure und Architekten im Lohnvergleich.<\/p>\n<h2>baunormen<\/h2>\n<p>Die Regelung f\u00fcr Bauvergaben erkl\u00e4rt die Steuerung von Qualit\u00e4t und Preis.<\/p>\n<h2>unfallpr\u00e4vention<\/h2>\n<p>Lernende sind besonders gef\u00e4hrdet; die Suva zeigt, was man machen kann.<\/p>\n<h2>agenda<\/h2>\n<p>So kommen Bauschaffende weiter.<\/p>\n<h2>bau-karriere<\/h2>\n<p>Neue Herausforderungen f\u00fcr die Baukompetenz.<\/p>\n<p>Im Interview f\u00fcr die ICT-Berufsbildung Schweiz. Die Mechanismen des Lohnsystems.<\/p>\n<h2>sieben-fragen-interview<\/h2>\n<p>Was ist ein Schraubfundament?<\/p>\n<h2>Branche<\/h2>\n<h2>verbandsnachrichten<\/h2>\n<p>Wo stehen wir? Die Verb\u00e4nde geben Antwort.<\/p>\n<h2>recht &amp; rekord<\/h2>\n<p>\u00dcber den Sinn des Schiedsgerichts und das gr\u00f6sste Wandgem\u00e4lde der Welt.<\/p>\n<h2>bau &amp; kunst<\/h2>\n<p>Lattentanz begleitet durch die Unterf\u00fchrung.<\/p>\n<h2>blickpunkt<\/h2>\n<p>Kommunikativer Baufachmann wird zur Ein-Mann-Agentur.<\/p>\n","protected":false},"excerpt":{"rendered":"<p>Erhalte die deutschsprachige Fachzeitschrift \u00abdie baustellen\u00bb in der Ausgabe 9\/2013 als PDF-Download mit nachfolgendem Inhaltsverzeichnis:<\/p>\n","protected":false},"featured_media":13812,"template":"","meta":{"_acf_changed":false,"pgc_sgb_lightbox_settings":""},"product_brand":[],"product_cat":[1732,1727],"product_tag":[1716],"class_list":{"0":"post-13810","1":"product","2":"type-product","3":"status-publish","4":"has-post-thumbnail","6":"product_cat-die-baustellen","7":"product_cat-einzelausgaben","8":"product_tag-1716","10":"first","11":"instock","12":"downloadable","13":"virtual","14":"taxable","15":"purchasable","16":"product-type-simple"},"acf":[],"yoast_head":"<!-- This site is optimized with the Yoast SEO plugin v27.4 - https:\/\/yoast.com\/product\/yoast-seo-wordpress\/ -->\n<title>die baustellen 9\/2013 - fachbau.ch<\/title>\n<meta name=\"description\" content=\"Erhalte die deutschsprachige Fachzeitschrift \u00abdie baustellen\u00bb in der Ausgabe 9\/2013 als PDF-Download mit nachfolgendem Inhaltsverzeichnis:\" \/>\n<meta name=\"robots\" content=\"index, follow, max-snippet:-1, max-image-preview:large, max-video-preview:-1\" \/>\n<link rel=\"canonical\" href=\"http:\/\/www.fachbau.ch\/de\/de_de\/product\/die-baustellen-9-2013\/\" \/>\n<meta property=\"og:locale\" content=\"de_DE\" \/>\n<meta property=\"og:type\" content=\"article\" \/>\n<meta property=\"og:title\" content=\"die baustellen 9\/2013 - fachbau.ch\" \/>\n<meta property=\"og:description\" content=\"Erhalte die deutschsprachige Fachzeitschrift \u00abdie baustellen\u00bb in der Ausgabe 9\/2013 als PDF-Download mit nachfolgendem Inhaltsverzeichnis:\" \/>\n<meta property=\"og:url\" content=\"http:\/\/www.fachbau.ch\/de\/de_de\/product\/die-baustellen-9-2013\/\" \/>\n<meta property=\"og:site_name\" content=\"fachbau.ch\" \/>\n<meta property=\"og:image\" content=\"https:\/\/www.fachbau.ch\/wp-content\/uploads\/2022\/01\/die_baustellen_2013_9.png\" \/>\n\t<meta property=\"og:image:width\" content=\"654\" \/>\n\t<meta property=\"og:image:height\" content=\"370\" \/>\n\t<meta property=\"og:image:type\" content=\"image\/png\" \/>\n<meta name=\"twitter:card\" content=\"summary_large_image\" \/>\n<meta name=\"twitter:label1\" content=\"Gesch\u00e4tzte Lesezeit\" \/>\n\t<meta name=\"twitter:data1\" content=\"2\u00a0Minuten\" \/>\n<script type=\"application\/ld+json\" class=\"yoast-schema-graph\">{\"@context\":\"https:\\\/\\\/schema.org\",\"@graph\":[{\"@type\":\"WebPage\",\"@id\":\"http:\\\/\\\/www.fachbau.ch\\\/de_de\\\/product\\\/die-baustellen-9-2013\\\/\",\"url\":\"http:\\\/\\\/www.fachbau.ch\\\/de_de\\\/product\\\/die-baustellen-9-2013\\\/\",\"name\":\"die baustellen 9\\\/2013 - fachbau.ch\",\"isPartOf\":{\"@id\":\"https:\\\/\\\/www.fachbau.ch\\\/#website\"},\"primaryImageOfPage\":{\"@id\":\"http:\\\/\\\/www.fachbau.ch\\\/de_de\\\/product\\\/die-baustellen-9-2013\\\/#primaryimage\"},\"image\":{\"@id\":\"http:\\\/\\\/www.fachbau.ch\\\/de_de\\\/product\\\/die-baustellen-9-2013\\\/#primaryimage\"},\"thumbnailUrl\":\"https:\\\/\\\/www.fachbau.ch\\\/wp-content\\\/uploads\\\/2022\\\/01\\\/die_baustellen_2013_9.png\",\"datePublished\":\"2022-01-27T10:30:14+00:00\",\"description\":\"Erhalte die deutschsprachige Fachzeitschrift \u00abdie baustellen\u00bb in der Ausgabe 9\\\/2013 als PDF-Download mit nachfolgendem Inhaltsverzeichnis:\",\"breadcrumb\":{\"@id\":\"http:\\\/\\\/www.fachbau.ch\\\/de_de\\\/product\\\/die-baustellen-9-2013\\\/#breadcrumb\"},\"inLanguage\":\"de\",\"potentialAction\":[{\"@type\":\"ReadAction\",\"target\":[\"http:\\\/\\\/www.fachbau.ch\\\/de_de\\\/product\\\/die-baustellen-9-2013\\\/\"]}]},{\"@type\":\"ImageObject\",\"inLanguage\":\"de\",\"@id\":\"http:\\\/\\\/www.fachbau.ch\\\/de_de\\\/product\\\/die-baustellen-9-2013\\\/#primaryimage\",\"url\":\"https:\\\/\\\/www.fachbau.ch\\\/wp-content\\\/uploads\\\/2022\\\/01\\\/die_baustellen_2013_9.png\",\"contentUrl\":\"https:\\\/\\\/www.fachbau.ch\\\/wp-content\\\/uploads\\\/2022\\\/01\\\/die_baustellen_2013_9.png\",\"width\":654,\"height\":370},{\"@type\":\"BreadcrumbList\",\"@id\":\"http:\\\/\\\/www.fachbau.ch\\\/de_de\\\/product\\\/die-baustellen-9-2013\\\/#breadcrumb\",\"itemListElement\":[{\"@type\":\"ListItem\",\"position\":1,\"name\":\"Startseite\",\"item\":\"https:\\\/\\\/www.fachbau.ch\\\/\"},{\"@type\":\"ListItem\",\"position\":2,\"name\":\"Shop\",\"item\":\"https:\\\/\\\/www.fachbau.ch\\\/shop\\\/\"},{\"@type\":\"ListItem\",\"position\":3,\"name\":\"die baustellen 9\\\/2013\"}]},{\"@type\":\"WebSite\",\"@id\":\"https:\\\/\\\/www.fachbau.ch\\\/#website\",\"url\":\"https:\\\/\\\/www.fachbau.ch\\\/\",\"name\":\"fachbau.ch\",\"description\":\"Modernes, nachhaltiges Bauen.\",\"publisher\":{\"@id\":\"https:\\\/\\\/www.fachbau.ch\\\/#organization\"},\"potentialAction\":[{\"@type\":\"SearchAction\",\"target\":{\"@type\":\"EntryPoint\",\"urlTemplate\":\"https:\\\/\\\/www.fachbau.ch\\\/?s={search_term_string}\"},\"query-input\":{\"@type\":\"PropertyValueSpecification\",\"valueRequired\":true,\"valueName\":\"search_term_string\"}}],\"inLanguage\":\"de\"},{\"@type\":\"Organization\",\"@id\":\"https:\\\/\\\/www.fachbau.ch\\\/#organization\",\"name\":\"fachbau.ch\",\"url\":\"https:\\\/\\\/www.fachbau.ch\\\/\",\"logo\":{\"@type\":\"ImageObject\",\"inLanguage\":\"de\",\"@id\":\"https:\\\/\\\/www.fachbau.ch\\\/#\\\/schema\\\/logo\\\/image\\\/\",\"url\":\"https:\\\/\\\/www.fachbau.ch\\\/wp-content\\\/uploads\\\/2021\\\/12\\\/Logo_fachbau_ch.png\",\"contentUrl\":\"https:\\\/\\\/www.fachbau.ch\\\/wp-content\\\/uploads\\\/2021\\\/12\\\/Logo_fachbau_ch.png\",\"width\":283,\"height\":42,\"caption\":\"fachbau.ch\"},\"image\":{\"@id\":\"https:\\\/\\\/www.fachbau.ch\\\/#\\\/schema\\\/logo\\\/image\\\/\"}}]}<\/script>\n<!-- \/ Yoast SEO plugin. -->","yoast_head_json":{"title":"die baustellen 9\/2013 - fachbau.ch","description":"Erhalte die deutschsprachige Fachzeitschrift \u00abdie baustellen\u00bb in der Ausgabe 9\/2013 als PDF-Download mit nachfolgendem Inhaltsverzeichnis:","robots":{"index":"index","follow":"follow","max-snippet":"max-snippet:-1","max-image-preview":"max-image-preview:large","max-video-preview":"max-video-preview:-1"},"canonical":"http:\/\/www.fachbau.ch\/de\/de_de\/product\/die-baustellen-9-2013\/","og_locale":"de_DE","og_type":"article","og_title":"die baustellen 9\/2013 - fachbau.ch","og_description":"Erhalte die deutschsprachige Fachzeitschrift \u00abdie baustellen\u00bb in der Ausgabe 9\/2013 als PDF-Download mit nachfolgendem Inhaltsverzeichnis:","og_url":"http:\/\/www.fachbau.ch\/de\/de_de\/product\/die-baustellen-9-2013\/","og_site_name":"fachbau.ch","og_image":[{"width":654,"height":370,"url":"https:\/\/www.fachbau.ch\/wp-content\/uploads\/2022\/01\/die_baustellen_2013_9.png","type":"image\/png"}],"twitter_card":"summary_large_image","twitter_misc":{"Gesch\u00e4tzte Lesezeit":"2\u00a0Minuten"},"schema":{"@context":"https:\/\/schema.org","@graph":[{"@type":"WebPage","@id":"http:\/\/www.fachbau.ch\/de_de\/product\/die-baustellen-9-2013\/","url":"http:\/\/www.fachbau.ch\/de_de\/product\/die-baustellen-9-2013\/","name":"die baustellen 9\/2013 - fachbau.ch","isPartOf":{"@id":"https:\/\/www.fachbau.ch\/#website"},"primaryImageOfPage":{"@id":"http:\/\/www.fachbau.ch\/de_de\/product\/die-baustellen-9-2013\/#primaryimage"},"image":{"@id":"http:\/\/www.fachbau.ch\/de_de\/product\/die-baustellen-9-2013\/#primaryimage"},"thumbnailUrl":"https:\/\/www.fachbau.ch\/wp-content\/uploads\/2022\/01\/die_baustellen_2013_9.png","datePublished":"2022-01-27T10:30:14+00:00","description":"Erhalte die deutschsprachige Fachzeitschrift \u00abdie baustellen\u00bb in der Ausgabe 9\/2013 als PDF-Download mit nachfolgendem Inhaltsverzeichnis:","breadcrumb":{"@id":"http:\/\/www.fachbau.ch\/de_de\/product\/die-baustellen-9-2013\/#breadcrumb"},"inLanguage":"de","potentialAction":[{"@type":"ReadAction","target":["http:\/\/www.fachbau.ch\/de_de\/product\/die-baustellen-9-2013\/"]}]},{"@type":"ImageObject","inLanguage":"de","@id":"http:\/\/www.fachbau.ch\/de_de\/product\/die-baustellen-9-2013\/#primaryimage","url":"https:\/\/www.fachbau.ch\/wp-content\/uploads\/2022\/01\/die_baustellen_2013_9.png","contentUrl":"https:\/\/www.fachbau.ch\/wp-content\/uploads\/2022\/01\/die_baustellen_2013_9.png","width":654,"height":370},{"@type":"BreadcrumbList","@id":"http:\/\/www.fachbau.ch\/de_de\/product\/die-baustellen-9-2013\/#breadcrumb","itemListElement":[{"@type":"ListItem","position":1,"name":"Startseite","item":"https:\/\/www.fachbau.ch\/"},{"@type":"ListItem","position":2,"name":"Shop","item":"https:\/\/www.fachbau.ch\/shop\/"},{"@type":"ListItem","position":3,"name":"die baustellen 9\/2013"}]},{"@type":"WebSite","@id":"https:\/\/www.fachbau.ch\/#website","url":"https:\/\/www.fachbau.ch\/","name":"fachbau.ch","description":"Modernes, nachhaltiges Bauen.","publisher":{"@id":"https:\/\/www.fachbau.ch\/#organization"},"potentialAction":[{"@type":"SearchAction","target":{"@type":"EntryPoint","urlTemplate":"https:\/\/www.fachbau.ch\/?s={search_term_string}"},"query-input":{"@type":"PropertyValueSpecification","valueRequired":true,"valueName":"search_term_string"}}],"inLanguage":"de"},{"@type":"Organization","@id":"https:\/\/www.fachbau.ch\/#organization","name":"fachbau.ch","url":"https:\/\/www.fachbau.ch\/","logo":{"@type":"ImageObject","inLanguage":"de","@id":"https:\/\/www.fachbau.ch\/#\/schema\/logo\/image\/","url":"https:\/\/www.fachbau.ch\/wp-content\/uploads\/2021\/12\/Logo_fachbau_ch.png","contentUrl":"https:\/\/www.fachbau.ch\/wp-content\/uploads\/2021\/12\/Logo_fachbau_ch.png","width":283,"height":42,"caption":"fachbau.ch"},"image":{"@id":"https:\/\/www.fachbau.ch\/#\/schema\/logo\/image\/"}}]}},"_links":{"self":[{"href":"https:\/\/www.fachbau.ch\/de\/wp-json\/wp\/v2\/product\/13810","targetHints":{"allow":["GET"]}}],"collection":[{"href":"https:\/\/www.fachbau.ch\/de\/wp-json\/wp\/v2\/product"}],"about":[{"href":"https:\/\/www.fachbau.ch\/de\/wp-json\/wp\/v2\/types\/product"}],"wp:featuredmedia":[{"embeddable":true,"href":"https:\/\/www.fachbau.ch\/de\/wp-json\/wp\/v2\/media\/13812"}],"wp:attachment":[{"href":"https:\/\/www.fachbau.ch\/de\/wp-json\/wp\/v2\/media?parent=13810"}],"wp:term":[{"taxonomy":"product_brand","embeddable":true,"href":"https:\/\/www.fachbau.ch\/de\/wp-json\/wp\/v2\/product_brand?post=13810"},{"taxonomy":"product_cat","embeddable":true,"href":"https:\/\/www.fachbau.ch\/de\/wp-json\/wp\/v2\/product_cat?post=13810"},{"taxonomy":"product_tag","embeddable":true,"href":"https:\/\/www.fachbau.ch\/de\/wp-json\/wp\/v2\/product_tag?post=13810"}],"curies":[{"name":"wp","href":"https:\/\/api.w.org\/{rel}","templated":true}]}}