{"id":13807,"date":"2022-01-27T11:20:38","date_gmt":"2022-01-27T10:20:38","guid":{"rendered":"https:\/\/www.fachbau.ch\/?post_type=product&#038;p=13807"},"modified":"2022-01-27T11:20:38","modified_gmt":"2022-01-27T10:20:38","slug":"die-baustellen-10-2013","status":"publish","type":"product","link":"https:\/\/www.fachbau.ch\/de\/product\/die-baustellen-10-2013\/","title":{"rendered":"die baustellen 10\/2013"},"content":{"rendered":"<h2>Branche<\/h2>\n<h2>kurz &amp; knapp<\/h2>\n<p>Schweizer Unternehmen verst\u00e4rken ihren Kundendienst.<\/p>\n<h2>fokus<\/h2>\n<p>St\u00e4nderat und Pr\u00e4sident von Cemsuisse Urs Schwaller spricht \u00fcber Energiepolitik<\/p>\n<p>und die Zementindustrie.<\/p>\n<h2>baukonjunktur<\/h2>\n<p>Konjunkturanalysen im Vergleich.<\/p>\n<h2>verbandsinformation gsgi<\/h2>\n<p>Die Geb\u00e4udeautomatisierung tr\u00e4gt ihren Anteil an der Energiestrategie 2050 des Bundesrats bei.<\/p>\n<h2>projekte<\/h2>\n<p>Vom Energie-freundlichen Departementsbau bis zum genossenschaftlichen \u00abKleinprojektwettbewerb\u00bb.<\/p>\n<h2>bauen im ausland<\/h2>\n<p>Norddeutsche Hafenstadt erweitert ihre City.<\/p>\n<h2>erfinder der bauwelt<\/h2>\n<p>Schwedischer Architekt und Forscher entdeckt 1923 den Porenstein.<\/p>\n<h2>Technik<\/h2>\n<h2>stahlbau<\/h2>\n<ul>\n<li>Stahl \u2013 ein G\u00fctesiegel f\u00fcr Wiederverwertung und nachhaltige Bauweise.<\/li>\n<li>Metallisches Pilzdach f\u00fcr den Busbahnhof Winterthur.<\/li>\n<li>B\u00fcndner Schulweg im Fels steht unter Stahlschutz.<\/li>\n<\/ul>\n<h2>holzbau<\/h2>\n<ul>\n<li>Veranstaltung: Holznutzung und Holzkonstruktion im Aufw\u00e4rtstrend.<\/li>\n<li>Tonnenschwerer Shaker r\u00fcttelt mehrst\u00f6ckiges Holzhaus f\u00fcr reale Messergebnisse.<\/li>\n<li>Rundholzkonstruktion f\u00fcr das Holzschnitzellager im Wald.<\/li>\n<\/ul>\n<h2>branchenstudie<\/h2>\n<p>Die Bauzulieferindustrie ist ein Gradmesser der Bauwirtschaft.<\/p>\n<h2>baustoffe<\/h2>\n<ul>\n<li>Die g\u00fcnstige Energie-Kosten-Bilanz des Kalksandsteins beginnt bei der Produktion.<\/li>\n<li>Empa-Forschung: Computer berechnen das Betonverhalten.<\/li>\n<li>Empa-Forschung: Der selbstheilende Asphalt verl\u00e4ngert die Lebensdauer.<\/li>\n<li>ETH-Forschung: So fliesst der Beton richtig.<\/li>\n<li>Tagungsfazit: Der korrekte Einsatz von Geokunststoffen und Geotextilien entscheidet.<\/li>\n<\/ul>\n<h2>strassenbau<\/h2>\n<p>Tour d\u2019horizon \u00fcber Autobahnbaustellen in der Schweiz.<\/p>\n<p>L\u00e4rmschutzw\u00e4nde im Wandel der Zeit.<\/p>\n<h2>baustellenbericht<\/h2>\n<p>Detailh\u00e4ndler Coop ist Bauherr der zurzeit gr\u00f6ssten Baustelle der Schweiz.<\/p>\n<h2>Management<\/h2>\n<h2>wettermonitoring<\/h2>\n<p>Online-Monitoring zeigt das Baustellenwetter auf einen Blick.<\/p>\n<h2>messevorschau<\/h2>\n<p>Die Plattform f\u00fcr Nutzfahrzeuge an der Bernexpo.<\/p>\n<p>Die Fachmesse f\u00fcr Baustelleneinrichtungen an der Beaulieu Lausanne.<\/p>\n<h2>silobau<\/h2>\n<p>Zementfabrik verdoppelt die Lagerkapazit\u00e4t mit einem neuen Silo.<\/p>\n<h2>jubil\u00e4umsfeier<\/h2>\n<p>Bagger und Baumaschinen seit 50 Jahren aus italienischem Produktionswerk.<\/p>\n<p>Die Bedeutung der Schweizer Konjunkturforschung nach 75 Jahren an der ETH Z\u00fcrich.<\/p>\n<h2>veranstaltung<\/h2>\n<p>5. Kranf\u00fchrer-Cup der Schweiz im Campus Sursee Bildungszentrum Bau.<\/p>\n<p>Heizen und K\u00fchlen mit Sonnenenergie: Der Haustechnikspezialist macht es vor.<\/p>\n<h2>kolumne<\/h2>\n<p>Zu viele Bilder verlieren an Wert, und wie sich ein Unternehmen am Wert misst.<\/p>\n<h2>agenda<\/h2>\n<p>Treffpunkte, Weiterbildung und Meetings f\u00fcr die Baubranche.<\/p>\n<h2>bau-karriere<\/h2>\n<ul>\n<li>Fachspezialisten sind dringend gesucht.<\/li>\n<li>Der Lohn allein gen\u00fcgt nicht als Anreizsystem.<\/li>\n<li>Sal\u00e4rstudie zeigt: Absolventen einer H\u00f6heren Fachschule sind im Vorteil.<\/li>\n<\/ul>\n<h2>sieben-fragen-interview<\/h2>\n<p>Grenznahes Qualit\u00e4ts-Betonelementwerk macht sich fit f\u00fcr \u00f6kologische Bautechnik.<\/p>\n<h2>Service<\/h2>\n<h2>verbandsnachrichten<\/h2>\n<p>Was die Unternehmen bewegt, das bringen die Verb\u00e4nde.<\/p>\n<h2>recht &amp; rekord<\/h2>\n<p>Unternehmer stehen im AGB-Regen und London hat einen legend\u00e4ren Underground.<\/p>\n<h2>bau &amp; kunst<\/h2>\n<p>Lichtinstallation in der Verbindung zwischen zwei Stadtteilen.<\/p>\n<h2>bezugsquellen<\/h2>\n<p>Wer was momentan anbietet, liefert und leistet.<\/p>\n<h2>blickpunkt<\/h2>\n<p>Ausbildungsleiter berichtet aus seiner erfolgreichen Bauf\u00fchrerpraxis.<\/p>\n","protected":false},"excerpt":{"rendered":"<p>Erhalte die deutschsprachige Fachzeitschrift \u00abdie baustellen\u00bb in der Ausgabe 10\/2013 als PDF-Download mit nachfolgendem Inhaltsverzeichnis:<\/p>\n","protected":false},"featured_media":13809,"template":"","meta":{"_acf_changed":false,"pgc_sgb_lightbox_settings":""},"product_brand":[],"product_cat":[1732,1727],"product_tag":[1716],"class_list":{"0":"post-13807","1":"product","2":"type-product","3":"status-publish","4":"has-post-thumbnail","6":"product_cat-die-baustellen","7":"product_cat-einzelausgaben","8":"product_tag-1716","10":"first","11":"instock","12":"downloadable","13":"virtual","14":"taxable","15":"purchasable","16":"product-type-simple"},"acf":[],"yoast_head":"<!-- This site is optimized with the Yoast SEO plugin v27.4 - https:\/\/yoast.com\/product\/yoast-seo-wordpress\/ -->\n<title>die baustellen 10\/2013 - fachbau.ch<\/title>\n<meta name=\"description\" content=\"Erhalte die deutschsprachige Fachzeitschrift \u00abdie baustellen\u00bb in der Ausgabe 10\/2013 als PDF-Download mit nachfolgendem Inhaltsverzeichnis:\" \/>\n<meta name=\"robots\" content=\"index, follow, max-snippet:-1, max-image-preview:large, max-video-preview:-1\" \/>\n<link rel=\"canonical\" href=\"http:\/\/www.fachbau.ch\/de\/de_de\/product\/die-baustellen-10-2013\/\" \/>\n<meta property=\"og:locale\" content=\"de_DE\" \/>\n<meta property=\"og:type\" content=\"article\" \/>\n<meta property=\"og:title\" content=\"die baustellen 10\/2013 - fachbau.ch\" \/>\n<meta property=\"og:description\" content=\"Erhalte die deutschsprachige Fachzeitschrift \u00abdie baustellen\u00bb in der Ausgabe 10\/2013 als PDF-Download mit nachfolgendem Inhaltsverzeichnis:\" \/>\n<meta property=\"og:url\" content=\"http:\/\/www.fachbau.ch\/de\/de_de\/product\/die-baustellen-10-2013\/\" \/>\n<meta property=\"og:site_name\" content=\"fachbau.ch\" \/>\n<meta property=\"og:image\" content=\"https:\/\/www.fachbau.ch\/wp-content\/uploads\/2022\/01\/die_baustellen_2013_10.png\" \/>\n\t<meta property=\"og:image:width\" content=\"654\" \/>\n\t<meta property=\"og:image:height\" content=\"370\" \/>\n\t<meta property=\"og:image:type\" content=\"image\/png\" \/>\n<meta name=\"twitter:card\" content=\"summary_large_image\" \/>\n<meta name=\"twitter:label1\" content=\"Gesch\u00e4tzte Lesezeit\" \/>\n\t<meta name=\"twitter:data1\" content=\"2\u00a0Minuten\" \/>\n<script type=\"application\/ld+json\" class=\"yoast-schema-graph\">{\"@context\":\"https:\\\/\\\/schema.org\",\"@graph\":[{\"@type\":\"WebPage\",\"@id\":\"http:\\\/\\\/www.fachbau.ch\\\/de_de\\\/product\\\/die-baustellen-10-2013\\\/\",\"url\":\"http:\\\/\\\/www.fachbau.ch\\\/de_de\\\/product\\\/die-baustellen-10-2013\\\/\",\"name\":\"die baustellen 10\\\/2013 - fachbau.ch\",\"isPartOf\":{\"@id\":\"https:\\\/\\\/www.fachbau.ch\\\/#website\"},\"primaryImageOfPage\":{\"@id\":\"http:\\\/\\\/www.fachbau.ch\\\/de_de\\\/product\\\/die-baustellen-10-2013\\\/#primaryimage\"},\"image\":{\"@id\":\"http:\\\/\\\/www.fachbau.ch\\\/de_de\\\/product\\\/die-baustellen-10-2013\\\/#primaryimage\"},\"thumbnailUrl\":\"https:\\\/\\\/www.fachbau.ch\\\/wp-content\\\/uploads\\\/2022\\\/01\\\/die_baustellen_2013_10.png\",\"datePublished\":\"2022-01-27T10:20:38+00:00\",\"description\":\"Erhalte die deutschsprachige Fachzeitschrift \u00abdie baustellen\u00bb in der Ausgabe 10\\\/2013 als PDF-Download mit nachfolgendem Inhaltsverzeichnis:\",\"breadcrumb\":{\"@id\":\"http:\\\/\\\/www.fachbau.ch\\\/de_de\\\/product\\\/die-baustellen-10-2013\\\/#breadcrumb\"},\"inLanguage\":\"de\",\"potentialAction\":[{\"@type\":\"ReadAction\",\"target\":[\"http:\\\/\\\/www.fachbau.ch\\\/de_de\\\/product\\\/die-baustellen-10-2013\\\/\"]}]},{\"@type\":\"ImageObject\",\"inLanguage\":\"de\",\"@id\":\"http:\\\/\\\/www.fachbau.ch\\\/de_de\\\/product\\\/die-baustellen-10-2013\\\/#primaryimage\",\"url\":\"https:\\\/\\\/www.fachbau.ch\\\/wp-content\\\/uploads\\\/2022\\\/01\\\/die_baustellen_2013_10.png\",\"contentUrl\":\"https:\\\/\\\/www.fachbau.ch\\\/wp-content\\\/uploads\\\/2022\\\/01\\\/die_baustellen_2013_10.png\",\"width\":654,\"height\":370},{\"@type\":\"BreadcrumbList\",\"@id\":\"http:\\\/\\\/www.fachbau.ch\\\/de_de\\\/product\\\/die-baustellen-10-2013\\\/#breadcrumb\",\"itemListElement\":[{\"@type\":\"ListItem\",\"position\":1,\"name\":\"Startseite\",\"item\":\"https:\\\/\\\/www.fachbau.ch\\\/\"},{\"@type\":\"ListItem\",\"position\":2,\"name\":\"Shop\",\"item\":\"https:\\\/\\\/www.fachbau.ch\\\/shop\\\/\"},{\"@type\":\"ListItem\",\"position\":3,\"name\":\"die baustellen 10\\\/2013\"}]},{\"@type\":\"WebSite\",\"@id\":\"https:\\\/\\\/www.fachbau.ch\\\/#website\",\"url\":\"https:\\\/\\\/www.fachbau.ch\\\/\",\"name\":\"fachbau.ch\",\"description\":\"Modernes, nachhaltiges Bauen.\",\"publisher\":{\"@id\":\"https:\\\/\\\/www.fachbau.ch\\\/#organization\"},\"potentialAction\":[{\"@type\":\"SearchAction\",\"target\":{\"@type\":\"EntryPoint\",\"urlTemplate\":\"https:\\\/\\\/www.fachbau.ch\\\/?s={search_term_string}\"},\"query-input\":{\"@type\":\"PropertyValueSpecification\",\"valueRequired\":true,\"valueName\":\"search_term_string\"}}],\"inLanguage\":\"de\"},{\"@type\":\"Organization\",\"@id\":\"https:\\\/\\\/www.fachbau.ch\\\/#organization\",\"name\":\"fachbau.ch\",\"url\":\"https:\\\/\\\/www.fachbau.ch\\\/\",\"logo\":{\"@type\":\"ImageObject\",\"inLanguage\":\"de\",\"@id\":\"https:\\\/\\\/www.fachbau.ch\\\/#\\\/schema\\\/logo\\\/image\\\/\",\"url\":\"https:\\\/\\\/www.fachbau.ch\\\/wp-content\\\/uploads\\\/2021\\\/12\\\/Logo_fachbau_ch.png\",\"contentUrl\":\"https:\\\/\\\/www.fachbau.ch\\\/wp-content\\\/uploads\\\/2021\\\/12\\\/Logo_fachbau_ch.png\",\"width\":283,\"height\":42,\"caption\":\"fachbau.ch\"},\"image\":{\"@id\":\"https:\\\/\\\/www.fachbau.ch\\\/#\\\/schema\\\/logo\\\/image\\\/\"}}]}<\/script>\n<!-- \/ Yoast SEO plugin. -->","yoast_head_json":{"title":"die baustellen 10\/2013 - fachbau.ch","description":"Erhalte die deutschsprachige Fachzeitschrift \u00abdie baustellen\u00bb in der Ausgabe 10\/2013 als PDF-Download mit nachfolgendem Inhaltsverzeichnis:","robots":{"index":"index","follow":"follow","max-snippet":"max-snippet:-1","max-image-preview":"max-image-preview:large","max-video-preview":"max-video-preview:-1"},"canonical":"http:\/\/www.fachbau.ch\/de\/de_de\/product\/die-baustellen-10-2013\/","og_locale":"de_DE","og_type":"article","og_title":"die baustellen 10\/2013 - fachbau.ch","og_description":"Erhalte die deutschsprachige Fachzeitschrift \u00abdie baustellen\u00bb in der Ausgabe 10\/2013 als PDF-Download mit nachfolgendem Inhaltsverzeichnis:","og_url":"http:\/\/www.fachbau.ch\/de\/de_de\/product\/die-baustellen-10-2013\/","og_site_name":"fachbau.ch","og_image":[{"width":654,"height":370,"url":"https:\/\/www.fachbau.ch\/wp-content\/uploads\/2022\/01\/die_baustellen_2013_10.png","type":"image\/png"}],"twitter_card":"summary_large_image","twitter_misc":{"Gesch\u00e4tzte Lesezeit":"2\u00a0Minuten"},"schema":{"@context":"https:\/\/schema.org","@graph":[{"@type":"WebPage","@id":"http:\/\/www.fachbau.ch\/de_de\/product\/die-baustellen-10-2013\/","url":"http:\/\/www.fachbau.ch\/de_de\/product\/die-baustellen-10-2013\/","name":"die baustellen 10\/2013 - fachbau.ch","isPartOf":{"@id":"https:\/\/www.fachbau.ch\/#website"},"primaryImageOfPage":{"@id":"http:\/\/www.fachbau.ch\/de_de\/product\/die-baustellen-10-2013\/#primaryimage"},"image":{"@id":"http:\/\/www.fachbau.ch\/de_de\/product\/die-baustellen-10-2013\/#primaryimage"},"thumbnailUrl":"https:\/\/www.fachbau.ch\/wp-content\/uploads\/2022\/01\/die_baustellen_2013_10.png","datePublished":"2022-01-27T10:20:38+00:00","description":"Erhalte die deutschsprachige Fachzeitschrift \u00abdie baustellen\u00bb in der Ausgabe 10\/2013 als PDF-Download mit nachfolgendem Inhaltsverzeichnis:","breadcrumb":{"@id":"http:\/\/www.fachbau.ch\/de_de\/product\/die-baustellen-10-2013\/#breadcrumb"},"inLanguage":"de","potentialAction":[{"@type":"ReadAction","target":["http:\/\/www.fachbau.ch\/de_de\/product\/die-baustellen-10-2013\/"]}]},{"@type":"ImageObject","inLanguage":"de","@id":"http:\/\/www.fachbau.ch\/de_de\/product\/die-baustellen-10-2013\/#primaryimage","url":"https:\/\/www.fachbau.ch\/wp-content\/uploads\/2022\/01\/die_baustellen_2013_10.png","contentUrl":"https:\/\/www.fachbau.ch\/wp-content\/uploads\/2022\/01\/die_baustellen_2013_10.png","width":654,"height":370},{"@type":"BreadcrumbList","@id":"http:\/\/www.fachbau.ch\/de_de\/product\/die-baustellen-10-2013\/#breadcrumb","itemListElement":[{"@type":"ListItem","position":1,"name":"Startseite","item":"https:\/\/www.fachbau.ch\/"},{"@type":"ListItem","position":2,"name":"Shop","item":"https:\/\/www.fachbau.ch\/shop\/"},{"@type":"ListItem","position":3,"name":"die baustellen 10\/2013"}]},{"@type":"WebSite","@id":"https:\/\/www.fachbau.ch\/#website","url":"https:\/\/www.fachbau.ch\/","name":"fachbau.ch","description":"Modernes, nachhaltiges Bauen.","publisher":{"@id":"https:\/\/www.fachbau.ch\/#organization"},"potentialAction":[{"@type":"SearchAction","target":{"@type":"EntryPoint","urlTemplate":"https:\/\/www.fachbau.ch\/?s={search_term_string}"},"query-input":{"@type":"PropertyValueSpecification","valueRequired":true,"valueName":"search_term_string"}}],"inLanguage":"de"},{"@type":"Organization","@id":"https:\/\/www.fachbau.ch\/#organization","name":"fachbau.ch","url":"https:\/\/www.fachbau.ch\/","logo":{"@type":"ImageObject","inLanguage":"de","@id":"https:\/\/www.fachbau.ch\/#\/schema\/logo\/image\/","url":"https:\/\/www.fachbau.ch\/wp-content\/uploads\/2021\/12\/Logo_fachbau_ch.png","contentUrl":"https:\/\/www.fachbau.ch\/wp-content\/uploads\/2021\/12\/Logo_fachbau_ch.png","width":283,"height":42,"caption":"fachbau.ch"},"image":{"@id":"https:\/\/www.fachbau.ch\/#\/schema\/logo\/image\/"}}]}},"_links":{"self":[{"href":"https:\/\/www.fachbau.ch\/de\/wp-json\/wp\/v2\/product\/13807","targetHints":{"allow":["GET"]}}],"collection":[{"href":"https:\/\/www.fachbau.ch\/de\/wp-json\/wp\/v2\/product"}],"about":[{"href":"https:\/\/www.fachbau.ch\/de\/wp-json\/wp\/v2\/types\/product"}],"wp:featuredmedia":[{"embeddable":true,"href":"https:\/\/www.fachbau.ch\/de\/wp-json\/wp\/v2\/media\/13809"}],"wp:attachment":[{"href":"https:\/\/www.fachbau.ch\/de\/wp-json\/wp\/v2\/media?parent=13807"}],"wp:term":[{"taxonomy":"product_brand","embeddable":true,"href":"https:\/\/www.fachbau.ch\/de\/wp-json\/wp\/v2\/product_brand?post=13807"},{"taxonomy":"product_cat","embeddable":true,"href":"https:\/\/www.fachbau.ch\/de\/wp-json\/wp\/v2\/product_cat?post=13807"},{"taxonomy":"product_tag","embeddable":true,"href":"https:\/\/www.fachbau.ch\/de\/wp-json\/wp\/v2\/product_tag?post=13807"}],"curies":[{"name":"wp","href":"https:\/\/api.w.org\/{rel}","templated":true}]}}