{"id":13804,"date":"2022-01-27T10:50:55","date_gmt":"2022-01-27T09:50:55","guid":{"rendered":"https:\/\/www.fachbau.ch\/?post_type=product&#038;p=13804"},"modified":"2022-01-27T10:50:55","modified_gmt":"2022-01-27T09:50:55","slug":"die-baustellen-11-2013","status":"publish","type":"product","link":"https:\/\/www.fachbau.ch\/de\/product\/die-baustellen-11-2013\/","title":{"rendered":"die baustellen 11\/2013"},"content":{"rendered":"<h2>Branche<\/h2>\n<h2>kurz &amp; knapp<\/h2>\n<p>Gewerbe und Akteure halten die Baubranche auf Trab.<\/p>\n<h2>fokus<\/h2>\n<p>Was es f\u00fcr einen Schweizer Schalungsbauer bedeutet, Wachstum voranzutreiben.<\/p>\n<h2>baukonjunktur<\/h2>\n<p>Schweizer Bauwirtschaft im Konjunkturgalopp.<\/p>\n<h2>bauspektrum<\/h2>\n<p>R\u00fcstzeug f\u00fcr Unternehmer: Szenarien und ihre Konsequenzen.<\/p>\n<h2>projekte<\/h2>\n<p>Lang oder hoch: vom Nahverkehr bis zum China-Hochhaus.<\/p>\n<h2>bauen im ausland<\/h2>\n<p>Bl\u00e4tter-Glasdach f\u00fcr den franz\u00f6sischen St\u00e4dtebau.<\/p>\n<h2>erfinder der bauwelt<\/h2>\n<p>Vom Beginn der elektrischen Revolution in der europ\u00e4ischen \u00d6ffentlichkeit.<\/p>\n<h2>Technik<\/h2>\n<h2>sprengtechnik<\/h2>\n<p>Die Sprengmeister informieren die Fachwelt.<\/p>\n<p>Weiterkommen dank Sprengtechnik.<\/p>\n<h2>naturgefahren<\/h2>\n<p>Aufgrund der Aufzeichnungen liefert der simulierte Steinschlag die Berechnungsdaten.<\/p>\n<p>Die flexible B\u00f6schungssicherung bew\u00e4hrt sich im Grossfeldversuch.<\/p>\n<h2>schalungstechnik<\/h2>\n<ul>\n<li>Die Schalung und ihr Entwicklungspotenzial.<\/li>\n<li>Leichtsystemschalung im Einsatz f\u00fcr die H\u00f6rnlih\u00fctte am Matterhorn.<\/li>\n<li>Konisch geformte Systemschalung bew\u00e4hrt sich im Ingenieurbau.<\/li>\n<\/ul>\n<h2>ger\u00fcstbau<\/h2>\n<ul>\n<li>Schweizer Berufsmeisterschaft im neuen Campus Polybat in Les Paccots FR.<\/li>\n<li>Wo aktuell Tragger\u00fcste in der Anwendung stehen.<\/li>\n<li>Burgruine erh\u00e4lt mit dem Sanierungsger\u00fcst eine Aussichtsplattform.<\/li>\n<li>Hochfester Stahl ist die Basis f\u00fcr ein neuartiges Leichtger\u00fcst.<\/li>\n<\/ul>\n<h2>sportanlagen<\/h2>\n<p>Brasiliens Fussballstation verf\u00fcgt \u00fcber Hightech-Lichtqualit\u00e4t und LED-Grosspanel.<\/p>\n<p>Private Stadionidee anstatt Abstimmungskater.<\/p>\n<h2>rohrleitungsbau<\/h2>\n<p>Unsichtbare Grossbaustelle f\u00fcr Z\u00fcrichs Glasfasernetz.<\/p>\n<p>Neue Produkte f\u00fcr die Rohrf\u00f6rdertechnik.<\/p>\n<h2>baustellenbericht<\/h2>\n<p>\u00abWankdorfCity\u00bb \u2013 in Bern w\u00e4chst ein Dienstleistungs- und Stadtquartier.<\/p>\n<p>Fussball, Eishockey, Curling und vieles mehr in einem Gesamtkomplex in Biel.<\/p>\n<h2>strassenbau<\/h2>\n<p>Geschichte und Technik der Betonkreisel in der Schweiz.<\/p>\n<h2>firmensoftware<\/h2>\n<p>Zeitgem\u00e4sse ERP-L\u00f6sung f\u00fcr ein vielf\u00e4ltiges Bauunternehmen.<\/p>\n<h2>Management<\/h2>\n<h2>baumaschinen<\/h2>\n<p>Einsichten und Rundg\u00e4nge in der Welt eines Baumaschinen-Herstellers.<\/p>\n<h2>cadre d\u2019or<\/h2>\n<p>Auszeichnung f\u00fcr engagierte Schweizer Bauleistungen: zwei Gewinner und ein Champion.<\/p>\n<h2>kolumne<\/h2>\n<p>Ob Website oder eine Leistung: Beides l\u00e4sst sich auf den Wert beurteilen.<\/p>\n<h2>agenda<\/h2>\n<p>Wo sich Unternehmer, Kader und Baufachleute aktuelle Kompetenzen holen.<\/p>\n<h2>bau-karriere<\/h2>\n<p>Chancen f\u00fcr einen Karriereschub.<\/p>\n<p>Buchvorstellung: den Jungen die Bauwelt begreifbar machen.<\/p>\n<h2>Service<\/h2>\n<h2>recht &amp; rekord<\/h2>\n<p>\u00dcber die Solidarhaftung und eine Kontinentalverbindung.<\/p>\n<h2>sieben-fragen-interview<\/h2>\n<p>Ein Schweizer Metallbauer macht das ganze Programm.<\/p>\n<h2>verbandsnachrichten<\/h2>\n<p>Stellungnahmen und Aktionen f\u00fcr eine engagierte Bauwirtschaft.<\/p>\n<h2>bau &amp; kunst<\/h2>\n<p>Eine Wandgestaltung belebt den Raum und bewegt das Gem\u00fct.<\/p>\n<h2>blickpunkt<\/h2>\n<p>Vom Kran fasziniert, in den Bergen zuhause.<\/p>\n<h2>bezugsquellen<\/h2>\n<p>Diesen Monat f\u00fcr den Profi im Angebot.<\/p>\n","protected":false},"excerpt":{"rendered":"<p>Erhalte die deutschsprachige Fachzeitschrift \u00abdie baustellen\u00bb in der Ausgabe 11\/2013 als PDF-Download mit nachfolgendem Inhaltsverzeichnis:<\/p>\n","protected":false},"featured_media":13806,"template":"","meta":{"_acf_changed":false,"pgc_sgb_lightbox_settings":""},"product_brand":[],"product_cat":[1732,1727],"product_tag":[1716],"class_list":{"0":"post-13804","1":"product","2":"type-product","3":"status-publish","4":"has-post-thumbnail","6":"product_cat-die-baustellen","7":"product_cat-einzelausgaben","8":"product_tag-1716","10":"first","11":"instock","12":"downloadable","13":"virtual","14":"taxable","15":"purchasable","16":"product-type-simple"},"acf":[],"yoast_head":"<!-- This site is optimized with the Yoast SEO plugin v27.4 - https:\/\/yoast.com\/product\/yoast-seo-wordpress\/ -->\n<title>die baustellen 11\/2013 - fachbau.ch<\/title>\n<meta name=\"description\" content=\"Erhalte die deutschsprachige Fachzeitschrift \u00abdie baustellen\u00bb in der Ausgabe 11\/2013 als PDF-Download mit nachfolgendem Inhaltsverzeichnis:\" \/>\n<meta name=\"robots\" content=\"index, follow, max-snippet:-1, max-image-preview:large, max-video-preview:-1\" \/>\n<link rel=\"canonical\" href=\"http:\/\/www.fachbau.ch\/de\/de_de\/product\/die-baustellen-11-2013\/\" \/>\n<meta property=\"og:locale\" content=\"de_DE\" \/>\n<meta property=\"og:type\" content=\"article\" \/>\n<meta property=\"og:title\" content=\"die baustellen 11\/2013 - fachbau.ch\" \/>\n<meta property=\"og:description\" content=\"Erhalte die deutschsprachige Fachzeitschrift \u00abdie baustellen\u00bb in der Ausgabe 11\/2013 als PDF-Download mit nachfolgendem Inhaltsverzeichnis:\" \/>\n<meta property=\"og:url\" content=\"http:\/\/www.fachbau.ch\/de\/de_de\/product\/die-baustellen-11-2013\/\" \/>\n<meta property=\"og:site_name\" content=\"fachbau.ch\" \/>\n<meta property=\"og:image\" content=\"https:\/\/www.fachbau.ch\/wp-content\/uploads\/2022\/01\/die_baustellen_2013_11.png\" \/>\n\t<meta property=\"og:image:width\" content=\"654\" \/>\n\t<meta property=\"og:image:height\" content=\"370\" \/>\n\t<meta property=\"og:image:type\" content=\"image\/png\" \/>\n<meta name=\"twitter:card\" content=\"summary_large_image\" \/>\n<meta name=\"twitter:label1\" content=\"Gesch\u00e4tzte Lesezeit\" \/>\n\t<meta name=\"twitter:data1\" content=\"2\u00a0Minuten\" \/>\n<script type=\"application\/ld+json\" class=\"yoast-schema-graph\">{\"@context\":\"https:\\\/\\\/schema.org\",\"@graph\":[{\"@type\":\"WebPage\",\"@id\":\"http:\\\/\\\/www.fachbau.ch\\\/de_de\\\/product\\\/die-baustellen-11-2013\\\/\",\"url\":\"http:\\\/\\\/www.fachbau.ch\\\/de_de\\\/product\\\/die-baustellen-11-2013\\\/\",\"name\":\"die baustellen 11\\\/2013 - fachbau.ch\",\"isPartOf\":{\"@id\":\"https:\\\/\\\/www.fachbau.ch\\\/#website\"},\"primaryImageOfPage\":{\"@id\":\"http:\\\/\\\/www.fachbau.ch\\\/de_de\\\/product\\\/die-baustellen-11-2013\\\/#primaryimage\"},\"image\":{\"@id\":\"http:\\\/\\\/www.fachbau.ch\\\/de_de\\\/product\\\/die-baustellen-11-2013\\\/#primaryimage\"},\"thumbnailUrl\":\"https:\\\/\\\/www.fachbau.ch\\\/wp-content\\\/uploads\\\/2022\\\/01\\\/die_baustellen_2013_11.png\",\"datePublished\":\"2022-01-27T09:50:55+00:00\",\"description\":\"Erhalte die deutschsprachige Fachzeitschrift \u00abdie baustellen\u00bb in der Ausgabe 11\\\/2013 als PDF-Download mit nachfolgendem Inhaltsverzeichnis:\",\"breadcrumb\":{\"@id\":\"http:\\\/\\\/www.fachbau.ch\\\/de_de\\\/product\\\/die-baustellen-11-2013\\\/#breadcrumb\"},\"inLanguage\":\"de\",\"potentialAction\":[{\"@type\":\"ReadAction\",\"target\":[\"http:\\\/\\\/www.fachbau.ch\\\/de_de\\\/product\\\/die-baustellen-11-2013\\\/\"]}]},{\"@type\":\"ImageObject\",\"inLanguage\":\"de\",\"@id\":\"http:\\\/\\\/www.fachbau.ch\\\/de_de\\\/product\\\/die-baustellen-11-2013\\\/#primaryimage\",\"url\":\"https:\\\/\\\/www.fachbau.ch\\\/wp-content\\\/uploads\\\/2022\\\/01\\\/die_baustellen_2013_11.png\",\"contentUrl\":\"https:\\\/\\\/www.fachbau.ch\\\/wp-content\\\/uploads\\\/2022\\\/01\\\/die_baustellen_2013_11.png\",\"width\":654,\"height\":370},{\"@type\":\"BreadcrumbList\",\"@id\":\"http:\\\/\\\/www.fachbau.ch\\\/de_de\\\/product\\\/die-baustellen-11-2013\\\/#breadcrumb\",\"itemListElement\":[{\"@type\":\"ListItem\",\"position\":1,\"name\":\"Startseite\",\"item\":\"https:\\\/\\\/www.fachbau.ch\\\/\"},{\"@type\":\"ListItem\",\"position\":2,\"name\":\"Shop\",\"item\":\"https:\\\/\\\/www.fachbau.ch\\\/shop\\\/\"},{\"@type\":\"ListItem\",\"position\":3,\"name\":\"die baustellen 11\\\/2013\"}]},{\"@type\":\"WebSite\",\"@id\":\"https:\\\/\\\/www.fachbau.ch\\\/#website\",\"url\":\"https:\\\/\\\/www.fachbau.ch\\\/\",\"name\":\"fachbau.ch\",\"description\":\"Modernes, nachhaltiges Bauen.\",\"publisher\":{\"@id\":\"https:\\\/\\\/www.fachbau.ch\\\/#organization\"},\"potentialAction\":[{\"@type\":\"SearchAction\",\"target\":{\"@type\":\"EntryPoint\",\"urlTemplate\":\"https:\\\/\\\/www.fachbau.ch\\\/?s={search_term_string}\"},\"query-input\":{\"@type\":\"PropertyValueSpecification\",\"valueRequired\":true,\"valueName\":\"search_term_string\"}}],\"inLanguage\":\"de\"},{\"@type\":\"Organization\",\"@id\":\"https:\\\/\\\/www.fachbau.ch\\\/#organization\",\"name\":\"fachbau.ch\",\"url\":\"https:\\\/\\\/www.fachbau.ch\\\/\",\"logo\":{\"@type\":\"ImageObject\",\"inLanguage\":\"de\",\"@id\":\"https:\\\/\\\/www.fachbau.ch\\\/#\\\/schema\\\/logo\\\/image\\\/\",\"url\":\"https:\\\/\\\/www.fachbau.ch\\\/wp-content\\\/uploads\\\/2021\\\/12\\\/Logo_fachbau_ch.png\",\"contentUrl\":\"https:\\\/\\\/www.fachbau.ch\\\/wp-content\\\/uploads\\\/2021\\\/12\\\/Logo_fachbau_ch.png\",\"width\":283,\"height\":42,\"caption\":\"fachbau.ch\"},\"image\":{\"@id\":\"https:\\\/\\\/www.fachbau.ch\\\/#\\\/schema\\\/logo\\\/image\\\/\"}}]}<\/script>\n<!-- \/ Yoast SEO plugin. -->","yoast_head_json":{"title":"die baustellen 11\/2013 - fachbau.ch","description":"Erhalte die deutschsprachige Fachzeitschrift \u00abdie baustellen\u00bb in der Ausgabe 11\/2013 als PDF-Download mit nachfolgendem Inhaltsverzeichnis:","robots":{"index":"index","follow":"follow","max-snippet":"max-snippet:-1","max-image-preview":"max-image-preview:large","max-video-preview":"max-video-preview:-1"},"canonical":"http:\/\/www.fachbau.ch\/de\/de_de\/product\/die-baustellen-11-2013\/","og_locale":"de_DE","og_type":"article","og_title":"die baustellen 11\/2013 - fachbau.ch","og_description":"Erhalte die deutschsprachige Fachzeitschrift \u00abdie baustellen\u00bb in der Ausgabe 11\/2013 als PDF-Download mit nachfolgendem Inhaltsverzeichnis:","og_url":"http:\/\/www.fachbau.ch\/de\/de_de\/product\/die-baustellen-11-2013\/","og_site_name":"fachbau.ch","og_image":[{"width":654,"height":370,"url":"https:\/\/www.fachbau.ch\/wp-content\/uploads\/2022\/01\/die_baustellen_2013_11.png","type":"image\/png"}],"twitter_card":"summary_large_image","twitter_misc":{"Gesch\u00e4tzte Lesezeit":"2\u00a0Minuten"},"schema":{"@context":"https:\/\/schema.org","@graph":[{"@type":"WebPage","@id":"http:\/\/www.fachbau.ch\/de_de\/product\/die-baustellen-11-2013\/","url":"http:\/\/www.fachbau.ch\/de_de\/product\/die-baustellen-11-2013\/","name":"die baustellen 11\/2013 - fachbau.ch","isPartOf":{"@id":"https:\/\/www.fachbau.ch\/#website"},"primaryImageOfPage":{"@id":"http:\/\/www.fachbau.ch\/de_de\/product\/die-baustellen-11-2013\/#primaryimage"},"image":{"@id":"http:\/\/www.fachbau.ch\/de_de\/product\/die-baustellen-11-2013\/#primaryimage"},"thumbnailUrl":"https:\/\/www.fachbau.ch\/wp-content\/uploads\/2022\/01\/die_baustellen_2013_11.png","datePublished":"2022-01-27T09:50:55+00:00","description":"Erhalte die deutschsprachige Fachzeitschrift \u00abdie baustellen\u00bb in der Ausgabe 11\/2013 als PDF-Download mit nachfolgendem Inhaltsverzeichnis:","breadcrumb":{"@id":"http:\/\/www.fachbau.ch\/de_de\/product\/die-baustellen-11-2013\/#breadcrumb"},"inLanguage":"de","potentialAction":[{"@type":"ReadAction","target":["http:\/\/www.fachbau.ch\/de_de\/product\/die-baustellen-11-2013\/"]}]},{"@type":"ImageObject","inLanguage":"de","@id":"http:\/\/www.fachbau.ch\/de_de\/product\/die-baustellen-11-2013\/#primaryimage","url":"https:\/\/www.fachbau.ch\/wp-content\/uploads\/2022\/01\/die_baustellen_2013_11.png","contentUrl":"https:\/\/www.fachbau.ch\/wp-content\/uploads\/2022\/01\/die_baustellen_2013_11.png","width":654,"height":370},{"@type":"BreadcrumbList","@id":"http:\/\/www.fachbau.ch\/de_de\/product\/die-baustellen-11-2013\/#breadcrumb","itemListElement":[{"@type":"ListItem","position":1,"name":"Startseite","item":"https:\/\/www.fachbau.ch\/"},{"@type":"ListItem","position":2,"name":"Shop","item":"https:\/\/www.fachbau.ch\/shop\/"},{"@type":"ListItem","position":3,"name":"die baustellen 11\/2013"}]},{"@type":"WebSite","@id":"https:\/\/www.fachbau.ch\/#website","url":"https:\/\/www.fachbau.ch\/","name":"fachbau.ch","description":"Modernes, nachhaltiges Bauen.","publisher":{"@id":"https:\/\/www.fachbau.ch\/#organization"},"potentialAction":[{"@type":"SearchAction","target":{"@type":"EntryPoint","urlTemplate":"https:\/\/www.fachbau.ch\/?s={search_term_string}"},"query-input":{"@type":"PropertyValueSpecification","valueRequired":true,"valueName":"search_term_string"}}],"inLanguage":"de"},{"@type":"Organization","@id":"https:\/\/www.fachbau.ch\/#organization","name":"fachbau.ch","url":"https:\/\/www.fachbau.ch\/","logo":{"@type":"ImageObject","inLanguage":"de","@id":"https:\/\/www.fachbau.ch\/#\/schema\/logo\/image\/","url":"https:\/\/www.fachbau.ch\/wp-content\/uploads\/2021\/12\/Logo_fachbau_ch.png","contentUrl":"https:\/\/www.fachbau.ch\/wp-content\/uploads\/2021\/12\/Logo_fachbau_ch.png","width":283,"height":42,"caption":"fachbau.ch"},"image":{"@id":"https:\/\/www.fachbau.ch\/#\/schema\/logo\/image\/"}}]}},"_links":{"self":[{"href":"https:\/\/www.fachbau.ch\/de\/wp-json\/wp\/v2\/product\/13804","targetHints":{"allow":["GET"]}}],"collection":[{"href":"https:\/\/www.fachbau.ch\/de\/wp-json\/wp\/v2\/product"}],"about":[{"href":"https:\/\/www.fachbau.ch\/de\/wp-json\/wp\/v2\/types\/product"}],"wp:featuredmedia":[{"embeddable":true,"href":"https:\/\/www.fachbau.ch\/de\/wp-json\/wp\/v2\/media\/13806"}],"wp:attachment":[{"href":"https:\/\/www.fachbau.ch\/de\/wp-json\/wp\/v2\/media?parent=13804"}],"wp:term":[{"taxonomy":"product_brand","embeddable":true,"href":"https:\/\/www.fachbau.ch\/de\/wp-json\/wp\/v2\/product_brand?post=13804"},{"taxonomy":"product_cat","embeddable":true,"href":"https:\/\/www.fachbau.ch\/de\/wp-json\/wp\/v2\/product_cat?post=13804"},{"taxonomy":"product_tag","embeddable":true,"href":"https:\/\/www.fachbau.ch\/de\/wp-json\/wp\/v2\/product_tag?post=13804"}],"curies":[{"name":"wp","href":"https:\/\/api.w.org\/{rel}","templated":true}]}}