{"id":13801,"date":"2022-01-27T10:33:14","date_gmt":"2022-01-27T09:33:14","guid":{"rendered":"https:\/\/www.fachbau.ch\/?post_type=product&#038;p=13801"},"modified":"2022-01-27T10:33:14","modified_gmt":"2022-01-27T09:33:14","slug":"die-baustellen-1-2014","status":"publish","type":"product","link":"https:\/\/www.fachbau.ch\/de\/product\/die-baustellen-1-2014\/","title":{"rendered":"die baustellen 1\/2014"},"content":{"rendered":"<h2>Branche<\/h2>\n<h2>kurz &amp; knapp<\/h2>\n<p>Neues Jahr, neue Auftr\u00e4ge, Chargen und Dienstleistungen.<\/p>\n<h2>fokus<\/h2>\n<p>Der Nationalrat und Bauenschweiz-Pr\u00e4sident Hans Killer spricht \u00fcber Politik und Meinungsbildung.<\/p>\n<h2>baukonjunktur<\/h2>\n<p>Die Schweizer Wirtschaft st\u00fctzt sich in der Breite.<\/p>\n<h2>projekte<\/h2>\n<p>Von Berner Stadtvillen bis zur City University von New York.<\/p>\n<h2>bauen im ausland<\/h2>\n<p>Die Verkehrseinhausung in Warschau, Polen, besteht aus einem m\u00e4chtigen Lichtdach.<\/p>\n<h2>erfinder der bauwelt<\/h2>\n<p>Schweizer Ingenieur revolutionierte die Vermessungstechnologie.<\/p>\n<h2>expertenrunde<\/h2>\n<p>3 mal 6 Unternehmer f\u00fcr Baumaschinen und Schalungsbau im Interview.<\/p>\n<h2>Technik<\/h2>\n<h2>schalungen<\/h2>\n<ul>\n<li>Berner Baumaschinen-Messe bringt alles \u00fcber den Schalungsbau in eine Halle.<\/li>\n<li>Weniger Systemteile ist gleich weniger Aufwand.<\/li>\n<li>Trapeztr\u00e4ger-Rundschalung formt str\u00f6mungsg\u00fcnstige Bauwerksteile.<\/li>\n<li>Starke Wandschalung erlaubt neue Betonierh\u00f6hen.<\/li>\n<li>Wie flexibel und schnell die gr\u00f6sste private Baustelle der Schweiz hochgezogen wird.<\/li>\n<\/ul>\n<h2>bauplatz<\/h2>\n<ul>\n<li>Unser Sonderteil \u00fcber den Bauplatz und seine Besonderheiten.<\/li>\n<li>Praxisbericht Baustellenorganisation. Mit dem Gesch\u00e4ftsf\u00fchrer eines grossen Schweizer Bauunternehmens.<\/li>\n<li>Die Baugrube. Aspekte, Zusammenh\u00e4nge und aktuelle Technologien.<\/li>\n<li>Die Bauwerktrenner. Ihre Aufgaben, Maschinen und Verfahren.<\/li>\n<li>Der Bauschutt. Wie heute ein effizienter und emissionsgerechter Umgang abl\u00e4uft.<\/li>\n<li>Die Arbeitssicherheit. Was getan werden kann und die Regeln zum Schutz der Bauarbeitenden.<\/li>\n<li>Die Raumsysteme. Ein namhafter Schweizer Spezialist zeigt die M\u00f6glichkeiten versetzbarer Raumcontainer von heute.<\/li>\n<li>Der Saugbagger. Der aktuelle Baustellenbericht erschliesst Service und Leistung.<\/li>\n<li>Wie ein effizienter Kraneinsatz auf der Baustelle abl\u00e4uft.<\/li>\n<\/ul>\n<h2>vorbericht<\/h2>\n<p>Die Fachmesse \u00abaqua pro gaz\u00bb findet Anfang Februar im Espace Gruy\u00e8re, Bulle FR statt.<\/p>\n<p>Und Mitte Februar Kongress, Ausstellungen und Veranstaltungen der Betontage in Neu-Ulm, Deutschland.<\/p>\n<h2>betontechnik<\/h2>\n<ul>\n<li>Vorfabrizierte Profilformen erlauben die individuelle bauliche Gestaltung bis ins Detail.<\/li>\n<li>Bindlochabdeckungen sind ein praktisches Tool und verleihen der Oberfl\u00e4che den gewissen Touch.<\/li>\n<li>Sichtbetonoberfl\u00e4chen sind allgegenw\u00e4rtig \u2013 doch wer k\u00fcmmert sich um deren Attraktivit\u00e4t?<\/li>\n<\/ul>\n<h2>Management<\/h2>\n<h2>arbeitssicherheit<\/h2>\n<p>Baustelle in der Winterzeit. Was zu beachten ist.<\/p>\n<h2>bau-apps<\/h2>\n<p>Mobile Apps \u2013 n\u00fctzliche Tools f\u00fcr den Bauprofi im mobilen Equipment.<\/p>\n<h2>kolumne<\/h2>\n<p>Wenn der Onlineshop die Kunden versteht und die Besch\u00e4ftigung Spass macht.<\/p>\n<h2>kolumne\/agenda<\/h2>\n<p>Interessante Termine f\u00fcr die Agenda des Bauprofis.<\/p>\n<h2>bau-karriere<\/h2>\n<ul>\n<li>Neue Herausforderungen erwarten die qualifizierte Fachfrau\/den qualifizierten Fachmann.<\/li>\n<li>F\u00e4cher\u00fcbergreifendes Fachwissen in Architektur und Ingenieurbau an der HTW Chur.<\/li>\n<li>Die Baukaderschmiede des Verbands der Schweizerischen Generalunternehmer.<\/li>\n<\/ul>\n<h2>Service<\/h2>\n<h2>sieben-fragen-interview<\/h2>\n<p>Individuelle Transportsysteme schaffen Mehrwert f\u00fcr Bauplatz, Baumaschinen und Lkw.<\/p>\n<h2>verbandsnachrichten<\/h2>\n<p>Die aktuellen Positionen, Aktionen, Initiativen und Pr\u00e4sentationen der Fachverb\u00e4nde.<\/p>\n<h2>recht &amp; rekord<\/h2>\n<p>Was eine gemeinsame Expertise n\u00fctzt und eine franz\u00f6sische Hubbr\u00fccke symbolisiert.<\/p>\n<h2>bau &amp; kunst<\/h2>\n<p>Eingravierte Texte im Campus-Neubau geben Orientierung und zu denken.<\/p>\n<h2>bezugsquellen<\/h2>\n<p>Was es wo zu beziehen gibt \u2013 die aktuellen Adressdaten.<\/p>\n<h2>blickpunkt<\/h2>\n<p>Im Team zu entscheiden ist nicht einfach, aber h\u00e4ufig lohnenswert.<\/p>\n","protected":false},"excerpt":{"rendered":"<p>Erhalte die deutschsprachige Fachzeitschrift \u00abdie baustellen\u00bb in der Ausgabe 1\/2014 als PDF-Download mit nachfolgendem Inhaltsverzeichnis:<\/p>\n","protected":false},"featured_media":13803,"template":"","meta":{"_acf_changed":false,"pgc_sgb_lightbox_settings":""},"product_brand":[],"product_cat":[1732,1727],"product_tag":[1717],"class_list":{"0":"post-13801","1":"product","2":"type-product","3":"status-publish","4":"has-post-thumbnail","6":"product_cat-die-baustellen","7":"product_cat-einzelausgaben","8":"product_tag-1717","10":"first","11":"instock","12":"downloadable","13":"virtual","14":"taxable","15":"purchasable","16":"product-type-simple"},"acf":[],"yoast_head":"<!-- This site is optimized with the Yoast SEO plugin v27.4 - https:\/\/yoast.com\/product\/yoast-seo-wordpress\/ -->\n<title>die baustellen 1\/2014 - fachbau.ch<\/title>\n<meta name=\"description\" content=\"Erhalte die deutschsprachige Fachzeitschrift \u00abdie baustellen\u00bb in der Ausgabe 1\/2014 als PDF-Download mit nachfolgendem Inhaltsverzeichnis:\" \/>\n<meta name=\"robots\" content=\"index, follow, max-snippet:-1, max-image-preview:large, max-video-preview:-1\" \/>\n<link rel=\"canonical\" href=\"http:\/\/www.fachbau.ch\/de\/de_de\/product\/die-baustellen-1-2014\/\" \/>\n<meta property=\"og:locale\" content=\"de_DE\" \/>\n<meta property=\"og:type\" content=\"article\" \/>\n<meta property=\"og:title\" content=\"die baustellen 1\/2014 - fachbau.ch\" \/>\n<meta property=\"og:description\" content=\"Erhalte die deutschsprachige Fachzeitschrift \u00abdie baustellen\u00bb in der Ausgabe 1\/2014 als PDF-Download mit nachfolgendem Inhaltsverzeichnis:\" \/>\n<meta property=\"og:url\" content=\"http:\/\/www.fachbau.ch\/de\/de_de\/product\/die-baustellen-1-2014\/\" \/>\n<meta property=\"og:site_name\" content=\"fachbau.ch\" \/>\n<meta property=\"og:image\" content=\"https:\/\/www.fachbau.ch\/wp-content\/uploads\/2022\/01\/die_baustellen_2014_1.png\" \/>\n\t<meta property=\"og:image:width\" content=\"654\" \/>\n\t<meta property=\"og:image:height\" content=\"370\" \/>\n\t<meta property=\"og:image:type\" content=\"image\/png\" \/>\n<meta name=\"twitter:card\" content=\"summary_large_image\" \/>\n<meta name=\"twitter:label1\" content=\"Gesch\u00e4tzte Lesezeit\" \/>\n\t<meta name=\"twitter:data1\" content=\"2\u00a0Minuten\" \/>\n<script type=\"application\/ld+json\" class=\"yoast-schema-graph\">{\"@context\":\"https:\\\/\\\/schema.org\",\"@graph\":[{\"@type\":\"WebPage\",\"@id\":\"http:\\\/\\\/www.fachbau.ch\\\/de_de\\\/product\\\/die-baustellen-1-2014\\\/\",\"url\":\"http:\\\/\\\/www.fachbau.ch\\\/de_de\\\/product\\\/die-baustellen-1-2014\\\/\",\"name\":\"die baustellen 1\\\/2014 - fachbau.ch\",\"isPartOf\":{\"@id\":\"https:\\\/\\\/www.fachbau.ch\\\/#website\"},\"primaryImageOfPage\":{\"@id\":\"http:\\\/\\\/www.fachbau.ch\\\/de_de\\\/product\\\/die-baustellen-1-2014\\\/#primaryimage\"},\"image\":{\"@id\":\"http:\\\/\\\/www.fachbau.ch\\\/de_de\\\/product\\\/die-baustellen-1-2014\\\/#primaryimage\"},\"thumbnailUrl\":\"https:\\\/\\\/www.fachbau.ch\\\/wp-content\\\/uploads\\\/2022\\\/01\\\/die_baustellen_2014_1.png\",\"datePublished\":\"2022-01-27T09:33:14+00:00\",\"description\":\"Erhalte die deutschsprachige Fachzeitschrift \u00abdie baustellen\u00bb in der Ausgabe 1\\\/2014 als PDF-Download mit nachfolgendem Inhaltsverzeichnis:\",\"breadcrumb\":{\"@id\":\"http:\\\/\\\/www.fachbau.ch\\\/de_de\\\/product\\\/die-baustellen-1-2014\\\/#breadcrumb\"},\"inLanguage\":\"de\",\"potentialAction\":[{\"@type\":\"ReadAction\",\"target\":[\"http:\\\/\\\/www.fachbau.ch\\\/de_de\\\/product\\\/die-baustellen-1-2014\\\/\"]}]},{\"@type\":\"ImageObject\",\"inLanguage\":\"de\",\"@id\":\"http:\\\/\\\/www.fachbau.ch\\\/de_de\\\/product\\\/die-baustellen-1-2014\\\/#primaryimage\",\"url\":\"https:\\\/\\\/www.fachbau.ch\\\/wp-content\\\/uploads\\\/2022\\\/01\\\/die_baustellen_2014_1.png\",\"contentUrl\":\"https:\\\/\\\/www.fachbau.ch\\\/wp-content\\\/uploads\\\/2022\\\/01\\\/die_baustellen_2014_1.png\",\"width\":654,\"height\":370},{\"@type\":\"BreadcrumbList\",\"@id\":\"http:\\\/\\\/www.fachbau.ch\\\/de_de\\\/product\\\/die-baustellen-1-2014\\\/#breadcrumb\",\"itemListElement\":[{\"@type\":\"ListItem\",\"position\":1,\"name\":\"Startseite\",\"item\":\"https:\\\/\\\/www.fachbau.ch\\\/\"},{\"@type\":\"ListItem\",\"position\":2,\"name\":\"Shop\",\"item\":\"https:\\\/\\\/www.fachbau.ch\\\/shop\\\/\"},{\"@type\":\"ListItem\",\"position\":3,\"name\":\"die baustellen 1\\\/2014\"}]},{\"@type\":\"WebSite\",\"@id\":\"https:\\\/\\\/www.fachbau.ch\\\/#website\",\"url\":\"https:\\\/\\\/www.fachbau.ch\\\/\",\"name\":\"fachbau.ch\",\"description\":\"Modernes, nachhaltiges Bauen.\",\"publisher\":{\"@id\":\"https:\\\/\\\/www.fachbau.ch\\\/#organization\"},\"potentialAction\":[{\"@type\":\"SearchAction\",\"target\":{\"@type\":\"EntryPoint\",\"urlTemplate\":\"https:\\\/\\\/www.fachbau.ch\\\/?s={search_term_string}\"},\"query-input\":{\"@type\":\"PropertyValueSpecification\",\"valueRequired\":true,\"valueName\":\"search_term_string\"}}],\"inLanguage\":\"de\"},{\"@type\":\"Organization\",\"@id\":\"https:\\\/\\\/www.fachbau.ch\\\/#organization\",\"name\":\"fachbau.ch\",\"url\":\"https:\\\/\\\/www.fachbau.ch\\\/\",\"logo\":{\"@type\":\"ImageObject\",\"inLanguage\":\"de\",\"@id\":\"https:\\\/\\\/www.fachbau.ch\\\/#\\\/schema\\\/logo\\\/image\\\/\",\"url\":\"https:\\\/\\\/www.fachbau.ch\\\/wp-content\\\/uploads\\\/2021\\\/12\\\/Logo_fachbau_ch.png\",\"contentUrl\":\"https:\\\/\\\/www.fachbau.ch\\\/wp-content\\\/uploads\\\/2021\\\/12\\\/Logo_fachbau_ch.png\",\"width\":283,\"height\":42,\"caption\":\"fachbau.ch\"},\"image\":{\"@id\":\"https:\\\/\\\/www.fachbau.ch\\\/#\\\/schema\\\/logo\\\/image\\\/\"}}]}<\/script>\n<!-- \/ Yoast SEO plugin. -->","yoast_head_json":{"title":"die baustellen 1\/2014 - fachbau.ch","description":"Erhalte die deutschsprachige Fachzeitschrift \u00abdie baustellen\u00bb in der Ausgabe 1\/2014 als PDF-Download mit nachfolgendem Inhaltsverzeichnis:","robots":{"index":"index","follow":"follow","max-snippet":"max-snippet:-1","max-image-preview":"max-image-preview:large","max-video-preview":"max-video-preview:-1"},"canonical":"http:\/\/www.fachbau.ch\/de\/de_de\/product\/die-baustellen-1-2014\/","og_locale":"de_DE","og_type":"article","og_title":"die baustellen 1\/2014 - fachbau.ch","og_description":"Erhalte die deutschsprachige Fachzeitschrift \u00abdie baustellen\u00bb in der Ausgabe 1\/2014 als PDF-Download mit nachfolgendem Inhaltsverzeichnis:","og_url":"http:\/\/www.fachbau.ch\/de\/de_de\/product\/die-baustellen-1-2014\/","og_site_name":"fachbau.ch","og_image":[{"width":654,"height":370,"url":"https:\/\/www.fachbau.ch\/wp-content\/uploads\/2022\/01\/die_baustellen_2014_1.png","type":"image\/png"}],"twitter_card":"summary_large_image","twitter_misc":{"Gesch\u00e4tzte Lesezeit":"2\u00a0Minuten"},"schema":{"@context":"https:\/\/schema.org","@graph":[{"@type":"WebPage","@id":"http:\/\/www.fachbau.ch\/de_de\/product\/die-baustellen-1-2014\/","url":"http:\/\/www.fachbau.ch\/de_de\/product\/die-baustellen-1-2014\/","name":"die baustellen 1\/2014 - fachbau.ch","isPartOf":{"@id":"https:\/\/www.fachbau.ch\/#website"},"primaryImageOfPage":{"@id":"http:\/\/www.fachbau.ch\/de_de\/product\/die-baustellen-1-2014\/#primaryimage"},"image":{"@id":"http:\/\/www.fachbau.ch\/de_de\/product\/die-baustellen-1-2014\/#primaryimage"},"thumbnailUrl":"https:\/\/www.fachbau.ch\/wp-content\/uploads\/2022\/01\/die_baustellen_2014_1.png","datePublished":"2022-01-27T09:33:14+00:00","description":"Erhalte die deutschsprachige Fachzeitschrift \u00abdie baustellen\u00bb in der Ausgabe 1\/2014 als PDF-Download mit nachfolgendem Inhaltsverzeichnis:","breadcrumb":{"@id":"http:\/\/www.fachbau.ch\/de_de\/product\/die-baustellen-1-2014\/#breadcrumb"},"inLanguage":"de","potentialAction":[{"@type":"ReadAction","target":["http:\/\/www.fachbau.ch\/de_de\/product\/die-baustellen-1-2014\/"]}]},{"@type":"ImageObject","inLanguage":"de","@id":"http:\/\/www.fachbau.ch\/de_de\/product\/die-baustellen-1-2014\/#primaryimage","url":"https:\/\/www.fachbau.ch\/wp-content\/uploads\/2022\/01\/die_baustellen_2014_1.png","contentUrl":"https:\/\/www.fachbau.ch\/wp-content\/uploads\/2022\/01\/die_baustellen_2014_1.png","width":654,"height":370},{"@type":"BreadcrumbList","@id":"http:\/\/www.fachbau.ch\/de_de\/product\/die-baustellen-1-2014\/#breadcrumb","itemListElement":[{"@type":"ListItem","position":1,"name":"Startseite","item":"https:\/\/www.fachbau.ch\/"},{"@type":"ListItem","position":2,"name":"Shop","item":"https:\/\/www.fachbau.ch\/shop\/"},{"@type":"ListItem","position":3,"name":"die baustellen 1\/2014"}]},{"@type":"WebSite","@id":"https:\/\/www.fachbau.ch\/#website","url":"https:\/\/www.fachbau.ch\/","name":"fachbau.ch","description":"Modernes, nachhaltiges Bauen.","publisher":{"@id":"https:\/\/www.fachbau.ch\/#organization"},"potentialAction":[{"@type":"SearchAction","target":{"@type":"EntryPoint","urlTemplate":"https:\/\/www.fachbau.ch\/?s={search_term_string}"},"query-input":{"@type":"PropertyValueSpecification","valueRequired":true,"valueName":"search_term_string"}}],"inLanguage":"de"},{"@type":"Organization","@id":"https:\/\/www.fachbau.ch\/#organization","name":"fachbau.ch","url":"https:\/\/www.fachbau.ch\/","logo":{"@type":"ImageObject","inLanguage":"de","@id":"https:\/\/www.fachbau.ch\/#\/schema\/logo\/image\/","url":"https:\/\/www.fachbau.ch\/wp-content\/uploads\/2021\/12\/Logo_fachbau_ch.png","contentUrl":"https:\/\/www.fachbau.ch\/wp-content\/uploads\/2021\/12\/Logo_fachbau_ch.png","width":283,"height":42,"caption":"fachbau.ch"},"image":{"@id":"https:\/\/www.fachbau.ch\/#\/schema\/logo\/image\/"}}]}},"_links":{"self":[{"href":"https:\/\/www.fachbau.ch\/de\/wp-json\/wp\/v2\/product\/13801","targetHints":{"allow":["GET"]}}],"collection":[{"href":"https:\/\/www.fachbau.ch\/de\/wp-json\/wp\/v2\/product"}],"about":[{"href":"https:\/\/www.fachbau.ch\/de\/wp-json\/wp\/v2\/types\/product"}],"wp:featuredmedia":[{"embeddable":true,"href":"https:\/\/www.fachbau.ch\/de\/wp-json\/wp\/v2\/media\/13803"}],"wp:attachment":[{"href":"https:\/\/www.fachbau.ch\/de\/wp-json\/wp\/v2\/media?parent=13801"}],"wp:term":[{"taxonomy":"product_brand","embeddable":true,"href":"https:\/\/www.fachbau.ch\/de\/wp-json\/wp\/v2\/product_brand?post=13801"},{"taxonomy":"product_cat","embeddable":true,"href":"https:\/\/www.fachbau.ch\/de\/wp-json\/wp\/v2\/product_cat?post=13801"},{"taxonomy":"product_tag","embeddable":true,"href":"https:\/\/www.fachbau.ch\/de\/wp-json\/wp\/v2\/product_tag?post=13801"}],"curies":[{"name":"wp","href":"https:\/\/api.w.org\/{rel}","templated":true}]}}