{"id":13798,"date":"2022-01-27T10:22:42","date_gmt":"2022-01-27T09:22:42","guid":{"rendered":"https:\/\/www.fachbau.ch\/?post_type=product&#038;p=13798"},"modified":"2022-01-27T10:22:42","modified_gmt":"2022-01-27T09:22:42","slug":"die-baustellen-2-2014","status":"publish","type":"product","link":"https:\/\/www.fachbau.ch\/de\/product\/die-baustellen-2-2014\/","title":{"rendered":"die baustellen 2\/2014"},"content":{"rendered":"<h2>Branche<\/h2>\n<h2>kurz &amp; knapp<\/h2>\n<p>Von Preisverleihungen und \u00dcbernahmen bis zur gesetzlichen Umsetzung und Amtstr\u00e4gern.<\/p>\n<h2>fokus<\/h2>\n<p>Die Baumaschinen-Messe in Bern befindet sich im Aufbau. Ein Gespr\u00e4ch mit dem Messeleiter.<\/p>\n<h2>baukonjunktur<\/h2>\n<p>Die Baubranche w\u00e4chst weiterhin, auch aufgrund des Arbeitsvorrats.<\/p>\n<h2>verbandsnachrichten gsgi<\/h2>\n<p>Am Forum Bauindustrie 2014: Chancen und Risiken eines nachhaltigen Energiesystems.<\/p>\n<h2>projekte<\/h2>\n<p>Baustart f\u00fcr das Dielsdorfer Gesundheitszentrum und die Ebikoner Einkaufsmall.<\/p>\n<h2>bauen im ausland<\/h2>\n<p>Schalungssystem bringt glatte Oberfl\u00e4chen f\u00fcr die Achterbahn.<\/p>\n<h2>erfinder der bauwelt<\/h2>\n<p>Deutscher Arzt erfindet den gesunden Mauerstein.<\/p>\n<h2>Technik<\/h2>\n<h2>baumaschinen-messe<\/h2>\n<ul>\n<li>Das Schweizer Baumaschinen-Panorama sammelt sich in Bern.<\/li>\n<li>Unsere \u00dcbersicht der Baumaschinen im Schweizer Markt.<\/li>\n<li>Auftakt zur Baumaschinen-Messe 2014 in Bern: Aussteller-Vorberichte auf zehn Seiten.<\/li>\n<\/ul>\n<h2>ersatzneubau<\/h2>\n<p>Ambiti\u00f6ses R\u00fcckbauprogramm f\u00fcr das Fussballmuseum am Bahnhof Enge.<\/p>\n<h2>baumaschinen-steuerung<\/h2>\n<p>Diese mobile Steuerung l\u00e4sst sich an den Mobilkran anpassen.<\/p>\n<h2>baumaschinen-einsatz<\/h2>\n<ul>\n<li>Wie kommt der Saugbagger auf die Schmalspur-Zahnradbahn?<\/li>\n<li>Das modernste Abschlepp- und Bergungsfahrzeug der Schweiz demonstriert sein K\u00f6nnen.<\/li>\n<li>Ein mobiler Kran dieser Gr\u00f6sse ist jetzt auch unter blauem Nummernschild unterwegs.<\/li>\n<\/ul>\n<h2>wasserkraft<\/h2>\n<p>Wie viel Potenzial hat der Ausbau der Wasserkraftwerke in der Schweiz?<\/p>\n<p>Milliarden f\u00fcr die Schweizer Wasserkraft: Eine \u00dcbersicht der aktuellen Baustellen.<\/p>\n<h2>hochwasserschutz<\/h2>\n<p>Gew\u00e4sserschutz zwischen Zivilisation und nat\u00fcrlichem Verlauf.<\/p>\n<h2>materialforschung<\/h2>\n<p>Von der Unfalluntersuchung bis zur wissenschaftlichen Grundlagenforschung:<\/p>\n<p>Die Geschichte der Empa.<\/p>\n<h2>hangsicherung<\/h2>\n<p>HTW Chur sucht die B\u00f6schungssicherung mittels Holzwolle.<\/p>\n<h2>sportanlagenbau<\/h2>\n<p>WM-taugliche Lichtanlagen im neuen Fussball-Stadion von S\u00e3o Paulo.<\/p>\n<p>Vorgehensweisen f\u00fcr den erfolgreichen Einbau eines Sportbodenbelags.<\/p>\n<h2>swissbau 2014<\/h2>\n<p>Die Schweizer Baumesse bringt die Kompetenzen zusammen. Unsere R\u00fcckschau auf f\u00fcnf Seiten.<\/p>\n<h2>Management<\/h2>\n<h2>modellbau<\/h2>\n<p>Dreidimensional drucken birgt einerseits Gefahren und f\u00f6rdert andererseits die Kreativit\u00e4t.<\/p>\n<h2>verbandsnachrichten fab<\/h2>\n<p>Welche Chancen und Gefahren Tiefpreisangebote mit sich bringen.<\/p>\n<h2>veranstaltungsbericht<\/h2>\n<p>Kontakttreffen bringt Studienabg\u00e4nger und Unternehmen zusammen.<\/p>\n<p>Infra-Tagung 2014: Wie der Unterhalt von Verkehrswegen und Leitungsnetzen wahrgenommen wird.<\/p>\n<h2>kolumne<\/h2>\n<p>Dran bleiben. Das Erfolgsprinzip f\u00fcr Webentwickler wie auch f\u00fcr tempor\u00e4re Mitarbeiter.<\/p>\n<h2>agenda<\/h2>\n<p>Initiativen, Ausstellungen, Messen und Seminare \u2013 vielf\u00e4ltige Termine f\u00fcr die Bauschaffenden.<\/p>\n<h2>bau-karriere<\/h2>\n<ul>\n<li>Wo sich qualifizierte Fachkr\u00e4fte entfalten k\u00f6nnen.<\/li>\n<li>Der Fachkr\u00e4ftemangel in unserem Land: Analyse und Aussichten.<\/li>\n<li>Welche Kompetenzen eine gute Lehrperson an einer h\u00f6heren Fachschule mitbringen sollte.<\/li>\n<\/ul>\n<h2>Service<\/h2>\n<h2>sieben-fragen-interview<\/h2>\n<p>Wie sich ein Schweizer Multifunktions-Unternehmen positioniert.<\/p>\n<h2>verbandsnachrichten<\/h2>\n<p>F\u00fcr das Gewerbe unterwegs, f\u00fcr die Ausbildung engagiert.<\/p>\n<h2>recht &amp; rekord<\/h2>\n<p>Wann \u00abjederzeit k\u00fcndbar\u00bb nicht erw\u00fcnscht ist und es f\u00fcr eine Standseilbahn schwierig wird.<\/p>\n<h2>bau &amp; kunst<\/h2>\n<p>Neuartige Methoden pr\u00e4gen ein Bild auf den Beton.<\/p>\n<h2>bezugsquellen<\/h2>\n<p>Wer was f\u00fcr den Bauprofi tut oder liefert. Die aktuellen Angebote.<\/p>\n<h2>blickpunkt<\/h2>\n<p>Der Personalcoach hat ein Herz f\u00fcr historische Baumaschinen.<\/p>\n","protected":false},"excerpt":{"rendered":"<p>Erhalte die deutschsprachige Fachzeitschrift \u00abdie baustellen\u00bb in der Ausgabe 2\/2014 als PDF-Download mit nachfolgendem Inhaltsverzeichnis:<\/p>\n","protected":false},"featured_media":13800,"template":"","meta":{"_acf_changed":false,"pgc_sgb_lightbox_settings":""},"product_brand":[],"product_cat":[1732,1727],"product_tag":[1717],"class_list":{"0":"post-13798","1":"product","2":"type-product","3":"status-publish","4":"has-post-thumbnail","6":"product_cat-die-baustellen","7":"product_cat-einzelausgaben","8":"product_tag-1717","10":"first","11":"instock","12":"downloadable","13":"virtual","14":"taxable","15":"purchasable","16":"product-type-simple"},"acf":[],"yoast_head":"<!-- This site is optimized with the Yoast SEO plugin v27.4 - https:\/\/yoast.com\/product\/yoast-seo-wordpress\/ -->\n<title>die baustellen 2\/2014 - fachbau.ch<\/title>\n<meta name=\"description\" content=\"Erhalte die deutschsprachige Fachzeitschrift \u00abdie baustellen\u00bb in der Ausgabe 2\/2014 als PDF-Download mit nachfolgendem Inhaltsverzeichnis:\" \/>\n<meta name=\"robots\" content=\"index, follow, max-snippet:-1, max-image-preview:large, max-video-preview:-1\" \/>\n<link rel=\"canonical\" href=\"http:\/\/www.fachbau.ch\/de\/de_de\/product\/die-baustellen-2-2014\/\" \/>\n<meta property=\"og:locale\" content=\"de_DE\" \/>\n<meta property=\"og:type\" content=\"article\" \/>\n<meta property=\"og:title\" content=\"die baustellen 2\/2014 - fachbau.ch\" \/>\n<meta property=\"og:description\" content=\"Erhalte die deutschsprachige Fachzeitschrift \u00abdie baustellen\u00bb in der Ausgabe 2\/2014 als PDF-Download mit nachfolgendem Inhaltsverzeichnis:\" \/>\n<meta property=\"og:url\" content=\"http:\/\/www.fachbau.ch\/de\/de_de\/product\/die-baustellen-2-2014\/\" \/>\n<meta property=\"og:site_name\" content=\"fachbau.ch\" \/>\n<meta property=\"og:image\" content=\"https:\/\/www.fachbau.ch\/wp-content\/uploads\/2022\/01\/die_baustellen_2014_2.png\" \/>\n\t<meta property=\"og:image:width\" content=\"654\" \/>\n\t<meta property=\"og:image:height\" content=\"370\" \/>\n\t<meta property=\"og:image:type\" content=\"image\/png\" \/>\n<meta name=\"twitter:card\" content=\"summary_large_image\" \/>\n<meta name=\"twitter:label1\" content=\"Gesch\u00e4tzte Lesezeit\" \/>\n\t<meta name=\"twitter:data1\" content=\"2\u00a0Minuten\" \/>\n<script type=\"application\/ld+json\" class=\"yoast-schema-graph\">{\"@context\":\"https:\\\/\\\/schema.org\",\"@graph\":[{\"@type\":\"WebPage\",\"@id\":\"http:\\\/\\\/www.fachbau.ch\\\/de_de\\\/product\\\/die-baustellen-2-2014\\\/\",\"url\":\"http:\\\/\\\/www.fachbau.ch\\\/de_de\\\/product\\\/die-baustellen-2-2014\\\/\",\"name\":\"die baustellen 2\\\/2014 - fachbau.ch\",\"isPartOf\":{\"@id\":\"https:\\\/\\\/www.fachbau.ch\\\/#website\"},\"primaryImageOfPage\":{\"@id\":\"http:\\\/\\\/www.fachbau.ch\\\/de_de\\\/product\\\/die-baustellen-2-2014\\\/#primaryimage\"},\"image\":{\"@id\":\"http:\\\/\\\/www.fachbau.ch\\\/de_de\\\/product\\\/die-baustellen-2-2014\\\/#primaryimage\"},\"thumbnailUrl\":\"https:\\\/\\\/www.fachbau.ch\\\/wp-content\\\/uploads\\\/2022\\\/01\\\/die_baustellen_2014_2.png\",\"datePublished\":\"2022-01-27T09:22:42+00:00\",\"description\":\"Erhalte die deutschsprachige Fachzeitschrift \u00abdie baustellen\u00bb in der Ausgabe 2\\\/2014 als PDF-Download mit nachfolgendem Inhaltsverzeichnis:\",\"breadcrumb\":{\"@id\":\"http:\\\/\\\/www.fachbau.ch\\\/de_de\\\/product\\\/die-baustellen-2-2014\\\/#breadcrumb\"},\"inLanguage\":\"de\",\"potentialAction\":[{\"@type\":\"ReadAction\",\"target\":[\"http:\\\/\\\/www.fachbau.ch\\\/de_de\\\/product\\\/die-baustellen-2-2014\\\/\"]}]},{\"@type\":\"ImageObject\",\"inLanguage\":\"de\",\"@id\":\"http:\\\/\\\/www.fachbau.ch\\\/de_de\\\/product\\\/die-baustellen-2-2014\\\/#primaryimage\",\"url\":\"https:\\\/\\\/www.fachbau.ch\\\/wp-content\\\/uploads\\\/2022\\\/01\\\/die_baustellen_2014_2.png\",\"contentUrl\":\"https:\\\/\\\/www.fachbau.ch\\\/wp-content\\\/uploads\\\/2022\\\/01\\\/die_baustellen_2014_2.png\",\"width\":654,\"height\":370},{\"@type\":\"BreadcrumbList\",\"@id\":\"http:\\\/\\\/www.fachbau.ch\\\/de_de\\\/product\\\/die-baustellen-2-2014\\\/#breadcrumb\",\"itemListElement\":[{\"@type\":\"ListItem\",\"position\":1,\"name\":\"Startseite\",\"item\":\"https:\\\/\\\/www.fachbau.ch\\\/\"},{\"@type\":\"ListItem\",\"position\":2,\"name\":\"Shop\",\"item\":\"https:\\\/\\\/www.fachbau.ch\\\/shop\\\/\"},{\"@type\":\"ListItem\",\"position\":3,\"name\":\"die baustellen 2\\\/2014\"}]},{\"@type\":\"WebSite\",\"@id\":\"https:\\\/\\\/www.fachbau.ch\\\/#website\",\"url\":\"https:\\\/\\\/www.fachbau.ch\\\/\",\"name\":\"fachbau.ch\",\"description\":\"Modernes, nachhaltiges Bauen.\",\"publisher\":{\"@id\":\"https:\\\/\\\/www.fachbau.ch\\\/#organization\"},\"potentialAction\":[{\"@type\":\"SearchAction\",\"target\":{\"@type\":\"EntryPoint\",\"urlTemplate\":\"https:\\\/\\\/www.fachbau.ch\\\/?s={search_term_string}\"},\"query-input\":{\"@type\":\"PropertyValueSpecification\",\"valueRequired\":true,\"valueName\":\"search_term_string\"}}],\"inLanguage\":\"de\"},{\"@type\":\"Organization\",\"@id\":\"https:\\\/\\\/www.fachbau.ch\\\/#organization\",\"name\":\"fachbau.ch\",\"url\":\"https:\\\/\\\/www.fachbau.ch\\\/\",\"logo\":{\"@type\":\"ImageObject\",\"inLanguage\":\"de\",\"@id\":\"https:\\\/\\\/www.fachbau.ch\\\/#\\\/schema\\\/logo\\\/image\\\/\",\"url\":\"https:\\\/\\\/www.fachbau.ch\\\/wp-content\\\/uploads\\\/2021\\\/12\\\/Logo_fachbau_ch.png\",\"contentUrl\":\"https:\\\/\\\/www.fachbau.ch\\\/wp-content\\\/uploads\\\/2021\\\/12\\\/Logo_fachbau_ch.png\",\"width\":283,\"height\":42,\"caption\":\"fachbau.ch\"},\"image\":{\"@id\":\"https:\\\/\\\/www.fachbau.ch\\\/#\\\/schema\\\/logo\\\/image\\\/\"}}]}<\/script>\n<!-- \/ Yoast SEO plugin. -->","yoast_head_json":{"title":"die baustellen 2\/2014 - fachbau.ch","description":"Erhalte die deutschsprachige Fachzeitschrift \u00abdie baustellen\u00bb in der Ausgabe 2\/2014 als PDF-Download mit nachfolgendem Inhaltsverzeichnis:","robots":{"index":"index","follow":"follow","max-snippet":"max-snippet:-1","max-image-preview":"max-image-preview:large","max-video-preview":"max-video-preview:-1"},"canonical":"http:\/\/www.fachbau.ch\/de\/de_de\/product\/die-baustellen-2-2014\/","og_locale":"de_DE","og_type":"article","og_title":"die baustellen 2\/2014 - fachbau.ch","og_description":"Erhalte die deutschsprachige Fachzeitschrift \u00abdie baustellen\u00bb in der Ausgabe 2\/2014 als PDF-Download mit nachfolgendem Inhaltsverzeichnis:","og_url":"http:\/\/www.fachbau.ch\/de\/de_de\/product\/die-baustellen-2-2014\/","og_site_name":"fachbau.ch","og_image":[{"width":654,"height":370,"url":"https:\/\/www.fachbau.ch\/wp-content\/uploads\/2022\/01\/die_baustellen_2014_2.png","type":"image\/png"}],"twitter_card":"summary_large_image","twitter_misc":{"Gesch\u00e4tzte Lesezeit":"2\u00a0Minuten"},"schema":{"@context":"https:\/\/schema.org","@graph":[{"@type":"WebPage","@id":"http:\/\/www.fachbau.ch\/de_de\/product\/die-baustellen-2-2014\/","url":"http:\/\/www.fachbau.ch\/de_de\/product\/die-baustellen-2-2014\/","name":"die baustellen 2\/2014 - fachbau.ch","isPartOf":{"@id":"https:\/\/www.fachbau.ch\/#website"},"primaryImageOfPage":{"@id":"http:\/\/www.fachbau.ch\/de_de\/product\/die-baustellen-2-2014\/#primaryimage"},"image":{"@id":"http:\/\/www.fachbau.ch\/de_de\/product\/die-baustellen-2-2014\/#primaryimage"},"thumbnailUrl":"https:\/\/www.fachbau.ch\/wp-content\/uploads\/2022\/01\/die_baustellen_2014_2.png","datePublished":"2022-01-27T09:22:42+00:00","description":"Erhalte die deutschsprachige Fachzeitschrift \u00abdie baustellen\u00bb in der Ausgabe 2\/2014 als PDF-Download mit nachfolgendem Inhaltsverzeichnis:","breadcrumb":{"@id":"http:\/\/www.fachbau.ch\/de_de\/product\/die-baustellen-2-2014\/#breadcrumb"},"inLanguage":"de","potentialAction":[{"@type":"ReadAction","target":["http:\/\/www.fachbau.ch\/de_de\/product\/die-baustellen-2-2014\/"]}]},{"@type":"ImageObject","inLanguage":"de","@id":"http:\/\/www.fachbau.ch\/de_de\/product\/die-baustellen-2-2014\/#primaryimage","url":"https:\/\/www.fachbau.ch\/wp-content\/uploads\/2022\/01\/die_baustellen_2014_2.png","contentUrl":"https:\/\/www.fachbau.ch\/wp-content\/uploads\/2022\/01\/die_baustellen_2014_2.png","width":654,"height":370},{"@type":"BreadcrumbList","@id":"http:\/\/www.fachbau.ch\/de_de\/product\/die-baustellen-2-2014\/#breadcrumb","itemListElement":[{"@type":"ListItem","position":1,"name":"Startseite","item":"https:\/\/www.fachbau.ch\/"},{"@type":"ListItem","position":2,"name":"Shop","item":"https:\/\/www.fachbau.ch\/shop\/"},{"@type":"ListItem","position":3,"name":"die baustellen 2\/2014"}]},{"@type":"WebSite","@id":"https:\/\/www.fachbau.ch\/#website","url":"https:\/\/www.fachbau.ch\/","name":"fachbau.ch","description":"Modernes, nachhaltiges Bauen.","publisher":{"@id":"https:\/\/www.fachbau.ch\/#organization"},"potentialAction":[{"@type":"SearchAction","target":{"@type":"EntryPoint","urlTemplate":"https:\/\/www.fachbau.ch\/?s={search_term_string}"},"query-input":{"@type":"PropertyValueSpecification","valueRequired":true,"valueName":"search_term_string"}}],"inLanguage":"de"},{"@type":"Organization","@id":"https:\/\/www.fachbau.ch\/#organization","name":"fachbau.ch","url":"https:\/\/www.fachbau.ch\/","logo":{"@type":"ImageObject","inLanguage":"de","@id":"https:\/\/www.fachbau.ch\/#\/schema\/logo\/image\/","url":"https:\/\/www.fachbau.ch\/wp-content\/uploads\/2021\/12\/Logo_fachbau_ch.png","contentUrl":"https:\/\/www.fachbau.ch\/wp-content\/uploads\/2021\/12\/Logo_fachbau_ch.png","width":283,"height":42,"caption":"fachbau.ch"},"image":{"@id":"https:\/\/www.fachbau.ch\/#\/schema\/logo\/image\/"}}]}},"_links":{"self":[{"href":"https:\/\/www.fachbau.ch\/de\/wp-json\/wp\/v2\/product\/13798","targetHints":{"allow":["GET"]}}],"collection":[{"href":"https:\/\/www.fachbau.ch\/de\/wp-json\/wp\/v2\/product"}],"about":[{"href":"https:\/\/www.fachbau.ch\/de\/wp-json\/wp\/v2\/types\/product"}],"wp:featuredmedia":[{"embeddable":true,"href":"https:\/\/www.fachbau.ch\/de\/wp-json\/wp\/v2\/media\/13800"}],"wp:attachment":[{"href":"https:\/\/www.fachbau.ch\/de\/wp-json\/wp\/v2\/media?parent=13798"}],"wp:term":[{"taxonomy":"product_brand","embeddable":true,"href":"https:\/\/www.fachbau.ch\/de\/wp-json\/wp\/v2\/product_brand?post=13798"},{"taxonomy":"product_cat","embeddable":true,"href":"https:\/\/www.fachbau.ch\/de\/wp-json\/wp\/v2\/product_cat?post=13798"},{"taxonomy":"product_tag","embeddable":true,"href":"https:\/\/www.fachbau.ch\/de\/wp-json\/wp\/v2\/product_tag?post=13798"}],"curies":[{"name":"wp","href":"https:\/\/api.w.org\/{rel}","templated":true}]}}