{"id":13795,"date":"2022-01-27T10:11:40","date_gmt":"2022-01-27T09:11:40","guid":{"rendered":"https:\/\/www.fachbau.ch\/?post_type=product&#038;p=13795"},"modified":"2022-01-27T10:11:40","modified_gmt":"2022-01-27T09:11:40","slug":"die-baustellen-3-2014","status":"publish","type":"product","link":"https:\/\/www.fachbau.ch\/de\/product\/die-baustellen-3-2014\/","title":{"rendered":"die baustellen 3\/2014"},"content":{"rendered":"<h2>Branche<\/h2>\n<h2>kurz &amp; knapp<\/h2>\n<p>Es wird kr\u00e4ftig gebaut und umgebaut, sei es technisch oder gesch\u00e4ftlich.<\/p>\n<h2>fokus<\/h2>\n<p>Landesmanager erkl\u00e4rt, wie er im irischen Konzern Freunde gefunden hat.<\/p>\n<h2>baukonjunktur<\/h2>\n<p>Es ist kein abgeschw\u00e4chtes Wachstum in Sicht.<\/p>\n<h2>verbandsinformation vsgu<\/h2>\n<p>Gr\u00f6ssere Projekte werden mit Vorteil durch einen (zertifizierten) Gesamtdienstleister realisiert.<\/p>\n<h2>projekte<\/h2>\n<p>Die Pl\u00e4ne versprechen mehr Gr\u00fcn: f\u00fcrs Leben und Wohnen, f\u00fcrs Studieren und Forschen.<\/p>\n<h2>bauen im ausland<\/h2>\n<p>\u00dcber den Mehrwert eines Gezeitenkraftwerks in Lagunenform.<\/p>\n<h2>erfinder der bauwelt<\/h2>\n<p>Erst die kontrollierte Z\u00fcndung bringt den Motor zum Laufen.<\/p>\n<h2>Technik<\/h2>\n<h2>baumaterial, baustoffe<\/h2>\n<ul>\n<li>Wie die Forschung nach dem dauerhaften Substanzerhalt tragender Bauteile sucht.<\/li>\n<li>Wie sich die neue SIA-Norm 380\/1 nach der Revision auswirken k\u00f6nnte.<\/li>\n<li>Lieferant f\u00fcr Baustoffe und Bauchemie unterst\u00fctzt auf allen Plattformen.<\/li>\n<li>Der effiziente Passivhausbau gelingt mit thermoaktiven Betonelementen.<\/li>\n<li>\u00a0Die h\u00f6chste Rinnenqualit\u00e4t ist nun Teil des Schachtsystems.<\/li>\n<li>Wenn die Fragmentierungsanlage den Beton in seine Bestandteile zur\u00fcckf\u00fchrt.<\/li>\n<li>Holzwolle klimatisiert, dient der Anpflanzung und ist hautfreundlich anwendbar.<\/li>\n<li>Neuer Feuchtespeicherputz reguliert das Raumklima.<\/li>\n<li>Der Verfahrensentwickler f\u00fchrt die Bauwerke aus Senkungen zur\u00fcck.<br \/>\nBauspenglerei mit langj\u00e4hriger Geschichte tr\u00e4gt an geschichtstr\u00e4chtiger Wiederherstellung bei.<\/li>\n<\/ul>\n<h2>infrastrukturbau<\/h2>\n<p>Studie zeigt gangbare Wege zum nachhaltigen Management unserer Infrastruktur.<\/p>\n<h2>wasserbau<\/h2>\n<ul>\n<li>Regionalwirtschaftliche Studien zu einer Energiewende mit der Wasserkraft.<\/li>\n<li>Den Wasserfluss ohne Verstopfung regeln.<\/li>\n<li>Die Forschung legt Grundlagen f\u00fcr \u00f6kologische Revitalisierungen.<\/li>\n<\/ul>\n<h2>vorbericht<\/h2>\n<p>Kongress und Forum zu Standortbestimmung und Zielsetzungen in der Tiefengeothermie.<\/p>\n<h2>sprengtechnik<\/h2>\n<p>Den Uniturm in 6 Sekunden gef\u00e4llt.<\/p>\n<h2>verkehrswegebau<\/h2>\n<ul>\n<li>Niederl\u00e4ndische Entwicklungen f\u00fcr interaktive Strassen.<\/li>\n<li>Kletterarbeiter erleben Sch\u00f6nheit und Gefahr der Gebirgsbaustellen.<\/li>\n<li>Neuartige Konzepte zeigen Wege auf f\u00fcr einen effizienteren G\u00fcterverkehr.<\/li>\n<\/ul>\n<h3>Management<\/h3>\n<h2>veranstaltungsbericht<\/h2>\n<p>Kleinbagger und Raupenkipper stehen im Zentrum des Festgel\u00e4ndes.<\/p>\n<h2>baumaschinen-messe bern<\/h2>\n<p>Die Baumaschinen-Messe Bern zeigte, wie bauen noch einfacher geht.<\/p>\n<h2>bausoftware<\/h2>\n<p>So leiten Architekten und Ingenieure ihre Projekte erfolgreich.<\/p>\n<h2>projektabwicklung<\/h2>\n<p>Planerteam oder Generalunternehmung: ein Praxisbericht.<\/p>\n<h2>baumaschinenfinanzierung<\/h2>\n<p>Individuelle Finanzierungspakete machen Baumaschinen berechenbar.<\/p>\n<h2>kolumne<\/h2>\n<p>Wie man online die Besucher empf\u00e4ngt und im Bauberuf das Personal behandelt.<\/p>\n<h2>agenda<\/h2>\n<p>Ob Lehrgang oder Event \u2013 die Baubranche bietet vielseitige Anl\u00e4sse.<\/p>\n<h2>bau-karriere<\/h2>\n<p>Wo ausgebildete Berufsleute ihre Herausforderungen finden.<\/p>\n<p>Das Kommunikationsverhalten: Was Gesch\u00e4ftsf\u00fchrer einbringen und erwarten.<\/p>\n<h2>Service<\/h2>\n<h2>sieben-fragen-interview<\/h2>\n<p>Gesch\u00e4ftsleiter nutzt die Synergien von Elektro- und Automationsprodukten.<\/p>\n<h2>verbandsnachrichten<\/h2>\n<p>Einladungen und Stellungnahmen geben der Baubranche ein Profil.<\/p>\n<h2>recht &amp; rekord<\/h2>\n<p>\u00dcber die kontinentalen Unterschiede bei Bauvertr\u00e4gen und erneuerbaren Energien.<\/p>\n<h2>bau &amp; kunst<\/h2>\n<p>Sicherheitszaun verbiegt sich im industriellen Krafteinfluss.<\/p>\n<h2>bezugsquellen<\/h2>\n<p>Damit lassen sich die lokalen Ressourcen f\u00fcr das n\u00e4chste Projekt erschliessen.<\/p>\n<h2>blickpunkt<\/h2>\n<p>Kein Tag ist derselbe auf dem Kranfahrzeug.<\/p>\n","protected":false},"excerpt":{"rendered":"<p>Erhalte die deutschsprachige Fachzeitschrift \u00abdie baustellen\u00bb in der Ausgabe 3\/2014 als PDF-Download mit nachfolgendem Inhaltsverzeichnis:<\/p>\n","protected":false},"featured_media":0,"template":"","meta":{"_acf_changed":false,"pgc_sgb_lightbox_settings":""},"product_brand":[],"product_cat":[1732,1727],"product_tag":[1717],"class_list":{"0":"post-13795","1":"product","2":"type-product","3":"status-publish","5":"product_cat-die-baustellen","6":"product_cat-einzelausgaben","7":"product_tag-1717","9":"first","10":"instock","11":"taxable","12":"shipping-taxable","13":"purchasable","14":"product-type-simple"},"acf":[],"yoast_head":"<!-- This site is optimized with the Yoast SEO plugin v27.4 - https:\/\/yoast.com\/product\/yoast-seo-wordpress\/ -->\n<title>die baustellen 3\/2014 - fachbau.ch<\/title>\n<meta name=\"robots\" content=\"index, follow, max-snippet:-1, max-image-preview:large, max-video-preview:-1\" \/>\n<link rel=\"canonical\" href=\"http:\/\/www.fachbau.ch\/de\/de_de\/product\/die-baustellen-3-2014\/\" \/>\n<meta property=\"og:locale\" content=\"de_DE\" \/>\n<meta property=\"og:type\" content=\"article\" \/>\n<meta property=\"og:title\" content=\"die baustellen 3\/2014 - fachbau.ch\" \/>\n<meta property=\"og:description\" content=\"Erhalte die deutschsprachige Fachzeitschrift \u00abdie baustellen\u00bb in der Ausgabe 3\/2014 als PDF-Download mit nachfolgendem Inhaltsverzeichnis:\" \/>\n<meta property=\"og:url\" content=\"http:\/\/www.fachbau.ch\/de\/de_de\/product\/die-baustellen-3-2014\/\" \/>\n<meta property=\"og:site_name\" content=\"fachbau.ch\" \/>\n<meta name=\"twitter:card\" content=\"summary_large_image\" \/>\n<meta name=\"twitter:label1\" content=\"Gesch\u00e4tzte Lesezeit\" \/>\n\t<meta name=\"twitter:data1\" content=\"2\u00a0Minuten\" \/>\n<script type=\"application\/ld+json\" class=\"yoast-schema-graph\">{\"@context\":\"https:\\\/\\\/schema.org\",\"@graph\":[{\"@type\":\"WebPage\",\"@id\":\"http:\\\/\\\/www.fachbau.ch\\\/de_de\\\/product\\\/die-baustellen-3-2014\\\/\",\"url\":\"http:\\\/\\\/www.fachbau.ch\\\/de_de\\\/product\\\/die-baustellen-3-2014\\\/\",\"name\":\"die baustellen 3\\\/2014 - fachbau.ch\",\"isPartOf\":{\"@id\":\"https:\\\/\\\/www.fachbau.ch\\\/#website\"},\"datePublished\":\"2022-01-27T09:11:40+00:00\",\"breadcrumb\":{\"@id\":\"http:\\\/\\\/www.fachbau.ch\\\/de_de\\\/product\\\/die-baustellen-3-2014\\\/#breadcrumb\"},\"inLanguage\":\"de\",\"potentialAction\":[{\"@type\":\"ReadAction\",\"target\":[\"http:\\\/\\\/www.fachbau.ch\\\/de_de\\\/product\\\/die-baustellen-3-2014\\\/\"]}]},{\"@type\":\"BreadcrumbList\",\"@id\":\"http:\\\/\\\/www.fachbau.ch\\\/de_de\\\/product\\\/die-baustellen-3-2014\\\/#breadcrumb\",\"itemListElement\":[{\"@type\":\"ListItem\",\"position\":1,\"name\":\"Startseite\",\"item\":\"https:\\\/\\\/www.fachbau.ch\\\/\"},{\"@type\":\"ListItem\",\"position\":2,\"name\":\"Shop\",\"item\":\"https:\\\/\\\/www.fachbau.ch\\\/shop\\\/\"},{\"@type\":\"ListItem\",\"position\":3,\"name\":\"die baustellen 3\\\/2014\"}]},{\"@type\":\"WebSite\",\"@id\":\"https:\\\/\\\/www.fachbau.ch\\\/#website\",\"url\":\"https:\\\/\\\/www.fachbau.ch\\\/\",\"name\":\"fachbau.ch\",\"description\":\"Modernes, nachhaltiges Bauen.\",\"publisher\":{\"@id\":\"https:\\\/\\\/www.fachbau.ch\\\/#organization\"},\"potentialAction\":[{\"@type\":\"SearchAction\",\"target\":{\"@type\":\"EntryPoint\",\"urlTemplate\":\"https:\\\/\\\/www.fachbau.ch\\\/?s={search_term_string}\"},\"query-input\":{\"@type\":\"PropertyValueSpecification\",\"valueRequired\":true,\"valueName\":\"search_term_string\"}}],\"inLanguage\":\"de\"},{\"@type\":\"Organization\",\"@id\":\"https:\\\/\\\/www.fachbau.ch\\\/#organization\",\"name\":\"fachbau.ch\",\"url\":\"https:\\\/\\\/www.fachbau.ch\\\/\",\"logo\":{\"@type\":\"ImageObject\",\"inLanguage\":\"de\",\"@id\":\"https:\\\/\\\/www.fachbau.ch\\\/#\\\/schema\\\/logo\\\/image\\\/\",\"url\":\"https:\\\/\\\/www.fachbau.ch\\\/wp-content\\\/uploads\\\/2021\\\/12\\\/Logo_fachbau_ch.png\",\"contentUrl\":\"https:\\\/\\\/www.fachbau.ch\\\/wp-content\\\/uploads\\\/2021\\\/12\\\/Logo_fachbau_ch.png\",\"width\":283,\"height\":42,\"caption\":\"fachbau.ch\"},\"image\":{\"@id\":\"https:\\\/\\\/www.fachbau.ch\\\/#\\\/schema\\\/logo\\\/image\\\/\"}}]}<\/script>\n<!-- \/ Yoast SEO plugin. -->","yoast_head_json":{"title":"die baustellen 3\/2014 - fachbau.ch","robots":{"index":"index","follow":"follow","max-snippet":"max-snippet:-1","max-image-preview":"max-image-preview:large","max-video-preview":"max-video-preview:-1"},"canonical":"http:\/\/www.fachbau.ch\/de\/de_de\/product\/die-baustellen-3-2014\/","og_locale":"de_DE","og_type":"article","og_title":"die baustellen 3\/2014 - fachbau.ch","og_description":"Erhalte die deutschsprachige Fachzeitschrift \u00abdie baustellen\u00bb in der Ausgabe 3\/2014 als PDF-Download mit nachfolgendem Inhaltsverzeichnis:","og_url":"http:\/\/www.fachbau.ch\/de\/de_de\/product\/die-baustellen-3-2014\/","og_site_name":"fachbau.ch","twitter_card":"summary_large_image","twitter_misc":{"Gesch\u00e4tzte Lesezeit":"2\u00a0Minuten"},"schema":{"@context":"https:\/\/schema.org","@graph":[{"@type":"WebPage","@id":"http:\/\/www.fachbau.ch\/de_de\/product\/die-baustellen-3-2014\/","url":"http:\/\/www.fachbau.ch\/de_de\/product\/die-baustellen-3-2014\/","name":"die baustellen 3\/2014 - fachbau.ch","isPartOf":{"@id":"https:\/\/www.fachbau.ch\/#website"},"datePublished":"2022-01-27T09:11:40+00:00","breadcrumb":{"@id":"http:\/\/www.fachbau.ch\/de_de\/product\/die-baustellen-3-2014\/#breadcrumb"},"inLanguage":"de","potentialAction":[{"@type":"ReadAction","target":["http:\/\/www.fachbau.ch\/de_de\/product\/die-baustellen-3-2014\/"]}]},{"@type":"BreadcrumbList","@id":"http:\/\/www.fachbau.ch\/de_de\/product\/die-baustellen-3-2014\/#breadcrumb","itemListElement":[{"@type":"ListItem","position":1,"name":"Startseite","item":"https:\/\/www.fachbau.ch\/"},{"@type":"ListItem","position":2,"name":"Shop","item":"https:\/\/www.fachbau.ch\/shop\/"},{"@type":"ListItem","position":3,"name":"die baustellen 3\/2014"}]},{"@type":"WebSite","@id":"https:\/\/www.fachbau.ch\/#website","url":"https:\/\/www.fachbau.ch\/","name":"fachbau.ch","description":"Modernes, nachhaltiges Bauen.","publisher":{"@id":"https:\/\/www.fachbau.ch\/#organization"},"potentialAction":[{"@type":"SearchAction","target":{"@type":"EntryPoint","urlTemplate":"https:\/\/www.fachbau.ch\/?s={search_term_string}"},"query-input":{"@type":"PropertyValueSpecification","valueRequired":true,"valueName":"search_term_string"}}],"inLanguage":"de"},{"@type":"Organization","@id":"https:\/\/www.fachbau.ch\/#organization","name":"fachbau.ch","url":"https:\/\/www.fachbau.ch\/","logo":{"@type":"ImageObject","inLanguage":"de","@id":"https:\/\/www.fachbau.ch\/#\/schema\/logo\/image\/","url":"https:\/\/www.fachbau.ch\/wp-content\/uploads\/2021\/12\/Logo_fachbau_ch.png","contentUrl":"https:\/\/www.fachbau.ch\/wp-content\/uploads\/2021\/12\/Logo_fachbau_ch.png","width":283,"height":42,"caption":"fachbau.ch"},"image":{"@id":"https:\/\/www.fachbau.ch\/#\/schema\/logo\/image\/"}}]}},"_links":{"self":[{"href":"https:\/\/www.fachbau.ch\/de\/wp-json\/wp\/v2\/product\/13795","targetHints":{"allow":["GET"]}}],"collection":[{"href":"https:\/\/www.fachbau.ch\/de\/wp-json\/wp\/v2\/product"}],"about":[{"href":"https:\/\/www.fachbau.ch\/de\/wp-json\/wp\/v2\/types\/product"}],"wp:attachment":[{"href":"https:\/\/www.fachbau.ch\/de\/wp-json\/wp\/v2\/media?parent=13795"}],"wp:term":[{"taxonomy":"product_brand","embeddable":true,"href":"https:\/\/www.fachbau.ch\/de\/wp-json\/wp\/v2\/product_brand?post=13795"},{"taxonomy":"product_cat","embeddable":true,"href":"https:\/\/www.fachbau.ch\/de\/wp-json\/wp\/v2\/product_cat?post=13795"},{"taxonomy":"product_tag","embeddable":true,"href":"https:\/\/www.fachbau.ch\/de\/wp-json\/wp\/v2\/product_tag?post=13795"}],"curies":[{"name":"wp","href":"https:\/\/api.w.org\/{rel}","templated":true}]}}