{"id":13792,"date":"2022-01-27T10:03:49","date_gmt":"2022-01-27T09:03:49","guid":{"rendered":"https:\/\/www.fachbau.ch\/?post_type=product&#038;p=13792"},"modified":"2022-01-27T10:03:49","modified_gmt":"2022-01-27T09:03:49","slug":"die-baustellen-4-2014","status":"publish","type":"product","link":"https:\/\/www.fachbau.ch\/de\/product\/die-baustellen-4-2014\/","title":{"rendered":"die baustellen 4\/2014"},"content":{"rendered":"<h2>Branche<\/h2>\n<h2>kurz &amp; knapp<\/h2>\n<p>Spannende Materialien, Infokan\u00e4le, Investitionen und Ver\u00e4nderungen.<\/p>\n<h2>fokus<\/h2>\n<p>Verwaltungsratspr\u00e4sident setzt sich in seinem Familienbetrieb durch.<\/p>\n<h2>baukonjunktur<\/h2>\n<p>Initiativen verunsichern die Wachstumsprognosen.<\/p>\n<h2>verbandsinformation gsgi<\/h2>\n<p>\u00dcber die Wege zu einem nachhaltigen Energiesystem.<\/p>\n<h2>projekte<\/h2>\n<p>Centerbauten f\u00fcrs Shoppen, Schule, Sport und gemischtes Wohnen.<\/p>\n<h2>bauen im ausland<\/h2>\n<p>Tiefwasserhafen vor den Toren der Grossstadt.<\/p>\n<h2>erfinder der bauwelt<\/h2>\n<p>Die ersten Hydraulikaggregate liefen mit Wasser, so auch die Drehbohrmaschine.<\/p>\n<h2>Technik<\/h2>\n<h2>baumaschinen-messe<\/h2>\n<ul>\n<li>Ausgabe 2014: Eine Baumaschinen-Messe mit Erlebnischarakter.<\/li>\n<li>Der Baumaschinen-\u00dcberblick: aufgefallene Neuheiten und ihre Leistungsdaten.<\/li>\n<li>Die Baumaschinen-Messe in Bern: Impressionen in Schnappsch\u00fcssen.<\/li>\n<li>Aus der Conexpo in Las Vegas, 4. bis 8. M\u00e4rz 2014: Neuheiten und Besonderheiten.<\/li>\n<\/ul>\n<h2>nutzfahrzeuge<\/h2>\n<p>Transportbeton ist im Trend, so auch die Fahrmischer.<\/p>\n<p>Von der Entwicklung zum zeitgem\u00e4ssen Fahrmischer.<\/p>\n<h2>arbeiten in der h\u00f6he<\/h2>\n<ul>\n<li>Arbeitsb\u00fchnen sind beliebt, sie stehen dementsprechend in der Weiterentwicklung.<\/li>\n<li>Rollger\u00fcste sind praktisch, sie erfordern aber auch das Einhalten gewisser Regeln.<\/li>\n<li>35-Jahr-Jubil\u00e4um an der Baumaschinen-Messe mit Bew\u00e4hrtem und Neuheiten.<\/li>\n<\/ul>\n<h2>schalungstechnik<\/h2>\n<ul>\n<li>Interview: Fazit der Schalungsanbieter 2014 an der Baumaschinen-Messe Bern.<\/li>\n<li>H\u00f6henrekorde am Wasserkraftwerk Linthal 2015 und f\u00fcr Schleusenw\u00e4nde an der Donau.<\/li>\n<li>Wirtschaftliche Stahlschalung f\u00fcr \u00dcberh\u00f6hen mit vielen praktischen Details.<\/li>\n<li>Faszinierende Schnellbausysteme auf dem Messestand.<\/li>\n<li>Sicherheitsprodukte und Innovationen f\u00fcr den Schalungsbau.<\/li>\n<li>Stahl-Wandschalung wird mit Stahl-Rundschalung erg\u00e4nzt.<\/li>\n<li>ERP-L\u00f6sung f\u00fcr die herstellerunabh\u00e4ngige Verwaltung von Schalungen und Zubeh\u00f6r.<\/li>\n<\/ul>\n<h2>baustoffe, baumaterial<\/h2>\n<ul>\n<li>EU-Forschungsprojekt entwarnt: Nanopartikel in Fassadenfarben sind keine Gesundheitsgefahr.<\/li>\n<li>Ein umweltfreundliches, wasserverd\u00fcnnbares und wetterbest\u00e4ndiges Anstrichsystem.<\/li>\n<li>In der Rhonestadt entsteht ein gewagter Dreiecksbau.<\/li>\n<li>Architektur-Lehrst\u00fcck wird Architekten-Lehrst\u00e4tte.<\/li>\n<li>B\u00fchne frei f\u00fcr den Z\u00fcrcher Sechsel\u00e4uteplatz.<\/li>\n<li>Pl\u00e4doyer f\u00fcr den Estrich als sichtbarer Fertigboden.<\/li>\n<li>Bew\u00e4hrter Industrieboden aus Stahlfaser-Monobeton mit integrierter Hartstoffeinstreuung.<\/li>\n<\/ul>\n<h2>logistik f\u00fcr das bauwesen<\/h2>\n<ul>\n<li>Warenerfassung mit ERP-L\u00f6sung f\u00fcr Bauunternehmen und KMU.<\/li>\n<li>Die weltweiten Standards zur Verbesserung von Wertsch\u00f6pfungsketten.<\/li>\n<li>Grossbaustelle f\u00fcr den Detailh\u00e4ndler: Ein Bauwerk mit anspruchsvoller Warenwirtschaft.<\/li>\n<\/ul>\n<h2>Management<\/h2>\n<h2>veranstaltungsbericht<\/h2>\n<p>Baumaschinen \u00fcber das Tachymeter automatisch steuern.<\/p>\n<h2>kolumne<\/h2>\n<p>Wen der Mailserver disqualifiziert und wen die Personalberatung qualifiziert.<\/p>\n<h2>agenda<\/h2>\n<p>Ausgesuchte Termine f\u00fcr angehende und erfahrene Bauprofis.<\/p>\n<h2>bau-karriere<\/h2>\n<ul>\n<li>Vom Spezialisten bis zum Kader: Qualifizierte Fachkr\u00e4fte sind gefragt.<\/li>\n<li>Fachhochschule gr\u00fcndet neue Institute.<\/li>\n<li>Diplomfeier mit Amtstr\u00e4gern und k\u00fcnftigem Baukader.<\/li>\n<\/ul>\n<h2>Service<\/h2>\n<h2>sieben-fragen-interview<\/h2>\n<p>Grabenloser Leitungsbau mit modernem Maschinenpark.<\/p>\n<h2>verbandsnachrichten<\/h2>\n<p>Stellungnahmen, Kampagnen, Engagements und Wettk\u00e4mpfe: News der Verb\u00e4nde.<\/p>\n<h2>recht &amp; rekord<\/h2>\n<p>Von der Verj\u00e4hrung des R\u00fcckgriffsrechts und der Monumentalit\u00e4t von Christusstatuen.<\/p>\n<h2>bau &amp; kunst<\/h2>\n<p>Luftkissendach wird zur Bahnhofswolke.<\/p>\n<h2>bezugsquellen<\/h2>\n<p>Aktualisierte Quellen f\u00fcr die Bauwirtschaft.<\/p>\n<h2>blickpunkt<\/h2>\n<p>Einer, der die Bautechnik hinterfragt, weil Technik seine Passion ist.<\/p>\n","protected":false},"excerpt":{"rendered":"<p>Erhalte die deutschsprachige Fachzeitschrift \u00abdie baustellen\u00bb in der Ausgabe 4\/2014 als PDF-Download mit nachfolgendem Inhaltsverzeichnis:<\/p>\n","protected":false},"featured_media":13794,"template":"","meta":{"_acf_changed":false,"pgc_sgb_lightbox_settings":""},"product_brand":[],"product_cat":[1732,1727],"product_tag":[1717],"class_list":{"0":"post-13792","1":"product","2":"type-product","3":"status-publish","4":"has-post-thumbnail","6":"product_cat-die-baustellen","7":"product_cat-einzelausgaben","8":"product_tag-1717","10":"first","11":"instock","12":"downloadable","13":"virtual","14":"taxable","15":"purchasable","16":"product-type-simple"},"acf":[],"yoast_head":"<!-- This site is optimized with the Yoast SEO plugin v27.4 - https:\/\/yoast.com\/product\/yoast-seo-wordpress\/ -->\n<title>die baustellen 4\/2014 - fachbau.ch<\/title>\n<meta name=\"description\" content=\"Erhalte die deutschsprachige Fachzeitschrift \u00abdie baustellen\u00bb in der Ausgabe 4\/2014 als PDF-Download mit nachfolgendem Inhaltsverzeichnis:\" \/>\n<meta name=\"robots\" content=\"index, follow, max-snippet:-1, max-image-preview:large, max-video-preview:-1\" \/>\n<link rel=\"canonical\" href=\"http:\/\/www.fachbau.ch\/de\/de_de\/product\/die-baustellen-4-2014\/\" \/>\n<meta property=\"og:locale\" content=\"de_DE\" \/>\n<meta property=\"og:type\" content=\"article\" \/>\n<meta property=\"og:title\" content=\"die baustellen 4\/2014 - fachbau.ch\" \/>\n<meta property=\"og:description\" content=\"Erhalte die deutschsprachige Fachzeitschrift \u00abdie baustellen\u00bb in der Ausgabe 4\/2014 als PDF-Download mit nachfolgendem Inhaltsverzeichnis:\" \/>\n<meta property=\"og:url\" content=\"http:\/\/www.fachbau.ch\/de\/de_de\/product\/die-baustellen-4-2014\/\" \/>\n<meta property=\"og:site_name\" content=\"fachbau.ch\" \/>\n<meta property=\"og:image\" content=\"https:\/\/www.fachbau.ch\/wp-content\/uploads\/2022\/01\/die_baustellen_2014_4.png\" \/>\n\t<meta property=\"og:image:width\" content=\"654\" \/>\n\t<meta property=\"og:image:height\" content=\"370\" \/>\n\t<meta property=\"og:image:type\" content=\"image\/png\" \/>\n<meta name=\"twitter:card\" content=\"summary_large_image\" \/>\n<meta name=\"twitter:label1\" content=\"Gesch\u00e4tzte Lesezeit\" \/>\n\t<meta name=\"twitter:data1\" content=\"2\u00a0Minuten\" \/>\n<script type=\"application\/ld+json\" class=\"yoast-schema-graph\">{\"@context\":\"https:\\\/\\\/schema.org\",\"@graph\":[{\"@type\":\"WebPage\",\"@id\":\"http:\\\/\\\/www.fachbau.ch\\\/de_de\\\/product\\\/die-baustellen-4-2014\\\/\",\"url\":\"http:\\\/\\\/www.fachbau.ch\\\/de_de\\\/product\\\/die-baustellen-4-2014\\\/\",\"name\":\"die baustellen 4\\\/2014 - fachbau.ch\",\"isPartOf\":{\"@id\":\"https:\\\/\\\/www.fachbau.ch\\\/#website\"},\"primaryImageOfPage\":{\"@id\":\"http:\\\/\\\/www.fachbau.ch\\\/de_de\\\/product\\\/die-baustellen-4-2014\\\/#primaryimage\"},\"image\":{\"@id\":\"http:\\\/\\\/www.fachbau.ch\\\/de_de\\\/product\\\/die-baustellen-4-2014\\\/#primaryimage\"},\"thumbnailUrl\":\"https:\\\/\\\/www.fachbau.ch\\\/wp-content\\\/uploads\\\/2022\\\/01\\\/die_baustellen_2014_4.png\",\"datePublished\":\"2022-01-27T09:03:49+00:00\",\"description\":\"Erhalte die deutschsprachige Fachzeitschrift \u00abdie baustellen\u00bb in der Ausgabe 4\\\/2014 als PDF-Download mit nachfolgendem Inhaltsverzeichnis:\",\"breadcrumb\":{\"@id\":\"http:\\\/\\\/www.fachbau.ch\\\/de_de\\\/product\\\/die-baustellen-4-2014\\\/#breadcrumb\"},\"inLanguage\":\"de\",\"potentialAction\":[{\"@type\":\"ReadAction\",\"target\":[\"http:\\\/\\\/www.fachbau.ch\\\/de_de\\\/product\\\/die-baustellen-4-2014\\\/\"]}]},{\"@type\":\"ImageObject\",\"inLanguage\":\"de\",\"@id\":\"http:\\\/\\\/www.fachbau.ch\\\/de_de\\\/product\\\/die-baustellen-4-2014\\\/#primaryimage\",\"url\":\"https:\\\/\\\/www.fachbau.ch\\\/wp-content\\\/uploads\\\/2022\\\/01\\\/die_baustellen_2014_4.png\",\"contentUrl\":\"https:\\\/\\\/www.fachbau.ch\\\/wp-content\\\/uploads\\\/2022\\\/01\\\/die_baustellen_2014_4.png\",\"width\":654,\"height\":370},{\"@type\":\"BreadcrumbList\",\"@id\":\"http:\\\/\\\/www.fachbau.ch\\\/de_de\\\/product\\\/die-baustellen-4-2014\\\/#breadcrumb\",\"itemListElement\":[{\"@type\":\"ListItem\",\"position\":1,\"name\":\"Startseite\",\"item\":\"https:\\\/\\\/www.fachbau.ch\\\/\"},{\"@type\":\"ListItem\",\"position\":2,\"name\":\"Shop\",\"item\":\"https:\\\/\\\/www.fachbau.ch\\\/shop\\\/\"},{\"@type\":\"ListItem\",\"position\":3,\"name\":\"die baustellen 4\\\/2014\"}]},{\"@type\":\"WebSite\",\"@id\":\"https:\\\/\\\/www.fachbau.ch\\\/#website\",\"url\":\"https:\\\/\\\/www.fachbau.ch\\\/\",\"name\":\"fachbau.ch\",\"description\":\"Modernes, nachhaltiges Bauen.\",\"publisher\":{\"@id\":\"https:\\\/\\\/www.fachbau.ch\\\/#organization\"},\"potentialAction\":[{\"@type\":\"SearchAction\",\"target\":{\"@type\":\"EntryPoint\",\"urlTemplate\":\"https:\\\/\\\/www.fachbau.ch\\\/?s={search_term_string}\"},\"query-input\":{\"@type\":\"PropertyValueSpecification\",\"valueRequired\":true,\"valueName\":\"search_term_string\"}}],\"inLanguage\":\"de\"},{\"@type\":\"Organization\",\"@id\":\"https:\\\/\\\/www.fachbau.ch\\\/#organization\",\"name\":\"fachbau.ch\",\"url\":\"https:\\\/\\\/www.fachbau.ch\\\/\",\"logo\":{\"@type\":\"ImageObject\",\"inLanguage\":\"de\",\"@id\":\"https:\\\/\\\/www.fachbau.ch\\\/#\\\/schema\\\/logo\\\/image\\\/\",\"url\":\"https:\\\/\\\/www.fachbau.ch\\\/wp-content\\\/uploads\\\/2021\\\/12\\\/Logo_fachbau_ch.png\",\"contentUrl\":\"https:\\\/\\\/www.fachbau.ch\\\/wp-content\\\/uploads\\\/2021\\\/12\\\/Logo_fachbau_ch.png\",\"width\":283,\"height\":42,\"caption\":\"fachbau.ch\"},\"image\":{\"@id\":\"https:\\\/\\\/www.fachbau.ch\\\/#\\\/schema\\\/logo\\\/image\\\/\"}}]}<\/script>\n<!-- \/ Yoast SEO plugin. -->","yoast_head_json":{"title":"die baustellen 4\/2014 - fachbau.ch","description":"Erhalte die deutschsprachige Fachzeitschrift \u00abdie baustellen\u00bb in der Ausgabe 4\/2014 als PDF-Download mit nachfolgendem Inhaltsverzeichnis:","robots":{"index":"index","follow":"follow","max-snippet":"max-snippet:-1","max-image-preview":"max-image-preview:large","max-video-preview":"max-video-preview:-1"},"canonical":"http:\/\/www.fachbau.ch\/de\/de_de\/product\/die-baustellen-4-2014\/","og_locale":"de_DE","og_type":"article","og_title":"die baustellen 4\/2014 - fachbau.ch","og_description":"Erhalte die deutschsprachige Fachzeitschrift \u00abdie baustellen\u00bb in der Ausgabe 4\/2014 als PDF-Download mit nachfolgendem Inhaltsverzeichnis:","og_url":"http:\/\/www.fachbau.ch\/de\/de_de\/product\/die-baustellen-4-2014\/","og_site_name":"fachbau.ch","og_image":[{"width":654,"height":370,"url":"https:\/\/www.fachbau.ch\/wp-content\/uploads\/2022\/01\/die_baustellen_2014_4.png","type":"image\/png"}],"twitter_card":"summary_large_image","twitter_misc":{"Gesch\u00e4tzte Lesezeit":"2\u00a0Minuten"},"schema":{"@context":"https:\/\/schema.org","@graph":[{"@type":"WebPage","@id":"http:\/\/www.fachbau.ch\/de_de\/product\/die-baustellen-4-2014\/","url":"http:\/\/www.fachbau.ch\/de_de\/product\/die-baustellen-4-2014\/","name":"die baustellen 4\/2014 - fachbau.ch","isPartOf":{"@id":"https:\/\/www.fachbau.ch\/#website"},"primaryImageOfPage":{"@id":"http:\/\/www.fachbau.ch\/de_de\/product\/die-baustellen-4-2014\/#primaryimage"},"image":{"@id":"http:\/\/www.fachbau.ch\/de_de\/product\/die-baustellen-4-2014\/#primaryimage"},"thumbnailUrl":"https:\/\/www.fachbau.ch\/wp-content\/uploads\/2022\/01\/die_baustellen_2014_4.png","datePublished":"2022-01-27T09:03:49+00:00","description":"Erhalte die deutschsprachige Fachzeitschrift \u00abdie baustellen\u00bb in der Ausgabe 4\/2014 als PDF-Download mit nachfolgendem Inhaltsverzeichnis:","breadcrumb":{"@id":"http:\/\/www.fachbau.ch\/de_de\/product\/die-baustellen-4-2014\/#breadcrumb"},"inLanguage":"de","potentialAction":[{"@type":"ReadAction","target":["http:\/\/www.fachbau.ch\/de_de\/product\/die-baustellen-4-2014\/"]}]},{"@type":"ImageObject","inLanguage":"de","@id":"http:\/\/www.fachbau.ch\/de_de\/product\/die-baustellen-4-2014\/#primaryimage","url":"https:\/\/www.fachbau.ch\/wp-content\/uploads\/2022\/01\/die_baustellen_2014_4.png","contentUrl":"https:\/\/www.fachbau.ch\/wp-content\/uploads\/2022\/01\/die_baustellen_2014_4.png","width":654,"height":370},{"@type":"BreadcrumbList","@id":"http:\/\/www.fachbau.ch\/de_de\/product\/die-baustellen-4-2014\/#breadcrumb","itemListElement":[{"@type":"ListItem","position":1,"name":"Startseite","item":"https:\/\/www.fachbau.ch\/"},{"@type":"ListItem","position":2,"name":"Shop","item":"https:\/\/www.fachbau.ch\/shop\/"},{"@type":"ListItem","position":3,"name":"die baustellen 4\/2014"}]},{"@type":"WebSite","@id":"https:\/\/www.fachbau.ch\/#website","url":"https:\/\/www.fachbau.ch\/","name":"fachbau.ch","description":"Modernes, nachhaltiges Bauen.","publisher":{"@id":"https:\/\/www.fachbau.ch\/#organization"},"potentialAction":[{"@type":"SearchAction","target":{"@type":"EntryPoint","urlTemplate":"https:\/\/www.fachbau.ch\/?s={search_term_string}"},"query-input":{"@type":"PropertyValueSpecification","valueRequired":true,"valueName":"search_term_string"}}],"inLanguage":"de"},{"@type":"Organization","@id":"https:\/\/www.fachbau.ch\/#organization","name":"fachbau.ch","url":"https:\/\/www.fachbau.ch\/","logo":{"@type":"ImageObject","inLanguage":"de","@id":"https:\/\/www.fachbau.ch\/#\/schema\/logo\/image\/","url":"https:\/\/www.fachbau.ch\/wp-content\/uploads\/2021\/12\/Logo_fachbau_ch.png","contentUrl":"https:\/\/www.fachbau.ch\/wp-content\/uploads\/2021\/12\/Logo_fachbau_ch.png","width":283,"height":42,"caption":"fachbau.ch"},"image":{"@id":"https:\/\/www.fachbau.ch\/#\/schema\/logo\/image\/"}}]}},"_links":{"self":[{"href":"https:\/\/www.fachbau.ch\/de\/wp-json\/wp\/v2\/product\/13792","targetHints":{"allow":["GET"]}}],"collection":[{"href":"https:\/\/www.fachbau.ch\/de\/wp-json\/wp\/v2\/product"}],"about":[{"href":"https:\/\/www.fachbau.ch\/de\/wp-json\/wp\/v2\/types\/product"}],"wp:featuredmedia":[{"embeddable":true,"href":"https:\/\/www.fachbau.ch\/de\/wp-json\/wp\/v2\/media\/13794"}],"wp:attachment":[{"href":"https:\/\/www.fachbau.ch\/de\/wp-json\/wp\/v2\/media?parent=13792"}],"wp:term":[{"taxonomy":"product_brand","embeddable":true,"href":"https:\/\/www.fachbau.ch\/de\/wp-json\/wp\/v2\/product_brand?post=13792"},{"taxonomy":"product_cat","embeddable":true,"href":"https:\/\/www.fachbau.ch\/de\/wp-json\/wp\/v2\/product_cat?post=13792"},{"taxonomy":"product_tag","embeddable":true,"href":"https:\/\/www.fachbau.ch\/de\/wp-json\/wp\/v2\/product_tag?post=13792"}],"curies":[{"name":"wp","href":"https:\/\/api.w.org\/{rel}","templated":true}]}}