{"id":13789,"date":"2022-01-27T09:24:21","date_gmt":"2022-01-27T08:24:21","guid":{"rendered":"https:\/\/www.fachbau.ch\/?post_type=product&#038;p=13789"},"modified":"2022-01-27T09:24:21","modified_gmt":"2022-01-27T08:24:21","slug":"die-baustellen-5-2014","status":"publish","type":"product","link":"https:\/\/www.fachbau.ch\/de\/product\/die-baustellen-5-2014\/","title":{"rendered":"die baustellen 5\/2014"},"content":{"rendered":"<h2>Branche<\/h2>\n<h2>kurz &amp; knapp<\/h2>\n<p>Highlights in den Baunews: Ernennung und Anerkennung, Netzwerke und Strategien.<\/p>\n<h2>fokus<\/h2>\n<p>Vereinigung beratender Ingenieurunternehmen macht den Ingenieurberuf sichtbarer.<\/p>\n<h2>baukonjunktur<\/h2>\n<p>Schweizer Ingenieurwesen ist auf Einwanderung angewiesen.<\/p>\n<h2>verbandsinformation vsgu<\/h2>\n<p>Schlussendlich bezahlt der Bauherr auch die Regulierungskosten wie Verfahren,<\/p>\n<p>Kontrollen, Formalit\u00e4ten usw.<\/p>\n<h2>projekte<\/h2>\n<p>Bauvorhaben erweitern Spit\u00e4ler, geben der Musik ein neues Zuhause, unterst\u00fctzen den<br \/>\nTourismus und schaffen Wohnraum.<\/p>\n<h2>bauen im ausland<\/h2>\n<p>London baut Super-U-Bahn zur Entlastung der st\u00e4dtischen U-Bahn.<\/p>\n<h2>erfinder der bauwelt<\/h2>\n<p>Die Geschichte der Hydraulik beginnt mit Anlagen f\u00fcr den Wasserbau.<\/p>\n<h2>Technik<\/h2>\n<h2>durchmesserlinie<\/h2>\n<ul>\n<li>Streckenabschnitt Ost geht in Betrieb: Einf\u00fchrung und \u00dcbersicht.<\/li>\n<li>Bahnhof L\u00f6wenstrasse: Leistungsf\u00e4higer Durchgangsbahnhof in 16 Meter Tiefe.<\/li>\n<li>Weinbergtunnel: zweigleisig und 5 Kilometer lang in Richtung Oerlikon.<\/li>\n<li>Bahneinschnitt und Einfahrt Bahnhof Oerlikon: Ausbau unter Vollbetrieb.<\/li>\n<li>Interview: Was den Gesamtprojektleiter am st\u00e4rksten beeindruckt hat.<\/li>\n<\/ul>\n<h2>swiss tunnel congress<\/h2>\n<p>11., 12. Juni: im Kultur- und Kongresszentrum KKL Luzern, 13. Juni: Exkursionstag.<\/p>\n<h2>strassenabw\u00e4sser<\/h2>\n<p>Die BFH f\u00fchrte die 1. Fachtagung \u00fcber die Regenwasserbehandlung f\u00fcr Strassen und Pl\u00e4tze durch.<\/p>\n<h2>rohrmaterial<\/h2>\n<p>Warum Rohre und Formteile aus PVC im Vorteil sind.<\/p>\n<h2>r\u00fcckbau und recycling<\/h2>\n<p>Erste Erfahrungstagung f\u00fcr Recyclingbaustoffe zeigt Wege f\u00fcr das Bauen von Morgen.<\/p>\n<p>Nachteins\u00e4tze f\u00fcr R\u00fcckbau- und Belagsarbeiten auf der Piste am Flughafen Z\u00fcrich.<\/p>\n<h2>erdbau<\/h2>\n<p>Geokunststoffe im Einsatz: F\u00fcr den Bau von Speicherseen unverzichtbar.<\/p>\n<h2>versorgungsstollen<\/h2>\n<p>Microtunnelling-Verfahren treibt den 1000 Meter langen Heiligberg-Stollen voran.<\/p>\n<h2>bauwerkuntersuchung<\/h2>\n<p>Die Ger\u00e4tespezialisten stellen die zerst\u00f6rungsfreie Bauteiluntersuchung vor.<\/p>\n<h2>spundw\u00e4nde<\/h2>\n<p>Kunststoffspundw\u00e4nde f\u00fcr wirtschaftliche L\u00f6sungen im Wasser- und Grundbau.<\/p>\n<h2>kranmontage<\/h2>\n<p>Zwei 30-Tonnen-Br\u00fcckenkrane bedienen k\u00fcnftig das 5-Achs-Portalbearbeitungscenter.<\/p>\n<h2>\u00f6ga 2014<\/h2>\n<p>25. bis 27. Juni: Schweizerische Fachmesse f\u00fcr den Garten- und Landschaftsbau.<\/p>\n<h2>technikgeschichte<\/h2>\n<p>Historische Ger\u00e4te und Maschinen pr\u00e4sentierten sich im Jubil\u00e4umsjahr \u00abWinterthur750\u00bb.<\/p>\n<h2>baustellenbericht<\/h2>\n<ul>\n<li>Basel erh\u00e4lt das h\u00f6chste B\u00fcrohochhaus der Schweiz.<\/li>\n<li>Der Flughafen Z\u00fcrich erneuert seine Publikumszentrale: den Terminal 2.<\/li>\n<li>Wie das Landesmuseum nach Z\u00fcrich kam \u2013 und welche Erneuerung es zurzeit erh\u00e4lt.<\/li>\n<\/ul>\n<h2>Management<\/h2>\n<h2>veranstaltungsbericht<\/h2>\n<p>Generalversammlung der Usic in Lugano: Heinz Marti ist der neue Pr\u00e4sident.<\/p>\n<p>Interview mit dem OK-Pr\u00e4sident Daniel Eckenstein \u00fcber das Kontakttreffen H\u00f6nggerberg KTH.<\/p>\n<h2>webauftritt<\/h2>\n<p>Die Webseiten an Suchmaschinen anpassen \u2013 umgekehrt geht das nicht.<\/p>\n<h2>kolumne<\/h2>\n<p>\u00dcber das Webseiten-Latein und den Umgang beim Baumeister.<\/p>\n<h2>agenda<\/h2>\n<p>Die aktuellen Termine f\u00fcr den Bauprofi.<\/p>\n<h2>bau-karriere<\/h2>\n<ul>\n<li>Gute Aussichten f\u00fcr qualifizierte Baufachleute.<\/li>\n<li>Interview mit Baumaschinenlehrmeister \u00fcber Mechaniker und andere Lehrberufe.<\/li>\n<li>Seco-Studie beweist: Sind die Anforderungen h\u00f6her qualifiziert, steigt auch der Fachkr\u00e4ftemangel.<\/li>\n<\/ul>\n<h2>Service<\/h2>\n<h2>sieben-fragen-interview<\/h2>\n<p>Lehrger\u00fcstsystem fasst in der Deutschschweiz Fuss.<\/p>\n<h2>verbandsnachrichten<\/h2>\n<p>Pers\u00f6nlichkeiten, Stellungnahmen und Kompetenzen der Fachverb\u00e4nde.<\/p>\n<h2>recht &amp; rekord<\/h2>\n<p>Die Abmahnungspflicht l\u00e4sst sich absichern und ein Holzturm in Austria erobern.<\/p>\n<h2>bau &amp; kunst<\/h2>\n<p>Rund 2000 Holzscheite ergeben einen 9 Meter hohen Turm.<\/p>\n<h2>blickpunkt<\/h2>\n<p>Krane faszinieren \u00fcber den Beruf hinaus.<\/p>\n","protected":false},"excerpt":{"rendered":"<p>Erhalte die deutschsprachige Fachzeitschrift \u00abdie baustellen\u00bb in der Ausgabe 5\/2014 als PDF-Download mit nachfolgendem Inhaltsverzeichnis:<\/p>\n","protected":false},"featured_media":13791,"template":"","meta":{"_acf_changed":false,"pgc_sgb_lightbox_settings":""},"product_brand":[],"product_cat":[1732,1727],"product_tag":[1717],"class_list":{"0":"post-13789","1":"product","2":"type-product","3":"status-publish","4":"has-post-thumbnail","6":"product_cat-die-baustellen","7":"product_cat-einzelausgaben","8":"product_tag-1717","10":"first","11":"instock","12":"downloadable","13":"virtual","14":"taxable","15":"purchasable","16":"product-type-simple"},"acf":[],"yoast_head":"<!-- This site is optimized with the Yoast SEO plugin v27.4 - https:\/\/yoast.com\/product\/yoast-seo-wordpress\/ -->\n<title>die baustellen 5\/2014 - fachbau.ch<\/title>\n<meta name=\"description\" content=\"Erhalte die deutschsprachige Fachzeitschrift \u00abdie baustellen\u00bb in der Ausgabe 5\/2014 als PDF-Download mit nachfolgendem Inhaltsverzeichnis:\" \/>\n<meta name=\"robots\" content=\"index, follow, max-snippet:-1, max-image-preview:large, max-video-preview:-1\" \/>\n<link rel=\"canonical\" href=\"http:\/\/www.fachbau.ch\/de\/de_de\/product\/die-baustellen-5-2014\/\" \/>\n<meta property=\"og:locale\" content=\"de_DE\" \/>\n<meta property=\"og:type\" content=\"article\" \/>\n<meta property=\"og:title\" content=\"die baustellen 5\/2014 - fachbau.ch\" \/>\n<meta property=\"og:description\" content=\"Erhalte die deutschsprachige Fachzeitschrift \u00abdie baustellen\u00bb in der Ausgabe 5\/2014 als PDF-Download mit nachfolgendem Inhaltsverzeichnis:\" \/>\n<meta property=\"og:url\" content=\"http:\/\/www.fachbau.ch\/de\/de_de\/product\/die-baustellen-5-2014\/\" \/>\n<meta property=\"og:site_name\" content=\"fachbau.ch\" \/>\n<meta property=\"og:image\" content=\"https:\/\/www.fachbau.ch\/wp-content\/uploads\/2022\/01\/die_baustellen_2014_5.png\" \/>\n\t<meta property=\"og:image:width\" content=\"654\" \/>\n\t<meta property=\"og:image:height\" content=\"370\" \/>\n\t<meta property=\"og:image:type\" content=\"image\/png\" \/>\n<meta name=\"twitter:card\" content=\"summary_large_image\" \/>\n<meta name=\"twitter:label1\" content=\"Gesch\u00e4tzte Lesezeit\" \/>\n\t<meta name=\"twitter:data1\" content=\"2\u00a0Minuten\" \/>\n<script type=\"application\/ld+json\" class=\"yoast-schema-graph\">{\"@context\":\"https:\\\/\\\/schema.org\",\"@graph\":[{\"@type\":\"WebPage\",\"@id\":\"http:\\\/\\\/www.fachbau.ch\\\/de_de\\\/product\\\/die-baustellen-5-2014\\\/\",\"url\":\"http:\\\/\\\/www.fachbau.ch\\\/de_de\\\/product\\\/die-baustellen-5-2014\\\/\",\"name\":\"die baustellen 5\\\/2014 - fachbau.ch\",\"isPartOf\":{\"@id\":\"https:\\\/\\\/www.fachbau.ch\\\/#website\"},\"primaryImageOfPage\":{\"@id\":\"http:\\\/\\\/www.fachbau.ch\\\/de_de\\\/product\\\/die-baustellen-5-2014\\\/#primaryimage\"},\"image\":{\"@id\":\"http:\\\/\\\/www.fachbau.ch\\\/de_de\\\/product\\\/die-baustellen-5-2014\\\/#primaryimage\"},\"thumbnailUrl\":\"https:\\\/\\\/www.fachbau.ch\\\/wp-content\\\/uploads\\\/2022\\\/01\\\/die_baustellen_2014_5.png\",\"datePublished\":\"2022-01-27T08:24:21+00:00\",\"description\":\"Erhalte die deutschsprachige Fachzeitschrift \u00abdie baustellen\u00bb in der Ausgabe 5\\\/2014 als PDF-Download mit nachfolgendem Inhaltsverzeichnis:\",\"breadcrumb\":{\"@id\":\"http:\\\/\\\/www.fachbau.ch\\\/de_de\\\/product\\\/die-baustellen-5-2014\\\/#breadcrumb\"},\"inLanguage\":\"de\",\"potentialAction\":[{\"@type\":\"ReadAction\",\"target\":[\"http:\\\/\\\/www.fachbau.ch\\\/de_de\\\/product\\\/die-baustellen-5-2014\\\/\"]}]},{\"@type\":\"ImageObject\",\"inLanguage\":\"de\",\"@id\":\"http:\\\/\\\/www.fachbau.ch\\\/de_de\\\/product\\\/die-baustellen-5-2014\\\/#primaryimage\",\"url\":\"https:\\\/\\\/www.fachbau.ch\\\/wp-content\\\/uploads\\\/2022\\\/01\\\/die_baustellen_2014_5.png\",\"contentUrl\":\"https:\\\/\\\/www.fachbau.ch\\\/wp-content\\\/uploads\\\/2022\\\/01\\\/die_baustellen_2014_5.png\",\"width\":654,\"height\":370},{\"@type\":\"BreadcrumbList\",\"@id\":\"http:\\\/\\\/www.fachbau.ch\\\/de_de\\\/product\\\/die-baustellen-5-2014\\\/#breadcrumb\",\"itemListElement\":[{\"@type\":\"ListItem\",\"position\":1,\"name\":\"Startseite\",\"item\":\"https:\\\/\\\/www.fachbau.ch\\\/\"},{\"@type\":\"ListItem\",\"position\":2,\"name\":\"Shop\",\"item\":\"https:\\\/\\\/www.fachbau.ch\\\/shop\\\/\"},{\"@type\":\"ListItem\",\"position\":3,\"name\":\"die baustellen 5\\\/2014\"}]},{\"@type\":\"WebSite\",\"@id\":\"https:\\\/\\\/www.fachbau.ch\\\/#website\",\"url\":\"https:\\\/\\\/www.fachbau.ch\\\/\",\"name\":\"fachbau.ch\",\"description\":\"Modernes, nachhaltiges Bauen.\",\"publisher\":{\"@id\":\"https:\\\/\\\/www.fachbau.ch\\\/#organization\"},\"potentialAction\":[{\"@type\":\"SearchAction\",\"target\":{\"@type\":\"EntryPoint\",\"urlTemplate\":\"https:\\\/\\\/www.fachbau.ch\\\/?s={search_term_string}\"},\"query-input\":{\"@type\":\"PropertyValueSpecification\",\"valueRequired\":true,\"valueName\":\"search_term_string\"}}],\"inLanguage\":\"de\"},{\"@type\":\"Organization\",\"@id\":\"https:\\\/\\\/www.fachbau.ch\\\/#organization\",\"name\":\"fachbau.ch\",\"url\":\"https:\\\/\\\/www.fachbau.ch\\\/\",\"logo\":{\"@type\":\"ImageObject\",\"inLanguage\":\"de\",\"@id\":\"https:\\\/\\\/www.fachbau.ch\\\/#\\\/schema\\\/logo\\\/image\\\/\",\"url\":\"https:\\\/\\\/www.fachbau.ch\\\/wp-content\\\/uploads\\\/2021\\\/12\\\/Logo_fachbau_ch.png\",\"contentUrl\":\"https:\\\/\\\/www.fachbau.ch\\\/wp-content\\\/uploads\\\/2021\\\/12\\\/Logo_fachbau_ch.png\",\"width\":283,\"height\":42,\"caption\":\"fachbau.ch\"},\"image\":{\"@id\":\"https:\\\/\\\/www.fachbau.ch\\\/#\\\/schema\\\/logo\\\/image\\\/\"}}]}<\/script>\n<!-- \/ Yoast SEO plugin. -->","yoast_head_json":{"title":"die baustellen 5\/2014 - fachbau.ch","description":"Erhalte die deutschsprachige Fachzeitschrift \u00abdie baustellen\u00bb in der Ausgabe 5\/2014 als PDF-Download mit nachfolgendem Inhaltsverzeichnis:","robots":{"index":"index","follow":"follow","max-snippet":"max-snippet:-1","max-image-preview":"max-image-preview:large","max-video-preview":"max-video-preview:-1"},"canonical":"http:\/\/www.fachbau.ch\/de\/de_de\/product\/die-baustellen-5-2014\/","og_locale":"de_DE","og_type":"article","og_title":"die baustellen 5\/2014 - fachbau.ch","og_description":"Erhalte die deutschsprachige Fachzeitschrift \u00abdie baustellen\u00bb in der Ausgabe 5\/2014 als PDF-Download mit nachfolgendem Inhaltsverzeichnis:","og_url":"http:\/\/www.fachbau.ch\/de\/de_de\/product\/die-baustellen-5-2014\/","og_site_name":"fachbau.ch","og_image":[{"width":654,"height":370,"url":"https:\/\/www.fachbau.ch\/wp-content\/uploads\/2022\/01\/die_baustellen_2014_5.png","type":"image\/png"}],"twitter_card":"summary_large_image","twitter_misc":{"Gesch\u00e4tzte Lesezeit":"2\u00a0Minuten"},"schema":{"@context":"https:\/\/schema.org","@graph":[{"@type":"WebPage","@id":"http:\/\/www.fachbau.ch\/de_de\/product\/die-baustellen-5-2014\/","url":"http:\/\/www.fachbau.ch\/de_de\/product\/die-baustellen-5-2014\/","name":"die baustellen 5\/2014 - fachbau.ch","isPartOf":{"@id":"https:\/\/www.fachbau.ch\/#website"},"primaryImageOfPage":{"@id":"http:\/\/www.fachbau.ch\/de_de\/product\/die-baustellen-5-2014\/#primaryimage"},"image":{"@id":"http:\/\/www.fachbau.ch\/de_de\/product\/die-baustellen-5-2014\/#primaryimage"},"thumbnailUrl":"https:\/\/www.fachbau.ch\/wp-content\/uploads\/2022\/01\/die_baustellen_2014_5.png","datePublished":"2022-01-27T08:24:21+00:00","description":"Erhalte die deutschsprachige Fachzeitschrift \u00abdie baustellen\u00bb in der Ausgabe 5\/2014 als PDF-Download mit nachfolgendem Inhaltsverzeichnis:","breadcrumb":{"@id":"http:\/\/www.fachbau.ch\/de_de\/product\/die-baustellen-5-2014\/#breadcrumb"},"inLanguage":"de","potentialAction":[{"@type":"ReadAction","target":["http:\/\/www.fachbau.ch\/de_de\/product\/die-baustellen-5-2014\/"]}]},{"@type":"ImageObject","inLanguage":"de","@id":"http:\/\/www.fachbau.ch\/de_de\/product\/die-baustellen-5-2014\/#primaryimage","url":"https:\/\/www.fachbau.ch\/wp-content\/uploads\/2022\/01\/die_baustellen_2014_5.png","contentUrl":"https:\/\/www.fachbau.ch\/wp-content\/uploads\/2022\/01\/die_baustellen_2014_5.png","width":654,"height":370},{"@type":"BreadcrumbList","@id":"http:\/\/www.fachbau.ch\/de_de\/product\/die-baustellen-5-2014\/#breadcrumb","itemListElement":[{"@type":"ListItem","position":1,"name":"Startseite","item":"https:\/\/www.fachbau.ch\/"},{"@type":"ListItem","position":2,"name":"Shop","item":"https:\/\/www.fachbau.ch\/shop\/"},{"@type":"ListItem","position":3,"name":"die baustellen 5\/2014"}]},{"@type":"WebSite","@id":"https:\/\/www.fachbau.ch\/#website","url":"https:\/\/www.fachbau.ch\/","name":"fachbau.ch","description":"Modernes, nachhaltiges Bauen.","publisher":{"@id":"https:\/\/www.fachbau.ch\/#organization"},"potentialAction":[{"@type":"SearchAction","target":{"@type":"EntryPoint","urlTemplate":"https:\/\/www.fachbau.ch\/?s={search_term_string}"},"query-input":{"@type":"PropertyValueSpecification","valueRequired":true,"valueName":"search_term_string"}}],"inLanguage":"de"},{"@type":"Organization","@id":"https:\/\/www.fachbau.ch\/#organization","name":"fachbau.ch","url":"https:\/\/www.fachbau.ch\/","logo":{"@type":"ImageObject","inLanguage":"de","@id":"https:\/\/www.fachbau.ch\/#\/schema\/logo\/image\/","url":"https:\/\/www.fachbau.ch\/wp-content\/uploads\/2021\/12\/Logo_fachbau_ch.png","contentUrl":"https:\/\/www.fachbau.ch\/wp-content\/uploads\/2021\/12\/Logo_fachbau_ch.png","width":283,"height":42,"caption":"fachbau.ch"},"image":{"@id":"https:\/\/www.fachbau.ch\/#\/schema\/logo\/image\/"}}]}},"_links":{"self":[{"href":"https:\/\/www.fachbau.ch\/de\/wp-json\/wp\/v2\/product\/13789","targetHints":{"allow":["GET"]}}],"collection":[{"href":"https:\/\/www.fachbau.ch\/de\/wp-json\/wp\/v2\/product"}],"about":[{"href":"https:\/\/www.fachbau.ch\/de\/wp-json\/wp\/v2\/types\/product"}],"wp:featuredmedia":[{"embeddable":true,"href":"https:\/\/www.fachbau.ch\/de\/wp-json\/wp\/v2\/media\/13791"}],"wp:attachment":[{"href":"https:\/\/www.fachbau.ch\/de\/wp-json\/wp\/v2\/media?parent=13789"}],"wp:term":[{"taxonomy":"product_brand","embeddable":true,"href":"https:\/\/www.fachbau.ch\/de\/wp-json\/wp\/v2\/product_brand?post=13789"},{"taxonomy":"product_cat","embeddable":true,"href":"https:\/\/www.fachbau.ch\/de\/wp-json\/wp\/v2\/product_cat?post=13789"},{"taxonomy":"product_tag","embeddable":true,"href":"https:\/\/www.fachbau.ch\/de\/wp-json\/wp\/v2\/product_tag?post=13789"}],"curies":[{"name":"wp","href":"https:\/\/api.w.org\/{rel}","templated":true}]}}