{"id":13786,"date":"2022-01-27T09:12:19","date_gmt":"2022-01-27T08:12:19","guid":{"rendered":"https:\/\/www.fachbau.ch\/?post_type=product&#038;p=13786"},"modified":"2022-01-27T09:12:19","modified_gmt":"2022-01-27T08:12:19","slug":"die-baustellen-6-2014","status":"publish","type":"product","link":"https:\/\/www.fachbau.ch\/de\/product\/die-baustellen-6-2014\/","title":{"rendered":"die baustellen 6\/2014"},"content":{"rendered":"<h2>Branche<\/h2>\n<h2>kurz &amp; knapp<\/h2>\n<p>Bericht \u00fcber den Unfallversicherer, Wechsel an der Spitze und Fachvortr\u00e4ge.<\/p>\n<h2>fokus<\/h2>\n<p>Aus dem HSG-Zwischenjahr entwickelte sich ein etablierter Bausoftware-Spezialist.<\/p>\n<h2>baukonjunktur<\/h2>\n<p>Die Baubranche bleibt auf ihrem Niveau stabil.<\/p>\n<h2>projekte<\/h2>\n<p>Haufenweise Wohnungen, ein Containerladen und schwebende Touristen.<\/p>\n<h2>bauen im ausland<\/h2>\n<p>Wiener See l\u00e4dt zum Bauen ein.<\/p>\n<h2>erfinder der bauwelt<\/h2>\n<p>Der Weg vom Drucker und Verleger zum Politiker und Naturwissenschaftler.<\/p>\n<h2>Technik<\/h2>\n<h2>mechanik und bautechnik<\/h2>\n<ul>\n<li>Sonderteil: Maschinen, Ger\u00e4te und Fahrzeuge f\u00fcr den Baustellenbetrieb.<\/li>\n<li>Die gr\u00f6ssten Hydraulikbagger der Welt.<\/li>\n<li>Grosse Hydraulikbagger gibt es auch in der Schweiz.<\/li>\n<li>Mobilkrane erfreuen sich an Beliebtheit.<\/li>\n<li>Moderne Betonpumpen: handlich und leistungsstark.<\/li>\n<li>Abbruchroboter: Die Stahlgesellen erledigen einen echt harten Job.<\/li>\n<li>Suva-Arbeitssicherheit: Wann Schnellwechsler gef\u00e4hrlich werden.<\/li>\n<li>Eine neue Generation f\u00fcr die Walzenz\u00fcge.<\/li>\n<li>\u00dcber die Vorz\u00fcge eines Leichtlauf-Motoren\u00f6ls.<\/li>\n<li>Ein Steuerungssystem f\u00fcr Betonmischanlagen mit Prozessorsteuerung.<\/li>\n<li>\u00dcberwachung und Arbeitsweise mit Server-gesteuerten Baumaschinen.<\/li>\n<li>Katalytische Partikelfilter eliminieren toxische Dieselabgase.<\/li>\n<\/ul>\n<h2>bauabdichtung<\/h2>\n<p>Riss\u00fcberbr\u00fcckende Abdichtung der Ch\u00e4rstelenbachbr\u00fccke mit Fl\u00fcssigkunststoff.<\/p>\n<h2>erdbau<\/h2>\n<p>Bohrtechnologie \u00fcbernimmt das Graben und erledigt Sonderaufgaben.<\/p>\n<h2>messe-vorbericht<\/h2>\n<p>Was die Steinexpo 2014 vom 3. bis 6. September bringt.<\/p>\n<h2>brech- und siebanlagen<\/h2>\n<p>Mobile Recyclinganlagen waschen, sichten, sieben, brechen und sortieren vor Ort.<\/p>\n<h2>motorentechnik<\/h2>\n<p>Retarder geht automatisch in den Freilaufmodus und spart Kraftstoff.<\/p>\n<h2>asphaltrecycling<\/h2>\n<p>Die Argumente sprechen zugunsten des Recyclingasphalts.<\/p>\n<h2>bauen mit holz<\/h2>\n<ul>\n<li>Forscher, Unternehmer und Dozenten sprachen \u00fcber die Zukunft des Holzbaus.<\/li>\n<li>Warum das Bauen mit Holz der Energiedebatte entgegenkommt.<\/li>\n<li>In der Holzelementbau-Vorfabrikation laufen alle F\u00e4den zusammen.<\/li>\n<\/ul>\n<h2>farbe am bau<\/h2>\n<p>Das Haus der Farbe erarbeitete einen Architekturfarben-Katalog.<\/p>\n<h2>schalungsbau<\/h2>\n<p>Hochhaus-Klettersystem passt sich unterschiedlichen Geb\u00e4udeformen an.<\/p>\n<p>Anbieter f\u00fcr Systemschalung pr\u00e4sentiert aktuelle Referenzen im 50. Jubil\u00e4umsjahr.<\/p>\n<h2>objektbericht<\/h2>\n<p>\u00abBig Tower\u00bb: Komfortabler Wohn- und Gewerbeturm im Zuger Stadtleben.<\/p>\n<p>\u00abPostParc\u00bb: Post- und Einkaufszentrum erg\u00e4nzt Berner Bahnhofswelle.<\/p>\n<h2>Branche<\/h2>\n<h2>onlineshop<\/h2>\n<p>Die 8 wichtigsten Punkte f\u00fcr die Kundenbeziehung im Web.<\/p>\n<p>Man schreibt nicht f\u00fcr Suchmaschinen, sondern f\u00fcr Menschen.<\/p>\n<h2>kolumne<\/h2>\n<p>Im Web treffend kommunizieren und die Parallelen von Sportplatz und Bauplatz.<\/p>\n<h2>agenda<\/h2>\n<p>Veranstaltungen und Termine f\u00fcr Bauprofis.<\/p>\n<h2>bau-karriere<\/h2>\n<ul>\n<li>Die Stellenangebote: Beh\u00f6rden, Bauindustrie und Baugewerbe stellen sich vor.<\/li>\n<li>Die ersten Rohstoffaufbereiter(innen) erhielten ihren eidgen\u00f6ssischen Fachausweis.<\/li>\n<li>Suva-Kampagne: Damit auch Lehreinsteiger(innen) sicher den Alltag meistern.<\/li>\n<li>Interview: Leiterin Anja Pauling erkl\u00e4rt die Aufgabe der Empa-Akademie.<\/li>\n<li>Bauf\u00fchrertagung 2014: Schweizerische Bauschule Aarau bringt profunde Kenntnisse.<\/li>\n<\/ul>\n<h2>Service<\/h2>\n<h2>sieben-fragen-interview<\/h2>\n<p>Vor 108 Jahren waren es Lederprodukte, heute sind es Bodenschutzsysteme.<\/p>\n<h2>verbandsnachrichten<\/h2>\n<p>Wie die Verb\u00e4nde die Anliegen des Gewerbes umsetzen.<\/p>\n<h2>recht &amp; rekord<\/h2>\n<p>\u00dcber eine unverh\u00e4ltnism\u00e4ssige Bewilligungspflicht und einen geplanten Br\u00fcckenrekord.<\/p>\n<h2>bau &amp; kunst<\/h2>\n<p>Regenbogenlamellen verleihen dem B\u00fcrohaus am Bahnhof Schlieren etwas Exotisches.<\/p>\n<h2>blickpunkt<\/h2>\n<p>Nach Bauschule und Baukonzern in die Selbst\u00e4ndigkeit und ins Pr\u00e4sidium.<\/p>\n","protected":false},"excerpt":{"rendered":"<p>Erhalte die deutschsprachige Fachzeitschrift \u00abdie baustellen\u00bb in der Ausgabe 6\/2014 als PDF-Download mit nachfolgendem Inhaltsverzeichnis:<\/p>\n","protected":false},"featured_media":13788,"template":"","meta":{"_acf_changed":false,"pgc_sgb_lightbox_settings":""},"product_brand":[],"product_cat":[1732,1727],"product_tag":[1717],"class_list":{"0":"post-13786","1":"product","2":"type-product","3":"status-publish","4":"has-post-thumbnail","6":"product_cat-die-baustellen","7":"product_cat-einzelausgaben","8":"product_tag-1717","10":"first","11":"instock","12":"downloadable","13":"virtual","14":"taxable","15":"purchasable","16":"product-type-simple"},"acf":[],"yoast_head":"<!-- This site is optimized with the Yoast SEO plugin v27.4 - https:\/\/yoast.com\/product\/yoast-seo-wordpress\/ -->\n<title>die baustellen 6\/2014 - fachbau.ch<\/title>\n<meta name=\"description\" content=\"Erhalte die deutschsprachige Fachzeitschrift \u00abdie baustellen\u00bb in der Ausgabe 6\/2014 als PDF-Download mit nachfolgendem Inhaltsverzeichnis:\" \/>\n<meta name=\"robots\" content=\"index, follow, max-snippet:-1, max-image-preview:large, max-video-preview:-1\" \/>\n<link rel=\"canonical\" href=\"http:\/\/www.fachbau.ch\/de\/de_de\/product\/die-baustellen-6-2014\/\" \/>\n<meta property=\"og:locale\" content=\"de_DE\" \/>\n<meta property=\"og:type\" content=\"article\" \/>\n<meta property=\"og:title\" content=\"die baustellen 6\/2014 - fachbau.ch\" \/>\n<meta property=\"og:description\" content=\"Erhalte die deutschsprachige Fachzeitschrift \u00abdie baustellen\u00bb in der Ausgabe 6\/2014 als PDF-Download mit nachfolgendem Inhaltsverzeichnis:\" \/>\n<meta property=\"og:url\" content=\"http:\/\/www.fachbau.ch\/de\/de_de\/product\/die-baustellen-6-2014\/\" \/>\n<meta property=\"og:site_name\" content=\"fachbau.ch\" \/>\n<meta property=\"og:image\" content=\"https:\/\/www.fachbau.ch\/wp-content\/uploads\/2022\/01\/die_baustellen_2014_6.png\" \/>\n\t<meta property=\"og:image:width\" content=\"654\" \/>\n\t<meta property=\"og:image:height\" content=\"370\" \/>\n\t<meta property=\"og:image:type\" content=\"image\/png\" \/>\n<meta name=\"twitter:card\" content=\"summary_large_image\" \/>\n<meta name=\"twitter:label1\" content=\"Gesch\u00e4tzte Lesezeit\" \/>\n\t<meta name=\"twitter:data1\" content=\"2\u00a0Minuten\" \/>\n<script type=\"application\/ld+json\" class=\"yoast-schema-graph\">{\"@context\":\"https:\\\/\\\/schema.org\",\"@graph\":[{\"@type\":\"WebPage\",\"@id\":\"http:\\\/\\\/www.fachbau.ch\\\/de_de\\\/product\\\/die-baustellen-6-2014\\\/\",\"url\":\"http:\\\/\\\/www.fachbau.ch\\\/de_de\\\/product\\\/die-baustellen-6-2014\\\/\",\"name\":\"die baustellen 6\\\/2014 - fachbau.ch\",\"isPartOf\":{\"@id\":\"https:\\\/\\\/www.fachbau.ch\\\/#website\"},\"primaryImageOfPage\":{\"@id\":\"http:\\\/\\\/www.fachbau.ch\\\/de_de\\\/product\\\/die-baustellen-6-2014\\\/#primaryimage\"},\"image\":{\"@id\":\"http:\\\/\\\/www.fachbau.ch\\\/de_de\\\/product\\\/die-baustellen-6-2014\\\/#primaryimage\"},\"thumbnailUrl\":\"https:\\\/\\\/www.fachbau.ch\\\/wp-content\\\/uploads\\\/2022\\\/01\\\/die_baustellen_2014_6.png\",\"datePublished\":\"2022-01-27T08:12:19+00:00\",\"description\":\"Erhalte die deutschsprachige Fachzeitschrift \u00abdie baustellen\u00bb in der Ausgabe 6\\\/2014 als PDF-Download mit nachfolgendem Inhaltsverzeichnis:\",\"breadcrumb\":{\"@id\":\"http:\\\/\\\/www.fachbau.ch\\\/de_de\\\/product\\\/die-baustellen-6-2014\\\/#breadcrumb\"},\"inLanguage\":\"de\",\"potentialAction\":[{\"@type\":\"ReadAction\",\"target\":[\"http:\\\/\\\/www.fachbau.ch\\\/de_de\\\/product\\\/die-baustellen-6-2014\\\/\"]}]},{\"@type\":\"ImageObject\",\"inLanguage\":\"de\",\"@id\":\"http:\\\/\\\/www.fachbau.ch\\\/de_de\\\/product\\\/die-baustellen-6-2014\\\/#primaryimage\",\"url\":\"https:\\\/\\\/www.fachbau.ch\\\/wp-content\\\/uploads\\\/2022\\\/01\\\/die_baustellen_2014_6.png\",\"contentUrl\":\"https:\\\/\\\/www.fachbau.ch\\\/wp-content\\\/uploads\\\/2022\\\/01\\\/die_baustellen_2014_6.png\",\"width\":654,\"height\":370},{\"@type\":\"BreadcrumbList\",\"@id\":\"http:\\\/\\\/www.fachbau.ch\\\/de_de\\\/product\\\/die-baustellen-6-2014\\\/#breadcrumb\",\"itemListElement\":[{\"@type\":\"ListItem\",\"position\":1,\"name\":\"Startseite\",\"item\":\"https:\\\/\\\/www.fachbau.ch\\\/\"},{\"@type\":\"ListItem\",\"position\":2,\"name\":\"Shop\",\"item\":\"https:\\\/\\\/www.fachbau.ch\\\/shop\\\/\"},{\"@type\":\"ListItem\",\"position\":3,\"name\":\"die baustellen 6\\\/2014\"}]},{\"@type\":\"WebSite\",\"@id\":\"https:\\\/\\\/www.fachbau.ch\\\/#website\",\"url\":\"https:\\\/\\\/www.fachbau.ch\\\/\",\"name\":\"fachbau.ch\",\"description\":\"Modernes, nachhaltiges Bauen.\",\"publisher\":{\"@id\":\"https:\\\/\\\/www.fachbau.ch\\\/#organization\"},\"potentialAction\":[{\"@type\":\"SearchAction\",\"target\":{\"@type\":\"EntryPoint\",\"urlTemplate\":\"https:\\\/\\\/www.fachbau.ch\\\/?s={search_term_string}\"},\"query-input\":{\"@type\":\"PropertyValueSpecification\",\"valueRequired\":true,\"valueName\":\"search_term_string\"}}],\"inLanguage\":\"de\"},{\"@type\":\"Organization\",\"@id\":\"https:\\\/\\\/www.fachbau.ch\\\/#organization\",\"name\":\"fachbau.ch\",\"url\":\"https:\\\/\\\/www.fachbau.ch\\\/\",\"logo\":{\"@type\":\"ImageObject\",\"inLanguage\":\"de\",\"@id\":\"https:\\\/\\\/www.fachbau.ch\\\/#\\\/schema\\\/logo\\\/image\\\/\",\"url\":\"https:\\\/\\\/www.fachbau.ch\\\/wp-content\\\/uploads\\\/2021\\\/12\\\/Logo_fachbau_ch.png\",\"contentUrl\":\"https:\\\/\\\/www.fachbau.ch\\\/wp-content\\\/uploads\\\/2021\\\/12\\\/Logo_fachbau_ch.png\",\"width\":283,\"height\":42,\"caption\":\"fachbau.ch\"},\"image\":{\"@id\":\"https:\\\/\\\/www.fachbau.ch\\\/#\\\/schema\\\/logo\\\/image\\\/\"}}]}<\/script>\n<!-- \/ Yoast SEO plugin. -->","yoast_head_json":{"title":"die baustellen 6\/2014 - fachbau.ch","description":"Erhalte die deutschsprachige Fachzeitschrift \u00abdie baustellen\u00bb in der Ausgabe 6\/2014 als PDF-Download mit nachfolgendem Inhaltsverzeichnis:","robots":{"index":"index","follow":"follow","max-snippet":"max-snippet:-1","max-image-preview":"max-image-preview:large","max-video-preview":"max-video-preview:-1"},"canonical":"http:\/\/www.fachbau.ch\/de\/de_de\/product\/die-baustellen-6-2014\/","og_locale":"de_DE","og_type":"article","og_title":"die baustellen 6\/2014 - fachbau.ch","og_description":"Erhalte die deutschsprachige Fachzeitschrift \u00abdie baustellen\u00bb in der Ausgabe 6\/2014 als PDF-Download mit nachfolgendem Inhaltsverzeichnis:","og_url":"http:\/\/www.fachbau.ch\/de\/de_de\/product\/die-baustellen-6-2014\/","og_site_name":"fachbau.ch","og_image":[{"width":654,"height":370,"url":"https:\/\/www.fachbau.ch\/wp-content\/uploads\/2022\/01\/die_baustellen_2014_6.png","type":"image\/png"}],"twitter_card":"summary_large_image","twitter_misc":{"Gesch\u00e4tzte Lesezeit":"2\u00a0Minuten"},"schema":{"@context":"https:\/\/schema.org","@graph":[{"@type":"WebPage","@id":"http:\/\/www.fachbau.ch\/de_de\/product\/die-baustellen-6-2014\/","url":"http:\/\/www.fachbau.ch\/de_de\/product\/die-baustellen-6-2014\/","name":"die baustellen 6\/2014 - fachbau.ch","isPartOf":{"@id":"https:\/\/www.fachbau.ch\/#website"},"primaryImageOfPage":{"@id":"http:\/\/www.fachbau.ch\/de_de\/product\/die-baustellen-6-2014\/#primaryimage"},"image":{"@id":"http:\/\/www.fachbau.ch\/de_de\/product\/die-baustellen-6-2014\/#primaryimage"},"thumbnailUrl":"https:\/\/www.fachbau.ch\/wp-content\/uploads\/2022\/01\/die_baustellen_2014_6.png","datePublished":"2022-01-27T08:12:19+00:00","description":"Erhalte die deutschsprachige Fachzeitschrift \u00abdie baustellen\u00bb in der Ausgabe 6\/2014 als PDF-Download mit nachfolgendem Inhaltsverzeichnis:","breadcrumb":{"@id":"http:\/\/www.fachbau.ch\/de_de\/product\/die-baustellen-6-2014\/#breadcrumb"},"inLanguage":"de","potentialAction":[{"@type":"ReadAction","target":["http:\/\/www.fachbau.ch\/de_de\/product\/die-baustellen-6-2014\/"]}]},{"@type":"ImageObject","inLanguage":"de","@id":"http:\/\/www.fachbau.ch\/de_de\/product\/die-baustellen-6-2014\/#primaryimage","url":"https:\/\/www.fachbau.ch\/wp-content\/uploads\/2022\/01\/die_baustellen_2014_6.png","contentUrl":"https:\/\/www.fachbau.ch\/wp-content\/uploads\/2022\/01\/die_baustellen_2014_6.png","width":654,"height":370},{"@type":"BreadcrumbList","@id":"http:\/\/www.fachbau.ch\/de_de\/product\/die-baustellen-6-2014\/#breadcrumb","itemListElement":[{"@type":"ListItem","position":1,"name":"Startseite","item":"https:\/\/www.fachbau.ch\/"},{"@type":"ListItem","position":2,"name":"Shop","item":"https:\/\/www.fachbau.ch\/shop\/"},{"@type":"ListItem","position":3,"name":"die baustellen 6\/2014"}]},{"@type":"WebSite","@id":"https:\/\/www.fachbau.ch\/#website","url":"https:\/\/www.fachbau.ch\/","name":"fachbau.ch","description":"Modernes, nachhaltiges Bauen.","publisher":{"@id":"https:\/\/www.fachbau.ch\/#organization"},"potentialAction":[{"@type":"SearchAction","target":{"@type":"EntryPoint","urlTemplate":"https:\/\/www.fachbau.ch\/?s={search_term_string}"},"query-input":{"@type":"PropertyValueSpecification","valueRequired":true,"valueName":"search_term_string"}}],"inLanguage":"de"},{"@type":"Organization","@id":"https:\/\/www.fachbau.ch\/#organization","name":"fachbau.ch","url":"https:\/\/www.fachbau.ch\/","logo":{"@type":"ImageObject","inLanguage":"de","@id":"https:\/\/www.fachbau.ch\/#\/schema\/logo\/image\/","url":"https:\/\/www.fachbau.ch\/wp-content\/uploads\/2021\/12\/Logo_fachbau_ch.png","contentUrl":"https:\/\/www.fachbau.ch\/wp-content\/uploads\/2021\/12\/Logo_fachbau_ch.png","width":283,"height":42,"caption":"fachbau.ch"},"image":{"@id":"https:\/\/www.fachbau.ch\/#\/schema\/logo\/image\/"}}]}},"_links":{"self":[{"href":"https:\/\/www.fachbau.ch\/de\/wp-json\/wp\/v2\/product\/13786","targetHints":{"allow":["GET"]}}],"collection":[{"href":"https:\/\/www.fachbau.ch\/de\/wp-json\/wp\/v2\/product"}],"about":[{"href":"https:\/\/www.fachbau.ch\/de\/wp-json\/wp\/v2\/types\/product"}],"wp:featuredmedia":[{"embeddable":true,"href":"https:\/\/www.fachbau.ch\/de\/wp-json\/wp\/v2\/media\/13788"}],"wp:attachment":[{"href":"https:\/\/www.fachbau.ch\/de\/wp-json\/wp\/v2\/media?parent=13786"}],"wp:term":[{"taxonomy":"product_brand","embeddable":true,"href":"https:\/\/www.fachbau.ch\/de\/wp-json\/wp\/v2\/product_brand?post=13786"},{"taxonomy":"product_cat","embeddable":true,"href":"https:\/\/www.fachbau.ch\/de\/wp-json\/wp\/v2\/product_cat?post=13786"},{"taxonomy":"product_tag","embeddable":true,"href":"https:\/\/www.fachbau.ch\/de\/wp-json\/wp\/v2\/product_tag?post=13786"}],"curies":[{"name":"wp","href":"https:\/\/api.w.org\/{rel}","templated":true}]}}