{"id":13783,"date":"2022-01-27T09:02:09","date_gmt":"2022-01-27T08:02:09","guid":{"rendered":"https:\/\/www.fachbau.ch\/?post_type=product&#038;p=13783"},"modified":"2022-01-27T09:02:09","modified_gmt":"2022-01-27T08:02:09","slug":"die-baustellen-7-8-2014","status":"publish","type":"product","link":"https:\/\/www.fachbau.ch\/de\/product\/die-baustellen-7-8-2014\/","title":{"rendered":"die baustellen 7-8\/2014"},"content":{"rendered":"<h2>Branche<\/h2>\n<h2>kurz &amp; knapp<\/h2>\n<p>Entwicklungen und Bewegungen in der Baumaschinen- und -ger\u00e4tewelt.<\/p>\n<h2>fokus<\/h2>\n<p>Werkstoff-Forscher treibt die Berner Fachhochschule voran.<\/p>\n<h2>baukonjunktur<\/h2>\n<p>Europas Baubranche zeigt zaghafte Wachstumsimpulse.<\/p>\n<p>Schweizer Projektleiter und Planer sind auf ausl\u00e4ndische Fachkr\u00e4fte angewiesen.<\/p>\n<h2>verbandsinformation gsgi<\/h2>\n<p>Geb\u00e4udeautomation: Das Energiesparpotenzial am Beispiel eines Laborgeb\u00e4udes.<\/p>\n<h2>projekte<\/h2>\n<p>Vom Hochhaus in Wallisellen bis zum Polestar Tower in G\u00f6teborg.<\/p>\n<h2>bauen im ausland<\/h2>\n<p>Luftkissen sollen dem Betonschalenbau wieder auf die Beine helfen.<\/p>\n<h2>erfinder der bauwelt<\/h2>\n<p>Der Anfang der modifizierbaren Kunststoffe \u2013 von der K\u00e4sek\u00fcche bis zum Polymer.<\/p>\n<h2>Technik<\/h2>\n<h2>baumaterialien<\/h2>\n<ul>\n<li>Gesundes Raumklima. Ein Pl\u00e4doyer f\u00fcr den Backstein.<\/li>\n<li>Feinpor\u00f6ses Keramik-Mauerwerk erm\u00f6glicht w\u00e4rmebr\u00fcckenfreie Geb\u00e4udeh\u00fclle.<\/li>\n<li>Lehmarchitekten bringen Komfort ins Raumklima.<\/li>\n<li>Porenbeton-Mauerstein ist auch Passivhaus-tauglich.<\/li>\n<li>Stahlbau: Der Flughafen Z\u00fcrich leistet sich eine l\u00e4rmschluckende Triebwerks-Testhalle.<\/li>\n<li>Empa entwickelt Memorymetalle f\u00fcr das Bauwesen.<\/li>\n<li>Hochleistungs-Kunststofffasern ersetzen Stahlfaserbewehrung.<\/li>\n<li>Schnell, tragend und gestalterisch: Mauern mit dem Kalksand-Quaderstein.<\/li>\n<li>Dieses Backstein-Mauerwerk gibt es einschliesslich Erdbebennachweis.<\/li>\n<li>Der Instant-M\u00f6rtel l\u00e4sst sich jetzt abonnieren.<\/li>\n<li>Bewehrungseinlagen gew\u00e4hrleisten die Tragsicherheit trotz Rohrdurchdringungen.<\/li>\n<li>Wo das Publikum Erdbeben nachempfindet und verstehen lernt.<\/li>\n<li>Ein Schweizer \u00d6kozement dient der internationalen Entwicklungshilfe.<\/li>\n<li>Der selbstheilende Beton hat die ersten Praxistests erfolgreich bestanden.<\/li>\n<li>Fachtagung: Neuartige Bauten entstehen mit Faserverbund-Werkstoffen.<\/li>\n<\/ul>\n<h2>betonbau<\/h2>\n<ul>\n<li>So wird ohne Eingriff die gef\u00e4hrdete Bewehrung vor Korrosion gesch\u00fctzt.<\/li>\n<li>Begehung: Im Schweizer Werkhallen-Neubau wird der Beton nach Plan geformt.<\/li>\n<li>Mit korrekten Stahlbeton-Anschl\u00fcssen Bausch\u00e4den vorbeugen.<\/li>\n<\/ul>\n<h2>schalungsbau und -systeme<\/h2>\n<ul>\n<li>Der Schalungsplan ist die Zentrale des Beton-Rohbaus.<\/li>\n<li>Schalungs- und Ger\u00fcstsystem f\u00fcr den Kraftwerksbau im Berg.<\/li>\n<li>Vielseitige und flexible Betonformen f\u00fcr das Pumpspeicherkraftwerk.<\/li>\n<li>Schachtschalung mit Ausschal-Innenecken reduziert den Aufwand.<\/li>\n<li>Diese Produkte gew\u00e4hren Wirtschaftlichkeit und Arbeitssicherheit in einem.<\/li>\n<li>Ein Stahlschalungssystem erm\u00f6glicht besonders hohe Betonieretappen.<\/li>\n<li>Kletterschalung meistert den gesamten F\u00fcnfeck-Geb\u00e4udekern in einem Zug.<\/li>\n<\/ul>\n<h2>trag- und arbeitsger\u00fcste<\/h2>\n<ul>\n<li>Interview: Was das Ger\u00fcstmaterial f\u00fcr die Arbeitssicherheit ausmacht.<\/li>\n<li>Allround-Ger\u00fcst folgt eigenwilliger Bauwerksgeometrie.<\/li>\n<li>Anspruchsvolle Plattformen und Schutzger\u00fcste sichern die Sanierung der Bahnbr\u00fccke.<\/li>\n<li>In vier eindr\u00fccklichen Referenzen zeigen Tragger\u00fcste ihr K\u00f6nnen.<\/li>\n<\/ul>\n<h2>naturstein<\/h2>\n<p>Natursteingespr\u00e4che \u00fcber Bauten mit Charakter und Urbanit\u00e4t.<\/p>\n<h2>r\u00fcckschau<\/h2>\n<p>\u00d6ga: Highlights f\u00fcr den professionellen Gartenbau.<\/p>\n<p>Swiss Tunnel Congress mit internationaler Ausstrahlung.<\/p>\n<h2>Management<\/h2>\n<h2>usic-umfrage<\/h2>\n<p>Die aktuelle Ingenieursgeneration ist f\u00fcr flexible Arbeitsmodelle.<\/p>\n<h2>kolumne<\/h2>\n<p>Wie sich das Onlineverhalten ver\u00e4ndert und wie man das Arbeitspensum untersch\u00e4tzt.<\/p>\n<h2>agenda<\/h2>\n<p>Wo sich der Bauprofi gewinnbringend informiert.<\/p>\n<h2>bau-karriere<\/h2>\n<ul>\n<li>Wie sich l\u00f6sungsorientiertes Verkaufen auswirkt.<\/li>\n<li>Drei Trainingstage f\u00fcr die Strassenbauer-Schweizer-Meisterschaft.<\/li>\n<li>Modulare Ausbildung zur H\u00f6heren Fachpr\u00fcfung der Bauleiter.<\/li>\n<\/ul>\n<h2>Service<\/h2>\n<h2>sieben-fragen-interview<\/h2>\n<p>Ein schweizweiter Service gew\u00e4hrt Funktion und Qualit\u00e4t der Hydraulikschl\u00e4uche.<\/p>\n<h2>verbandsnachrichten<\/h2>\n<p>Von Neu-Definitionen bis zum Wettkampf: Die Baubranche ist in Bewegung.<\/p>\n<h2>recht &amp; rekord<\/h2>\n<p>Der revidierte KBOB-Planervertrag und eine PET-Br\u00fccke als kreative Aktion.<\/p>\n<h2>bau &amp; kunst<\/h2>\n<p>K\u00fcnstlerarchitekt skizziert die Architektenentw\u00fcrfe an die Wand.<\/p>\n<h2>blickpunkt<\/h2>\n<p>\u00abHeute ist mein Hobby meine Arbeit und mein Traumberuf.\u00bb<\/p>\n","protected":false},"excerpt":{"rendered":"<p>Erhalte die deutschsprachige Fachzeitschrift \u00abdie baustellen\u00bb in der Ausgabe 7-8\/2014 als PDF-Download mit nachfolgendem Inhaltsverzeichnis:<\/p>\n","protected":false},"featured_media":137,"template":"","meta":{"_acf_changed":false,"pgc_sgb_lightbox_settings":""},"product_brand":[],"product_cat":[1732,1727],"product_tag":[1717],"class_list":{"0":"post-13783","1":"product","2":"type-product","3":"status-publish","4":"has-post-thumbnail","6":"product_cat-die-baustellen","7":"product_cat-einzelausgaben","8":"product_tag-1717","10":"first","11":"instock","12":"downloadable","13":"virtual","14":"taxable","15":"purchasable","16":"product-type-simple"},"acf":[],"yoast_head":"<!-- This site is optimized with the Yoast SEO plugin v27.4 - https:\/\/yoast.com\/product\/yoast-seo-wordpress\/ -->\n<title>die baustellen 7-8\/2014 - fachbau.ch<\/title>\n<meta name=\"description\" content=\"Erhalte die deutschsprachige Fachzeitschrift \u00abdie baustellen\u00bb in der Ausgabe 7-8\/2014 als PDF-Download mit nachfolgendem Inhaltsverzeichnis:\" \/>\n<meta name=\"robots\" content=\"index, follow, max-snippet:-1, max-image-preview:large, max-video-preview:-1\" \/>\n<link rel=\"canonical\" href=\"http:\/\/www.fachbau.ch\/de\/de_de\/product\/die-baustellen-7-8-2014\/\" \/>\n<meta property=\"og:locale\" content=\"de_DE\" \/>\n<meta property=\"og:type\" content=\"article\" \/>\n<meta property=\"og:title\" content=\"die baustellen 7-8\/2014 - fachbau.ch\" \/>\n<meta property=\"og:description\" content=\"Erhalte die deutschsprachige Fachzeitschrift \u00abdie baustellen\u00bb in der Ausgabe 7-8\/2014 als PDF-Download mit nachfolgendem Inhaltsverzeichnis:\" \/>\n<meta property=\"og:url\" content=\"http:\/\/www.fachbau.ch\/de\/de_de\/product\/die-baustellen-7-8-2014\/\" \/>\n<meta property=\"og:site_name\" content=\"fachbau.ch\" \/>\n<meta name=\"twitter:card\" content=\"summary_large_image\" \/>\n<meta name=\"twitter:label1\" content=\"Gesch\u00e4tzte Lesezeit\" \/>\n\t<meta name=\"twitter:data1\" content=\"2\u00a0Minuten\" \/>\n<script type=\"application\/ld+json\" class=\"yoast-schema-graph\">{\"@context\":\"https:\\\/\\\/schema.org\",\"@graph\":[{\"@type\":\"WebPage\",\"@id\":\"http:\\\/\\\/www.fachbau.ch\\\/de_de\\\/product\\\/die-baustellen-7-8-2014\\\/\",\"url\":\"http:\\\/\\\/www.fachbau.ch\\\/de_de\\\/product\\\/die-baustellen-7-8-2014\\\/\",\"name\":\"die baustellen 7-8\\\/2014 - fachbau.ch\",\"isPartOf\":{\"@id\":\"https:\\\/\\\/www.fachbau.ch\\\/#website\"},\"primaryImageOfPage\":{\"@id\":\"http:\\\/\\\/www.fachbau.ch\\\/de_de\\\/product\\\/die-baustellen-7-8-2014\\\/#primaryimage\"},\"image\":{\"@id\":\"http:\\\/\\\/www.fachbau.ch\\\/de_de\\\/product\\\/die-baustellen-7-8-2014\\\/#primaryimage\"},\"thumbnailUrl\":\"\",\"datePublished\":\"2022-01-27T08:02:09+00:00\",\"description\":\"Erhalte die deutschsprachige Fachzeitschrift \u00abdie baustellen\u00bb in der Ausgabe 7-8\\\/2014 als PDF-Download mit nachfolgendem Inhaltsverzeichnis:\",\"breadcrumb\":{\"@id\":\"http:\\\/\\\/www.fachbau.ch\\\/de_de\\\/product\\\/die-baustellen-7-8-2014\\\/#breadcrumb\"},\"inLanguage\":\"de\",\"potentialAction\":[{\"@type\":\"ReadAction\",\"target\":[\"http:\\\/\\\/www.fachbau.ch\\\/de_de\\\/product\\\/die-baustellen-7-8-2014\\\/\"]}]},{\"@type\":\"ImageObject\",\"inLanguage\":\"de\",\"@id\":\"http:\\\/\\\/www.fachbau.ch\\\/de_de\\\/product\\\/die-baustellen-7-8-2014\\\/#primaryimage\",\"url\":\"\",\"contentUrl\":\"\"},{\"@type\":\"BreadcrumbList\",\"@id\":\"http:\\\/\\\/www.fachbau.ch\\\/de_de\\\/product\\\/die-baustellen-7-8-2014\\\/#breadcrumb\",\"itemListElement\":[{\"@type\":\"ListItem\",\"position\":1,\"name\":\"Startseite\",\"item\":\"https:\\\/\\\/www.fachbau.ch\\\/\"},{\"@type\":\"ListItem\",\"position\":2,\"name\":\"Shop\",\"item\":\"https:\\\/\\\/www.fachbau.ch\\\/shop\\\/\"},{\"@type\":\"ListItem\",\"position\":3,\"name\":\"die baustellen 7-8\\\/2014\"}]},{\"@type\":\"WebSite\",\"@id\":\"https:\\\/\\\/www.fachbau.ch\\\/#website\",\"url\":\"https:\\\/\\\/www.fachbau.ch\\\/\",\"name\":\"fachbau.ch\",\"description\":\"Modernes, nachhaltiges Bauen.\",\"publisher\":{\"@id\":\"https:\\\/\\\/www.fachbau.ch\\\/#organization\"},\"potentialAction\":[{\"@type\":\"SearchAction\",\"target\":{\"@type\":\"EntryPoint\",\"urlTemplate\":\"https:\\\/\\\/www.fachbau.ch\\\/?s={search_term_string}\"},\"query-input\":{\"@type\":\"PropertyValueSpecification\",\"valueRequired\":true,\"valueName\":\"search_term_string\"}}],\"inLanguage\":\"de\"},{\"@type\":\"Organization\",\"@id\":\"https:\\\/\\\/www.fachbau.ch\\\/#organization\",\"name\":\"fachbau.ch\",\"url\":\"https:\\\/\\\/www.fachbau.ch\\\/\",\"logo\":{\"@type\":\"ImageObject\",\"inLanguage\":\"de\",\"@id\":\"https:\\\/\\\/www.fachbau.ch\\\/#\\\/schema\\\/logo\\\/image\\\/\",\"url\":\"https:\\\/\\\/www.fachbau.ch\\\/wp-content\\\/uploads\\\/2021\\\/12\\\/Logo_fachbau_ch.png\",\"contentUrl\":\"https:\\\/\\\/www.fachbau.ch\\\/wp-content\\\/uploads\\\/2021\\\/12\\\/Logo_fachbau_ch.png\",\"width\":283,\"height\":42,\"caption\":\"fachbau.ch\"},\"image\":{\"@id\":\"https:\\\/\\\/www.fachbau.ch\\\/#\\\/schema\\\/logo\\\/image\\\/\"}}]}<\/script>\n<!-- \/ Yoast SEO plugin. -->","yoast_head_json":{"title":"die baustellen 7-8\/2014 - fachbau.ch","description":"Erhalte die deutschsprachige Fachzeitschrift \u00abdie baustellen\u00bb in der Ausgabe 7-8\/2014 als PDF-Download mit nachfolgendem Inhaltsverzeichnis:","robots":{"index":"index","follow":"follow","max-snippet":"max-snippet:-1","max-image-preview":"max-image-preview:large","max-video-preview":"max-video-preview:-1"},"canonical":"http:\/\/www.fachbau.ch\/de\/de_de\/product\/die-baustellen-7-8-2014\/","og_locale":"de_DE","og_type":"article","og_title":"die baustellen 7-8\/2014 - fachbau.ch","og_description":"Erhalte die deutschsprachige Fachzeitschrift \u00abdie baustellen\u00bb in der Ausgabe 7-8\/2014 als PDF-Download mit nachfolgendem Inhaltsverzeichnis:","og_url":"http:\/\/www.fachbau.ch\/de\/de_de\/product\/die-baustellen-7-8-2014\/","og_site_name":"fachbau.ch","twitter_card":"summary_large_image","twitter_misc":{"Gesch\u00e4tzte Lesezeit":"2\u00a0Minuten"},"schema":{"@context":"https:\/\/schema.org","@graph":[{"@type":"WebPage","@id":"http:\/\/www.fachbau.ch\/de_de\/product\/die-baustellen-7-8-2014\/","url":"http:\/\/www.fachbau.ch\/de_de\/product\/die-baustellen-7-8-2014\/","name":"die baustellen 7-8\/2014 - fachbau.ch","isPartOf":{"@id":"https:\/\/www.fachbau.ch\/#website"},"primaryImageOfPage":{"@id":"http:\/\/www.fachbau.ch\/de_de\/product\/die-baustellen-7-8-2014\/#primaryimage"},"image":{"@id":"http:\/\/www.fachbau.ch\/de_de\/product\/die-baustellen-7-8-2014\/#primaryimage"},"thumbnailUrl":"","datePublished":"2022-01-27T08:02:09+00:00","description":"Erhalte die deutschsprachige Fachzeitschrift \u00abdie baustellen\u00bb in der Ausgabe 7-8\/2014 als PDF-Download mit nachfolgendem Inhaltsverzeichnis:","breadcrumb":{"@id":"http:\/\/www.fachbau.ch\/de_de\/product\/die-baustellen-7-8-2014\/#breadcrumb"},"inLanguage":"de","potentialAction":[{"@type":"ReadAction","target":["http:\/\/www.fachbau.ch\/de_de\/product\/die-baustellen-7-8-2014\/"]}]},{"@type":"ImageObject","inLanguage":"de","@id":"http:\/\/www.fachbau.ch\/de_de\/product\/die-baustellen-7-8-2014\/#primaryimage","url":"","contentUrl":""},{"@type":"BreadcrumbList","@id":"http:\/\/www.fachbau.ch\/de_de\/product\/die-baustellen-7-8-2014\/#breadcrumb","itemListElement":[{"@type":"ListItem","position":1,"name":"Startseite","item":"https:\/\/www.fachbau.ch\/"},{"@type":"ListItem","position":2,"name":"Shop","item":"https:\/\/www.fachbau.ch\/shop\/"},{"@type":"ListItem","position":3,"name":"die baustellen 7-8\/2014"}]},{"@type":"WebSite","@id":"https:\/\/www.fachbau.ch\/#website","url":"https:\/\/www.fachbau.ch\/","name":"fachbau.ch","description":"Modernes, nachhaltiges Bauen.","publisher":{"@id":"https:\/\/www.fachbau.ch\/#organization"},"potentialAction":[{"@type":"SearchAction","target":{"@type":"EntryPoint","urlTemplate":"https:\/\/www.fachbau.ch\/?s={search_term_string}"},"query-input":{"@type":"PropertyValueSpecification","valueRequired":true,"valueName":"search_term_string"}}],"inLanguage":"de"},{"@type":"Organization","@id":"https:\/\/www.fachbau.ch\/#organization","name":"fachbau.ch","url":"https:\/\/www.fachbau.ch\/","logo":{"@type":"ImageObject","inLanguage":"de","@id":"https:\/\/www.fachbau.ch\/#\/schema\/logo\/image\/","url":"https:\/\/www.fachbau.ch\/wp-content\/uploads\/2021\/12\/Logo_fachbau_ch.png","contentUrl":"https:\/\/www.fachbau.ch\/wp-content\/uploads\/2021\/12\/Logo_fachbau_ch.png","width":283,"height":42,"caption":"fachbau.ch"},"image":{"@id":"https:\/\/www.fachbau.ch\/#\/schema\/logo\/image\/"}}]}},"_links":{"self":[{"href":"https:\/\/www.fachbau.ch\/de\/wp-json\/wp\/v2\/product\/13783","targetHints":{"allow":["GET"]}}],"collection":[{"href":"https:\/\/www.fachbau.ch\/de\/wp-json\/wp\/v2\/product"}],"about":[{"href":"https:\/\/www.fachbau.ch\/de\/wp-json\/wp\/v2\/types\/product"}],"wp:featuredmedia":[{"embeddable":true,"href":"https:\/\/www.fachbau.ch\/de\/wp-json\/"}],"wp:attachment":[{"href":"https:\/\/www.fachbau.ch\/de\/wp-json\/wp\/v2\/media?parent=13783"}],"wp:term":[{"taxonomy":"product_brand","embeddable":true,"href":"https:\/\/www.fachbau.ch\/de\/wp-json\/wp\/v2\/product_brand?post=13783"},{"taxonomy":"product_cat","embeddable":true,"href":"https:\/\/www.fachbau.ch\/de\/wp-json\/wp\/v2\/product_cat?post=13783"},{"taxonomy":"product_tag","embeddable":true,"href":"https:\/\/www.fachbau.ch\/de\/wp-json\/wp\/v2\/product_tag?post=13783"}],"curies":[{"name":"wp","href":"https:\/\/api.w.org\/{rel}","templated":true}]}}