{"id":13780,"date":"2022-01-27T08:52:25","date_gmt":"2022-01-27T07:52:25","guid":{"rendered":"https:\/\/www.fachbau.ch\/?post_type=product&#038;p=13780"},"modified":"2022-01-27T08:52:25","modified_gmt":"2022-01-27T07:52:25","slug":"die-baustellen-9-2014","status":"publish","type":"product","link":"https:\/\/www.fachbau.ch\/de\/product\/die-baustellen-9-2014\/","title":{"rendered":"die baustellen 9\/2014"},"content":{"rendered":"<h2>Branche<\/h2>\n<h2>kurz &amp; knapp<\/h2>\n<p>Neue Ausrichtungen, Einsitze und Auftr\u00e4ge bewegen die Bauwelt.<\/p>\n<h2>fokus<\/h2>\n<p>Stets vor Ort mit fein ver\u00e4steltem Vertriebsnetzwerk \u2013 und nun erweitertem Angebot.<\/p>\n<h2>baukonjunktur<\/h2>\n<p>Die Baut\u00e4tigkeit stagniert auf hohem Niveau.<\/p>\n<h2>verbandsinformation vsgu<\/h2>\n<p>Der Bauherren-Ap\u00e9ro mit Besichtigung in der Wankdorf City Bern.<\/p>\n<h2>projekte<\/h2>\n<p>Vom Schweizer Wohnungsbau bis zur britischen Institutserweiterung.<\/p>\n<h2>bauen im ausland<\/h2>\n<p>Bankenhaus nimmt Sitz im vernetzten Doppel-B\u00fcroturm mit Empfangsvorbau.<\/p>\n<h2>erfinder der bauwelt<\/h2>\n<p>Zwei Br\u00fcder bringen in ihren Werkhallen die Rohrfabrikation weiter.<\/p>\n<h2>Technik<\/h2>\n<h3>bauroboter<\/h3>\n<p>Was die Roboter bereits k\u00f6nnen und wo noch geforscht wird.<\/p>\n<h2>baumaschinen<\/h2>\n<ul>\n<li>Seilbagger \u2013 ihre Spezifikationen und Einsatzgebiete.<\/li>\n<li>Hochbaukrane \u2013 das aktuelle Marktangebot und die Leistungsdaten.<\/li>\n<li>Walzen \u2013 was sie heute erf\u00fcllen und was sie bringen.<\/li>\n<li>R\u00fcttler und Kleinwalzen \u2013 mit Niederemission und verbesserter Verdichtung.<\/li>\n<li>R\u00fcckschau Steinexpo 2014. Besucherrekord an der Messe im Steinbruch.<\/li>\n<li>In der Schweiz werden Partikelfilter nachger\u00fcstet \u2013 warum?<\/li>\n<li>Teleskopbagger \u2013 ein unverzichtbares Arbeitsger\u00e4t am Genfer Infrastrukturprojekt.<\/li>\n<li>Ein W\u00e4geterminal optimiert den Waageneinsatz.<\/li>\n<\/ul>\n<h2>wasser<\/h2>\n<p>Sonderteil Wasser: Nutzung, Schutz und Technik.<\/p>\n<h2>rohrleitungsbau<\/h2>\n<ul>\n<li>Wie Zapfstellen erkennen, ob die Leitung dicht ist.<\/li>\n<li>Eine Oberfl\u00e4chenmaschine macht grabenlosen Leitungsbau.<\/li>\n<li>Anspruchsvolle Grossrohrbohrungen im Sp\u00fclbohrverfahren realisiert.<\/li>\n<li>Pressbohrungen sorgen f\u00fcr Kabeldurchg\u00e4nge f\u00fcr die Bahntechnik.<\/li>\n<\/ul>\n<h2>infrastrukturbau<\/h2>\n<ul>\n<li>Neuartige Strassenbel\u00e4ge erweitern die Funktionen der Strasse.<\/li>\n<li>Geokunststoffe stabilisieren Steinschlag-Erdd\u00e4mme und B\u00f6schungen.<\/li>\n<li>Geotextilschl\u00e4uche entw\u00e4ssern das Baggergut.<\/li>\n<li>Die weltweiten Trends der Logistikwirtschaft.<\/li>\n<li>Der Steinbach-Viadukt \u00fcber den Sihlsee ist dem Verkehr \u00fcbergeben.<\/li>\n<li>Gr\u00f6sste Bogenbr\u00fccke der Schweiz im Freivorbau erstellt.<\/li>\n<li>Usic-Medientag: Jahrhundertbauwerk Neat macht Ingenieurleistungen sichtbar.<\/li>\n<\/ul>\n<h2>naturkatastrophen<\/h2>\n<ul>\n<li>Erstes harmonisiertes Referenzmodell zur Erdbebengef\u00e4hrdung Europas und der T\u00fcrkei.<\/li>\n<li>Abflussprognosemodell schafft neue M\u00f6glichkeiten zur Fr\u00fchwarnung.<\/li>\n<li>Diverse Fachspezialisten und Fahrzeuge sind als \u00abschnelle Einsatztruppe\u00bb bereit.<\/li>\n<\/ul>\n<h2>baustellenbericht<\/h2>\n<p>Hochwasserentlastungsstollen und andere Massnahmen f\u00fcr Sarnen und Umgebung.<\/p>\n<p>In der Europaallee hat das elegante Stadthaus G im Mai Aufrichte gefeiert.<\/p>\n<h2>Management<\/h2>\n<h2>projektmanagement<\/h2>\n<p>Dreiteilige Serie \u00abBauherr \u2013 Architekt \u2013 Bauingenieur\u00bb \u2013 Teil 1: der Bauingenieur.<\/p>\n<h2>fab verbandsinformation<\/h2>\n<p>\u00dcber die M\u00f6glichkeiten mit beweglichen Rauch- und Feuerabschl\u00fcssen.<\/p>\n<h2>kolumne<\/h2>\n<p>Von informationsgeladenen Realit\u00e4ten und \u00fcbertriebenen Erwartungen.<\/p>\n<h2>agenda<\/h2>\n<p>Aktuelle Schulungen, Tagungen und Messen f\u00fcr Baufachleute.<\/p>\n<h2>bau-karriere<\/h2>\n<ul>\n<li>Der Marktplatz Schweiz bringt diese Herausforderungen.<\/li>\n<li>Roundtable. F\u00fcnf Fragen an Gesch\u00e4ftsleiter im Baumaschinen sektor zum Fachkr\u00e4ftemangel.<\/li>\n<li>\u00dcber die Handschrift beurteilen, was ist da dran?<\/li>\n<\/ul>\n<h2>Service<\/h2>\n<h2>sieben-fragen-interview<\/h2>\n<p>Die Fahrzeug- und Metallbauer aus dem F\u00fcrstentum sind f\u00fcr die Schweizer Baubranche im Einsatz.<\/p>\n<h2>verbandsnachrichten<\/h2>\n<p>Positionen, Impulse, Studien, Pers\u00f6nliches aus den Branchenverb\u00e4nden.<\/p>\n<h2>recht &amp; rekord<\/h2>\n<p>Wenn ein Gutachten relevant wird und wenn ein Geb\u00e4ude eine ganze Welt fasst.<\/p>\n<h2>bau &amp; kunst<\/h2>\n<p>Installationen zum Thema \u00c4pfel mit geschichtlichem Hintergrund.<\/p>\n<h2>bezugsquellen<\/h2>\n<p>F\u00fcr Sie aufbereitet. Was derzeit die Bauprofis anbieten.<\/p>\n<h2>blickpunkt<\/h2>\n<p>Topmotiviert und seit 50 Jahren auf Achse.<\/p>\n","protected":false},"excerpt":{"rendered":"<p>Erhalte die deutschsprachige Fachzeitschrift \u00abdie baustellen\u00bb in der Ausgabe 9\/2014 als PDF-Download mit nachfolgendem Inhaltsverzeichnis:<\/p>\n","protected":false},"featured_media":13782,"template":"","meta":{"_acf_changed":false,"pgc_sgb_lightbox_settings":""},"product_brand":[],"product_cat":[1732,1727],"product_tag":[1717],"class_list":{"0":"post-13780","1":"product","2":"type-product","3":"status-publish","4":"has-post-thumbnail","6":"product_cat-die-baustellen","7":"product_cat-einzelausgaben","8":"product_tag-1717","10":"first","11":"instock","12":"downloadable","13":"virtual","14":"taxable","15":"purchasable","16":"product-type-simple"},"acf":[],"yoast_head":"<!-- This site is optimized with the Yoast SEO plugin v27.4 - https:\/\/yoast.com\/product\/yoast-seo-wordpress\/ -->\n<title>die baustellen 9\/2014 - fachbau.ch<\/title>\n<meta name=\"description\" content=\"Erhalte die deutschsprachige Fachzeitschrift \u00abdie baustellen\u00bb in der Ausgabe 9\/2014 als PDF-Download mit nachfolgendem Inhaltsverzeichnis:\" \/>\n<meta name=\"robots\" content=\"index, follow, max-snippet:-1, max-image-preview:large, max-video-preview:-1\" \/>\n<link rel=\"canonical\" href=\"http:\/\/www.fachbau.ch\/de\/de_de\/product\/die-baustellen-9-2014\/\" \/>\n<meta property=\"og:locale\" content=\"de_DE\" \/>\n<meta property=\"og:type\" content=\"article\" \/>\n<meta property=\"og:title\" content=\"die baustellen 9\/2014 - fachbau.ch\" \/>\n<meta property=\"og:description\" content=\"Erhalte die deutschsprachige Fachzeitschrift \u00abdie baustellen\u00bb in der Ausgabe 9\/2014 als PDF-Download mit nachfolgendem Inhaltsverzeichnis:\" \/>\n<meta property=\"og:url\" content=\"http:\/\/www.fachbau.ch\/de\/de_de\/product\/die-baustellen-9-2014\/\" \/>\n<meta property=\"og:site_name\" content=\"fachbau.ch\" \/>\n<meta property=\"og:image\" content=\"https:\/\/www.fachbau.ch\/wp-content\/uploads\/2022\/01\/die_baustellen_2014_9.png\" \/>\n\t<meta property=\"og:image:width\" content=\"654\" \/>\n\t<meta property=\"og:image:height\" content=\"370\" \/>\n\t<meta property=\"og:image:type\" content=\"image\/png\" \/>\n<meta name=\"twitter:card\" content=\"summary_large_image\" \/>\n<meta name=\"twitter:label1\" content=\"Gesch\u00e4tzte Lesezeit\" \/>\n\t<meta name=\"twitter:data1\" content=\"2\u00a0Minuten\" \/>\n<script type=\"application\/ld+json\" class=\"yoast-schema-graph\">{\"@context\":\"https:\\\/\\\/schema.org\",\"@graph\":[{\"@type\":\"WebPage\",\"@id\":\"http:\\\/\\\/www.fachbau.ch\\\/de_de\\\/product\\\/die-baustellen-9-2014\\\/\",\"url\":\"http:\\\/\\\/www.fachbau.ch\\\/de_de\\\/product\\\/die-baustellen-9-2014\\\/\",\"name\":\"die baustellen 9\\\/2014 - fachbau.ch\",\"isPartOf\":{\"@id\":\"https:\\\/\\\/www.fachbau.ch\\\/#website\"},\"primaryImageOfPage\":{\"@id\":\"http:\\\/\\\/www.fachbau.ch\\\/de_de\\\/product\\\/die-baustellen-9-2014\\\/#primaryimage\"},\"image\":{\"@id\":\"http:\\\/\\\/www.fachbau.ch\\\/de_de\\\/product\\\/die-baustellen-9-2014\\\/#primaryimage\"},\"thumbnailUrl\":\"https:\\\/\\\/www.fachbau.ch\\\/wp-content\\\/uploads\\\/2022\\\/01\\\/die_baustellen_2014_9.png\",\"datePublished\":\"2022-01-27T07:52:25+00:00\",\"description\":\"Erhalte die deutschsprachige Fachzeitschrift \u00abdie baustellen\u00bb in der Ausgabe 9\\\/2014 als PDF-Download mit nachfolgendem Inhaltsverzeichnis:\",\"breadcrumb\":{\"@id\":\"http:\\\/\\\/www.fachbau.ch\\\/de_de\\\/product\\\/die-baustellen-9-2014\\\/#breadcrumb\"},\"inLanguage\":\"de\",\"potentialAction\":[{\"@type\":\"ReadAction\",\"target\":[\"http:\\\/\\\/www.fachbau.ch\\\/de_de\\\/product\\\/die-baustellen-9-2014\\\/\"]}]},{\"@type\":\"ImageObject\",\"inLanguage\":\"de\",\"@id\":\"http:\\\/\\\/www.fachbau.ch\\\/de_de\\\/product\\\/die-baustellen-9-2014\\\/#primaryimage\",\"url\":\"https:\\\/\\\/www.fachbau.ch\\\/wp-content\\\/uploads\\\/2022\\\/01\\\/die_baustellen_2014_9.png\",\"contentUrl\":\"https:\\\/\\\/www.fachbau.ch\\\/wp-content\\\/uploads\\\/2022\\\/01\\\/die_baustellen_2014_9.png\",\"width\":654,\"height\":370},{\"@type\":\"BreadcrumbList\",\"@id\":\"http:\\\/\\\/www.fachbau.ch\\\/de_de\\\/product\\\/die-baustellen-9-2014\\\/#breadcrumb\",\"itemListElement\":[{\"@type\":\"ListItem\",\"position\":1,\"name\":\"Startseite\",\"item\":\"https:\\\/\\\/www.fachbau.ch\\\/\"},{\"@type\":\"ListItem\",\"position\":2,\"name\":\"Shop\",\"item\":\"https:\\\/\\\/www.fachbau.ch\\\/shop\\\/\"},{\"@type\":\"ListItem\",\"position\":3,\"name\":\"die baustellen 9\\\/2014\"}]},{\"@type\":\"WebSite\",\"@id\":\"https:\\\/\\\/www.fachbau.ch\\\/#website\",\"url\":\"https:\\\/\\\/www.fachbau.ch\\\/\",\"name\":\"fachbau.ch\",\"description\":\"Modernes, nachhaltiges Bauen.\",\"publisher\":{\"@id\":\"https:\\\/\\\/www.fachbau.ch\\\/#organization\"},\"potentialAction\":[{\"@type\":\"SearchAction\",\"target\":{\"@type\":\"EntryPoint\",\"urlTemplate\":\"https:\\\/\\\/www.fachbau.ch\\\/?s={search_term_string}\"},\"query-input\":{\"@type\":\"PropertyValueSpecification\",\"valueRequired\":true,\"valueName\":\"search_term_string\"}}],\"inLanguage\":\"de\"},{\"@type\":\"Organization\",\"@id\":\"https:\\\/\\\/www.fachbau.ch\\\/#organization\",\"name\":\"fachbau.ch\",\"url\":\"https:\\\/\\\/www.fachbau.ch\\\/\",\"logo\":{\"@type\":\"ImageObject\",\"inLanguage\":\"de\",\"@id\":\"https:\\\/\\\/www.fachbau.ch\\\/#\\\/schema\\\/logo\\\/image\\\/\",\"url\":\"https:\\\/\\\/www.fachbau.ch\\\/wp-content\\\/uploads\\\/2021\\\/12\\\/Logo_fachbau_ch.png\",\"contentUrl\":\"https:\\\/\\\/www.fachbau.ch\\\/wp-content\\\/uploads\\\/2021\\\/12\\\/Logo_fachbau_ch.png\",\"width\":283,\"height\":42,\"caption\":\"fachbau.ch\"},\"image\":{\"@id\":\"https:\\\/\\\/www.fachbau.ch\\\/#\\\/schema\\\/logo\\\/image\\\/\"}}]}<\/script>\n<!-- \/ Yoast SEO plugin. -->","yoast_head_json":{"title":"die baustellen 9\/2014 - fachbau.ch","description":"Erhalte die deutschsprachige Fachzeitschrift \u00abdie baustellen\u00bb in der Ausgabe 9\/2014 als PDF-Download mit nachfolgendem Inhaltsverzeichnis:","robots":{"index":"index","follow":"follow","max-snippet":"max-snippet:-1","max-image-preview":"max-image-preview:large","max-video-preview":"max-video-preview:-1"},"canonical":"http:\/\/www.fachbau.ch\/de\/de_de\/product\/die-baustellen-9-2014\/","og_locale":"de_DE","og_type":"article","og_title":"die baustellen 9\/2014 - fachbau.ch","og_description":"Erhalte die deutschsprachige Fachzeitschrift \u00abdie baustellen\u00bb in der Ausgabe 9\/2014 als PDF-Download mit nachfolgendem Inhaltsverzeichnis:","og_url":"http:\/\/www.fachbau.ch\/de\/de_de\/product\/die-baustellen-9-2014\/","og_site_name":"fachbau.ch","og_image":[{"width":654,"height":370,"url":"https:\/\/www.fachbau.ch\/wp-content\/uploads\/2022\/01\/die_baustellen_2014_9.png","type":"image\/png"}],"twitter_card":"summary_large_image","twitter_misc":{"Gesch\u00e4tzte Lesezeit":"2\u00a0Minuten"},"schema":{"@context":"https:\/\/schema.org","@graph":[{"@type":"WebPage","@id":"http:\/\/www.fachbau.ch\/de_de\/product\/die-baustellen-9-2014\/","url":"http:\/\/www.fachbau.ch\/de_de\/product\/die-baustellen-9-2014\/","name":"die baustellen 9\/2014 - fachbau.ch","isPartOf":{"@id":"https:\/\/www.fachbau.ch\/#website"},"primaryImageOfPage":{"@id":"http:\/\/www.fachbau.ch\/de_de\/product\/die-baustellen-9-2014\/#primaryimage"},"image":{"@id":"http:\/\/www.fachbau.ch\/de_de\/product\/die-baustellen-9-2014\/#primaryimage"},"thumbnailUrl":"https:\/\/www.fachbau.ch\/wp-content\/uploads\/2022\/01\/die_baustellen_2014_9.png","datePublished":"2022-01-27T07:52:25+00:00","description":"Erhalte die deutschsprachige Fachzeitschrift \u00abdie baustellen\u00bb in der Ausgabe 9\/2014 als PDF-Download mit nachfolgendem Inhaltsverzeichnis:","breadcrumb":{"@id":"http:\/\/www.fachbau.ch\/de_de\/product\/die-baustellen-9-2014\/#breadcrumb"},"inLanguage":"de","potentialAction":[{"@type":"ReadAction","target":["http:\/\/www.fachbau.ch\/de_de\/product\/die-baustellen-9-2014\/"]}]},{"@type":"ImageObject","inLanguage":"de","@id":"http:\/\/www.fachbau.ch\/de_de\/product\/die-baustellen-9-2014\/#primaryimage","url":"https:\/\/www.fachbau.ch\/wp-content\/uploads\/2022\/01\/die_baustellen_2014_9.png","contentUrl":"https:\/\/www.fachbau.ch\/wp-content\/uploads\/2022\/01\/die_baustellen_2014_9.png","width":654,"height":370},{"@type":"BreadcrumbList","@id":"http:\/\/www.fachbau.ch\/de_de\/product\/die-baustellen-9-2014\/#breadcrumb","itemListElement":[{"@type":"ListItem","position":1,"name":"Startseite","item":"https:\/\/www.fachbau.ch\/"},{"@type":"ListItem","position":2,"name":"Shop","item":"https:\/\/www.fachbau.ch\/shop\/"},{"@type":"ListItem","position":3,"name":"die baustellen 9\/2014"}]},{"@type":"WebSite","@id":"https:\/\/www.fachbau.ch\/#website","url":"https:\/\/www.fachbau.ch\/","name":"fachbau.ch","description":"Modernes, nachhaltiges Bauen.","publisher":{"@id":"https:\/\/www.fachbau.ch\/#organization"},"potentialAction":[{"@type":"SearchAction","target":{"@type":"EntryPoint","urlTemplate":"https:\/\/www.fachbau.ch\/?s={search_term_string}"},"query-input":{"@type":"PropertyValueSpecification","valueRequired":true,"valueName":"search_term_string"}}],"inLanguage":"de"},{"@type":"Organization","@id":"https:\/\/www.fachbau.ch\/#organization","name":"fachbau.ch","url":"https:\/\/www.fachbau.ch\/","logo":{"@type":"ImageObject","inLanguage":"de","@id":"https:\/\/www.fachbau.ch\/#\/schema\/logo\/image\/","url":"https:\/\/www.fachbau.ch\/wp-content\/uploads\/2021\/12\/Logo_fachbau_ch.png","contentUrl":"https:\/\/www.fachbau.ch\/wp-content\/uploads\/2021\/12\/Logo_fachbau_ch.png","width":283,"height":42,"caption":"fachbau.ch"},"image":{"@id":"https:\/\/www.fachbau.ch\/#\/schema\/logo\/image\/"}}]}},"_links":{"self":[{"href":"https:\/\/www.fachbau.ch\/de\/wp-json\/wp\/v2\/product\/13780","targetHints":{"allow":["GET"]}}],"collection":[{"href":"https:\/\/www.fachbau.ch\/de\/wp-json\/wp\/v2\/product"}],"about":[{"href":"https:\/\/www.fachbau.ch\/de\/wp-json\/wp\/v2\/types\/product"}],"wp:featuredmedia":[{"embeddable":true,"href":"https:\/\/www.fachbau.ch\/de\/wp-json\/wp\/v2\/media\/13782"}],"wp:attachment":[{"href":"https:\/\/www.fachbau.ch\/de\/wp-json\/wp\/v2\/media?parent=13780"}],"wp:term":[{"taxonomy":"product_brand","embeddable":true,"href":"https:\/\/www.fachbau.ch\/de\/wp-json\/wp\/v2\/product_brand?post=13780"},{"taxonomy":"product_cat","embeddable":true,"href":"https:\/\/www.fachbau.ch\/de\/wp-json\/wp\/v2\/product_cat?post=13780"},{"taxonomy":"product_tag","embeddable":true,"href":"https:\/\/www.fachbau.ch\/de\/wp-json\/wp\/v2\/product_tag?post=13780"}],"curies":[{"name":"wp","href":"https:\/\/api.w.org\/{rel}","templated":true}]}}