{"id":13777,"date":"2022-01-27T08:42:19","date_gmt":"2022-01-27T07:42:19","guid":{"rendered":"https:\/\/www.fachbau.ch\/?post_type=product&#038;p=13777"},"modified":"2022-01-27T08:42:19","modified_gmt":"2022-01-27T07:42:19","slug":"die-baustellen-10-2014","status":"publish","type":"product","link":"https:\/\/www.fachbau.ch\/de\/product\/die-baustellen-10-2014\/","title":{"rendered":"die baustellen 10\/2014"},"content":{"rendered":"<h2>Branche<\/h2>\n<h2>kurz &amp; knapp<\/h2>\n<p>Pr\u00e4sentationen, Wirkungskreise und Ver\u00e4nderungen im Unternehmenskreis.<\/p>\n<h2>fokus<\/h2>\n<p>Sie bringen Stahlschalungen und Tragger\u00fcste f\u00fcr Deutschschweiz und Romandie.<\/p>\n<h2>baukonjunktur<\/h2>\n<p>Wie Unternehmer die Wirtschaftsprognosen verstehen.<\/p>\n<h2>verbandsinformation gsgi<\/h2>\n<p>Total Building Solutions integrieren die Geb\u00e4udetechnik auf vielf\u00e4ltige Weise.<\/p>\n<h2>projekte<\/h2>\n<p>Vorgestellt: Stadt- und Sportbauten und zwei Verkehrsprojekte.<\/p>\n<h2>bauen im ausland<\/h2>\n<p>Ein riesiges Stahl-Glas-Netz wird den Flughafen Mexico City klimatisieren.<\/p>\n<h2>erfinder der bauwelt<\/h2>\n<p>Eli Whitney baute im Jahr 1818 die erste Metall-Fr\u00e4smaschine.<\/p>\n<h2>Technik<\/h2>\n<h2>stahlbau<\/h2>\n<p>SBB-Ausbildungszentrum: Der Zweckbau erf\u00fcllt hohe technische Anforderungen.<\/p>\n<p>Interview: Eine Standortbestimmung f\u00fcr die Bauzuliefer-Unternehmer.<\/p>\n<h2>betonelemente<\/h2>\n<ul>\n<li>Potenziale, Ausblick und M\u00f6glichkeiten des Schweizer Beton-Elementbaus.<\/li>\n<li>Wie Schweizer Hersteller im Qualit\u00e4ts-, Kosten- und Termindruck bestehen.<\/li>\n<li>Zwei aktuelle Objekte: schnell gebaut und kreativ umgesetzt.<\/li>\n<\/ul>\n<h2>baumaterialien<\/h2>\n<ul>\n<li>Wie sich Holz und Beton legieren lassen.<\/li>\n<li>Schlanke Formplatten auf der Basis von Langfasern und Tannin.<\/li>\n<li>Formbarer Reparaturm\u00f6rtel erlaubt das Wiederherstellen bis ins Detail.<\/li>\n<li>Die neue Elastizit\u00e4t des hochfesten Betons wurde in eine Formel gefasst.<\/li>\n<li>Wie weit erf\u00fcllt die neue Norm SIA 180 die bauphysikalischen Zielvorgaben?<\/li>\n<\/ul>\n<h2>arbeitsschutz<\/h2>\n<p>Suva und SBV informieren \u00fcber die Asbestgefahren im Hoch- und Tiefbau.<\/p>\n<h2>bauwerkssicherung<\/h2>\n<p>Baugrundverfestigung mit Bauwerkskorrektur in zwei Praxisbeispielen.<\/p>\n<h2>betontechnik<\/h2>\n<p>Fib-Betontag 2014: Berichte, Ergebnisse und Projekte.<\/p>\n<p>Beton-Quaderstein f\u00fcr schnelle, dauerhafte und optisch integrierte L\u00f6sungen.<\/p>\n<h2>untertagebau<\/h2>\n<p>Erste Fachmesse \u00abbui\u00bb \u2013 Br\u00fcnig Untertag Innovation in Lungern: eine positive Bilanz.<\/p>\n<h2>baumaschinen<\/h2>\n<p>Werksbesichtigung: Intelligente Maschinen steigern die Effizienz und Wirtschaftlichkeit.<\/p>\n<h2>br\u00fcckenbau<\/h2>\n<p>Eingeweiht: Das Freiburger-Projekt Poya mit der l\u00e4ngsten Schr\u00e4gseilbr\u00fccke der Schweiz.<\/p>\n<h2>Management<\/h2>\n<h2>projektmanagement<\/h2>\n<ul>\n<li>Herausfordernde Dach- und Spenglerarbeiten am Barockpalais Rechberg.<\/li>\n<li>Bausoftwarel\u00f6sung \u00fcberzeugt auch die Bahnbaukollegen.<\/li>\n<li>KMU-Studie: Wohin der Wettbewerb uns f\u00fchrt.<\/li>\n<li>Dreiteilige Serie \u00abBauherr \u2013 Architekt \u2013 Bauingenieur\u00bb \u2013 Teil 2: der Architekt.<\/li>\n<li>Umfrage: Erkenntnisse und Einsichten bez\u00fcglich Ingenieurmangel.<\/li>\n<li>Was bringt die neue Ordnung SIA 144 f\u00fcr Ingenieur- und Architekturleistungsofferten?<\/li>\n<\/ul>\n<h2>kolumne<\/h2>\n<p>\u00dcber Scrollen l\u00e4sst sich streiten und Geduld bringt Rosen.<\/p>\n<h2>agenda<\/h2>\n<p>Termine f\u00fcr den Baufachkalender: Lehrreiches, Unterhaltsames, Foren und Kongresse.<\/p>\n<h2>bau-karriere<\/h2>\n<ul>\n<li>Angebote f\u00fcr Neuorientierungen oder Karrieresprung.<\/li>\n<li>Die besten Kranf\u00fchrer der Schweiz massen sich auf dem Campus Sursee.<\/li>\n<li>Party, Medaillen und H\u00f6chstleistungen: die Swissskills und ihre Resultate.<\/li>\n<\/ul>\n<h2>Service<\/h2>\n<h2>sieben-fragen-interview<\/h2>\n<p>Fakten zu D\u00e4mmung, Statik und Kosten: Die integrierten Anschlussl\u00f6sungen.<\/p>\n<h2>verbandsnachrichten<\/h2>\n<p>F\u00fcr die Branche Stellung beziehen, aktiv werden und teilnehmen.<\/p>\n<h2>recht &amp; rekord<\/h2>\n<p>Einfache Gesellschaften zwischen Staaten und Minergiefl\u00e4chen zwischen Kantonen.<\/p>\n<h2>bau &amp; kunst<\/h2>\n<p>Molekulare Darstellung einer Wohn\u00fcberbauung.<\/p>\n<h2>bezugsquellen<\/h2>\n<p>Woher der Service und die Produkte kommen.<\/p>\n<h2>blickpunkt<\/h2>\n<p>Der neue Europameister der Maurer ganz pers\u00f6nlich.<\/p>\n","protected":false},"excerpt":{"rendered":"<p>Erhalte die deutschsprachige Fachzeitschrift \u00abdie baustellen\u00bb in der Ausgabe 10\/2014 als PDF-Download mit nachfolgendem Inhaltsverzeichnis:<\/p>\n","protected":false},"featured_media":13779,"template":"","meta":{"_acf_changed":false,"pgc_sgb_lightbox_settings":""},"product_brand":[],"product_cat":[1732,1727],"product_tag":[1717],"class_list":{"0":"post-13777","1":"product","2":"type-product","3":"status-publish","4":"has-post-thumbnail","6":"product_cat-die-baustellen","7":"product_cat-einzelausgaben","8":"product_tag-1717","10":"first","11":"instock","12":"downloadable","13":"virtual","14":"taxable","15":"purchasable","16":"product-type-simple"},"acf":[],"yoast_head":"<!-- This site is optimized with the Yoast SEO plugin v27.4 - https:\/\/yoast.com\/product\/yoast-seo-wordpress\/ -->\n<title>die baustellen 10\/2014 - fachbau.ch<\/title>\n<meta name=\"description\" content=\"Erhalte die deutschsprachige Fachzeitschrift \u00abdie baustellen\u00bb in der Ausgabe 10\/2014 als PDF-Download mit nachfolgendem Inhaltsverzeichnis:\" \/>\n<meta name=\"robots\" content=\"index, follow, max-snippet:-1, max-image-preview:large, max-video-preview:-1\" \/>\n<link rel=\"canonical\" href=\"http:\/\/www.fachbau.ch\/de\/de_de\/product\/die-baustellen-10-2014\/\" \/>\n<meta property=\"og:locale\" content=\"de_DE\" \/>\n<meta property=\"og:type\" content=\"article\" \/>\n<meta property=\"og:title\" content=\"die baustellen 10\/2014 - fachbau.ch\" \/>\n<meta property=\"og:description\" content=\"Erhalte die deutschsprachige Fachzeitschrift \u00abdie baustellen\u00bb in der Ausgabe 10\/2014 als PDF-Download mit nachfolgendem Inhaltsverzeichnis:\" \/>\n<meta property=\"og:url\" content=\"http:\/\/www.fachbau.ch\/de\/de_de\/product\/die-baustellen-10-2014\/\" \/>\n<meta property=\"og:site_name\" content=\"fachbau.ch\" \/>\n<meta property=\"og:image\" content=\"https:\/\/www.fachbau.ch\/wp-content\/uploads\/2022\/01\/die_baustellen_2014_10.png\" \/>\n\t<meta property=\"og:image:width\" content=\"654\" \/>\n\t<meta property=\"og:image:height\" content=\"370\" \/>\n\t<meta property=\"og:image:type\" content=\"image\/png\" \/>\n<meta name=\"twitter:card\" content=\"summary_large_image\" \/>\n<meta name=\"twitter:label1\" content=\"Gesch\u00e4tzte Lesezeit\" \/>\n\t<meta name=\"twitter:data1\" content=\"2\u00a0Minuten\" \/>\n<script type=\"application\/ld+json\" class=\"yoast-schema-graph\">{\"@context\":\"https:\\\/\\\/schema.org\",\"@graph\":[{\"@type\":\"WebPage\",\"@id\":\"http:\\\/\\\/www.fachbau.ch\\\/de_de\\\/product\\\/die-baustellen-10-2014\\\/\",\"url\":\"http:\\\/\\\/www.fachbau.ch\\\/de_de\\\/product\\\/die-baustellen-10-2014\\\/\",\"name\":\"die baustellen 10\\\/2014 - fachbau.ch\",\"isPartOf\":{\"@id\":\"https:\\\/\\\/www.fachbau.ch\\\/#website\"},\"primaryImageOfPage\":{\"@id\":\"http:\\\/\\\/www.fachbau.ch\\\/de_de\\\/product\\\/die-baustellen-10-2014\\\/#primaryimage\"},\"image\":{\"@id\":\"http:\\\/\\\/www.fachbau.ch\\\/de_de\\\/product\\\/die-baustellen-10-2014\\\/#primaryimage\"},\"thumbnailUrl\":\"https:\\\/\\\/www.fachbau.ch\\\/wp-content\\\/uploads\\\/2022\\\/01\\\/die_baustellen_2014_10.png\",\"datePublished\":\"2022-01-27T07:42:19+00:00\",\"description\":\"Erhalte die deutschsprachige Fachzeitschrift \u00abdie baustellen\u00bb in der Ausgabe 10\\\/2014 als PDF-Download mit nachfolgendem Inhaltsverzeichnis:\",\"breadcrumb\":{\"@id\":\"http:\\\/\\\/www.fachbau.ch\\\/de_de\\\/product\\\/die-baustellen-10-2014\\\/#breadcrumb\"},\"inLanguage\":\"de\",\"potentialAction\":[{\"@type\":\"ReadAction\",\"target\":[\"http:\\\/\\\/www.fachbau.ch\\\/de_de\\\/product\\\/die-baustellen-10-2014\\\/\"]}]},{\"@type\":\"ImageObject\",\"inLanguage\":\"de\",\"@id\":\"http:\\\/\\\/www.fachbau.ch\\\/de_de\\\/product\\\/die-baustellen-10-2014\\\/#primaryimage\",\"url\":\"https:\\\/\\\/www.fachbau.ch\\\/wp-content\\\/uploads\\\/2022\\\/01\\\/die_baustellen_2014_10.png\",\"contentUrl\":\"https:\\\/\\\/www.fachbau.ch\\\/wp-content\\\/uploads\\\/2022\\\/01\\\/die_baustellen_2014_10.png\",\"width\":654,\"height\":370},{\"@type\":\"BreadcrumbList\",\"@id\":\"http:\\\/\\\/www.fachbau.ch\\\/de_de\\\/product\\\/die-baustellen-10-2014\\\/#breadcrumb\",\"itemListElement\":[{\"@type\":\"ListItem\",\"position\":1,\"name\":\"Startseite\",\"item\":\"https:\\\/\\\/www.fachbau.ch\\\/\"},{\"@type\":\"ListItem\",\"position\":2,\"name\":\"Shop\",\"item\":\"https:\\\/\\\/www.fachbau.ch\\\/shop\\\/\"},{\"@type\":\"ListItem\",\"position\":3,\"name\":\"die baustellen 10\\\/2014\"}]},{\"@type\":\"WebSite\",\"@id\":\"https:\\\/\\\/www.fachbau.ch\\\/#website\",\"url\":\"https:\\\/\\\/www.fachbau.ch\\\/\",\"name\":\"fachbau.ch\",\"description\":\"Modernes, nachhaltiges Bauen.\",\"publisher\":{\"@id\":\"https:\\\/\\\/www.fachbau.ch\\\/#organization\"},\"potentialAction\":[{\"@type\":\"SearchAction\",\"target\":{\"@type\":\"EntryPoint\",\"urlTemplate\":\"https:\\\/\\\/www.fachbau.ch\\\/?s={search_term_string}\"},\"query-input\":{\"@type\":\"PropertyValueSpecification\",\"valueRequired\":true,\"valueName\":\"search_term_string\"}}],\"inLanguage\":\"de\"},{\"@type\":\"Organization\",\"@id\":\"https:\\\/\\\/www.fachbau.ch\\\/#organization\",\"name\":\"fachbau.ch\",\"url\":\"https:\\\/\\\/www.fachbau.ch\\\/\",\"logo\":{\"@type\":\"ImageObject\",\"inLanguage\":\"de\",\"@id\":\"https:\\\/\\\/www.fachbau.ch\\\/#\\\/schema\\\/logo\\\/image\\\/\",\"url\":\"https:\\\/\\\/www.fachbau.ch\\\/wp-content\\\/uploads\\\/2021\\\/12\\\/Logo_fachbau_ch.png\",\"contentUrl\":\"https:\\\/\\\/www.fachbau.ch\\\/wp-content\\\/uploads\\\/2021\\\/12\\\/Logo_fachbau_ch.png\",\"width\":283,\"height\":42,\"caption\":\"fachbau.ch\"},\"image\":{\"@id\":\"https:\\\/\\\/www.fachbau.ch\\\/#\\\/schema\\\/logo\\\/image\\\/\"}}]}<\/script>\n<!-- \/ Yoast SEO plugin. -->","yoast_head_json":{"title":"die baustellen 10\/2014 - fachbau.ch","description":"Erhalte die deutschsprachige Fachzeitschrift \u00abdie baustellen\u00bb in der Ausgabe 10\/2014 als PDF-Download mit nachfolgendem Inhaltsverzeichnis:","robots":{"index":"index","follow":"follow","max-snippet":"max-snippet:-1","max-image-preview":"max-image-preview:large","max-video-preview":"max-video-preview:-1"},"canonical":"http:\/\/www.fachbau.ch\/de\/de_de\/product\/die-baustellen-10-2014\/","og_locale":"de_DE","og_type":"article","og_title":"die baustellen 10\/2014 - fachbau.ch","og_description":"Erhalte die deutschsprachige Fachzeitschrift \u00abdie baustellen\u00bb in der Ausgabe 10\/2014 als PDF-Download mit nachfolgendem Inhaltsverzeichnis:","og_url":"http:\/\/www.fachbau.ch\/de\/de_de\/product\/die-baustellen-10-2014\/","og_site_name":"fachbau.ch","og_image":[{"width":654,"height":370,"url":"https:\/\/www.fachbau.ch\/wp-content\/uploads\/2022\/01\/die_baustellen_2014_10.png","type":"image\/png"}],"twitter_card":"summary_large_image","twitter_misc":{"Gesch\u00e4tzte Lesezeit":"2\u00a0Minuten"},"schema":{"@context":"https:\/\/schema.org","@graph":[{"@type":"WebPage","@id":"http:\/\/www.fachbau.ch\/de_de\/product\/die-baustellen-10-2014\/","url":"http:\/\/www.fachbau.ch\/de_de\/product\/die-baustellen-10-2014\/","name":"die baustellen 10\/2014 - fachbau.ch","isPartOf":{"@id":"https:\/\/www.fachbau.ch\/#website"},"primaryImageOfPage":{"@id":"http:\/\/www.fachbau.ch\/de_de\/product\/die-baustellen-10-2014\/#primaryimage"},"image":{"@id":"http:\/\/www.fachbau.ch\/de_de\/product\/die-baustellen-10-2014\/#primaryimage"},"thumbnailUrl":"https:\/\/www.fachbau.ch\/wp-content\/uploads\/2022\/01\/die_baustellen_2014_10.png","datePublished":"2022-01-27T07:42:19+00:00","description":"Erhalte die deutschsprachige Fachzeitschrift \u00abdie baustellen\u00bb in der Ausgabe 10\/2014 als PDF-Download mit nachfolgendem Inhaltsverzeichnis:","breadcrumb":{"@id":"http:\/\/www.fachbau.ch\/de_de\/product\/die-baustellen-10-2014\/#breadcrumb"},"inLanguage":"de","potentialAction":[{"@type":"ReadAction","target":["http:\/\/www.fachbau.ch\/de_de\/product\/die-baustellen-10-2014\/"]}]},{"@type":"ImageObject","inLanguage":"de","@id":"http:\/\/www.fachbau.ch\/de_de\/product\/die-baustellen-10-2014\/#primaryimage","url":"https:\/\/www.fachbau.ch\/wp-content\/uploads\/2022\/01\/die_baustellen_2014_10.png","contentUrl":"https:\/\/www.fachbau.ch\/wp-content\/uploads\/2022\/01\/die_baustellen_2014_10.png","width":654,"height":370},{"@type":"BreadcrumbList","@id":"http:\/\/www.fachbau.ch\/de_de\/product\/die-baustellen-10-2014\/#breadcrumb","itemListElement":[{"@type":"ListItem","position":1,"name":"Startseite","item":"https:\/\/www.fachbau.ch\/"},{"@type":"ListItem","position":2,"name":"Shop","item":"https:\/\/www.fachbau.ch\/shop\/"},{"@type":"ListItem","position":3,"name":"die baustellen 10\/2014"}]},{"@type":"WebSite","@id":"https:\/\/www.fachbau.ch\/#website","url":"https:\/\/www.fachbau.ch\/","name":"fachbau.ch","description":"Modernes, nachhaltiges Bauen.","publisher":{"@id":"https:\/\/www.fachbau.ch\/#organization"},"potentialAction":[{"@type":"SearchAction","target":{"@type":"EntryPoint","urlTemplate":"https:\/\/www.fachbau.ch\/?s={search_term_string}"},"query-input":{"@type":"PropertyValueSpecification","valueRequired":true,"valueName":"search_term_string"}}],"inLanguage":"de"},{"@type":"Organization","@id":"https:\/\/www.fachbau.ch\/#organization","name":"fachbau.ch","url":"https:\/\/www.fachbau.ch\/","logo":{"@type":"ImageObject","inLanguage":"de","@id":"https:\/\/www.fachbau.ch\/#\/schema\/logo\/image\/","url":"https:\/\/www.fachbau.ch\/wp-content\/uploads\/2021\/12\/Logo_fachbau_ch.png","contentUrl":"https:\/\/www.fachbau.ch\/wp-content\/uploads\/2021\/12\/Logo_fachbau_ch.png","width":283,"height":42,"caption":"fachbau.ch"},"image":{"@id":"https:\/\/www.fachbau.ch\/#\/schema\/logo\/image\/"}}]}},"_links":{"self":[{"href":"https:\/\/www.fachbau.ch\/de\/wp-json\/wp\/v2\/product\/13777","targetHints":{"allow":["GET"]}}],"collection":[{"href":"https:\/\/www.fachbau.ch\/de\/wp-json\/wp\/v2\/product"}],"about":[{"href":"https:\/\/www.fachbau.ch\/de\/wp-json\/wp\/v2\/types\/product"}],"wp:featuredmedia":[{"embeddable":true,"href":"https:\/\/www.fachbau.ch\/de\/wp-json\/wp\/v2\/media\/13779"}],"wp:attachment":[{"href":"https:\/\/www.fachbau.ch\/de\/wp-json\/wp\/v2\/media?parent=13777"}],"wp:term":[{"taxonomy":"product_brand","embeddable":true,"href":"https:\/\/www.fachbau.ch\/de\/wp-json\/wp\/v2\/product_brand?post=13777"},{"taxonomy":"product_cat","embeddable":true,"href":"https:\/\/www.fachbau.ch\/de\/wp-json\/wp\/v2\/product_cat?post=13777"},{"taxonomy":"product_tag","embeddable":true,"href":"https:\/\/www.fachbau.ch\/de\/wp-json\/wp\/v2\/product_tag?post=13777"}],"curies":[{"name":"wp","href":"https:\/\/api.w.org\/{rel}","templated":true}]}}