{"id":13774,"date":"2022-01-27T08:31:48","date_gmt":"2022-01-27T07:31:48","guid":{"rendered":"https:\/\/www.fachbau.ch\/?post_type=product&#038;p=13774"},"modified":"2022-01-27T08:31:48","modified_gmt":"2022-01-27T07:31:48","slug":"die-baustellen-11-2014","status":"publish","type":"product","link":"https:\/\/www.fachbau.ch\/de\/product\/die-baustellen-11-2014\/","title":{"rendered":"die baustellen 11\/2014"},"content":{"rendered":"<h2>Branche<\/h2>\n<h2>kurz &amp; knapp<\/h2>\n<p>Auszeichnungen, Meilensteine und Chefwechsel bewegen die Schweizer Bauszene.<\/p>\n<h2>fokus<\/h2>\n<p>Ein Sprengmeister navigiert seine KMU zwischen Sprengen und Spezialtiefbau.<\/p>\n<h2>baukonjunktur<\/h2>\n<p>Am Bauspektrum 2015: Praxisnahe Referenten sprechen \u00fcber die Nachfolgeregelung.<\/p>\n<h2>verbandsnachrichten vsgu<\/h2>\n<p>Zur Projektleiterausbildung engagiert sich der Verband im Lehrgang \u00abBauleiter\/in\u00bb.<\/p>\n<h2>projekte<\/h2>\n<p>Gr\u00f6sser und h\u00f6her wird in Basel, Schaffhausen und Genf geplant.<\/p>\n<h2>bauen im ausland<\/h2>\n<p>Niederl\u00e4ndischer Bauernmarkt erh\u00e4lt transparente Wohnkuppel.<\/p>\n<h2>erfinder der bauwelt<\/h2>\n<p>Den mechanischen Kraftverst\u00e4rker gibt es seit Menschengedenken.<\/p>\n<h2>Technik<\/h2>\n<h2>schalungsbau<\/h2>\n<ul>\n<li>Schalungsbau-Unternehmer beurteilen die Aussichten auf das kommende Jahr 2015.<\/li>\n<li>Els\u00e4sser Stahlschalungen meistern Grossw\u00e4nde in einem Guss \u2013 auch in der Schweiz.<\/li>\n<li>Eine App berechnet die Nachunterst\u00fctzung von Betondecken.<\/li>\n<li>H\u00e4ngende Sanierung unter Strassenbr\u00fccke h\u00e4lt den Verkehr frei.<\/li>\n<li>Stahlschalung gew\u00e4hrt Sicherheit in vielen Punkten.<\/li>\n<li>Die Raster-St\u00fctzenschalung und ihre Argumente.<\/li>\n<li>Betoneinlagen f\u00fcr Gel\u00e4nderbefestigung in jeder Bauphase.<\/li>\n<\/ul>\n<h2>netze und ger\u00fcstbau<\/h2>\n<p>Netzsicherungen sind eine g\u00fcnstige und flexible Methode.<\/p>\n<p>Das Ger\u00fcst f\u00fcr die Polybau-Wettk\u00e4mpfer.<\/p>\n<h2>vorbericht<\/h2>\n<p>M\u00fcnchen wird im Januar zur europ\u00e4ischen Bauplattform.<\/p>\n<h2>mobile baustelle<\/h2>\n<ul>\n<li>Sonderteil: Wie Bauunternehmen ihre Baustellen pflanzen.<\/li>\n<li>Turmdrehkrane und Container: ihre Entwicklung und Wirtschaftlichkeit.<\/li>\n<li>Ortbetonanlagen: Der Bauplatz wird auch Herstellerwerk.<\/li>\n<li>Mit leichten Nutzfahrzeugen schnell vor Ort: Was der Markt daf\u00fcr offeriert.<\/li>\n<li>Geschlossene Bauw\u00e4nde aus Strukturkammerplatten auf \u00f6kologischer Basis.<\/li>\n<li>Mobile Generatoren bringen zuverl\u00e4ssig Strom in die freie Wildbahn.<\/li>\n<\/ul>\n<h2>infrastrukturbau<\/h2>\n<ul>\n<li>Hochwasserschutz mit sieben Br\u00fccken, Zugunterf\u00fchrung und Renaturierung.<\/li>\n<li>Holzwolle ist das \u00f6kologische Material f\u00fcr Erosionsschutzmatten.<\/li>\n<li>Vorbericht zur Infra-Tagung 2015: Spielregeln f\u00fcr einen gesunden Wettbewerb.<\/li>\n<\/ul>\n<h2>veranstaltungsbericht<\/h2>\n<p>Europas beste Baumaschinen-Cowboys wurden in Paris gek\u00fcrt.<\/p>\n<h2>sportanlagenbau<\/h2>\n<ul>\n<li>Was es zum Bau eines Skateparks braucht. Ein Beispiel.<\/li>\n<li>Eine grossz\u00fcgige Entw\u00e4sserungsl\u00f6sung f\u00fcr das Super-League-Stadion.<\/li>\n<li>Weisse Arena mit vier Snowparks wird um eine Superpipe erweitert.<\/li>\n<\/ul>\n<h2>baustellenbericht<\/h2>\n<ul>\n<li>Z\u00fcrcher Vorzeigewarenhaus wurde bis auf das Gerippe modernisiert.<\/li>\n<li>Bauingenieur realisiert Logistikcenter mit vielf\u00e4ltigen Voraussetzungen.<\/li>\n<li>Codierte Metallprofile konditionieren die Fassade f\u00fcr Klima und \u00c4sthetik.<\/li>\n<\/ul>\n<h2>Management<\/h2>\n<h2>projektmanagement<\/h2>\n<p>Dreiteilige Serie \u00abBauherr \u2013 Architekt \u2013 Bauingenieur\u00bb \u2013 Teil 3: der Bauherr.<\/p>\n<h2>kolumne<\/h2>\n<p>Das Ziel: ger\u00e4tegerecht auftreten und l\u00f6sungsorientiert hinterfragen.<\/p>\n<h2>agenda<\/h2>\n<p>Lernen, Austauschen, Erfahrungen sammeln: Die aktuellen Termine.<\/p>\n<h2>bau-karriere<\/h2>\n<p>Das aktuelle Jobangebot f\u00fcr den Bauprofi.<\/p>\n<p>Holzbau Schweiz: Ausbildung f\u00fcr Zimmerleute wird auf vier Jahre ausgebaut.<\/p>\n<h2>Service<\/h2>\n<h2>sieben-fragen-interview<\/h2>\n<p>Fakten und Argumente f\u00fcr ein starkes Stahlschalungssystem.<\/p>\n<h2>verbandsnachrichten<\/h2>\n<p>Wenn Technik und Politik sich treffen.<\/p>\n<h2>recht &amp; rekord<\/h2>\n<p>Wo Absprachen verd\u00e4chtig und Aufz\u00fcge spektakul\u00e4r sind.<\/p>\n<h2>bau &amp; kunst<\/h2>\n<p>Betonmanufaktur entwickelte die begr\u00fcnbare Fassadenplatte.<\/p>\n<h2>bezugsquellen<\/h2>\n<p>Aktuell gesammelt: Die Adressen von Lieferanten und Dienstleistern.<\/p>\n<h2>blickpunkt<\/h2>\n<p>Wer war die heilige Barbara<\/p>\n","protected":false},"excerpt":{"rendered":"<p>Erhalte die deutschsprachige Fachzeitschrift \u00abdie baustellen\u00bb in der Ausgabe 11\/2014 als PDF-Download mit nachfolgendem Inhaltsverzeichnis:<\/p>\n","protected":false},"featured_media":13776,"template":"","meta":{"_acf_changed":false,"pgc_sgb_lightbox_settings":""},"product_brand":[],"product_cat":[1732,1727],"product_tag":[1717],"class_list":{"0":"post-13774","1":"product","2":"type-product","3":"status-publish","4":"has-post-thumbnail","6":"product_cat-die-baustellen","7":"product_cat-einzelausgaben","8":"product_tag-1717","10":"first","11":"instock","12":"downloadable","13":"virtual","14":"taxable","15":"purchasable","16":"product-type-simple"},"acf":[],"yoast_head":"<!-- This site is optimized with the Yoast SEO plugin v27.4 - https:\/\/yoast.com\/product\/yoast-seo-wordpress\/ -->\n<title>die baustellen 11\/2014 - fachbau.ch<\/title>\n<meta name=\"description\" content=\"Erhalte die deutschsprachige Fachzeitschrift \u00abdie baustellen\u00bb in der Ausgabe 11\/2014 als PDF-Download mit nachfolgendem Inhaltsverzeichnis:\" \/>\n<meta name=\"robots\" content=\"index, follow, max-snippet:-1, max-image-preview:large, max-video-preview:-1\" \/>\n<link rel=\"canonical\" href=\"http:\/\/www.fachbau.ch\/de\/de_de\/product\/die-baustellen-11-2014\/\" \/>\n<meta property=\"og:locale\" content=\"de_DE\" \/>\n<meta property=\"og:type\" content=\"article\" \/>\n<meta property=\"og:title\" content=\"die baustellen 11\/2014 - fachbau.ch\" \/>\n<meta property=\"og:description\" content=\"Erhalte die deutschsprachige Fachzeitschrift \u00abdie baustellen\u00bb in der Ausgabe 11\/2014 als PDF-Download mit nachfolgendem Inhaltsverzeichnis:\" \/>\n<meta property=\"og:url\" content=\"http:\/\/www.fachbau.ch\/de\/de_de\/product\/die-baustellen-11-2014\/\" \/>\n<meta property=\"og:site_name\" content=\"fachbau.ch\" \/>\n<meta property=\"og:image\" content=\"https:\/\/www.fachbau.ch\/wp-content\/uploads\/2022\/01\/die_baustellen_2014_11.png\" \/>\n\t<meta property=\"og:image:width\" content=\"654\" \/>\n\t<meta property=\"og:image:height\" content=\"370\" \/>\n\t<meta property=\"og:image:type\" content=\"image\/png\" \/>\n<meta name=\"twitter:card\" content=\"summary_large_image\" \/>\n<meta name=\"twitter:label1\" content=\"Gesch\u00e4tzte Lesezeit\" \/>\n\t<meta name=\"twitter:data1\" content=\"2\u00a0Minuten\" \/>\n<script type=\"application\/ld+json\" class=\"yoast-schema-graph\">{\"@context\":\"https:\\\/\\\/schema.org\",\"@graph\":[{\"@type\":\"WebPage\",\"@id\":\"http:\\\/\\\/www.fachbau.ch\\\/de_de\\\/product\\\/die-baustellen-11-2014\\\/\",\"url\":\"http:\\\/\\\/www.fachbau.ch\\\/de_de\\\/product\\\/die-baustellen-11-2014\\\/\",\"name\":\"die baustellen 11\\\/2014 - fachbau.ch\",\"isPartOf\":{\"@id\":\"https:\\\/\\\/www.fachbau.ch\\\/#website\"},\"primaryImageOfPage\":{\"@id\":\"http:\\\/\\\/www.fachbau.ch\\\/de_de\\\/product\\\/die-baustellen-11-2014\\\/#primaryimage\"},\"image\":{\"@id\":\"http:\\\/\\\/www.fachbau.ch\\\/de_de\\\/product\\\/die-baustellen-11-2014\\\/#primaryimage\"},\"thumbnailUrl\":\"https:\\\/\\\/www.fachbau.ch\\\/wp-content\\\/uploads\\\/2022\\\/01\\\/die_baustellen_2014_11.png\",\"datePublished\":\"2022-01-27T07:31:48+00:00\",\"description\":\"Erhalte die deutschsprachige Fachzeitschrift \u00abdie baustellen\u00bb in der Ausgabe 11\\\/2014 als PDF-Download mit nachfolgendem Inhaltsverzeichnis:\",\"breadcrumb\":{\"@id\":\"http:\\\/\\\/www.fachbau.ch\\\/de_de\\\/product\\\/die-baustellen-11-2014\\\/#breadcrumb\"},\"inLanguage\":\"de\",\"potentialAction\":[{\"@type\":\"ReadAction\",\"target\":[\"http:\\\/\\\/www.fachbau.ch\\\/de_de\\\/product\\\/die-baustellen-11-2014\\\/\"]}]},{\"@type\":\"ImageObject\",\"inLanguage\":\"de\",\"@id\":\"http:\\\/\\\/www.fachbau.ch\\\/de_de\\\/product\\\/die-baustellen-11-2014\\\/#primaryimage\",\"url\":\"https:\\\/\\\/www.fachbau.ch\\\/wp-content\\\/uploads\\\/2022\\\/01\\\/die_baustellen_2014_11.png\",\"contentUrl\":\"https:\\\/\\\/www.fachbau.ch\\\/wp-content\\\/uploads\\\/2022\\\/01\\\/die_baustellen_2014_11.png\",\"width\":654,\"height\":370},{\"@type\":\"BreadcrumbList\",\"@id\":\"http:\\\/\\\/www.fachbau.ch\\\/de_de\\\/product\\\/die-baustellen-11-2014\\\/#breadcrumb\",\"itemListElement\":[{\"@type\":\"ListItem\",\"position\":1,\"name\":\"Startseite\",\"item\":\"https:\\\/\\\/www.fachbau.ch\\\/\"},{\"@type\":\"ListItem\",\"position\":2,\"name\":\"Shop\",\"item\":\"https:\\\/\\\/www.fachbau.ch\\\/shop\\\/\"},{\"@type\":\"ListItem\",\"position\":3,\"name\":\"die baustellen 11\\\/2014\"}]},{\"@type\":\"WebSite\",\"@id\":\"https:\\\/\\\/www.fachbau.ch\\\/#website\",\"url\":\"https:\\\/\\\/www.fachbau.ch\\\/\",\"name\":\"fachbau.ch\",\"description\":\"Modernes, nachhaltiges Bauen.\",\"publisher\":{\"@id\":\"https:\\\/\\\/www.fachbau.ch\\\/#organization\"},\"potentialAction\":[{\"@type\":\"SearchAction\",\"target\":{\"@type\":\"EntryPoint\",\"urlTemplate\":\"https:\\\/\\\/www.fachbau.ch\\\/?s={search_term_string}\"},\"query-input\":{\"@type\":\"PropertyValueSpecification\",\"valueRequired\":true,\"valueName\":\"search_term_string\"}}],\"inLanguage\":\"de\"},{\"@type\":\"Organization\",\"@id\":\"https:\\\/\\\/www.fachbau.ch\\\/#organization\",\"name\":\"fachbau.ch\",\"url\":\"https:\\\/\\\/www.fachbau.ch\\\/\",\"logo\":{\"@type\":\"ImageObject\",\"inLanguage\":\"de\",\"@id\":\"https:\\\/\\\/www.fachbau.ch\\\/#\\\/schema\\\/logo\\\/image\\\/\",\"url\":\"https:\\\/\\\/www.fachbau.ch\\\/wp-content\\\/uploads\\\/2021\\\/12\\\/Logo_fachbau_ch.png\",\"contentUrl\":\"https:\\\/\\\/www.fachbau.ch\\\/wp-content\\\/uploads\\\/2021\\\/12\\\/Logo_fachbau_ch.png\",\"width\":283,\"height\":42,\"caption\":\"fachbau.ch\"},\"image\":{\"@id\":\"https:\\\/\\\/www.fachbau.ch\\\/#\\\/schema\\\/logo\\\/image\\\/\"}}]}<\/script>\n<!-- \/ Yoast SEO plugin. -->","yoast_head_json":{"title":"die baustellen 11\/2014 - fachbau.ch","description":"Erhalte die deutschsprachige Fachzeitschrift \u00abdie baustellen\u00bb in der Ausgabe 11\/2014 als PDF-Download mit nachfolgendem Inhaltsverzeichnis:","robots":{"index":"index","follow":"follow","max-snippet":"max-snippet:-1","max-image-preview":"max-image-preview:large","max-video-preview":"max-video-preview:-1"},"canonical":"http:\/\/www.fachbau.ch\/de\/de_de\/product\/die-baustellen-11-2014\/","og_locale":"de_DE","og_type":"article","og_title":"die baustellen 11\/2014 - fachbau.ch","og_description":"Erhalte die deutschsprachige Fachzeitschrift \u00abdie baustellen\u00bb in der Ausgabe 11\/2014 als PDF-Download mit nachfolgendem Inhaltsverzeichnis:","og_url":"http:\/\/www.fachbau.ch\/de\/de_de\/product\/die-baustellen-11-2014\/","og_site_name":"fachbau.ch","og_image":[{"width":654,"height":370,"url":"https:\/\/www.fachbau.ch\/wp-content\/uploads\/2022\/01\/die_baustellen_2014_11.png","type":"image\/png"}],"twitter_card":"summary_large_image","twitter_misc":{"Gesch\u00e4tzte Lesezeit":"2\u00a0Minuten"},"schema":{"@context":"https:\/\/schema.org","@graph":[{"@type":"WebPage","@id":"http:\/\/www.fachbau.ch\/de_de\/product\/die-baustellen-11-2014\/","url":"http:\/\/www.fachbau.ch\/de_de\/product\/die-baustellen-11-2014\/","name":"die baustellen 11\/2014 - fachbau.ch","isPartOf":{"@id":"https:\/\/www.fachbau.ch\/#website"},"primaryImageOfPage":{"@id":"http:\/\/www.fachbau.ch\/de_de\/product\/die-baustellen-11-2014\/#primaryimage"},"image":{"@id":"http:\/\/www.fachbau.ch\/de_de\/product\/die-baustellen-11-2014\/#primaryimage"},"thumbnailUrl":"https:\/\/www.fachbau.ch\/wp-content\/uploads\/2022\/01\/die_baustellen_2014_11.png","datePublished":"2022-01-27T07:31:48+00:00","description":"Erhalte die deutschsprachige Fachzeitschrift \u00abdie baustellen\u00bb in der Ausgabe 11\/2014 als PDF-Download mit nachfolgendem Inhaltsverzeichnis:","breadcrumb":{"@id":"http:\/\/www.fachbau.ch\/de_de\/product\/die-baustellen-11-2014\/#breadcrumb"},"inLanguage":"de","potentialAction":[{"@type":"ReadAction","target":["http:\/\/www.fachbau.ch\/de_de\/product\/die-baustellen-11-2014\/"]}]},{"@type":"ImageObject","inLanguage":"de","@id":"http:\/\/www.fachbau.ch\/de_de\/product\/die-baustellen-11-2014\/#primaryimage","url":"https:\/\/www.fachbau.ch\/wp-content\/uploads\/2022\/01\/die_baustellen_2014_11.png","contentUrl":"https:\/\/www.fachbau.ch\/wp-content\/uploads\/2022\/01\/die_baustellen_2014_11.png","width":654,"height":370},{"@type":"BreadcrumbList","@id":"http:\/\/www.fachbau.ch\/de_de\/product\/die-baustellen-11-2014\/#breadcrumb","itemListElement":[{"@type":"ListItem","position":1,"name":"Startseite","item":"https:\/\/www.fachbau.ch\/"},{"@type":"ListItem","position":2,"name":"Shop","item":"https:\/\/www.fachbau.ch\/shop\/"},{"@type":"ListItem","position":3,"name":"die baustellen 11\/2014"}]},{"@type":"WebSite","@id":"https:\/\/www.fachbau.ch\/#website","url":"https:\/\/www.fachbau.ch\/","name":"fachbau.ch","description":"Modernes, nachhaltiges Bauen.","publisher":{"@id":"https:\/\/www.fachbau.ch\/#organization"},"potentialAction":[{"@type":"SearchAction","target":{"@type":"EntryPoint","urlTemplate":"https:\/\/www.fachbau.ch\/?s={search_term_string}"},"query-input":{"@type":"PropertyValueSpecification","valueRequired":true,"valueName":"search_term_string"}}],"inLanguage":"de"},{"@type":"Organization","@id":"https:\/\/www.fachbau.ch\/#organization","name":"fachbau.ch","url":"https:\/\/www.fachbau.ch\/","logo":{"@type":"ImageObject","inLanguage":"de","@id":"https:\/\/www.fachbau.ch\/#\/schema\/logo\/image\/","url":"https:\/\/www.fachbau.ch\/wp-content\/uploads\/2021\/12\/Logo_fachbau_ch.png","contentUrl":"https:\/\/www.fachbau.ch\/wp-content\/uploads\/2021\/12\/Logo_fachbau_ch.png","width":283,"height":42,"caption":"fachbau.ch"},"image":{"@id":"https:\/\/www.fachbau.ch\/#\/schema\/logo\/image\/"}}]}},"_links":{"self":[{"href":"https:\/\/www.fachbau.ch\/de\/wp-json\/wp\/v2\/product\/13774","targetHints":{"allow":["GET"]}}],"collection":[{"href":"https:\/\/www.fachbau.ch\/de\/wp-json\/wp\/v2\/product"}],"about":[{"href":"https:\/\/www.fachbau.ch\/de\/wp-json\/wp\/v2\/types\/product"}],"wp:featuredmedia":[{"embeddable":true,"href":"https:\/\/www.fachbau.ch\/de\/wp-json\/wp\/v2\/media\/13776"}],"wp:attachment":[{"href":"https:\/\/www.fachbau.ch\/de\/wp-json\/wp\/v2\/media?parent=13774"}],"wp:term":[{"taxonomy":"product_brand","embeddable":true,"href":"https:\/\/www.fachbau.ch\/de\/wp-json\/wp\/v2\/product_brand?post=13774"},{"taxonomy":"product_cat","embeddable":true,"href":"https:\/\/www.fachbau.ch\/de\/wp-json\/wp\/v2\/product_cat?post=13774"},{"taxonomy":"product_tag","embeddable":true,"href":"https:\/\/www.fachbau.ch\/de\/wp-json\/wp\/v2\/product_tag?post=13774"}],"curies":[{"name":"wp","href":"https:\/\/api.w.org\/{rel}","templated":true}]}}