{"id":13771,"date":"2022-01-27T08:22:17","date_gmt":"2022-01-27T07:22:17","guid":{"rendered":"https:\/\/www.fachbau.ch\/?post_type=product&#038;p=13771"},"modified":"2022-01-27T08:22:17","modified_gmt":"2022-01-27T07:22:17","slug":"die-baustellen-12-2014","status":"publish","type":"product","link":"https:\/\/www.fachbau.ch\/de\/product\/die-baustellen-12-2014\/","title":{"rendered":"die baustellen 12\/2014"},"content":{"rendered":"<h2>Branche<\/h2>\n<h2>kurz &amp; knapp<\/h2>\n<p>Vom Forschungszentrum zur Preisverleihung: Wer die Zukunft des Bauens mitpr\u00e4gt.<\/p>\n<h2>fokus<\/h2>\n<p>22. bis 25. Januar ist Baumag Luzern. Ein Gespr\u00e4ch mit dem Messeleiter.<\/p>\n<h2>baukonjunktur<\/h2>\n<p>Diverse Indikatoren verursachen einen abgeflachten Verlauf.<\/p>\n<h2>projekte<\/h2>\n<p>Geplant wird am Hang, am Arbeitsplatz, im Trend, im Berg, im Lenz und auf der Ecke.<\/p>\n<h2>bauen im ausland<\/h2>\n<p>Frankfurt am Main: Luftkissendach erf\u00fcllt Passivhausstandard.<\/p>\n<h2>erfinder der bauwelt<\/h2>\n<p>Simpler Wasserverschluss gibt Anstoss zur weiteren Entwicklung.<\/p>\n<h2>Technik<\/h2>\n<h2>baumaschinen<\/h2>\n<ul>\n<li>Was im Jahr 2014 den Baumaschinenmarkt bewegt hat.<\/li>\n<li>Die Hybrid-Technologie ist auch im Steinbrecher angekommen.<\/li>\n<li>Diese Maschinen und Ger\u00e4te kombinieren Funktion und Design.<\/li>\n<li>Die Raupenbagger bringen jetzt auch den Tunnelbau voran.<\/li>\n<li>Schweizer Unternehmen hat sich mit raupenmobilen Brech- und Siebanlagen global etabliert.<\/li>\n<li>Kies- und Betonwerk nahm Prallbrecher mit integriertem Siebkasten in Betrieb.<\/li>\n<li>Starke Sandstrahltechnik erm\u00f6glicht rationelle Hafenkransanierung.<\/li>\n<li>Forscher und Unternehmer entwickeln die Unterlagsplatte f\u00fcr Schwerlastfahrzeuge.<\/li>\n<li>Was \u00abAftersales\u00bb f\u00fcr die Baumaschinenvertretung bedeutet.<\/li>\n<\/ul>\n<h2>baumag vorbericht<\/h2>\n<p>Luzern wird im Januar 2015 zum Schauplatz f\u00fcr Baumaschinen, -ger\u00e4te und -einrichtungen.<\/p>\n<h2>schalungstechnik<\/h2>\n<p>Rollbare Grossschalung erfreut die Bauleute am Kraftwerk Jungbach.<\/p>\n<h2>ger\u00fcstbau<\/h2>\n<p>Diese Ger\u00fcste beweisen flexibles Anpassen \u2013 auch im Tagesrhythmus.<\/p>\n<h2>br\u00fcckenbau<\/h2>\n<p>Modelle sind beredte Zeugen f\u00fcr die Geschichte der Br\u00fcckenbautechnik.<\/p>\n<h2>bauvermessung<\/h2>\n<p>So werden in Hochgeschwindigkeit Zugstrecken vermessen.<\/p>\n<h2>baustellenbericht<\/h2>\n<ul>\n<li>Die Neuauflage des Bahnhofs Oerlikon ist auf gutem Weg.<\/li>\n<li>\u00dcberbauung avanciert zum Z\u00fcrcher Stadtquartier.<\/li>\n<li>Aushub und Tiefbau, R\u00fcckbau und Baurecycling f\u00fcr die Baustelle Freilager Z\u00fcrich.<\/li>\n<li>Die Wohnqualit\u00e4t zeigt sich schon im Rohbau.<\/li>\n<li>Wie sich Industrie- und Wohnlagen ver\u00e4ndern und diese Areale heute genutzt werden.<\/li>\n<\/ul>\n<h2>Management<\/h2>\n<h2>veranstaltungsbericht<\/h2>\n<p>Schweizer Bautagung inspiriert Bauunternehmer zum erfolgreichen Handeln.<\/p>\n<p>Das Seminar \u00abBauunternehmensmanagement\u00bb findet wiederum an der ETH Z\u00fcrich statt.<\/p>\n<h2>kolumne<\/h2>\n<p>Es ist in Ihrer Hand: Sich aussp\u00e4hen zu lassen oder neue Perspektiven zu fassen.<\/p>\n<h2>agenda<\/h2>\n<p>Neues Jahr, neue Erfahrungen: treffen, lernen, entdecken.<\/p>\n<h2>bau-karriere<\/h2>\n<ul>\n<li>Neue Chancen f\u00fcr die pers\u00f6nliche Ver\u00e4nderung.<\/li>\n<li>Studium HF der Bauschule Aarau bef\u00e4higt berufsbegleitend zum Bauleiter und Projektleiter.<\/li>\n<li>Die Baubranche erh\u00e4lt neue Lehrt\u00f6chter.<\/li>\n<\/ul>\n<h2>Service<\/h2>\n<h2>recht &amp; rekord<\/h2>\n<p>Wann eine Leistung verweigert und eine Seilbahn speziell wird.<\/p>\n<h2>sieben-fragen-interview<\/h2>\n<p>Abdichten heisst auch nachhaltig handeln.<\/p>\n<h2>verbandsnachrichten<\/h2>\n<p>Die neusten Meldungen: Stellungnahmen, Zusammenschluss und Ausschreibungen.<\/p>\n<h2>bau &amp; kunst<\/h2>\n<p>Virtuose Formen, Restaurationen und Umsetzungen aus Sittertal.<\/p>\n<h2>blickpunkt<\/h2>\n<p>Was sich in den letzten 40 Jahren f\u00fcr die Polierarbeit ge\u00e4ndert hat.<\/p>\n<h2>bezugsquellen<\/h2>\n<p>Die aktualisierten Adressen: Dienstleister und Lieferanten f\u00fcr Bauschaffende.<\/p>\n","protected":false},"excerpt":{"rendered":"<p>Erhalte die deutschsprachige Fachzeitschrift \u00abdie baustellen\u00bb in der Ausgabe 12\/2014 als PDF-Download mit nachfolgendem Inhaltsverzeichnis:<\/p>\n","protected":false},"featured_media":13773,"template":"","meta":{"_acf_changed":false,"pgc_sgb_lightbox_settings":""},"product_brand":[],"product_cat":[1732,1727],"product_tag":[1717],"class_list":{"0":"post-13771","1":"product","2":"type-product","3":"status-publish","4":"has-post-thumbnail","6":"product_cat-die-baustellen","7":"product_cat-einzelausgaben","8":"product_tag-1717","10":"first","11":"instock","12":"downloadable","13":"virtual","14":"taxable","15":"purchasable","16":"product-type-simple"},"acf":[],"yoast_head":"<!-- This site is optimized with the Yoast SEO plugin v27.4 - https:\/\/yoast.com\/product\/yoast-seo-wordpress\/ -->\n<title>die baustellen 12\/2014 - fachbau.ch<\/title>\n<meta name=\"description\" content=\"Erhalte die deutschsprachige Fachzeitschrift \u00abdie baustellen\u00bb in der Ausgabe 12\/2014 als PDF-Download mit nachfolgendem Inhaltsverzeichnis:\" \/>\n<meta name=\"robots\" content=\"index, follow, max-snippet:-1, max-image-preview:large, max-video-preview:-1\" \/>\n<link rel=\"canonical\" href=\"http:\/\/www.fachbau.ch\/de\/de_de\/product\/die-baustellen-12-2014\/\" \/>\n<meta property=\"og:locale\" content=\"de_DE\" \/>\n<meta property=\"og:type\" content=\"article\" \/>\n<meta property=\"og:title\" content=\"die baustellen 12\/2014 - fachbau.ch\" \/>\n<meta property=\"og:description\" content=\"Erhalte die deutschsprachige Fachzeitschrift \u00abdie baustellen\u00bb in der Ausgabe 12\/2014 als PDF-Download mit nachfolgendem Inhaltsverzeichnis:\" \/>\n<meta property=\"og:url\" content=\"http:\/\/www.fachbau.ch\/de\/de_de\/product\/die-baustellen-12-2014\/\" \/>\n<meta property=\"og:site_name\" content=\"fachbau.ch\" \/>\n<meta property=\"og:image\" content=\"https:\/\/www.fachbau.ch\/wp-content\/uploads\/2022\/01\/die_baustellen_2014_12.png\" \/>\n\t<meta property=\"og:image:width\" content=\"654\" \/>\n\t<meta property=\"og:image:height\" content=\"370\" \/>\n\t<meta property=\"og:image:type\" content=\"image\/png\" \/>\n<meta name=\"twitter:card\" content=\"summary_large_image\" \/>\n<meta name=\"twitter:label1\" content=\"Gesch\u00e4tzte Lesezeit\" \/>\n\t<meta name=\"twitter:data1\" content=\"2\u00a0Minuten\" \/>\n<script type=\"application\/ld+json\" class=\"yoast-schema-graph\">{\"@context\":\"https:\\\/\\\/schema.org\",\"@graph\":[{\"@type\":\"WebPage\",\"@id\":\"http:\\\/\\\/www.fachbau.ch\\\/de_de\\\/product\\\/die-baustellen-12-2014\\\/\",\"url\":\"http:\\\/\\\/www.fachbau.ch\\\/de_de\\\/product\\\/die-baustellen-12-2014\\\/\",\"name\":\"die baustellen 12\\\/2014 - fachbau.ch\",\"isPartOf\":{\"@id\":\"https:\\\/\\\/www.fachbau.ch\\\/#website\"},\"primaryImageOfPage\":{\"@id\":\"http:\\\/\\\/www.fachbau.ch\\\/de_de\\\/product\\\/die-baustellen-12-2014\\\/#primaryimage\"},\"image\":{\"@id\":\"http:\\\/\\\/www.fachbau.ch\\\/de_de\\\/product\\\/die-baustellen-12-2014\\\/#primaryimage\"},\"thumbnailUrl\":\"https:\\\/\\\/www.fachbau.ch\\\/wp-content\\\/uploads\\\/2022\\\/01\\\/die_baustellen_2014_12.png\",\"datePublished\":\"2022-01-27T07:22:17+00:00\",\"description\":\"Erhalte die deutschsprachige Fachzeitschrift \u00abdie baustellen\u00bb in der Ausgabe 12\\\/2014 als PDF-Download mit nachfolgendem Inhaltsverzeichnis:\",\"breadcrumb\":{\"@id\":\"http:\\\/\\\/www.fachbau.ch\\\/de_de\\\/product\\\/die-baustellen-12-2014\\\/#breadcrumb\"},\"inLanguage\":\"de\",\"potentialAction\":[{\"@type\":\"ReadAction\",\"target\":[\"http:\\\/\\\/www.fachbau.ch\\\/de_de\\\/product\\\/die-baustellen-12-2014\\\/\"]}]},{\"@type\":\"ImageObject\",\"inLanguage\":\"de\",\"@id\":\"http:\\\/\\\/www.fachbau.ch\\\/de_de\\\/product\\\/die-baustellen-12-2014\\\/#primaryimage\",\"url\":\"https:\\\/\\\/www.fachbau.ch\\\/wp-content\\\/uploads\\\/2022\\\/01\\\/die_baustellen_2014_12.png\",\"contentUrl\":\"https:\\\/\\\/www.fachbau.ch\\\/wp-content\\\/uploads\\\/2022\\\/01\\\/die_baustellen_2014_12.png\",\"width\":654,\"height\":370},{\"@type\":\"BreadcrumbList\",\"@id\":\"http:\\\/\\\/www.fachbau.ch\\\/de_de\\\/product\\\/die-baustellen-12-2014\\\/#breadcrumb\",\"itemListElement\":[{\"@type\":\"ListItem\",\"position\":1,\"name\":\"Startseite\",\"item\":\"https:\\\/\\\/www.fachbau.ch\\\/\"},{\"@type\":\"ListItem\",\"position\":2,\"name\":\"Shop\",\"item\":\"https:\\\/\\\/www.fachbau.ch\\\/shop\\\/\"},{\"@type\":\"ListItem\",\"position\":3,\"name\":\"die baustellen 12\\\/2014\"}]},{\"@type\":\"WebSite\",\"@id\":\"https:\\\/\\\/www.fachbau.ch\\\/#website\",\"url\":\"https:\\\/\\\/www.fachbau.ch\\\/\",\"name\":\"fachbau.ch\",\"description\":\"Modernes, nachhaltiges Bauen.\",\"publisher\":{\"@id\":\"https:\\\/\\\/www.fachbau.ch\\\/#organization\"},\"potentialAction\":[{\"@type\":\"SearchAction\",\"target\":{\"@type\":\"EntryPoint\",\"urlTemplate\":\"https:\\\/\\\/www.fachbau.ch\\\/?s={search_term_string}\"},\"query-input\":{\"@type\":\"PropertyValueSpecification\",\"valueRequired\":true,\"valueName\":\"search_term_string\"}}],\"inLanguage\":\"de\"},{\"@type\":\"Organization\",\"@id\":\"https:\\\/\\\/www.fachbau.ch\\\/#organization\",\"name\":\"fachbau.ch\",\"url\":\"https:\\\/\\\/www.fachbau.ch\\\/\",\"logo\":{\"@type\":\"ImageObject\",\"inLanguage\":\"de\",\"@id\":\"https:\\\/\\\/www.fachbau.ch\\\/#\\\/schema\\\/logo\\\/image\\\/\",\"url\":\"https:\\\/\\\/www.fachbau.ch\\\/wp-content\\\/uploads\\\/2021\\\/12\\\/Logo_fachbau_ch.png\",\"contentUrl\":\"https:\\\/\\\/www.fachbau.ch\\\/wp-content\\\/uploads\\\/2021\\\/12\\\/Logo_fachbau_ch.png\",\"width\":283,\"height\":42,\"caption\":\"fachbau.ch\"},\"image\":{\"@id\":\"https:\\\/\\\/www.fachbau.ch\\\/#\\\/schema\\\/logo\\\/image\\\/\"}}]}<\/script>\n<!-- \/ Yoast SEO plugin. -->","yoast_head_json":{"title":"die baustellen 12\/2014 - fachbau.ch","description":"Erhalte die deutschsprachige Fachzeitschrift \u00abdie baustellen\u00bb in der Ausgabe 12\/2014 als PDF-Download mit nachfolgendem Inhaltsverzeichnis:","robots":{"index":"index","follow":"follow","max-snippet":"max-snippet:-1","max-image-preview":"max-image-preview:large","max-video-preview":"max-video-preview:-1"},"canonical":"http:\/\/www.fachbau.ch\/de\/de_de\/product\/die-baustellen-12-2014\/","og_locale":"de_DE","og_type":"article","og_title":"die baustellen 12\/2014 - fachbau.ch","og_description":"Erhalte die deutschsprachige Fachzeitschrift \u00abdie baustellen\u00bb in der Ausgabe 12\/2014 als PDF-Download mit nachfolgendem Inhaltsverzeichnis:","og_url":"http:\/\/www.fachbau.ch\/de\/de_de\/product\/die-baustellen-12-2014\/","og_site_name":"fachbau.ch","og_image":[{"width":654,"height":370,"url":"https:\/\/www.fachbau.ch\/wp-content\/uploads\/2022\/01\/die_baustellen_2014_12.png","type":"image\/png"}],"twitter_card":"summary_large_image","twitter_misc":{"Gesch\u00e4tzte Lesezeit":"2\u00a0Minuten"},"schema":{"@context":"https:\/\/schema.org","@graph":[{"@type":"WebPage","@id":"http:\/\/www.fachbau.ch\/de_de\/product\/die-baustellen-12-2014\/","url":"http:\/\/www.fachbau.ch\/de_de\/product\/die-baustellen-12-2014\/","name":"die baustellen 12\/2014 - fachbau.ch","isPartOf":{"@id":"https:\/\/www.fachbau.ch\/#website"},"primaryImageOfPage":{"@id":"http:\/\/www.fachbau.ch\/de_de\/product\/die-baustellen-12-2014\/#primaryimage"},"image":{"@id":"http:\/\/www.fachbau.ch\/de_de\/product\/die-baustellen-12-2014\/#primaryimage"},"thumbnailUrl":"https:\/\/www.fachbau.ch\/wp-content\/uploads\/2022\/01\/die_baustellen_2014_12.png","datePublished":"2022-01-27T07:22:17+00:00","description":"Erhalte die deutschsprachige Fachzeitschrift \u00abdie baustellen\u00bb in der Ausgabe 12\/2014 als PDF-Download mit nachfolgendem Inhaltsverzeichnis:","breadcrumb":{"@id":"http:\/\/www.fachbau.ch\/de_de\/product\/die-baustellen-12-2014\/#breadcrumb"},"inLanguage":"de","potentialAction":[{"@type":"ReadAction","target":["http:\/\/www.fachbau.ch\/de_de\/product\/die-baustellen-12-2014\/"]}]},{"@type":"ImageObject","inLanguage":"de","@id":"http:\/\/www.fachbau.ch\/de_de\/product\/die-baustellen-12-2014\/#primaryimage","url":"https:\/\/www.fachbau.ch\/wp-content\/uploads\/2022\/01\/die_baustellen_2014_12.png","contentUrl":"https:\/\/www.fachbau.ch\/wp-content\/uploads\/2022\/01\/die_baustellen_2014_12.png","width":654,"height":370},{"@type":"BreadcrumbList","@id":"http:\/\/www.fachbau.ch\/de_de\/product\/die-baustellen-12-2014\/#breadcrumb","itemListElement":[{"@type":"ListItem","position":1,"name":"Startseite","item":"https:\/\/www.fachbau.ch\/"},{"@type":"ListItem","position":2,"name":"Shop","item":"https:\/\/www.fachbau.ch\/shop\/"},{"@type":"ListItem","position":3,"name":"die baustellen 12\/2014"}]},{"@type":"WebSite","@id":"https:\/\/www.fachbau.ch\/#website","url":"https:\/\/www.fachbau.ch\/","name":"fachbau.ch","description":"Modernes, nachhaltiges Bauen.","publisher":{"@id":"https:\/\/www.fachbau.ch\/#organization"},"potentialAction":[{"@type":"SearchAction","target":{"@type":"EntryPoint","urlTemplate":"https:\/\/www.fachbau.ch\/?s={search_term_string}"},"query-input":{"@type":"PropertyValueSpecification","valueRequired":true,"valueName":"search_term_string"}}],"inLanguage":"de"},{"@type":"Organization","@id":"https:\/\/www.fachbau.ch\/#organization","name":"fachbau.ch","url":"https:\/\/www.fachbau.ch\/","logo":{"@type":"ImageObject","inLanguage":"de","@id":"https:\/\/www.fachbau.ch\/#\/schema\/logo\/image\/","url":"https:\/\/www.fachbau.ch\/wp-content\/uploads\/2021\/12\/Logo_fachbau_ch.png","contentUrl":"https:\/\/www.fachbau.ch\/wp-content\/uploads\/2021\/12\/Logo_fachbau_ch.png","width":283,"height":42,"caption":"fachbau.ch"},"image":{"@id":"https:\/\/www.fachbau.ch\/#\/schema\/logo\/image\/"}}]}},"_links":{"self":[{"href":"https:\/\/www.fachbau.ch\/de\/wp-json\/wp\/v2\/product\/13771","targetHints":{"allow":["GET"]}}],"collection":[{"href":"https:\/\/www.fachbau.ch\/de\/wp-json\/wp\/v2\/product"}],"about":[{"href":"https:\/\/www.fachbau.ch\/de\/wp-json\/wp\/v2\/types\/product"}],"wp:featuredmedia":[{"embeddable":true,"href":"https:\/\/www.fachbau.ch\/de\/wp-json\/wp\/v2\/media\/13773"}],"wp:attachment":[{"href":"https:\/\/www.fachbau.ch\/de\/wp-json\/wp\/v2\/media?parent=13771"}],"wp:term":[{"taxonomy":"product_brand","embeddable":true,"href":"https:\/\/www.fachbau.ch\/de\/wp-json\/wp\/v2\/product_brand?post=13771"},{"taxonomy":"product_cat","embeddable":true,"href":"https:\/\/www.fachbau.ch\/de\/wp-json\/wp\/v2\/product_cat?post=13771"},{"taxonomy":"product_tag","embeddable":true,"href":"https:\/\/www.fachbau.ch\/de\/wp-json\/wp\/v2\/product_tag?post=13771"}],"curies":[{"name":"wp","href":"https:\/\/api.w.org\/{rel}","templated":true}]}}