{"id":13768,"date":"2022-01-27T08:12:52","date_gmt":"2022-01-27T07:12:52","guid":{"rendered":"https:\/\/www.fachbau.ch\/?post_type=product&#038;p=13768"},"modified":"2022-01-27T08:12:52","modified_gmt":"2022-01-27T07:12:52","slug":"die-baustellen-1-2015","status":"publish","type":"product","link":"https:\/\/www.fachbau.ch\/de\/product\/die-baustellen-1-2015\/","title":{"rendered":"die baustellen 1\/2015"},"content":{"rendered":"<h2>Branche<\/h2>\n<h2>kurz &amp; knapp<\/h2>\n<p>Gewinner und Entscheidungstr\u00e4ger: Wer wirkt, der gestaltet die Zukunft.<\/p>\n<h2>fokus<\/h2>\n<p>Er kann es gut mit den Menschen \u2013 und das ist sein Erfolgsrezept.<\/p>\n<h2>baukonjunktur<\/h2>\n<p>Wie und wann uns das neue Raumplanungsgesetz RPG lenkt.<\/p>\n<h2>projekte<\/h2>\n<p>Von der Quartier\u00fcberbauung in Aarau bis zum Finanzzentrum in Istanbul.<\/p>\n<h2>bauen im ausland<\/h2>\n<p>Schweizer entwickeln und bauen H\u00e4user f\u00fcr Armenviertel.<\/p>\n<h2>erfinder der bauwelt<\/h2>\n<p>Hybride: Motoren im Doppelpack steigern die Effizienz.<\/p>\n<h2>Technik<\/h2>\n<h2>baustoffe<\/h2>\n<ul>\n<li>Die Beton-Zustandsuntersuchung ermittelt den Sanierungsbedarf.<\/li>\n<li>Normen und Gesetze definieren die Bewehrungsfertigung.<\/li>\n<li>Fasern sind nachwachsend, breit verf\u00fcgbar und nun konstruktiv einsetzbar.<\/li>\n<li>Bauchemie-Spezialisten machen Faserzuschlagstoffe berechenbar.<\/li>\n<li>Potenziale der Fertigteilindustrie an den Beton-Tagen in Neu-Ulm.<\/li>\n<\/ul>\n<h2>bauplatz<\/h2>\n<ul>\n<li>Sonderteil Bauplatz: Mobile Arbeitsmittel.<\/li>\n<li>Arbeitssicherheit: Menschen, Verantwortung und Versicherung.<\/li>\n<li>Funkfernsteuerung: Mehr Maschinenkraft, mobile Maschinisten.<\/li>\n<li>Elektronische Arbeitsmittel: Drei Poliere berichten aus ihrem Alltag.<\/li>\n<li>Baum\u00e4ngel: Dokumentierte Versicherungsf\u00e4lle und Schadenspotenziale.<\/li>\n<li>Die Betonkosmetiker: Wo sich Kunst und Handwerk treffen.<\/li>\n<li>Baustellenentw\u00e4sserung: Wie das korrekt l\u00e4uft und die wichtigsten Vorgaben.<\/li>\n<\/ul>\n<h2>baustellenbericht<\/h2>\n<ul>\n<li>Sanierung und Erweiterung des Parkhauses P6 am Flughafen Z\u00fcrich.<\/li>\n<li>Zuger Wohn\u00fcberbauung erh\u00e4lt Wohnraumverg\u00fcnstigung.<\/li>\n<li>Zwei Hochh\u00e4user bringen Edelwohnungen ins Z\u00fcrcher Gesch\u00e4ftsviertel.<\/li>\n<li>Nobelhotel am Fuss des Uetlibergs ersteht wieder in neuem Glanz.<\/li>\n<\/ul>\n<h2>Management<\/h2>\n<h2>messebericht<\/h2>\n<p>Italienisches Flair an der Baufachmesse in Mailand.<\/p>\n<h2>projektleitung<\/h2>\n<p>Was bedeutet \u00abLean Management\u00bb f\u00fcr den Bauablauf?<\/p>\n<p>Mit den Usic-News stets auf dem Laufenden \u2013 per App jetzt auch mobil.<\/p>\n<h2>bau-apps<\/h2>\n<p>Mit Application Services unterwegs: die Vorteile und die Anforderungen.<\/p>\n<p>Bauen mit Apps: Die neusten mobilen Anwendungen f\u00fcr den Bau-Alltag.<\/p>\n<h2>kolumne<\/h2>\n<p>Geradlinig handeln \u2013 aber wie!<\/p>\n<h2>agenda<\/h2>\n<p>Wo sich die Bauprofis treffen: Veranstaltungen, Vortr\u00e4ge, Termine.<\/p>\n<h2>bau-karriere<\/h2>\n<ul>\n<li>Aktuelle Stellen f\u00fcr Leute mit Pfiff.<\/li>\n<li>\u00c4ltere Jahrg\u00e4nge helfen gegen den Fachkr\u00e4ftemangel.<\/li>\n<li>Schulungsgang bringt Strassenbau-Fachleute zum selbst\u00e4ndigen Agieren.<\/li>\n<li>Betonwerkerin\/Betonwerker EFZ arbeiten mit guten Zukunftsaussichten.<\/li>\n<li>In diesem Lehrlingsprojekt wird man schneller und selbst\u00e4ndiger.<\/li>\n<\/ul>\n<h2>Service<\/h2>\n<h2>sieben-fragen-interview<\/h2>\n<p>Schweizer Unternehmer zieht die Webregister f\u00fcr den Nutzfahrzeugmarkt.<\/p>\n<h2>verbandsnachrichten<\/h2>\n<p>Wer die H\u00fcrden geschafft hat und wo nun die Herausforderungen bestehen.<\/p>\n<h2>recht &amp; rekord<\/h2>\n<p>Was ein Gew\u00e4sserraum verursacht und ein teures Geb\u00e4ude ausmacht.<\/p>\n<h2>bau &amp; kunst<\/h2>\n<p>Pipilotti Rist installierte einen Perlenvorhang im Treppenhaus.<\/p>\n","protected":false},"excerpt":{"rendered":"<p>Erhalte die deutschsprachige Fachzeitschrift \u00abdie baustellen\u00bb in der Ausgabe 1\/2015 als PDF-Download mit nachfolgendem Inhaltsverzeichnis:<\/p>\n","protected":false},"featured_media":13770,"template":"","meta":{"_acf_changed":false,"pgc_sgb_lightbox_settings":""},"product_brand":[],"product_cat":[1732,1727],"product_tag":[1718],"class_list":{"0":"post-13768","1":"product","2":"type-product","3":"status-publish","4":"has-post-thumbnail","6":"product_cat-die-baustellen","7":"product_cat-einzelausgaben","8":"product_tag-1718","10":"first","11":"instock","12":"downloadable","13":"virtual","14":"taxable","15":"purchasable","16":"product-type-simple"},"acf":[],"yoast_head":"<!-- This site is optimized with the Yoast SEO plugin v27.4 - https:\/\/yoast.com\/product\/yoast-seo-wordpress\/ -->\n<title>die baustellen 1\/2015 - fachbau.ch<\/title>\n<meta name=\"description\" content=\"Erhalte die deutschsprachige Fachzeitschrift \u00abdie baustellen\u00bb in der Ausgabe 1\/2015 als PDF-Download mit nachfolgendem Inhaltsverzeichnis:\" \/>\n<meta name=\"robots\" content=\"index, follow, max-snippet:-1, max-image-preview:large, max-video-preview:-1\" \/>\n<link rel=\"canonical\" href=\"http:\/\/www.fachbau.ch\/de\/de_de\/product\/die-baustellen-1-2015\/\" \/>\n<meta property=\"og:locale\" content=\"de_DE\" \/>\n<meta property=\"og:type\" content=\"article\" \/>\n<meta property=\"og:title\" content=\"die baustellen 1\/2015 - fachbau.ch\" \/>\n<meta property=\"og:description\" content=\"Erhalte die deutschsprachige Fachzeitschrift \u00abdie baustellen\u00bb in der Ausgabe 1\/2015 als PDF-Download mit nachfolgendem Inhaltsverzeichnis:\" \/>\n<meta property=\"og:url\" content=\"http:\/\/www.fachbau.ch\/de\/de_de\/product\/die-baustellen-1-2015\/\" \/>\n<meta property=\"og:site_name\" content=\"fachbau.ch\" \/>\n<meta property=\"og:image\" content=\"https:\/\/www.fachbau.ch\/wp-content\/uploads\/2022\/01\/die_baustellen_2015_1.png\" \/>\n\t<meta property=\"og:image:width\" content=\"654\" \/>\n\t<meta property=\"og:image:height\" content=\"370\" \/>\n\t<meta property=\"og:image:type\" content=\"image\/png\" \/>\n<meta name=\"twitter:card\" content=\"summary_large_image\" \/>\n<meta name=\"twitter:label1\" content=\"Gesch\u00e4tzte Lesezeit\" \/>\n\t<meta name=\"twitter:data1\" content=\"2\u00a0Minuten\" \/>\n<script type=\"application\/ld+json\" class=\"yoast-schema-graph\">{\"@context\":\"https:\\\/\\\/schema.org\",\"@graph\":[{\"@type\":\"WebPage\",\"@id\":\"http:\\\/\\\/www.fachbau.ch\\\/de_de\\\/product\\\/die-baustellen-1-2015\\\/\",\"url\":\"http:\\\/\\\/www.fachbau.ch\\\/de_de\\\/product\\\/die-baustellen-1-2015\\\/\",\"name\":\"die baustellen 1\\\/2015 - fachbau.ch\",\"isPartOf\":{\"@id\":\"https:\\\/\\\/www.fachbau.ch\\\/#website\"},\"primaryImageOfPage\":{\"@id\":\"http:\\\/\\\/www.fachbau.ch\\\/de_de\\\/product\\\/die-baustellen-1-2015\\\/#primaryimage\"},\"image\":{\"@id\":\"http:\\\/\\\/www.fachbau.ch\\\/de_de\\\/product\\\/die-baustellen-1-2015\\\/#primaryimage\"},\"thumbnailUrl\":\"https:\\\/\\\/www.fachbau.ch\\\/wp-content\\\/uploads\\\/2022\\\/01\\\/die_baustellen_2015_1.png\",\"datePublished\":\"2022-01-27T07:12:52+00:00\",\"description\":\"Erhalte die deutschsprachige Fachzeitschrift \u00abdie baustellen\u00bb in der Ausgabe 1\\\/2015 als PDF-Download mit nachfolgendem Inhaltsverzeichnis:\",\"breadcrumb\":{\"@id\":\"http:\\\/\\\/www.fachbau.ch\\\/de_de\\\/product\\\/die-baustellen-1-2015\\\/#breadcrumb\"},\"inLanguage\":\"de\",\"potentialAction\":[{\"@type\":\"ReadAction\",\"target\":[\"http:\\\/\\\/www.fachbau.ch\\\/de_de\\\/product\\\/die-baustellen-1-2015\\\/\"]}]},{\"@type\":\"ImageObject\",\"inLanguage\":\"de\",\"@id\":\"http:\\\/\\\/www.fachbau.ch\\\/de_de\\\/product\\\/die-baustellen-1-2015\\\/#primaryimage\",\"url\":\"https:\\\/\\\/www.fachbau.ch\\\/wp-content\\\/uploads\\\/2022\\\/01\\\/die_baustellen_2015_1.png\",\"contentUrl\":\"https:\\\/\\\/www.fachbau.ch\\\/wp-content\\\/uploads\\\/2022\\\/01\\\/die_baustellen_2015_1.png\",\"width\":654,\"height\":370},{\"@type\":\"BreadcrumbList\",\"@id\":\"http:\\\/\\\/www.fachbau.ch\\\/de_de\\\/product\\\/die-baustellen-1-2015\\\/#breadcrumb\",\"itemListElement\":[{\"@type\":\"ListItem\",\"position\":1,\"name\":\"Startseite\",\"item\":\"https:\\\/\\\/www.fachbau.ch\\\/\"},{\"@type\":\"ListItem\",\"position\":2,\"name\":\"Shop\",\"item\":\"https:\\\/\\\/www.fachbau.ch\\\/shop\\\/\"},{\"@type\":\"ListItem\",\"position\":3,\"name\":\"die baustellen 1\\\/2015\"}]},{\"@type\":\"WebSite\",\"@id\":\"https:\\\/\\\/www.fachbau.ch\\\/#website\",\"url\":\"https:\\\/\\\/www.fachbau.ch\\\/\",\"name\":\"fachbau.ch\",\"description\":\"Modernes, nachhaltiges Bauen.\",\"publisher\":{\"@id\":\"https:\\\/\\\/www.fachbau.ch\\\/#organization\"},\"potentialAction\":[{\"@type\":\"SearchAction\",\"target\":{\"@type\":\"EntryPoint\",\"urlTemplate\":\"https:\\\/\\\/www.fachbau.ch\\\/?s={search_term_string}\"},\"query-input\":{\"@type\":\"PropertyValueSpecification\",\"valueRequired\":true,\"valueName\":\"search_term_string\"}}],\"inLanguage\":\"de\"},{\"@type\":\"Organization\",\"@id\":\"https:\\\/\\\/www.fachbau.ch\\\/#organization\",\"name\":\"fachbau.ch\",\"url\":\"https:\\\/\\\/www.fachbau.ch\\\/\",\"logo\":{\"@type\":\"ImageObject\",\"inLanguage\":\"de\",\"@id\":\"https:\\\/\\\/www.fachbau.ch\\\/#\\\/schema\\\/logo\\\/image\\\/\",\"url\":\"https:\\\/\\\/www.fachbau.ch\\\/wp-content\\\/uploads\\\/2021\\\/12\\\/Logo_fachbau_ch.png\",\"contentUrl\":\"https:\\\/\\\/www.fachbau.ch\\\/wp-content\\\/uploads\\\/2021\\\/12\\\/Logo_fachbau_ch.png\",\"width\":283,\"height\":42,\"caption\":\"fachbau.ch\"},\"image\":{\"@id\":\"https:\\\/\\\/www.fachbau.ch\\\/#\\\/schema\\\/logo\\\/image\\\/\"}}]}<\/script>\n<!-- \/ Yoast SEO plugin. -->","yoast_head_json":{"title":"die baustellen 1\/2015 - fachbau.ch","description":"Erhalte die deutschsprachige Fachzeitschrift \u00abdie baustellen\u00bb in der Ausgabe 1\/2015 als PDF-Download mit nachfolgendem Inhaltsverzeichnis:","robots":{"index":"index","follow":"follow","max-snippet":"max-snippet:-1","max-image-preview":"max-image-preview:large","max-video-preview":"max-video-preview:-1"},"canonical":"http:\/\/www.fachbau.ch\/de\/de_de\/product\/die-baustellen-1-2015\/","og_locale":"de_DE","og_type":"article","og_title":"die baustellen 1\/2015 - fachbau.ch","og_description":"Erhalte die deutschsprachige Fachzeitschrift \u00abdie baustellen\u00bb in der Ausgabe 1\/2015 als PDF-Download mit nachfolgendem Inhaltsverzeichnis:","og_url":"http:\/\/www.fachbau.ch\/de\/de_de\/product\/die-baustellen-1-2015\/","og_site_name":"fachbau.ch","og_image":[{"width":654,"height":370,"url":"https:\/\/www.fachbau.ch\/wp-content\/uploads\/2022\/01\/die_baustellen_2015_1.png","type":"image\/png"}],"twitter_card":"summary_large_image","twitter_misc":{"Gesch\u00e4tzte Lesezeit":"2\u00a0Minuten"},"schema":{"@context":"https:\/\/schema.org","@graph":[{"@type":"WebPage","@id":"http:\/\/www.fachbau.ch\/de_de\/product\/die-baustellen-1-2015\/","url":"http:\/\/www.fachbau.ch\/de_de\/product\/die-baustellen-1-2015\/","name":"die baustellen 1\/2015 - fachbau.ch","isPartOf":{"@id":"https:\/\/www.fachbau.ch\/#website"},"primaryImageOfPage":{"@id":"http:\/\/www.fachbau.ch\/de_de\/product\/die-baustellen-1-2015\/#primaryimage"},"image":{"@id":"http:\/\/www.fachbau.ch\/de_de\/product\/die-baustellen-1-2015\/#primaryimage"},"thumbnailUrl":"https:\/\/www.fachbau.ch\/wp-content\/uploads\/2022\/01\/die_baustellen_2015_1.png","datePublished":"2022-01-27T07:12:52+00:00","description":"Erhalte die deutschsprachige Fachzeitschrift \u00abdie baustellen\u00bb in der Ausgabe 1\/2015 als PDF-Download mit nachfolgendem Inhaltsverzeichnis:","breadcrumb":{"@id":"http:\/\/www.fachbau.ch\/de_de\/product\/die-baustellen-1-2015\/#breadcrumb"},"inLanguage":"de","potentialAction":[{"@type":"ReadAction","target":["http:\/\/www.fachbau.ch\/de_de\/product\/die-baustellen-1-2015\/"]}]},{"@type":"ImageObject","inLanguage":"de","@id":"http:\/\/www.fachbau.ch\/de_de\/product\/die-baustellen-1-2015\/#primaryimage","url":"https:\/\/www.fachbau.ch\/wp-content\/uploads\/2022\/01\/die_baustellen_2015_1.png","contentUrl":"https:\/\/www.fachbau.ch\/wp-content\/uploads\/2022\/01\/die_baustellen_2015_1.png","width":654,"height":370},{"@type":"BreadcrumbList","@id":"http:\/\/www.fachbau.ch\/de_de\/product\/die-baustellen-1-2015\/#breadcrumb","itemListElement":[{"@type":"ListItem","position":1,"name":"Startseite","item":"https:\/\/www.fachbau.ch\/"},{"@type":"ListItem","position":2,"name":"Shop","item":"https:\/\/www.fachbau.ch\/shop\/"},{"@type":"ListItem","position":3,"name":"die baustellen 1\/2015"}]},{"@type":"WebSite","@id":"https:\/\/www.fachbau.ch\/#website","url":"https:\/\/www.fachbau.ch\/","name":"fachbau.ch","description":"Modernes, nachhaltiges Bauen.","publisher":{"@id":"https:\/\/www.fachbau.ch\/#organization"},"potentialAction":[{"@type":"SearchAction","target":{"@type":"EntryPoint","urlTemplate":"https:\/\/www.fachbau.ch\/?s={search_term_string}"},"query-input":{"@type":"PropertyValueSpecification","valueRequired":true,"valueName":"search_term_string"}}],"inLanguage":"de"},{"@type":"Organization","@id":"https:\/\/www.fachbau.ch\/#organization","name":"fachbau.ch","url":"https:\/\/www.fachbau.ch\/","logo":{"@type":"ImageObject","inLanguage":"de","@id":"https:\/\/www.fachbau.ch\/#\/schema\/logo\/image\/","url":"https:\/\/www.fachbau.ch\/wp-content\/uploads\/2021\/12\/Logo_fachbau_ch.png","contentUrl":"https:\/\/www.fachbau.ch\/wp-content\/uploads\/2021\/12\/Logo_fachbau_ch.png","width":283,"height":42,"caption":"fachbau.ch"},"image":{"@id":"https:\/\/www.fachbau.ch\/#\/schema\/logo\/image\/"}}]}},"_links":{"self":[{"href":"https:\/\/www.fachbau.ch\/de\/wp-json\/wp\/v2\/product\/13768","targetHints":{"allow":["GET"]}}],"collection":[{"href":"https:\/\/www.fachbau.ch\/de\/wp-json\/wp\/v2\/product"}],"about":[{"href":"https:\/\/www.fachbau.ch\/de\/wp-json\/wp\/v2\/types\/product"}],"wp:featuredmedia":[{"embeddable":true,"href":"https:\/\/www.fachbau.ch\/de\/wp-json\/wp\/v2\/media\/13770"}],"wp:attachment":[{"href":"https:\/\/www.fachbau.ch\/de\/wp-json\/wp\/v2\/media?parent=13768"}],"wp:term":[{"taxonomy":"product_brand","embeddable":true,"href":"https:\/\/www.fachbau.ch\/de\/wp-json\/wp\/v2\/product_brand?post=13768"},{"taxonomy":"product_cat","embeddable":true,"href":"https:\/\/www.fachbau.ch\/de\/wp-json\/wp\/v2\/product_cat?post=13768"},{"taxonomy":"product_tag","embeddable":true,"href":"https:\/\/www.fachbau.ch\/de\/wp-json\/wp\/v2\/product_tag?post=13768"}],"curies":[{"name":"wp","href":"https:\/\/api.w.org\/{rel}","templated":true}]}}