{"id":13748,"date":"2022-01-27T03:26:22","date_gmt":"2022-01-27T02:26:22","guid":{"rendered":"https:\/\/www.fachbau.ch\/?post_type=product&#038;p=13748"},"modified":"2022-01-27T03:26:22","modified_gmt":"2022-01-27T02:26:22","slug":"die-baustellen-9-2015","status":"publish","type":"product","link":"https:\/\/www.fachbau.ch\/de\/product\/die-baustellen-9-2015\/","title":{"rendered":"die baustellen 9\/2015"},"content":{"rendered":"<h2>Branche<\/h2>\n<h2>kurz &amp; knapp<\/h2>\n<p>Neuorientierungen und neue Perspektiven in der Baubranche.<\/p>\n<h2>fokus<\/h2>\n<p>Familienbetrieb in treuen H\u00e4nden. Ein junges Duo leitet das Baumaschinen-Unternehmen.<\/p>\n<h2>baukonjunktur<\/h2>\n<p>Talfahrt mit Einbussen im Hochbau und leichter Erholung im Tiefbau.<\/p>\n<h2>entwicklung schweiz<\/h2>\n<p>Die Rahmenbedingungen f\u00fcr eine nachhaltige Entwicklung der Schweiz.<\/p>\n<h2>projekte<\/h2>\n<p>Ein breiter Nutzungsmix: Kongress, Hotel, Campus und Wohnen.<\/p>\n<h2>bauen im ausland<\/h2>\n<p>Deutsche Zugspitze erh\u00e4lt neue Seilbahn mit mehr Kapazit\u00e4t.<\/p>\n<h2>erfinder der bauwelt<\/h2>\n<p>Wie die Physiker die Radiowellen nutzbar machten.<\/p>\n<h2>Technik<\/h2>\n<h2>baumaschinen und -ger\u00e4te<\/h2>\n<ul>\n<li>Mobilkrane, Raupenkrane, Hochbaukrane: eine \u00dcbersicht der neusten Modelle.<\/li>\n<li>Zum Firmenjubil\u00e4um entwickelt: Ein Stapelkran der neusten Generation.<\/li>\n<li>Neue Krananlagen helfen den Dampfbahn-Restaurateuren bei der Arbeit.<\/li>\n<li>Schiene-Strasse-Zweiwegebagger erf\u00fcllt die Anforderungen im Schweizer Bahnumfeld.<\/li>\n<li>Diese Ger\u00e4te laufen mit der Kraft der Hydraulik.<\/li>\n<li>Die Vielseitigkeit schwedischer Baumaschinen begeisterte die Redaktion vor Ort.<\/li>\n<\/ul>\n<h2>forstmesse<\/h2>\n<p>Action an der Forstmesse 2015 in Luzern: R\u00fcckschau mit Impressionen in vielen Bildern.<\/p>\n<h2>iso-normen<\/h2>\n<p>Ein neues Standardwerk regelt die Handzeichen auf der Baustelle.<\/p>\n<h2>werkhof<\/h2>\n<p>Im Sonderteil: Der Werkhof ist die Drehscheibe des Bauunternehmens.<\/p>\n<h2>vorfabrizierte bauelemente<\/h2>\n<p>Aus der Vorfabrikation auf den Bauplatz: Die Betonelemente und ihre Besonderheiten.<\/p>\n<h2>baustellenbericht<\/h2>\n<p>Eine schlanke Sch\u00f6nheit schwingt sich \u00fcber die Taminaschlucht.<\/p>\n<p>Erfolgreiche Sprengung in Luterbach: ein Erlebnisbericht.<\/p>\n<h2>hebetechnik<\/h2>\n<p>Erh\u00f6ht die Sicherheit auf der Arbeitsb\u00fchne und verhindert Unf\u00e4lle: die Schulung.<\/p>\n<h2>umfrage<\/h2>\n<p>Erhebung zur Planerpraxis mit Building Information Modeling BIM.<\/p>\n<h2>verbandsinformation fab<\/h2>\n<p>Die Fachgruppe Architektur und Bau, Z\u00fcrich, besichtigte die Baustelle und Infrastruktur der Europaallee.<\/p>\n<h2>Management<\/h2>\n<h2>kolumne<\/h2>\n<p>Einfach ist nicht schwer und f\u00fcr den flexiblen Altersr\u00fccktritt gibt es Alternativen.<\/p>\n<h2>agenda<\/h2>\n<p>Wo die Profis das Spezialistenwissen erwerben.<\/p>\n<h2>bau-karriere<\/h2>\n<p>Die aktuellen Herausforderungen f\u00fcr Fachkr\u00e4fte.<\/p>\n<p>Ein vielseitiger Beruf mit spannendem Alltag: Der Baumaschinenmechaniker.<\/p>\n<h2>Service<\/h2>\n<h2>sieben-fragen-interview<\/h2>\n<p>Der Spezialist f\u00fcr Anbauger\u00e4te aus Grosswangen LU erz\u00e4hlt aus langj\u00e4hriger Erfahrung.<\/p>\n<h2>verbandsnachrichten<\/h2>\n<p>Ver\u00e4nderungen und Engagements pr\u00e4gen die Baubranche.<\/p>\n<h2>recht &amp; rekord<\/h2>\n<p>Wann sich eine Mediation lohnt und welchen Zweck eine gl\u00e4serne Br\u00fccke erf\u00fcllt.<\/p>\n<h2>bau &amp; kunst<\/h2>\n<p>Zwei farbige Skulpturen schaffen Bezug und Identit\u00e4t in der Wohn\u00fcberbauung.<\/p>\n<h2>bezugsquellen<\/h2>\n<p>Die aktualisierten Adressen der Lieferanten und Dienstleister.<\/p>\n<h2>blickpunkt<\/h2>\n<p>Der Zimmermann begeistert junge Leute f\u00fcr seinen Beruf.<\/p>\n","protected":false},"excerpt":{"rendered":"<p>Erhalte die deutschsprachige Fachzeitschrift \u00abdie baustellen\u00bb in der Ausgabe 9\/2015 als PDF-Download mit nachfolgendem Inhaltsverzeichnis:<\/p>\n","protected":false},"featured_media":13750,"template":"","meta":{"_acf_changed":false,"pgc_sgb_lightbox_settings":""},"product_brand":[],"product_cat":[1732,1727],"product_tag":[1718],"class_list":{"0":"post-13748","1":"product","2":"type-product","3":"status-publish","4":"has-post-thumbnail","6":"product_cat-die-baustellen","7":"product_cat-einzelausgaben","8":"product_tag-1718","10":"first","11":"instock","12":"downloadable","13":"virtual","14":"taxable","15":"purchasable","16":"product-type-simple"},"acf":[],"yoast_head":"<!-- This site is optimized with the Yoast SEO plugin v27.4 - https:\/\/yoast.com\/product\/yoast-seo-wordpress\/ -->\n<title>die baustellen 9\/2015 - fachbau.ch<\/title>\n<meta name=\"description\" content=\"Erhalte die deutschsprachige Fachzeitschrift \u00abdie baustellen\u00bb in der Ausgabe 9\/2015 als PDF-Download mit nachfolgendem Inhaltsverzeichnis:\" \/>\n<meta name=\"robots\" content=\"index, follow, max-snippet:-1, max-image-preview:large, max-video-preview:-1\" \/>\n<link rel=\"canonical\" href=\"http:\/\/www.fachbau.ch\/de\/de_de\/product\/die-baustellen-9-2015\/\" \/>\n<meta property=\"og:locale\" content=\"de_DE\" \/>\n<meta property=\"og:type\" content=\"article\" \/>\n<meta property=\"og:title\" content=\"die baustellen 9\/2015 - fachbau.ch\" \/>\n<meta property=\"og:description\" content=\"Erhalte die deutschsprachige Fachzeitschrift \u00abdie baustellen\u00bb in der Ausgabe 9\/2015 als PDF-Download mit nachfolgendem Inhaltsverzeichnis:\" \/>\n<meta property=\"og:url\" content=\"http:\/\/www.fachbau.ch\/de\/de_de\/product\/die-baustellen-9-2015\/\" \/>\n<meta property=\"og:site_name\" content=\"fachbau.ch\" \/>\n<meta property=\"og:image\" content=\"https:\/\/www.fachbau.ch\/wp-content\/uploads\/2022\/01\/die_baustellen_2015_9.png\" \/>\n\t<meta property=\"og:image:width\" content=\"654\" \/>\n\t<meta property=\"og:image:height\" content=\"370\" \/>\n\t<meta property=\"og:image:type\" content=\"image\/png\" \/>\n<meta name=\"twitter:card\" content=\"summary_large_image\" \/>\n<meta name=\"twitter:label1\" content=\"Gesch\u00e4tzte Lesezeit\" \/>\n\t<meta name=\"twitter:data1\" content=\"2\u00a0Minuten\" \/>\n<script type=\"application\/ld+json\" class=\"yoast-schema-graph\">{\"@context\":\"https:\\\/\\\/schema.org\",\"@graph\":[{\"@type\":\"WebPage\",\"@id\":\"http:\\\/\\\/www.fachbau.ch\\\/de_de\\\/product\\\/die-baustellen-9-2015\\\/\",\"url\":\"http:\\\/\\\/www.fachbau.ch\\\/de_de\\\/product\\\/die-baustellen-9-2015\\\/\",\"name\":\"die baustellen 9\\\/2015 - fachbau.ch\",\"isPartOf\":{\"@id\":\"https:\\\/\\\/www.fachbau.ch\\\/#website\"},\"primaryImageOfPage\":{\"@id\":\"http:\\\/\\\/www.fachbau.ch\\\/de_de\\\/product\\\/die-baustellen-9-2015\\\/#primaryimage\"},\"image\":{\"@id\":\"http:\\\/\\\/www.fachbau.ch\\\/de_de\\\/product\\\/die-baustellen-9-2015\\\/#primaryimage\"},\"thumbnailUrl\":\"https:\\\/\\\/www.fachbau.ch\\\/wp-content\\\/uploads\\\/2022\\\/01\\\/die_baustellen_2015_9.png\",\"datePublished\":\"2022-01-27T02:26:22+00:00\",\"description\":\"Erhalte die deutschsprachige Fachzeitschrift \u00abdie baustellen\u00bb in der Ausgabe 9\\\/2015 als PDF-Download mit nachfolgendem Inhaltsverzeichnis:\",\"breadcrumb\":{\"@id\":\"http:\\\/\\\/www.fachbau.ch\\\/de_de\\\/product\\\/die-baustellen-9-2015\\\/#breadcrumb\"},\"inLanguage\":\"de\",\"potentialAction\":[{\"@type\":\"ReadAction\",\"target\":[\"http:\\\/\\\/www.fachbau.ch\\\/de_de\\\/product\\\/die-baustellen-9-2015\\\/\"]}]},{\"@type\":\"ImageObject\",\"inLanguage\":\"de\",\"@id\":\"http:\\\/\\\/www.fachbau.ch\\\/de_de\\\/product\\\/die-baustellen-9-2015\\\/#primaryimage\",\"url\":\"https:\\\/\\\/www.fachbau.ch\\\/wp-content\\\/uploads\\\/2022\\\/01\\\/die_baustellen_2015_9.png\",\"contentUrl\":\"https:\\\/\\\/www.fachbau.ch\\\/wp-content\\\/uploads\\\/2022\\\/01\\\/die_baustellen_2015_9.png\",\"width\":654,\"height\":370},{\"@type\":\"BreadcrumbList\",\"@id\":\"http:\\\/\\\/www.fachbau.ch\\\/de_de\\\/product\\\/die-baustellen-9-2015\\\/#breadcrumb\",\"itemListElement\":[{\"@type\":\"ListItem\",\"position\":1,\"name\":\"Startseite\",\"item\":\"https:\\\/\\\/www.fachbau.ch\\\/\"},{\"@type\":\"ListItem\",\"position\":2,\"name\":\"Shop\",\"item\":\"https:\\\/\\\/www.fachbau.ch\\\/shop\\\/\"},{\"@type\":\"ListItem\",\"position\":3,\"name\":\"die baustellen 9\\\/2015\"}]},{\"@type\":\"WebSite\",\"@id\":\"https:\\\/\\\/www.fachbau.ch\\\/#website\",\"url\":\"https:\\\/\\\/www.fachbau.ch\\\/\",\"name\":\"fachbau.ch\",\"description\":\"Modernes, nachhaltiges Bauen.\",\"publisher\":{\"@id\":\"https:\\\/\\\/www.fachbau.ch\\\/#organization\"},\"potentialAction\":[{\"@type\":\"SearchAction\",\"target\":{\"@type\":\"EntryPoint\",\"urlTemplate\":\"https:\\\/\\\/www.fachbau.ch\\\/?s={search_term_string}\"},\"query-input\":{\"@type\":\"PropertyValueSpecification\",\"valueRequired\":true,\"valueName\":\"search_term_string\"}}],\"inLanguage\":\"de\"},{\"@type\":\"Organization\",\"@id\":\"https:\\\/\\\/www.fachbau.ch\\\/#organization\",\"name\":\"fachbau.ch\",\"url\":\"https:\\\/\\\/www.fachbau.ch\\\/\",\"logo\":{\"@type\":\"ImageObject\",\"inLanguage\":\"de\",\"@id\":\"https:\\\/\\\/www.fachbau.ch\\\/#\\\/schema\\\/logo\\\/image\\\/\",\"url\":\"https:\\\/\\\/www.fachbau.ch\\\/wp-content\\\/uploads\\\/2021\\\/12\\\/Logo_fachbau_ch.png\",\"contentUrl\":\"https:\\\/\\\/www.fachbau.ch\\\/wp-content\\\/uploads\\\/2021\\\/12\\\/Logo_fachbau_ch.png\",\"width\":283,\"height\":42,\"caption\":\"fachbau.ch\"},\"image\":{\"@id\":\"https:\\\/\\\/www.fachbau.ch\\\/#\\\/schema\\\/logo\\\/image\\\/\"}}]}<\/script>\n<!-- \/ Yoast SEO plugin. -->","yoast_head_json":{"title":"die baustellen 9\/2015 - fachbau.ch","description":"Erhalte die deutschsprachige Fachzeitschrift \u00abdie baustellen\u00bb in der Ausgabe 9\/2015 als PDF-Download mit nachfolgendem Inhaltsverzeichnis:","robots":{"index":"index","follow":"follow","max-snippet":"max-snippet:-1","max-image-preview":"max-image-preview:large","max-video-preview":"max-video-preview:-1"},"canonical":"http:\/\/www.fachbau.ch\/de\/de_de\/product\/die-baustellen-9-2015\/","og_locale":"de_DE","og_type":"article","og_title":"die baustellen 9\/2015 - fachbau.ch","og_description":"Erhalte die deutschsprachige Fachzeitschrift \u00abdie baustellen\u00bb in der Ausgabe 9\/2015 als PDF-Download mit nachfolgendem Inhaltsverzeichnis:","og_url":"http:\/\/www.fachbau.ch\/de\/de_de\/product\/die-baustellen-9-2015\/","og_site_name":"fachbau.ch","og_image":[{"width":654,"height":370,"url":"https:\/\/www.fachbau.ch\/wp-content\/uploads\/2022\/01\/die_baustellen_2015_9.png","type":"image\/png"}],"twitter_card":"summary_large_image","twitter_misc":{"Gesch\u00e4tzte Lesezeit":"2\u00a0Minuten"},"schema":{"@context":"https:\/\/schema.org","@graph":[{"@type":"WebPage","@id":"http:\/\/www.fachbau.ch\/de_de\/product\/die-baustellen-9-2015\/","url":"http:\/\/www.fachbau.ch\/de_de\/product\/die-baustellen-9-2015\/","name":"die baustellen 9\/2015 - fachbau.ch","isPartOf":{"@id":"https:\/\/www.fachbau.ch\/#website"},"primaryImageOfPage":{"@id":"http:\/\/www.fachbau.ch\/de_de\/product\/die-baustellen-9-2015\/#primaryimage"},"image":{"@id":"http:\/\/www.fachbau.ch\/de_de\/product\/die-baustellen-9-2015\/#primaryimage"},"thumbnailUrl":"https:\/\/www.fachbau.ch\/wp-content\/uploads\/2022\/01\/die_baustellen_2015_9.png","datePublished":"2022-01-27T02:26:22+00:00","description":"Erhalte die deutschsprachige Fachzeitschrift \u00abdie baustellen\u00bb in der Ausgabe 9\/2015 als PDF-Download mit nachfolgendem Inhaltsverzeichnis:","breadcrumb":{"@id":"http:\/\/www.fachbau.ch\/de_de\/product\/die-baustellen-9-2015\/#breadcrumb"},"inLanguage":"de","potentialAction":[{"@type":"ReadAction","target":["http:\/\/www.fachbau.ch\/de_de\/product\/die-baustellen-9-2015\/"]}]},{"@type":"ImageObject","inLanguage":"de","@id":"http:\/\/www.fachbau.ch\/de_de\/product\/die-baustellen-9-2015\/#primaryimage","url":"https:\/\/www.fachbau.ch\/wp-content\/uploads\/2022\/01\/die_baustellen_2015_9.png","contentUrl":"https:\/\/www.fachbau.ch\/wp-content\/uploads\/2022\/01\/die_baustellen_2015_9.png","width":654,"height":370},{"@type":"BreadcrumbList","@id":"http:\/\/www.fachbau.ch\/de_de\/product\/die-baustellen-9-2015\/#breadcrumb","itemListElement":[{"@type":"ListItem","position":1,"name":"Startseite","item":"https:\/\/www.fachbau.ch\/"},{"@type":"ListItem","position":2,"name":"Shop","item":"https:\/\/www.fachbau.ch\/shop\/"},{"@type":"ListItem","position":3,"name":"die baustellen 9\/2015"}]},{"@type":"WebSite","@id":"https:\/\/www.fachbau.ch\/#website","url":"https:\/\/www.fachbau.ch\/","name":"fachbau.ch","description":"Modernes, nachhaltiges Bauen.","publisher":{"@id":"https:\/\/www.fachbau.ch\/#organization"},"potentialAction":[{"@type":"SearchAction","target":{"@type":"EntryPoint","urlTemplate":"https:\/\/www.fachbau.ch\/?s={search_term_string}"},"query-input":{"@type":"PropertyValueSpecification","valueRequired":true,"valueName":"search_term_string"}}],"inLanguage":"de"},{"@type":"Organization","@id":"https:\/\/www.fachbau.ch\/#organization","name":"fachbau.ch","url":"https:\/\/www.fachbau.ch\/","logo":{"@type":"ImageObject","inLanguage":"de","@id":"https:\/\/www.fachbau.ch\/#\/schema\/logo\/image\/","url":"https:\/\/www.fachbau.ch\/wp-content\/uploads\/2021\/12\/Logo_fachbau_ch.png","contentUrl":"https:\/\/www.fachbau.ch\/wp-content\/uploads\/2021\/12\/Logo_fachbau_ch.png","width":283,"height":42,"caption":"fachbau.ch"},"image":{"@id":"https:\/\/www.fachbau.ch\/#\/schema\/logo\/image\/"}}]}},"_links":{"self":[{"href":"https:\/\/www.fachbau.ch\/de\/wp-json\/wp\/v2\/product\/13748","targetHints":{"allow":["GET"]}}],"collection":[{"href":"https:\/\/www.fachbau.ch\/de\/wp-json\/wp\/v2\/product"}],"about":[{"href":"https:\/\/www.fachbau.ch\/de\/wp-json\/wp\/v2\/types\/product"}],"wp:featuredmedia":[{"embeddable":true,"href":"https:\/\/www.fachbau.ch\/de\/wp-json\/wp\/v2\/media\/13750"}],"wp:attachment":[{"href":"https:\/\/www.fachbau.ch\/de\/wp-json\/wp\/v2\/media?parent=13748"}],"wp:term":[{"taxonomy":"product_brand","embeddable":true,"href":"https:\/\/www.fachbau.ch\/de\/wp-json\/wp\/v2\/product_brand?post=13748"},{"taxonomy":"product_cat","embeddable":true,"href":"https:\/\/www.fachbau.ch\/de\/wp-json\/wp\/v2\/product_cat?post=13748"},{"taxonomy":"product_tag","embeddable":true,"href":"https:\/\/www.fachbau.ch\/de\/wp-json\/wp\/v2\/product_tag?post=13748"}],"curies":[{"name":"wp","href":"https:\/\/api.w.org\/{rel}","templated":true}]}}