{"id":13745,"date":"2022-01-27T03:14:49","date_gmt":"2022-01-27T02:14:49","guid":{"rendered":"https:\/\/www.fachbau.ch\/?post_type=product&#038;p=13745"},"modified":"2022-01-27T03:14:49","modified_gmt":"2022-01-27T02:14:49","slug":"die-baustellen-10-2015","status":"publish","type":"product","link":"https:\/\/www.fachbau.ch\/de\/product\/die-baustellen-10-2015\/","title":{"rendered":"die baustellen 10\/2015"},"content":{"rendered":"<h2>Branche<\/h2>\n<h2>kurz &amp; knapp<\/h2>\n<p>Pers\u00f6nlichkeiten der Baubranche bewegen sich in Politik und Wirtschaft.<\/p>\n<h2>fokus<\/h2>\n<p>Motiviert und auf gutem Kurs seit dem Unternehmens-R\u00fcckkauf.<\/p>\n<h2>baukonjunktur<\/h2>\n<p>Baumonitoring zeigt Preiserosion und Besch\u00e4ftigungszenit.<\/p>\n<h2>verbandsinformation gsgi<\/h2>\n<p>Der neue Wiler Sportpark verf\u00fcgt \u00fcber ein Haustechnik-Monitoringsystem.<\/p>\n<h2>projekte<\/h2>\n<p>Vom Abschied zum Neubau, vor der Volksbefragung und nach dem Wettbewerb.<\/p>\n<h2>bauen im ausland<\/h2>\n<p>Mit mehr Sicherheit durch den Schiffstunnel.<\/p>\n<h2>erfinder der bauwelt<\/h2>\n<p>Mischung zwischen Bautechnik, Gesellschaft und Architektur: Der Plattenbau.<\/p>\n<h2>Technik<\/h2>\n<h2>baumarkt<\/h2>\n<p>\u00dcbersicht der Baut\u00e4tigkeit: Die Region Nordwestschweiz mit Basel.<\/p>\n<h2>betontechnologie<\/h2>\n<p>Hochleistungsbeton \u2013 einfach gemacht.<\/p>\n<p>Diese Beton-Speichermodule halten das Haus warm.<\/p>\n<h2>metallkonstruktion<\/h2>\n<p>Stahl-Leichtbautechnik erschliesst neue M\u00f6glichkeiten.<\/p>\n<h2>fachtagung<\/h2>\n<p>Ingenieure befassen sich am Dreil\u00e4ndertreffen mit der Erdbebensicherheit bestehender Bauten.<\/p>\n<h2>transport-ch<\/h2>\n<p>Nutzfahrzeuge, Truckertreff und vieles mehr beleben die Bernexpo.<\/p>\n<h2>batiromandie<\/h2>\n<p>Bautechnik und Baumaschinen erwarten die Messebesucher in Lausanne.<\/p>\n<h2>aus- und weiterbildung<\/h2>\n<p>Im Sonderteil: Reportagen aus Schweizer Aus- und Weiterbildungsst\u00e4tten im Baubereich.<\/p>\n<h2>bauwerkzeug<\/h2>\n<p>PE-Schweisstechnik, Elektrowerkzeug und Anbauger\u00e4te zur Wurzelstock-Entfernung.<\/p>\n<h2>trennlagen<\/h2>\n<p>Eine Matte mit vielen Funktionen: Abkoppeln, Drainieren und Sch\u00fctzen.<\/p>\n<h2>baustellenbericht<\/h2>\n<ul>\n<li>Das Schaffhauser Cargo Logistik Center verbindet Grenzen, Strassen und Schienen.<\/li>\n<li>Der B\u00fcrobau mit Seeanstoss erf\u00fcllt hohe Anspr\u00fcche bez\u00fcglich Energie und Raum.<\/li>\n<li>Eine Genossenschaft baut eine komplette Siedlung neu, mit zeitgem\u00e4ssem Konzept.<\/li>\n<\/ul>\n<h2>Management<\/h2>\n<h2>kolumne<\/h2>\n<p>Wie die Leute etwas sch\u00f6nreden und die Anstellungsform bewerten.<\/p>\n<h2>agenda<\/h2>\n<p>Lehrreiches und Unterhaltsames, aufbereitet f\u00fcr die Bauwelt.<\/p>\n<h2>bau-karriere<\/h2>\n<p>Gesucht: Fachkr\u00e4fte f\u00fcr ein dynamisches Baugewerbe.<\/p>\n<h2>Service<\/h2>\n<h2>sieben-fragen-interview<\/h2>\n<p>Gespr\u00e4ch mit dem Systementwickler: Fassaden mit \u00f6kologischem Anspruch.<\/p>\n<h2>verbandsnachrichten<\/h2>\n<p>Die aktuellen Standpunkte und Aktionen der Fachverb\u00e4nde.<\/p>\n<h2>recht &amp; rekord<\/h2>\n<p>Wie man M\u00e4ngel r\u00fcgt und was die Bautechnik mit Holz macht.<\/p>\n<h2>bau &amp; kunst<\/h2>\n<p>Baustellenkunst zur 300-Jahr-Feier in Karlsruhe.<\/p>\n<h2>bezugsquellen<\/h2>\n<p>Die Lieferanten und die Leistungserbringer im aktualisierten Verzeichnis.<\/p>\n<h2>blickpunkt<\/h2>\n<p>Dieser Gesch\u00e4ftsf\u00fchrer ist auch der Sprengmeister vor Ort.<\/p>\n","protected":false},"excerpt":{"rendered":"<p>Erhalte die deutschsprachige Fachzeitschrift \u00abdie baustellen\u00bb in der Ausgabe 10\/2015 als PDF-Download mit nachfolgendem Inhaltsverzeichnis:<\/p>\n","protected":false},"featured_media":0,"template":"","meta":{"_acf_changed":false,"pgc_sgb_lightbox_settings":""},"product_brand":[],"product_cat":[1732,1727],"product_tag":[1718],"class_list":{"0":"post-13745","1":"product","2":"type-product","3":"status-publish","5":"product_cat-die-baustellen","6":"product_cat-einzelausgaben","7":"product_tag-1718","9":"first","10":"instock","11":"taxable","12":"shipping-taxable","13":"purchasable","14":"product-type-simple"},"acf":[],"yoast_head":"<!-- This site is optimized with the Yoast SEO plugin v27.4 - https:\/\/yoast.com\/product\/yoast-seo-wordpress\/ -->\n<title>die baustellen 10\/2015 - fachbau.ch<\/title>\n<meta name=\"robots\" content=\"index, follow, max-snippet:-1, max-image-preview:large, max-video-preview:-1\" \/>\n<link rel=\"canonical\" href=\"http:\/\/www.fachbau.ch\/de\/de_de\/product\/die-baustellen-10-2015\/\" \/>\n<meta property=\"og:locale\" content=\"de_DE\" \/>\n<meta property=\"og:type\" content=\"article\" \/>\n<meta property=\"og:title\" content=\"die baustellen 10\/2015 - fachbau.ch\" \/>\n<meta property=\"og:description\" content=\"Erhalte die deutschsprachige Fachzeitschrift \u00abdie baustellen\u00bb in der Ausgabe 10\/2015 als PDF-Download mit nachfolgendem Inhaltsverzeichnis:\" \/>\n<meta property=\"og:url\" content=\"http:\/\/www.fachbau.ch\/de\/de_de\/product\/die-baustellen-10-2015\/\" \/>\n<meta property=\"og:site_name\" content=\"fachbau.ch\" \/>\n<meta name=\"twitter:card\" content=\"summary_large_image\" \/>\n<meta name=\"twitter:label1\" content=\"Gesch\u00e4tzte Lesezeit\" \/>\n\t<meta name=\"twitter:data1\" content=\"1\u00a0Minute\" \/>\n<script type=\"application\/ld+json\" class=\"yoast-schema-graph\">{\"@context\":\"https:\\\/\\\/schema.org\",\"@graph\":[{\"@type\":\"WebPage\",\"@id\":\"http:\\\/\\\/www.fachbau.ch\\\/de_de\\\/product\\\/die-baustellen-10-2015\\\/\",\"url\":\"http:\\\/\\\/www.fachbau.ch\\\/de_de\\\/product\\\/die-baustellen-10-2015\\\/\",\"name\":\"die baustellen 10\\\/2015 - fachbau.ch\",\"isPartOf\":{\"@id\":\"https:\\\/\\\/www.fachbau.ch\\\/#website\"},\"datePublished\":\"2022-01-27T02:14:49+00:00\",\"breadcrumb\":{\"@id\":\"http:\\\/\\\/www.fachbau.ch\\\/de_de\\\/product\\\/die-baustellen-10-2015\\\/#breadcrumb\"},\"inLanguage\":\"de\",\"potentialAction\":[{\"@type\":\"ReadAction\",\"target\":[\"http:\\\/\\\/www.fachbau.ch\\\/de_de\\\/product\\\/die-baustellen-10-2015\\\/\"]}]},{\"@type\":\"BreadcrumbList\",\"@id\":\"http:\\\/\\\/www.fachbau.ch\\\/de_de\\\/product\\\/die-baustellen-10-2015\\\/#breadcrumb\",\"itemListElement\":[{\"@type\":\"ListItem\",\"position\":1,\"name\":\"Startseite\",\"item\":\"https:\\\/\\\/www.fachbau.ch\\\/\"},{\"@type\":\"ListItem\",\"position\":2,\"name\":\"Shop\",\"item\":\"https:\\\/\\\/www.fachbau.ch\\\/shop\\\/\"},{\"@type\":\"ListItem\",\"position\":3,\"name\":\"die baustellen 10\\\/2015\"}]},{\"@type\":\"WebSite\",\"@id\":\"https:\\\/\\\/www.fachbau.ch\\\/#website\",\"url\":\"https:\\\/\\\/www.fachbau.ch\\\/\",\"name\":\"fachbau.ch\",\"description\":\"Modernes, nachhaltiges Bauen.\",\"publisher\":{\"@id\":\"https:\\\/\\\/www.fachbau.ch\\\/#organization\"},\"potentialAction\":[{\"@type\":\"SearchAction\",\"target\":{\"@type\":\"EntryPoint\",\"urlTemplate\":\"https:\\\/\\\/www.fachbau.ch\\\/?s={search_term_string}\"},\"query-input\":{\"@type\":\"PropertyValueSpecification\",\"valueRequired\":true,\"valueName\":\"search_term_string\"}}],\"inLanguage\":\"de\"},{\"@type\":\"Organization\",\"@id\":\"https:\\\/\\\/www.fachbau.ch\\\/#organization\",\"name\":\"fachbau.ch\",\"url\":\"https:\\\/\\\/www.fachbau.ch\\\/\",\"logo\":{\"@type\":\"ImageObject\",\"inLanguage\":\"de\",\"@id\":\"https:\\\/\\\/www.fachbau.ch\\\/#\\\/schema\\\/logo\\\/image\\\/\",\"url\":\"https:\\\/\\\/www.fachbau.ch\\\/wp-content\\\/uploads\\\/2021\\\/12\\\/Logo_fachbau_ch.png\",\"contentUrl\":\"https:\\\/\\\/www.fachbau.ch\\\/wp-content\\\/uploads\\\/2021\\\/12\\\/Logo_fachbau_ch.png\",\"width\":283,\"height\":42,\"caption\":\"fachbau.ch\"},\"image\":{\"@id\":\"https:\\\/\\\/www.fachbau.ch\\\/#\\\/schema\\\/logo\\\/image\\\/\"}}]}<\/script>\n<!-- \/ Yoast SEO plugin. -->","yoast_head_json":{"title":"die baustellen 10\/2015 - fachbau.ch","robots":{"index":"index","follow":"follow","max-snippet":"max-snippet:-1","max-image-preview":"max-image-preview:large","max-video-preview":"max-video-preview:-1"},"canonical":"http:\/\/www.fachbau.ch\/de\/de_de\/product\/die-baustellen-10-2015\/","og_locale":"de_DE","og_type":"article","og_title":"die baustellen 10\/2015 - fachbau.ch","og_description":"Erhalte die deutschsprachige Fachzeitschrift \u00abdie baustellen\u00bb in der Ausgabe 10\/2015 als PDF-Download mit nachfolgendem Inhaltsverzeichnis:","og_url":"http:\/\/www.fachbau.ch\/de\/de_de\/product\/die-baustellen-10-2015\/","og_site_name":"fachbau.ch","twitter_card":"summary_large_image","twitter_misc":{"Gesch\u00e4tzte Lesezeit":"1\u00a0Minute"},"schema":{"@context":"https:\/\/schema.org","@graph":[{"@type":"WebPage","@id":"http:\/\/www.fachbau.ch\/de_de\/product\/die-baustellen-10-2015\/","url":"http:\/\/www.fachbau.ch\/de_de\/product\/die-baustellen-10-2015\/","name":"die baustellen 10\/2015 - fachbau.ch","isPartOf":{"@id":"https:\/\/www.fachbau.ch\/#website"},"datePublished":"2022-01-27T02:14:49+00:00","breadcrumb":{"@id":"http:\/\/www.fachbau.ch\/de_de\/product\/die-baustellen-10-2015\/#breadcrumb"},"inLanguage":"de","potentialAction":[{"@type":"ReadAction","target":["http:\/\/www.fachbau.ch\/de_de\/product\/die-baustellen-10-2015\/"]}]},{"@type":"BreadcrumbList","@id":"http:\/\/www.fachbau.ch\/de_de\/product\/die-baustellen-10-2015\/#breadcrumb","itemListElement":[{"@type":"ListItem","position":1,"name":"Startseite","item":"https:\/\/www.fachbau.ch\/"},{"@type":"ListItem","position":2,"name":"Shop","item":"https:\/\/www.fachbau.ch\/shop\/"},{"@type":"ListItem","position":3,"name":"die baustellen 10\/2015"}]},{"@type":"WebSite","@id":"https:\/\/www.fachbau.ch\/#website","url":"https:\/\/www.fachbau.ch\/","name":"fachbau.ch","description":"Modernes, nachhaltiges Bauen.","publisher":{"@id":"https:\/\/www.fachbau.ch\/#organization"},"potentialAction":[{"@type":"SearchAction","target":{"@type":"EntryPoint","urlTemplate":"https:\/\/www.fachbau.ch\/?s={search_term_string}"},"query-input":{"@type":"PropertyValueSpecification","valueRequired":true,"valueName":"search_term_string"}}],"inLanguage":"de"},{"@type":"Organization","@id":"https:\/\/www.fachbau.ch\/#organization","name":"fachbau.ch","url":"https:\/\/www.fachbau.ch\/","logo":{"@type":"ImageObject","inLanguage":"de","@id":"https:\/\/www.fachbau.ch\/#\/schema\/logo\/image\/","url":"https:\/\/www.fachbau.ch\/wp-content\/uploads\/2021\/12\/Logo_fachbau_ch.png","contentUrl":"https:\/\/www.fachbau.ch\/wp-content\/uploads\/2021\/12\/Logo_fachbau_ch.png","width":283,"height":42,"caption":"fachbau.ch"},"image":{"@id":"https:\/\/www.fachbau.ch\/#\/schema\/logo\/image\/"}}]}},"_links":{"self":[{"href":"https:\/\/www.fachbau.ch\/de\/wp-json\/wp\/v2\/product\/13745","targetHints":{"allow":["GET"]}}],"collection":[{"href":"https:\/\/www.fachbau.ch\/de\/wp-json\/wp\/v2\/product"}],"about":[{"href":"https:\/\/www.fachbau.ch\/de\/wp-json\/wp\/v2\/types\/product"}],"wp:attachment":[{"href":"https:\/\/www.fachbau.ch\/de\/wp-json\/wp\/v2\/media?parent=13745"}],"wp:term":[{"taxonomy":"product_brand","embeddable":true,"href":"https:\/\/www.fachbau.ch\/de\/wp-json\/wp\/v2\/product_brand?post=13745"},{"taxonomy":"product_cat","embeddable":true,"href":"https:\/\/www.fachbau.ch\/de\/wp-json\/wp\/v2\/product_cat?post=13745"},{"taxonomy":"product_tag","embeddable":true,"href":"https:\/\/www.fachbau.ch\/de\/wp-json\/wp\/v2\/product_tag?post=13745"}],"curies":[{"name":"wp","href":"https:\/\/api.w.org\/{rel}","templated":true}]}}