{"id":13733,"date":"2022-01-27T02:29:07","date_gmt":"2022-01-27T01:29:07","guid":{"rendered":"https:\/\/www.fachbau.ch\/?post_type=product&#038;p=13733"},"modified":"2022-01-27T02:29:07","modified_gmt":"2022-01-27T01:29:07","slug":"die-baustellen-2-2016","status":"publish","type":"product","link":"https:\/\/www.fachbau.ch\/de\/product\/die-baustellen-2-2016\/","title":{"rendered":"die baustellen 2\/2016"},"content":{"rendered":"<h2>Branche<\/h2>\n<h2>kurz &amp; knapp<\/h2>\n<p>In K\u00fcrze: Was und wer die Schweizer Baubranche bewegt.<\/p>\n<h2>fokus<\/h2>\n<p>Interdisziplin\u00e4re Kombinationen bestimmen die HTW Chur.<\/p>\n<h2>baukonjunktur<\/h2>\n<p>Das deutsche Baugewerbe erwartet Umsatzwachstum.<\/p>\n<h2>verbandsinformation gsgi<\/h2>\n<p>Worin die Geb\u00e4udeautomatisation zu f\u00f6rdern ist.<\/p>\n<h2>projekte<\/h2>\n<p>Stadtquartiere werden ver\u00e4ndert und die Autobahn erh\u00e4lt einen Deckel.<\/p>\n<h2>bauen im ausland<\/h2>\n<p>\u00d6sterreich saniert und modernisiert den Arlbergstrassentunnel.<\/p>\n<h2>baugeschichte<\/h2>\n<p>Rio de Janeiro: Ein Stadion pr\u00e4gt die Stadt.<\/p>\n<h2>Technik<\/h2>\n<h2>sportbauten<\/h2>\n<p>Was zeichnet moderne Sportbauten aus? Eine Analyse.<\/p>\n<p>Projektiert oder schon im Bau: Vier Schweizer Stadionbauten.<\/p>\n<h2>betontechnik<\/h2>\n<ul>\n<li>C hoch drei ergibt den zuk\u00fcnftigen Carbonbeton.<\/li>\n<li>Thema Bodenaufbau am Pavidensa-Symposium im April 2016.<\/li>\n<li>Forscher machen den SHB feuerfest.<\/li>\n<\/ul>\n<h2>bautechnik<\/h2>\n<ul>\n<li>Der Baustoff Holz muss nicht brennbar sein.<\/li>\n<li>Deutschland diskutiert \u00fcber den seriellen Wohnungsbau.<\/li>\n<li>Vorfabrizierter Betonpfahl revolutioniert die Anwendung.<\/li>\n<li>raben heisst jetzt saugen \u2013 und erst noch mobil.<\/li>\n<\/ul>\n<h2>grabenlos<\/h2>\n<p>Von der Bohrschnecke bis zum Horizontalbohrverfahren.<\/p>\n<p>Pilotbohrung auf 540 Laufmeter durch den Jurafels.<\/p>\n<h2>geotextil<\/h2>\n<p>Geokunststoffe stabilisieren die Asphaltschicht.<\/p>\n<p>Wie Tondichtungsbahnen ihren Zweck erf\u00fcllen.<\/p>\n<h2>Management<\/h2>\n<h2>farbe am bau<\/h2>\n<p>Das Farben-Handbuch des CRB erfasst auch die leisen T\u00f6ne.<\/p>\n<p>Die Umweltetikette gibt es nun auch als kostenlose App.<\/p>\n<h2>baustellenbericht<\/h2>\n<p>Hochmodernes Logistikgeb\u00e4ude verbindet Strasse und Schiene.<\/p>\n<h2>kolumne<\/h2>\n<p>Instrumente aus dem Marketing f\u00fcr den Baualltag.<\/p>\n<p>Was ist unverzichtbar im Web und was ist ein schlaues Karriereziel?<\/p>\n<h2>agenda<\/h2>\n<p>Wann und wo sich die Bauprofis treffen.<\/p>\n<h2>bau-karriere<\/h2>\n<ul>\n<li>Ob f\u00fcrs Weiterkommen oder f\u00fcrs Ver\u00e4ndern: Die neusten Angebote.<\/li>\n<li>Junge Bauingenieure stellen ihre Abschlussarbeiten ins Rampenlicht.<\/li>\n<li>Den Polybaumonteuren bei der Ausbildung \u00fcber die Schulter geschaut.<\/li>\n<li>Auch Minergie will gelernt sein.<\/li>\n<\/ul>\n<h2>Service<\/h2>\n<h2>sieben-fragen-interview<\/h2>\n<p>Anspruchsvolle Oberfl\u00e4chen m\u00fcssen entwickelt werden.<\/p>\n<h2>verbandsnachrichten<\/h2>\n<p>Was die Verb\u00e4nde rund um das Bauhauptgewerbe bewegt.<\/p>\n<h2>recht &amp; rekord<\/h2>\n<p>\u00dcber die Verantwortung bei Erdbebensicherheit und die Rangliste der Stadien.<\/p>\n<h2>bezugsquellen<\/h2>\n<p>Produkte und Leistungen von Bauprofis f\u00fcr Bauprofis.<\/p>\n<h2>blickpunkt<\/h2>\n<p>Der Bauingenieur ETH und Recycling-Fan wechselte zur Unternehmung.<\/p>\n","protected":false},"excerpt":{"rendered":"<p>Erhalte die deutschsprachige Fachzeitschrift \u00abdie baustellen\u00bb in der Ausgabe 2\/2016 als PDF-Download mit nachfolgendem Inhaltsverzeichnis:<\/p>\n","protected":false},"featured_media":137,"template":"","meta":{"_acf_changed":false,"pgc_sgb_lightbox_settings":""},"product_brand":[],"product_cat":[1732,1727],"product_tag":[1719],"class_list":{"0":"post-13733","1":"product","2":"type-product","3":"status-publish","4":"has-post-thumbnail","6":"product_cat-die-baustellen","7":"product_cat-einzelausgaben","8":"product_tag-1719","10":"first","11":"instock","12":"downloadable","13":"virtual","14":"taxable","15":"purchasable","16":"product-type-simple"},"acf":[],"yoast_head":"<!-- This site is optimized with the Yoast SEO plugin v27.4 - https:\/\/yoast.com\/product\/yoast-seo-wordpress\/ -->\n<title>die baustellen 2\/2016 - fachbau.ch<\/title>\n<meta name=\"description\" content=\"Erhalte die deutschsprachige Fachzeitschrift \u00abdie baustellen\u00bb in der Ausgabe 2\/2016 als PDF-Download mit nachfolgendem Inhaltsverzeichnis:\" \/>\n<meta name=\"robots\" content=\"index, follow, max-snippet:-1, max-image-preview:large, max-video-preview:-1\" \/>\n<link rel=\"canonical\" href=\"http:\/\/www.fachbau.ch\/de\/de_de\/product\/die-baustellen-2-2016\/\" \/>\n<meta property=\"og:locale\" content=\"de_DE\" \/>\n<meta property=\"og:type\" content=\"article\" \/>\n<meta property=\"og:title\" content=\"die baustellen 2\/2016 - fachbau.ch\" \/>\n<meta property=\"og:description\" content=\"Erhalte die deutschsprachige Fachzeitschrift \u00abdie baustellen\u00bb in der Ausgabe 2\/2016 als PDF-Download mit nachfolgendem Inhaltsverzeichnis:\" \/>\n<meta property=\"og:url\" content=\"http:\/\/www.fachbau.ch\/de\/de_de\/product\/die-baustellen-2-2016\/\" \/>\n<meta property=\"og:site_name\" content=\"fachbau.ch\" \/>\n<meta name=\"twitter:card\" content=\"summary_large_image\" \/>\n<meta name=\"twitter:label1\" content=\"Gesch\u00e4tzte Lesezeit\" \/>\n\t<meta name=\"twitter:data1\" content=\"2\u00a0Minuten\" \/>\n<script type=\"application\/ld+json\" class=\"yoast-schema-graph\">{\"@context\":\"https:\\\/\\\/schema.org\",\"@graph\":[{\"@type\":\"WebPage\",\"@id\":\"http:\\\/\\\/www.fachbau.ch\\\/de_de\\\/product\\\/die-baustellen-2-2016\\\/\",\"url\":\"http:\\\/\\\/www.fachbau.ch\\\/de_de\\\/product\\\/die-baustellen-2-2016\\\/\",\"name\":\"die baustellen 2\\\/2016 - fachbau.ch\",\"isPartOf\":{\"@id\":\"https:\\\/\\\/www.fachbau.ch\\\/#website\"},\"primaryImageOfPage\":{\"@id\":\"http:\\\/\\\/www.fachbau.ch\\\/de_de\\\/product\\\/die-baustellen-2-2016\\\/#primaryimage\"},\"image\":{\"@id\":\"http:\\\/\\\/www.fachbau.ch\\\/de_de\\\/product\\\/die-baustellen-2-2016\\\/#primaryimage\"},\"thumbnailUrl\":\"\",\"datePublished\":\"2022-01-27T01:29:07+00:00\",\"description\":\"Erhalte die deutschsprachige Fachzeitschrift \u00abdie baustellen\u00bb in der Ausgabe 2\\\/2016 als PDF-Download mit nachfolgendem Inhaltsverzeichnis:\",\"breadcrumb\":{\"@id\":\"http:\\\/\\\/www.fachbau.ch\\\/de_de\\\/product\\\/die-baustellen-2-2016\\\/#breadcrumb\"},\"inLanguage\":\"de\",\"potentialAction\":[{\"@type\":\"ReadAction\",\"target\":[\"http:\\\/\\\/www.fachbau.ch\\\/de_de\\\/product\\\/die-baustellen-2-2016\\\/\"]}]},{\"@type\":\"ImageObject\",\"inLanguage\":\"de\",\"@id\":\"http:\\\/\\\/www.fachbau.ch\\\/de_de\\\/product\\\/die-baustellen-2-2016\\\/#primaryimage\",\"url\":\"\",\"contentUrl\":\"\"},{\"@type\":\"BreadcrumbList\",\"@id\":\"http:\\\/\\\/www.fachbau.ch\\\/de_de\\\/product\\\/die-baustellen-2-2016\\\/#breadcrumb\",\"itemListElement\":[{\"@type\":\"ListItem\",\"position\":1,\"name\":\"Startseite\",\"item\":\"https:\\\/\\\/www.fachbau.ch\\\/\"},{\"@type\":\"ListItem\",\"position\":2,\"name\":\"Shop\",\"item\":\"https:\\\/\\\/www.fachbau.ch\\\/shop\\\/\"},{\"@type\":\"ListItem\",\"position\":3,\"name\":\"die baustellen 2\\\/2016\"}]},{\"@type\":\"WebSite\",\"@id\":\"https:\\\/\\\/www.fachbau.ch\\\/#website\",\"url\":\"https:\\\/\\\/www.fachbau.ch\\\/\",\"name\":\"fachbau.ch\",\"description\":\"Modernes, nachhaltiges Bauen.\",\"publisher\":{\"@id\":\"https:\\\/\\\/www.fachbau.ch\\\/#organization\"},\"potentialAction\":[{\"@type\":\"SearchAction\",\"target\":{\"@type\":\"EntryPoint\",\"urlTemplate\":\"https:\\\/\\\/www.fachbau.ch\\\/?s={search_term_string}\"},\"query-input\":{\"@type\":\"PropertyValueSpecification\",\"valueRequired\":true,\"valueName\":\"search_term_string\"}}],\"inLanguage\":\"de\"},{\"@type\":\"Organization\",\"@id\":\"https:\\\/\\\/www.fachbau.ch\\\/#organization\",\"name\":\"fachbau.ch\",\"url\":\"https:\\\/\\\/www.fachbau.ch\\\/\",\"logo\":{\"@type\":\"ImageObject\",\"inLanguage\":\"de\",\"@id\":\"https:\\\/\\\/www.fachbau.ch\\\/#\\\/schema\\\/logo\\\/image\\\/\",\"url\":\"https:\\\/\\\/www.fachbau.ch\\\/wp-content\\\/uploads\\\/2021\\\/12\\\/Logo_fachbau_ch.png\",\"contentUrl\":\"https:\\\/\\\/www.fachbau.ch\\\/wp-content\\\/uploads\\\/2021\\\/12\\\/Logo_fachbau_ch.png\",\"width\":283,\"height\":42,\"caption\":\"fachbau.ch\"},\"image\":{\"@id\":\"https:\\\/\\\/www.fachbau.ch\\\/#\\\/schema\\\/logo\\\/image\\\/\"}}]}<\/script>\n<!-- \/ Yoast SEO plugin. -->","yoast_head_json":{"title":"die baustellen 2\/2016 - fachbau.ch","description":"Erhalte die deutschsprachige Fachzeitschrift \u00abdie baustellen\u00bb in der Ausgabe 2\/2016 als PDF-Download mit nachfolgendem Inhaltsverzeichnis:","robots":{"index":"index","follow":"follow","max-snippet":"max-snippet:-1","max-image-preview":"max-image-preview:large","max-video-preview":"max-video-preview:-1"},"canonical":"http:\/\/www.fachbau.ch\/de\/de_de\/product\/die-baustellen-2-2016\/","og_locale":"de_DE","og_type":"article","og_title":"die baustellen 2\/2016 - fachbau.ch","og_description":"Erhalte die deutschsprachige Fachzeitschrift \u00abdie baustellen\u00bb in der Ausgabe 2\/2016 als PDF-Download mit nachfolgendem Inhaltsverzeichnis:","og_url":"http:\/\/www.fachbau.ch\/de\/de_de\/product\/die-baustellen-2-2016\/","og_site_name":"fachbau.ch","twitter_card":"summary_large_image","twitter_misc":{"Gesch\u00e4tzte Lesezeit":"2\u00a0Minuten"},"schema":{"@context":"https:\/\/schema.org","@graph":[{"@type":"WebPage","@id":"http:\/\/www.fachbau.ch\/de_de\/product\/die-baustellen-2-2016\/","url":"http:\/\/www.fachbau.ch\/de_de\/product\/die-baustellen-2-2016\/","name":"die baustellen 2\/2016 - fachbau.ch","isPartOf":{"@id":"https:\/\/www.fachbau.ch\/#website"},"primaryImageOfPage":{"@id":"http:\/\/www.fachbau.ch\/de_de\/product\/die-baustellen-2-2016\/#primaryimage"},"image":{"@id":"http:\/\/www.fachbau.ch\/de_de\/product\/die-baustellen-2-2016\/#primaryimage"},"thumbnailUrl":"","datePublished":"2022-01-27T01:29:07+00:00","description":"Erhalte die deutschsprachige Fachzeitschrift \u00abdie baustellen\u00bb in der Ausgabe 2\/2016 als PDF-Download mit nachfolgendem Inhaltsverzeichnis:","breadcrumb":{"@id":"http:\/\/www.fachbau.ch\/de_de\/product\/die-baustellen-2-2016\/#breadcrumb"},"inLanguage":"de","potentialAction":[{"@type":"ReadAction","target":["http:\/\/www.fachbau.ch\/de_de\/product\/die-baustellen-2-2016\/"]}]},{"@type":"ImageObject","inLanguage":"de","@id":"http:\/\/www.fachbau.ch\/de_de\/product\/die-baustellen-2-2016\/#primaryimage","url":"","contentUrl":""},{"@type":"BreadcrumbList","@id":"http:\/\/www.fachbau.ch\/de_de\/product\/die-baustellen-2-2016\/#breadcrumb","itemListElement":[{"@type":"ListItem","position":1,"name":"Startseite","item":"https:\/\/www.fachbau.ch\/"},{"@type":"ListItem","position":2,"name":"Shop","item":"https:\/\/www.fachbau.ch\/shop\/"},{"@type":"ListItem","position":3,"name":"die baustellen 2\/2016"}]},{"@type":"WebSite","@id":"https:\/\/www.fachbau.ch\/#website","url":"https:\/\/www.fachbau.ch\/","name":"fachbau.ch","description":"Modernes, nachhaltiges Bauen.","publisher":{"@id":"https:\/\/www.fachbau.ch\/#organization"},"potentialAction":[{"@type":"SearchAction","target":{"@type":"EntryPoint","urlTemplate":"https:\/\/www.fachbau.ch\/?s={search_term_string}"},"query-input":{"@type":"PropertyValueSpecification","valueRequired":true,"valueName":"search_term_string"}}],"inLanguage":"de"},{"@type":"Organization","@id":"https:\/\/www.fachbau.ch\/#organization","name":"fachbau.ch","url":"https:\/\/www.fachbau.ch\/","logo":{"@type":"ImageObject","inLanguage":"de","@id":"https:\/\/www.fachbau.ch\/#\/schema\/logo\/image\/","url":"https:\/\/www.fachbau.ch\/wp-content\/uploads\/2021\/12\/Logo_fachbau_ch.png","contentUrl":"https:\/\/www.fachbau.ch\/wp-content\/uploads\/2021\/12\/Logo_fachbau_ch.png","width":283,"height":42,"caption":"fachbau.ch"},"image":{"@id":"https:\/\/www.fachbau.ch\/#\/schema\/logo\/image\/"}}]}},"_links":{"self":[{"href":"https:\/\/www.fachbau.ch\/de\/wp-json\/wp\/v2\/product\/13733","targetHints":{"allow":["GET"]}}],"collection":[{"href":"https:\/\/www.fachbau.ch\/de\/wp-json\/wp\/v2\/product"}],"about":[{"href":"https:\/\/www.fachbau.ch\/de\/wp-json\/wp\/v2\/types\/product"}],"wp:featuredmedia":[{"embeddable":true,"href":"https:\/\/www.fachbau.ch\/de\/wp-json\/"}],"wp:attachment":[{"href":"https:\/\/www.fachbau.ch\/de\/wp-json\/wp\/v2\/media?parent=13733"}],"wp:term":[{"taxonomy":"product_brand","embeddable":true,"href":"https:\/\/www.fachbau.ch\/de\/wp-json\/wp\/v2\/product_brand?post=13733"},{"taxonomy":"product_cat","embeddable":true,"href":"https:\/\/www.fachbau.ch\/de\/wp-json\/wp\/v2\/product_cat?post=13733"},{"taxonomy":"product_tag","embeddable":true,"href":"https:\/\/www.fachbau.ch\/de\/wp-json\/wp\/v2\/product_tag?post=13733"}],"curies":[{"name":"wp","href":"https:\/\/api.w.org\/{rel}","templated":true}]}}