{"id":13720,"date":"2022-01-27T02:12:06","date_gmt":"2022-01-27T01:12:06","guid":{"rendered":"https:\/\/www.fachbau.ch\/?post_type=product&#038;p=13720"},"modified":"2022-01-27T02:12:06","modified_gmt":"2022-01-27T01:12:06","slug":"die-baustellen-4-2016","status":"publish","type":"product","link":"https:\/\/www.fachbau.ch\/de\/product\/die-baustellen-4-2016\/","title":{"rendered":"die baustellen 4\/2016"},"content":{"rendered":"<h2>Branch<\/h2>\n<h2>kurz &amp; knapp<\/h2>\n<p>Wer auf welche Weise die Baubranche heute repr\u00e4sentiert.<\/p>\n<h2>fokus<\/h2>\n<p>Ein Gespr\u00e4ch mit Josef Wiederkehr \u00fcber Bauen, Ger\u00fcste, Preise und Motivation.<\/p>\n<h2>baukonjunktur<\/h2>\n<p>Die Baubranche h\u00e4lt Niveau und g\u00fcnstige Mietwohnungen sind in Aussicht.<\/p>\n<h2>verbandsinformation gsgi<\/h2>\n<p>Wie das Contracting mit W\u00e4rme, K\u00e4lte und Warmwasser versorgt.<\/p>\n<h2>projekte<\/h2>\n<p>Wohnquartiere in Arbon, B\u00fclach, Oftringen und ein Turm in Oerlikon.<\/p>\n<h2>bauen im ausland<\/h2>\n<p>Ein ganzes Stadtviertel wird zur Passivhaussiedlung.<\/p>\n<h2>baugeschichte<\/h2>\n<p>Der Bau des Schweizer Nationalstrassennetzes: gestern und heute.<\/p>\n<h2>Technik<\/h2>\n<h2>bauma 2016<\/h2>\n<p>Kompakte Technik an der gr\u00f6ssten Baumaschinenmesse der Welt.<\/p>\n<h2>arbeitssicherheit<\/h2>\n<p>Auch individuell angefertigter Geh\u00f6rschutz ist zu pr\u00fcfen.<\/p>\n<h2>logistik<\/h2>\n<p>Logistik und Raumsysteme mit Container.<\/p>\n<h2>infrastrukturbau<\/h2>\n<p>Mit den Felstechnikern unterwegs.<\/p>\n<h2>textilbeton<\/h2>\n<p>Die 3D-Textilbewehrung veredelt den Beton.<\/p>\n<h2>baustoffe<\/h2>\n<p>Forscher und Unternehmen lancieren neuartige Anwendungen.<\/p>\n<h2>vorfabrikation<\/h2>\n<p>Rund 300 V- und A-Tragst\u00fctzen machen die Konstruktion sichtbar.<\/p>\n<h2>ger\u00fcstbau<\/h2>\n<p>Ein schwebendes Arbeitsger\u00fcst f\u00fcr den Wolkenb\u00fcgel.<\/p>\n<h2>arbeitsschutz<\/h2>\n<p>Decken schalen \u2013 aber sicher.<\/p>\n<h2>schalungssysteme<\/h2>\n<p>Mit moderner Schalungstechnik stimmen Effizienz und \u00c4sthetik.<\/p>\n<h2>baustellenbericht<\/h2>\n<p>Der Projektentwickler im Interview: Die \u00abMall of Switzerland\u00bb ist im Bau.<\/p>\n<p>Die Bauingenieure erkl\u00e4ren den anspruchsvollen Spitalneubau in Chur.<\/p>\n<h2>Management<\/h2>\n<h2>bauleitung<\/h2>\n<p>Die Anspruchsgruppen kennen und einbinden.<\/p>\n<h2>verbandsinformation fab<\/h2>\n<p>Was ist der Mitarbeiter wert? Eine ganzheitliche Betrachtung.<\/p>\n<h2>vernetzung<\/h2>\n<p>Wie Bauschaffende ihre App suchen und finden.<\/p>\n<h2>kolumne<\/h2>\n<ul>\n<li>\u00dcber den Zusammenhang von Teamgeist und Arbeitssicherheit.<\/li>\n<li>Ein Unternehmen sch\u00f6pft Potenziale aus erlaubter Kritik.<\/li>\n<li>\u00dcber Sinn und Unverstand von Automatisierungen.<\/li>\n<\/ul>\n<h2>agenda<\/h2>\n<p>Wo sich die Bauleute die neusten Inputs holen.<\/p>\n<h2>bau-karriere<\/h2>\n<ul>\n<li>Veranstaltungsbericht: Die Schweizerische Bauschule Aarau \u00fcbergibt 132 Diplome.<\/li>\n<li>Campus Sursee: Den Umgang mit Asbest im Baualltag lernen.<\/li>\n<li>Die Studienlehrg\u00e4nge Management Skills, Bauingenieur und Holz-Tragwerke.<\/li>\n<li>Neubau Schulungszentrum verlinkt Forschung und Lehre.<\/li>\n<\/ul>\n<h2>Service<\/h2>\n<h2>sieben-fragen-interview<\/h2>\n<p>Abbruchroboter, Diamantwerkzeug oder Betontrenner: Mieten oder kaufen?<\/p>\n<h2>verbandsnachrichten<\/h2>\n<p>Aktivit\u00e4ten und Bekanntmachung: Die Branchenverb\u00e4nde des Bauwesens.<\/p>\n<h2>recht &amp; rekord<\/h2>\n<p>Wo ein Gel\u00e4nder n\u00f6tig ist und wieweit Staumauergrenzen gehen.<\/p>\n<h2>bezugsquellen<\/h2>\n<p>Von Bauprofis f\u00fcr den Bauprofi: Wer aktuell was liefert oder leistet.<\/p>\n<h2>blickpunkt<\/h2>\n<p>Sie erlebt das Bauingenieurstudium in unerwarteten Facetten<\/p>\n","protected":false},"excerpt":{"rendered":"<p>Erhalte die deutschsprachige Fachzeitschrift \u00abdie baustellen\u00bb in der Ausgabe 4\/2016 als PDF-Download mit nachfolgendem Inhaltsverzeichnis:<\/p>\n","protected":false},"featured_media":137,"template":"","meta":{"_acf_changed":false,"pgc_sgb_lightbox_settings":""},"product_brand":[],"product_cat":[1732,1727],"product_tag":[1719],"class_list":{"0":"post-13720","1":"product","2":"type-product","3":"status-publish","4":"has-post-thumbnail","6":"product_cat-die-baustellen","7":"product_cat-einzelausgaben","8":"product_tag-1719","10":"first","11":"instock","12":"downloadable","13":"virtual","14":"taxable","15":"purchasable","16":"product-type-simple"},"acf":[],"yoast_head":"<!-- This site is optimized with the Yoast SEO plugin v27.4 - https:\/\/yoast.com\/product\/yoast-seo-wordpress\/ -->\n<title>die baustellen 4\/2016 - fachbau.ch<\/title>\n<meta name=\"description\" content=\"Erhalte die deutschsprachige Fachzeitschrift \u00abdie baustellen\u00bb in der Ausgabe 4\/2016 als PDF-Download mit nachfolgendem Inhaltsverzeichnis:\" \/>\n<meta name=\"robots\" content=\"index, follow, max-snippet:-1, max-image-preview:large, max-video-preview:-1\" \/>\n<link rel=\"canonical\" href=\"http:\/\/www.fachbau.ch\/de\/de_de\/product\/die-baustellen-4-2016\/\" \/>\n<meta property=\"og:locale\" content=\"de_DE\" \/>\n<meta property=\"og:type\" content=\"article\" \/>\n<meta property=\"og:title\" content=\"die baustellen 4\/2016 - fachbau.ch\" \/>\n<meta property=\"og:description\" content=\"Erhalte die deutschsprachige Fachzeitschrift \u00abdie baustellen\u00bb in der Ausgabe 4\/2016 als PDF-Download mit nachfolgendem Inhaltsverzeichnis:\" \/>\n<meta property=\"og:url\" content=\"http:\/\/www.fachbau.ch\/de\/de_de\/product\/die-baustellen-4-2016\/\" \/>\n<meta property=\"og:site_name\" content=\"fachbau.ch\" \/>\n<meta name=\"twitter:card\" content=\"summary_large_image\" \/>\n<meta name=\"twitter:label1\" content=\"Gesch\u00e4tzte Lesezeit\" \/>\n\t<meta name=\"twitter:data1\" content=\"2\u00a0Minuten\" \/>\n<script type=\"application\/ld+json\" class=\"yoast-schema-graph\">{\"@context\":\"https:\\\/\\\/schema.org\",\"@graph\":[{\"@type\":\"WebPage\",\"@id\":\"http:\\\/\\\/www.fachbau.ch\\\/de_de\\\/product\\\/die-baustellen-4-2016\\\/\",\"url\":\"http:\\\/\\\/www.fachbau.ch\\\/de_de\\\/product\\\/die-baustellen-4-2016\\\/\",\"name\":\"die baustellen 4\\\/2016 - fachbau.ch\",\"isPartOf\":{\"@id\":\"https:\\\/\\\/www.fachbau.ch\\\/#website\"},\"primaryImageOfPage\":{\"@id\":\"http:\\\/\\\/www.fachbau.ch\\\/de_de\\\/product\\\/die-baustellen-4-2016\\\/#primaryimage\"},\"image\":{\"@id\":\"http:\\\/\\\/www.fachbau.ch\\\/de_de\\\/product\\\/die-baustellen-4-2016\\\/#primaryimage\"},\"thumbnailUrl\":\"\",\"datePublished\":\"2022-01-27T01:12:06+00:00\",\"description\":\"Erhalte die deutschsprachige Fachzeitschrift \u00abdie baustellen\u00bb in der Ausgabe 4\\\/2016 als PDF-Download mit nachfolgendem Inhaltsverzeichnis:\",\"breadcrumb\":{\"@id\":\"http:\\\/\\\/www.fachbau.ch\\\/de_de\\\/product\\\/die-baustellen-4-2016\\\/#breadcrumb\"},\"inLanguage\":\"de\",\"potentialAction\":[{\"@type\":\"ReadAction\",\"target\":[\"http:\\\/\\\/www.fachbau.ch\\\/de_de\\\/product\\\/die-baustellen-4-2016\\\/\"]}]},{\"@type\":\"ImageObject\",\"inLanguage\":\"de\",\"@id\":\"http:\\\/\\\/www.fachbau.ch\\\/de_de\\\/product\\\/die-baustellen-4-2016\\\/#primaryimage\",\"url\":\"\",\"contentUrl\":\"\"},{\"@type\":\"BreadcrumbList\",\"@id\":\"http:\\\/\\\/www.fachbau.ch\\\/de_de\\\/product\\\/die-baustellen-4-2016\\\/#breadcrumb\",\"itemListElement\":[{\"@type\":\"ListItem\",\"position\":1,\"name\":\"Startseite\",\"item\":\"https:\\\/\\\/www.fachbau.ch\\\/\"},{\"@type\":\"ListItem\",\"position\":2,\"name\":\"Shop\",\"item\":\"https:\\\/\\\/www.fachbau.ch\\\/shop\\\/\"},{\"@type\":\"ListItem\",\"position\":3,\"name\":\"die baustellen 4\\\/2016\"}]},{\"@type\":\"WebSite\",\"@id\":\"https:\\\/\\\/www.fachbau.ch\\\/#website\",\"url\":\"https:\\\/\\\/www.fachbau.ch\\\/\",\"name\":\"fachbau.ch\",\"description\":\"Modernes, nachhaltiges Bauen.\",\"publisher\":{\"@id\":\"https:\\\/\\\/www.fachbau.ch\\\/#organization\"},\"potentialAction\":[{\"@type\":\"SearchAction\",\"target\":{\"@type\":\"EntryPoint\",\"urlTemplate\":\"https:\\\/\\\/www.fachbau.ch\\\/?s={search_term_string}\"},\"query-input\":{\"@type\":\"PropertyValueSpecification\",\"valueRequired\":true,\"valueName\":\"search_term_string\"}}],\"inLanguage\":\"de\"},{\"@type\":\"Organization\",\"@id\":\"https:\\\/\\\/www.fachbau.ch\\\/#organization\",\"name\":\"fachbau.ch\",\"url\":\"https:\\\/\\\/www.fachbau.ch\\\/\",\"logo\":{\"@type\":\"ImageObject\",\"inLanguage\":\"de\",\"@id\":\"https:\\\/\\\/www.fachbau.ch\\\/#\\\/schema\\\/logo\\\/image\\\/\",\"url\":\"https:\\\/\\\/www.fachbau.ch\\\/wp-content\\\/uploads\\\/2021\\\/12\\\/Logo_fachbau_ch.png\",\"contentUrl\":\"https:\\\/\\\/www.fachbau.ch\\\/wp-content\\\/uploads\\\/2021\\\/12\\\/Logo_fachbau_ch.png\",\"width\":283,\"height\":42,\"caption\":\"fachbau.ch\"},\"image\":{\"@id\":\"https:\\\/\\\/www.fachbau.ch\\\/#\\\/schema\\\/logo\\\/image\\\/\"}}]}<\/script>\n<!-- \/ Yoast SEO plugin. -->","yoast_head_json":{"title":"die baustellen 4\/2016 - fachbau.ch","description":"Erhalte die deutschsprachige Fachzeitschrift \u00abdie baustellen\u00bb in der Ausgabe 4\/2016 als PDF-Download mit nachfolgendem Inhaltsverzeichnis:","robots":{"index":"index","follow":"follow","max-snippet":"max-snippet:-1","max-image-preview":"max-image-preview:large","max-video-preview":"max-video-preview:-1"},"canonical":"http:\/\/www.fachbau.ch\/de\/de_de\/product\/die-baustellen-4-2016\/","og_locale":"de_DE","og_type":"article","og_title":"die baustellen 4\/2016 - fachbau.ch","og_description":"Erhalte die deutschsprachige Fachzeitschrift \u00abdie baustellen\u00bb in der Ausgabe 4\/2016 als PDF-Download mit nachfolgendem Inhaltsverzeichnis:","og_url":"http:\/\/www.fachbau.ch\/de\/de_de\/product\/die-baustellen-4-2016\/","og_site_name":"fachbau.ch","twitter_card":"summary_large_image","twitter_misc":{"Gesch\u00e4tzte Lesezeit":"2\u00a0Minuten"},"schema":{"@context":"https:\/\/schema.org","@graph":[{"@type":"WebPage","@id":"http:\/\/www.fachbau.ch\/de_de\/product\/die-baustellen-4-2016\/","url":"http:\/\/www.fachbau.ch\/de_de\/product\/die-baustellen-4-2016\/","name":"die baustellen 4\/2016 - fachbau.ch","isPartOf":{"@id":"https:\/\/www.fachbau.ch\/#website"},"primaryImageOfPage":{"@id":"http:\/\/www.fachbau.ch\/de_de\/product\/die-baustellen-4-2016\/#primaryimage"},"image":{"@id":"http:\/\/www.fachbau.ch\/de_de\/product\/die-baustellen-4-2016\/#primaryimage"},"thumbnailUrl":"","datePublished":"2022-01-27T01:12:06+00:00","description":"Erhalte die deutschsprachige Fachzeitschrift \u00abdie baustellen\u00bb in der Ausgabe 4\/2016 als PDF-Download mit nachfolgendem Inhaltsverzeichnis:","breadcrumb":{"@id":"http:\/\/www.fachbau.ch\/de_de\/product\/die-baustellen-4-2016\/#breadcrumb"},"inLanguage":"de","potentialAction":[{"@type":"ReadAction","target":["http:\/\/www.fachbau.ch\/de_de\/product\/die-baustellen-4-2016\/"]}]},{"@type":"ImageObject","inLanguage":"de","@id":"http:\/\/www.fachbau.ch\/de_de\/product\/die-baustellen-4-2016\/#primaryimage","url":"","contentUrl":""},{"@type":"BreadcrumbList","@id":"http:\/\/www.fachbau.ch\/de_de\/product\/die-baustellen-4-2016\/#breadcrumb","itemListElement":[{"@type":"ListItem","position":1,"name":"Startseite","item":"https:\/\/www.fachbau.ch\/"},{"@type":"ListItem","position":2,"name":"Shop","item":"https:\/\/www.fachbau.ch\/shop\/"},{"@type":"ListItem","position":3,"name":"die baustellen 4\/2016"}]},{"@type":"WebSite","@id":"https:\/\/www.fachbau.ch\/#website","url":"https:\/\/www.fachbau.ch\/","name":"fachbau.ch","description":"Modernes, nachhaltiges Bauen.","publisher":{"@id":"https:\/\/www.fachbau.ch\/#organization"},"potentialAction":[{"@type":"SearchAction","target":{"@type":"EntryPoint","urlTemplate":"https:\/\/www.fachbau.ch\/?s={search_term_string}"},"query-input":{"@type":"PropertyValueSpecification","valueRequired":true,"valueName":"search_term_string"}}],"inLanguage":"de"},{"@type":"Organization","@id":"https:\/\/www.fachbau.ch\/#organization","name":"fachbau.ch","url":"https:\/\/www.fachbau.ch\/","logo":{"@type":"ImageObject","inLanguage":"de","@id":"https:\/\/www.fachbau.ch\/#\/schema\/logo\/image\/","url":"https:\/\/www.fachbau.ch\/wp-content\/uploads\/2021\/12\/Logo_fachbau_ch.png","contentUrl":"https:\/\/www.fachbau.ch\/wp-content\/uploads\/2021\/12\/Logo_fachbau_ch.png","width":283,"height":42,"caption":"fachbau.ch"},"image":{"@id":"https:\/\/www.fachbau.ch\/#\/schema\/logo\/image\/"}}]}},"_links":{"self":[{"href":"https:\/\/www.fachbau.ch\/de\/wp-json\/wp\/v2\/product\/13720","targetHints":{"allow":["GET"]}}],"collection":[{"href":"https:\/\/www.fachbau.ch\/de\/wp-json\/wp\/v2\/product"}],"about":[{"href":"https:\/\/www.fachbau.ch\/de\/wp-json\/wp\/v2\/types\/product"}],"wp:featuredmedia":[{"embeddable":true,"href":"https:\/\/www.fachbau.ch\/de\/wp-json\/"}],"wp:attachment":[{"href":"https:\/\/www.fachbau.ch\/de\/wp-json\/wp\/v2\/media?parent=13720"}],"wp:term":[{"taxonomy":"product_brand","embeddable":true,"href":"https:\/\/www.fachbau.ch\/de\/wp-json\/wp\/v2\/product_brand?post=13720"},{"taxonomy":"product_cat","embeddable":true,"href":"https:\/\/www.fachbau.ch\/de\/wp-json\/wp\/v2\/product_cat?post=13720"},{"taxonomy":"product_tag","embeddable":true,"href":"https:\/\/www.fachbau.ch\/de\/wp-json\/wp\/v2\/product_tag?post=13720"}],"curies":[{"name":"wp","href":"https:\/\/api.w.org\/{rel}","templated":true}]}}