{"id":13713,"date":"2022-01-27T01:40:18","date_gmt":"2022-01-27T00:40:18","guid":{"rendered":"https:\/\/www.fachbau.ch\/?post_type=product&#038;p=13713"},"modified":"2022-01-27T01:40:18","modified_gmt":"2022-01-27T00:40:18","slug":"die-baustellen-6-2016","status":"publish","type":"product","link":"https:\/\/www.fachbau.ch\/de\/product\/die-baustellen-6-2016\/","title":{"rendered":"die baustellen 6\/2016"},"content":{"rendered":"<h2>Branche<\/h2>\n<h2>kurz &amp; knapp<\/h2>\n<p>Bauszene ist in Bewegung: Er\u00f6ffnungen, Erweiterungen, Ereignisse.<\/p>\n<h2>fokus<\/h2>\n<p>Der Gesch\u00e4ftsf\u00fchrer von Mapei Suisse hat einen heissen Draht nach Mailand.<\/p>\n<h2>baukonjunktur<\/h2>\n<p>Vom Zwischentief in ein stabiles Fahrwasser.<\/p>\n<h2>entwicklung schweiz<\/h2>\n<p>Verbandsanlass mit 350 G\u00e4sten und Bundesr\u00e4tin zum Thema Raumentwicklung und verdichtetes Bauen.<\/p>\n<h2>projekte<\/h2>\n<p>F\u00fcr Wohn\u00fcberbauungen sind den Planern keine Grenzen gesetzt.<\/p>\n<h2>bauen im ausland<\/h2>\n<p>Der erweiterte Atlantik-Pazifik-Durchgang in Panam\u00e1 ist jetzt er\u00f6ffnet.<\/p>\n<h2>baugeschichte<\/h2>\n<p>La Grande Dixence: Nach \u00fcber einem halben Jahrhundert noch topfit.<\/p>\n<h2>Technik<\/h2>\n<h2>schalenbauweise<\/h2>\n<p>Der Betonschalenbau kommt erst gross in Fahrt: eine \u00dcbersicht.<\/p>\n<h2>mauerwerk<\/h2>\n<p>Nach wie vor topaktuell: nat\u00fcrliche und k\u00fcnstliche Steinarten bis zu Mauersystemen.<\/p>\n<p>Z\u00fcrcher Wohnhaus gewann einen Sonderpreis am \u00abWienerberger Brick Award\u00bb.<\/p>\n<h2>bauwerkssanierung<\/h2>\n<p>Der kathodische Schutz gegen Bewehrungsrost hat sich im Reservoir bew\u00e4hrt.<\/p>\n<h2>farbe am bau<\/h2>\n<p>Hotelfassade wird mit Farbkonzept zum Blickfang.<\/p>\n<p>Warum und wo die Umwelt-Etikette sich n\u00fctzlich erweist.<\/p>\n<h2>baumaschinen<\/h2>\n<p>Im Sonderteil: Brech- und Siebanlagen, die Br\u00fcckenmaschine,<\/p>\n<p>eine Gleissanierung und ein Schlafkran.<\/p>\n<h2>strassensicherheit<\/h2>\n<p>Sensor erkennt Baustellen in Echtzeit.<\/p>\n<h2>baustellenbericht<\/h2>\n<p>Basels Biozentrum erh\u00e4lt einen 73 Meter hohen Turm.<\/p>\n<h2>brandschutz<\/h2>\n<p>Was ein optimierter Geb\u00e4udebrandschutz beinhalten sollte.<\/p>\n<p>Neuer Stahlbrandschutz erlaubt das Beschichten vor dem Transport.<\/p>\n<h2>Management<\/h2>\n<h2>kolumne<\/h2>\n<ul>\n<li>Sich vorbereiten ist besser als sich zu beklagen.<\/li>\n<li>Den Sommer als Zwischenhalt nutzen, um mit Elan das Ziel zu erreichen.<\/li>\n<li>Was kostenlos daherkommt, ist nicht kostenlos.<\/li>\n<\/ul>\n<h2>agenda<\/h2>\n<p>Was Verb\u00e4nde und Veranstalter f\u00fcr die Baubranche organisieren.<\/p>\n<h2>bau-karriere<\/h2>\n<ul>\n<li>Attraktive Jobangebote und etwas f\u00fcr die Weiterbildung.<\/li>\n<li>Bauf\u00fchrertagung an der Bauschule Aarau: Der Pauschalvertrag in der Baupraxis.<\/li>\n<li>Die H\u00f6here Fachpr\u00fcfung f\u00fcr Bauleiter am Campus Sursee Bildungszentrum Bau.<\/li>\n<li>Regionalmeister f\u00fcr Fahrzeugschlosser hat sich f\u00fcr die \u00abSwissSkills\u00bb qualifiziert.<\/li>\n<\/ul>\n<h2>Service<\/h2>\n<h2>verbandsnachrichten<\/h2>\n<p>Branchenverb\u00e4nde unterst\u00fctzen Berufsleute und tragen ihre Leistungen nach aussen.<\/p>\n<h2>recht &amp; rekord<\/h2>\n<p>Wann Verj\u00e4hrung z\u00e4hlt und wie aufstrebend sich Sakralbauten pr\u00e4sentieren.<\/p>\n<h2>blickpunkt<\/h2>\n<p>Schweizer Architekt baut mit Bambus auf Sumatra.<\/p>\n","protected":false},"excerpt":{"rendered":"<p>Erhalte die deutschsprachige Fachzeitschrift \u00abdie baustellen\u00bb in der Ausgabe 6\/2016 als PDF-Download mit nachfolgendem Inhaltsverzeichnis:<\/p>\n","protected":false},"featured_media":137,"template":"","meta":{"_acf_changed":false,"pgc_sgb_lightbox_settings":""},"product_brand":[],"product_cat":[1732,1727],"product_tag":[1719],"class_list":{"0":"post-13713","1":"product","2":"type-product","3":"status-publish","4":"has-post-thumbnail","6":"product_cat-die-baustellen","7":"product_cat-einzelausgaben","8":"product_tag-1719","10":"first","11":"instock","12":"downloadable","13":"virtual","14":"taxable","15":"purchasable","16":"product-type-simple"},"acf":[],"yoast_head":"<!-- This site is optimized with the Yoast SEO plugin v27.4 - https:\/\/yoast.com\/product\/yoast-seo-wordpress\/ -->\n<title>die baustellen 6\/2016 - fachbau.ch<\/title>\n<meta name=\"description\" content=\"Erhalte die deutschsprachige Fachzeitschrift \u00abdie baustellen\u00bb in der Ausgabe 6\/2016 als PDF-Download mit nachfolgendem Inhaltsverzeichnis:\" \/>\n<meta name=\"robots\" content=\"index, follow, max-snippet:-1, max-image-preview:large, max-video-preview:-1\" \/>\n<link rel=\"canonical\" href=\"http:\/\/www.fachbau.ch\/de\/de_de\/product\/die-baustellen-6-2016\/\" \/>\n<meta property=\"og:locale\" content=\"de_DE\" \/>\n<meta property=\"og:type\" content=\"article\" \/>\n<meta property=\"og:title\" content=\"die baustellen 6\/2016 - fachbau.ch\" \/>\n<meta property=\"og:description\" content=\"Erhalte die deutschsprachige Fachzeitschrift \u00abdie baustellen\u00bb in der Ausgabe 6\/2016 als PDF-Download mit nachfolgendem Inhaltsverzeichnis:\" \/>\n<meta property=\"og:url\" content=\"http:\/\/www.fachbau.ch\/de\/de_de\/product\/die-baustellen-6-2016\/\" \/>\n<meta property=\"og:site_name\" content=\"fachbau.ch\" \/>\n<meta name=\"twitter:card\" content=\"summary_large_image\" \/>\n<meta name=\"twitter:label1\" content=\"Gesch\u00e4tzte Lesezeit\" \/>\n\t<meta name=\"twitter:data1\" content=\"2\u00a0Minuten\" \/>\n<script type=\"application\/ld+json\" class=\"yoast-schema-graph\">{\"@context\":\"https:\\\/\\\/schema.org\",\"@graph\":[{\"@type\":\"WebPage\",\"@id\":\"http:\\\/\\\/www.fachbau.ch\\\/de_de\\\/product\\\/die-baustellen-6-2016\\\/\",\"url\":\"http:\\\/\\\/www.fachbau.ch\\\/de_de\\\/product\\\/die-baustellen-6-2016\\\/\",\"name\":\"die baustellen 6\\\/2016 - fachbau.ch\",\"isPartOf\":{\"@id\":\"https:\\\/\\\/www.fachbau.ch\\\/#website\"},\"primaryImageOfPage\":{\"@id\":\"http:\\\/\\\/www.fachbau.ch\\\/de_de\\\/product\\\/die-baustellen-6-2016\\\/#primaryimage\"},\"image\":{\"@id\":\"http:\\\/\\\/www.fachbau.ch\\\/de_de\\\/product\\\/die-baustellen-6-2016\\\/#primaryimage\"},\"thumbnailUrl\":\"\",\"datePublished\":\"2022-01-27T00:40:18+00:00\",\"description\":\"Erhalte die deutschsprachige Fachzeitschrift \u00abdie baustellen\u00bb in der Ausgabe 6\\\/2016 als PDF-Download mit nachfolgendem Inhaltsverzeichnis:\",\"breadcrumb\":{\"@id\":\"http:\\\/\\\/www.fachbau.ch\\\/de_de\\\/product\\\/die-baustellen-6-2016\\\/#breadcrumb\"},\"inLanguage\":\"de\",\"potentialAction\":[{\"@type\":\"ReadAction\",\"target\":[\"http:\\\/\\\/www.fachbau.ch\\\/de_de\\\/product\\\/die-baustellen-6-2016\\\/\"]}]},{\"@type\":\"ImageObject\",\"inLanguage\":\"de\",\"@id\":\"http:\\\/\\\/www.fachbau.ch\\\/de_de\\\/product\\\/die-baustellen-6-2016\\\/#primaryimage\",\"url\":\"\",\"contentUrl\":\"\"},{\"@type\":\"BreadcrumbList\",\"@id\":\"http:\\\/\\\/www.fachbau.ch\\\/de_de\\\/product\\\/die-baustellen-6-2016\\\/#breadcrumb\",\"itemListElement\":[{\"@type\":\"ListItem\",\"position\":1,\"name\":\"Startseite\",\"item\":\"https:\\\/\\\/www.fachbau.ch\\\/\"},{\"@type\":\"ListItem\",\"position\":2,\"name\":\"Shop\",\"item\":\"https:\\\/\\\/www.fachbau.ch\\\/shop\\\/\"},{\"@type\":\"ListItem\",\"position\":3,\"name\":\"die baustellen 6\\\/2016\"}]},{\"@type\":\"WebSite\",\"@id\":\"https:\\\/\\\/www.fachbau.ch\\\/#website\",\"url\":\"https:\\\/\\\/www.fachbau.ch\\\/\",\"name\":\"fachbau.ch\",\"description\":\"Modernes, nachhaltiges Bauen.\",\"publisher\":{\"@id\":\"https:\\\/\\\/www.fachbau.ch\\\/#organization\"},\"potentialAction\":[{\"@type\":\"SearchAction\",\"target\":{\"@type\":\"EntryPoint\",\"urlTemplate\":\"https:\\\/\\\/www.fachbau.ch\\\/?s={search_term_string}\"},\"query-input\":{\"@type\":\"PropertyValueSpecification\",\"valueRequired\":true,\"valueName\":\"search_term_string\"}}],\"inLanguage\":\"de\"},{\"@type\":\"Organization\",\"@id\":\"https:\\\/\\\/www.fachbau.ch\\\/#organization\",\"name\":\"fachbau.ch\",\"url\":\"https:\\\/\\\/www.fachbau.ch\\\/\",\"logo\":{\"@type\":\"ImageObject\",\"inLanguage\":\"de\",\"@id\":\"https:\\\/\\\/www.fachbau.ch\\\/#\\\/schema\\\/logo\\\/image\\\/\",\"url\":\"https:\\\/\\\/www.fachbau.ch\\\/wp-content\\\/uploads\\\/2021\\\/12\\\/Logo_fachbau_ch.png\",\"contentUrl\":\"https:\\\/\\\/www.fachbau.ch\\\/wp-content\\\/uploads\\\/2021\\\/12\\\/Logo_fachbau_ch.png\",\"width\":283,\"height\":42,\"caption\":\"fachbau.ch\"},\"image\":{\"@id\":\"https:\\\/\\\/www.fachbau.ch\\\/#\\\/schema\\\/logo\\\/image\\\/\"}}]}<\/script>\n<!-- \/ Yoast SEO plugin. -->","yoast_head_json":{"title":"die baustellen 6\/2016 - fachbau.ch","description":"Erhalte die deutschsprachige Fachzeitschrift \u00abdie baustellen\u00bb in der Ausgabe 6\/2016 als PDF-Download mit nachfolgendem Inhaltsverzeichnis:","robots":{"index":"index","follow":"follow","max-snippet":"max-snippet:-1","max-image-preview":"max-image-preview:large","max-video-preview":"max-video-preview:-1"},"canonical":"http:\/\/www.fachbau.ch\/de\/de_de\/product\/die-baustellen-6-2016\/","og_locale":"de_DE","og_type":"article","og_title":"die baustellen 6\/2016 - fachbau.ch","og_description":"Erhalte die deutschsprachige Fachzeitschrift \u00abdie baustellen\u00bb in der Ausgabe 6\/2016 als PDF-Download mit nachfolgendem Inhaltsverzeichnis:","og_url":"http:\/\/www.fachbau.ch\/de\/de_de\/product\/die-baustellen-6-2016\/","og_site_name":"fachbau.ch","twitter_card":"summary_large_image","twitter_misc":{"Gesch\u00e4tzte Lesezeit":"2\u00a0Minuten"},"schema":{"@context":"https:\/\/schema.org","@graph":[{"@type":"WebPage","@id":"http:\/\/www.fachbau.ch\/de_de\/product\/die-baustellen-6-2016\/","url":"http:\/\/www.fachbau.ch\/de_de\/product\/die-baustellen-6-2016\/","name":"die baustellen 6\/2016 - fachbau.ch","isPartOf":{"@id":"https:\/\/www.fachbau.ch\/#website"},"primaryImageOfPage":{"@id":"http:\/\/www.fachbau.ch\/de_de\/product\/die-baustellen-6-2016\/#primaryimage"},"image":{"@id":"http:\/\/www.fachbau.ch\/de_de\/product\/die-baustellen-6-2016\/#primaryimage"},"thumbnailUrl":"","datePublished":"2022-01-27T00:40:18+00:00","description":"Erhalte die deutschsprachige Fachzeitschrift \u00abdie baustellen\u00bb in der Ausgabe 6\/2016 als PDF-Download mit nachfolgendem Inhaltsverzeichnis:","breadcrumb":{"@id":"http:\/\/www.fachbau.ch\/de_de\/product\/die-baustellen-6-2016\/#breadcrumb"},"inLanguage":"de","potentialAction":[{"@type":"ReadAction","target":["http:\/\/www.fachbau.ch\/de_de\/product\/die-baustellen-6-2016\/"]}]},{"@type":"ImageObject","inLanguage":"de","@id":"http:\/\/www.fachbau.ch\/de_de\/product\/die-baustellen-6-2016\/#primaryimage","url":"","contentUrl":""},{"@type":"BreadcrumbList","@id":"http:\/\/www.fachbau.ch\/de_de\/product\/die-baustellen-6-2016\/#breadcrumb","itemListElement":[{"@type":"ListItem","position":1,"name":"Startseite","item":"https:\/\/www.fachbau.ch\/"},{"@type":"ListItem","position":2,"name":"Shop","item":"https:\/\/www.fachbau.ch\/shop\/"},{"@type":"ListItem","position":3,"name":"die baustellen 6\/2016"}]},{"@type":"WebSite","@id":"https:\/\/www.fachbau.ch\/#website","url":"https:\/\/www.fachbau.ch\/","name":"fachbau.ch","description":"Modernes, nachhaltiges Bauen.","publisher":{"@id":"https:\/\/www.fachbau.ch\/#organization"},"potentialAction":[{"@type":"SearchAction","target":{"@type":"EntryPoint","urlTemplate":"https:\/\/www.fachbau.ch\/?s={search_term_string}"},"query-input":{"@type":"PropertyValueSpecification","valueRequired":true,"valueName":"search_term_string"}}],"inLanguage":"de"},{"@type":"Organization","@id":"https:\/\/www.fachbau.ch\/#organization","name":"fachbau.ch","url":"https:\/\/www.fachbau.ch\/","logo":{"@type":"ImageObject","inLanguage":"de","@id":"https:\/\/www.fachbau.ch\/#\/schema\/logo\/image\/","url":"https:\/\/www.fachbau.ch\/wp-content\/uploads\/2021\/12\/Logo_fachbau_ch.png","contentUrl":"https:\/\/www.fachbau.ch\/wp-content\/uploads\/2021\/12\/Logo_fachbau_ch.png","width":283,"height":42,"caption":"fachbau.ch"},"image":{"@id":"https:\/\/www.fachbau.ch\/#\/schema\/logo\/image\/"}}]}},"_links":{"self":[{"href":"https:\/\/www.fachbau.ch\/de\/wp-json\/wp\/v2\/product\/13713","targetHints":{"allow":["GET"]}}],"collection":[{"href":"https:\/\/www.fachbau.ch\/de\/wp-json\/wp\/v2\/product"}],"about":[{"href":"https:\/\/www.fachbau.ch\/de\/wp-json\/wp\/v2\/types\/product"}],"wp:featuredmedia":[{"embeddable":true,"href":"https:\/\/www.fachbau.ch\/de\/wp-json\/"}],"wp:attachment":[{"href":"https:\/\/www.fachbau.ch\/de\/wp-json\/wp\/v2\/media?parent=13713"}],"wp:term":[{"taxonomy":"product_brand","embeddable":true,"href":"https:\/\/www.fachbau.ch\/de\/wp-json\/wp\/v2\/product_brand?post=13713"},{"taxonomy":"product_cat","embeddable":true,"href":"https:\/\/www.fachbau.ch\/de\/wp-json\/wp\/v2\/product_cat?post=13713"},{"taxonomy":"product_tag","embeddable":true,"href":"https:\/\/www.fachbau.ch\/de\/wp-json\/wp\/v2\/product_tag?post=13713"}],"curies":[{"name":"wp","href":"https:\/\/api.w.org\/{rel}","templated":true}]}}