{"id":13710,"date":"2022-01-27T01:32:30","date_gmt":"2022-01-27T00:32:30","guid":{"rendered":"https:\/\/www.fachbau.ch\/?post_type=product&#038;p=13710"},"modified":"2022-01-27T01:32:30","modified_gmt":"2022-01-27T00:32:30","slug":"die-baustellen-7-8-2016","status":"publish","type":"product","link":"https:\/\/www.fachbau.ch\/de\/product\/die-baustellen-7-8-2016\/","title":{"rendered":"die baustellen 7-8\/2016"},"content":{"rendered":"<h2>Branche<\/h2>\n<h2>kurz &amp; knapp<\/h2>\n<p>Neues aus der Schweizer Baubranche: Leistungen, Ver\u00e4nderungen, Erweiterungen.<\/p>\n<h2>fokus<\/h2>\n<p>Als Pr\u00e4sident HEV Schweiz und Nationalrat f\u00fcr Eigent\u00fcmer und Baupolitik engagiert.<\/p>\n<h2>baukonjunktur<\/h2>\n<p>Verhaltenes Wachstum, starkes Baugewerbe.<\/p>\n<h2>verbandsinformation gsgi<\/h2>\n<p>T\u00e4tigkeitsbericht 2015\/16: Veranstaltungen, Beschl\u00fcsse, Aus- und Weiterbildung.<\/p>\n<h2>projekte<\/h2>\n<p>Vom Asylheim \u00fcber das Verwaltungsgeb\u00e4ude bis zum kunstvollen Stadtbau.<\/p>\n<h2>bauen im ausland<\/h2>\n<p>Unter der Stadt Paris ist die Supermetro \u00abGrand Paris Express\u00bb im Bau.<\/p>\n<h2>baugeschichte<\/h2>\n<p>Von 1987 bis 1994 wurde die \u00c4rmelkanal-Durchquerung Realit\u00e4t.<\/p>\n<h2>Technik<\/h2>\n<h2>betonschalung<\/h2>\n<p>Was Schalsysteme und ihre Technik leisten, mit Praxisberichten.<\/p>\n<h2>ger\u00fcstbau<\/h2>\n<p>Wie heute Ger\u00fcstbau-Unternehmen die Bauleute in der H\u00f6he sichern.<\/p>\n<h2>arbeitssicherheit<\/h2>\n<p>Permanente Absicherungen vom Ger\u00fcstnetzanbieter.<\/p>\n<p>\u00dcber den Umgang mit Arbeitsb\u00fchnen; mit zwei Spezialisten im Interview.<\/p>\n<h2>nachhaltige bauprodukte<\/h2>\n<p>Methoden und Materialien verbessern den Lebenszyklus.<\/p>\n<h2>mauerwerk<\/h2>\n<p>Dynamisch gemauert mit System.<\/p>\n<h2>betonforum<\/h2>\n<p>\u00dcber das Bauen mit Sichtbeton: eine Veranstaltung von \u00abBetonsuisse\u00bb und \u00abBauen und Wissen\u00bb.<\/p>\n<h2>baustellenbericht<\/h2>\n<p>Der \u00abLipo Park\u00bb Schaffhausen hat alles drin: Stadion, Sportarena, B\u00fcros und Einkaufen.<\/p>\n<p>Das Landesmuseum Z\u00fcrich wurde erneuert und erweitert, daf\u00fcr wurde ein Tuff-Beton entwickelt.<\/p>\n<h2>\u00f6ga<\/h2>\n<p>R\u00fcckschau: Die Schweizer Fachmesse f\u00fcr Landschaftspflege und kommunale Dienste.<\/p>\n<h2>Management<\/h2>\n<h2>tag der bauwirtschaft<\/h2>\n<p>Die Jahresveranstaltung der Baumeister: Diplomverleihung und hochkar\u00e4tige Referenten.<\/p>\n<h2>kolumne<\/h2>\n<p>Folge 6: Ein Comeback nach den Ferien.<\/p>\n<h2>aus- und weiterbildung<\/h2>\n<p>Der CAS Geb\u00e4udeschutz vermittelt das integrale Risikomanagement der Schweiz.<\/p>\n<h2>kolumne<\/h2>\n<p>Auch Top-Bauleistungen und Top-Bauleute sind gefragt.<\/p>\n<p>Die Online-Pr\u00e4senz bitte nicht von hinten aufrollen!<\/p>\n<h2>agenda<\/h2>\n<p>Herausgepickt: F\u00fcr den Veranstaltungskalender der Bauprofis.<\/p>\n<h2>baukarriere<\/h2>\n<ul>\n<li>Karrierekick statt Karriereknick: Die neusten Herausforderungen.<\/li>\n<li>Lernmittel und Kurs \u00fcber die \u00abKorrekte Signalisation von Baustellen\u00bb.<\/li>\n<li>Das Training im Campus Sursee mit der pers\u00f6nlichen Schutzausr\u00fcstung gegen Absturz.<\/li>\n<li>Auch in diesem Jahr: Das Fussballturnier der Schweizerischen Bauschule Aarau.<\/li>\n<li>Bausinn: Lernende berichten aus ihrer Berufspraxis.<\/li>\n<\/ul>\n<h2>Service<\/h2>\n<h2>sieben-fragen-interview<\/h2>\n<p>Baukl\u00f6tze in Beton bringen Ideen und L\u00f6sungen f\u00fcr das Projekt.<\/p>\n<h2>verbandsnachrichten<\/h2>\n<p>F\u00fcr Aktionen, Statements und Engagements sind die Fachverb\u00e4nde unterwegs.<\/p>\n<h2>recht &amp; rekord<\/h2>\n<p>Wie auf Verj\u00e4hrung verzichtet und mit B\u00e4ndern noch l\u00e4nger gef\u00f6rdert wird.<\/p>\n<h2>bezugsquellen<\/h2>\n<p>F\u00fcr den Bauprofi zusammengestellt: Wer was wo aktuell anbietet.<\/p>\n<h2>blickpunkt<\/h2>\n<p>Ein Polybauer l\u00e4sst sich nicht vom Ziel abbringen \u2013 das gilt auch f\u00fcr den Profiboxer.<\/p>\n<p>&nbsp;<\/p>\n","protected":false},"excerpt":{"rendered":"<p>Erhalte die deutschsprachige Fachzeitschrift \u00abdie baustellen\u00bb in der Ausgabe 7-8\/2016 als PDF-Download mit nachfolgendem Inhaltsverzeichnis:<\/p>\n","protected":false},"featured_media":13712,"template":"","meta":{"_acf_changed":false,"pgc_sgb_lightbox_settings":""},"product_brand":[],"product_cat":[1732,1727],"product_tag":[1719],"class_list":{"0":"post-13710","1":"product","2":"type-product","3":"status-publish","4":"has-post-thumbnail","6":"product_cat-die-baustellen","7":"product_cat-einzelausgaben","8":"product_tag-1719","10":"first","11":"instock","12":"downloadable","13":"virtual","14":"taxable","15":"purchasable","16":"product-type-simple"},"acf":[],"yoast_head":"<!-- This site is optimized with the Yoast SEO plugin v27.4 - https:\/\/yoast.com\/product\/yoast-seo-wordpress\/ -->\n<title>die baustellen 7-8\/2016 - fachbau.ch<\/title>\n<meta name=\"description\" content=\"Erhalte die deutschsprachige Fachzeitschrift \u00abdie baustellen\u00bb in der Ausgabe 7-8\/2016 als PDF-Download mit nachfolgendem Inhaltsverzeichnis:\" \/>\n<meta name=\"robots\" content=\"index, follow, max-snippet:-1, max-image-preview:large, max-video-preview:-1\" \/>\n<link rel=\"canonical\" href=\"http:\/\/www.fachbau.ch\/de\/de_de\/product\/die-baustellen-7-8-2016\/\" \/>\n<meta property=\"og:locale\" content=\"de_DE\" \/>\n<meta property=\"og:type\" content=\"article\" \/>\n<meta property=\"og:title\" content=\"die baustellen 7-8\/2016 - fachbau.ch\" \/>\n<meta property=\"og:description\" content=\"Erhalte die deutschsprachige Fachzeitschrift \u00abdie baustellen\u00bb in der Ausgabe 7-8\/2016 als PDF-Download mit nachfolgendem Inhaltsverzeichnis:\" \/>\n<meta property=\"og:url\" content=\"http:\/\/www.fachbau.ch\/de\/de_de\/product\/die-baustellen-7-8-2016\/\" \/>\n<meta property=\"og:site_name\" content=\"fachbau.ch\" \/>\n<meta property=\"og:image\" content=\"https:\/\/www.fachbau.ch\/wp-content\/uploads\/2022\/01\/die_baustellen_2016_7-8.png\" \/>\n\t<meta property=\"og:image:width\" content=\"654\" \/>\n\t<meta property=\"og:image:height\" content=\"370\" \/>\n\t<meta property=\"og:image:type\" content=\"image\/png\" \/>\n<meta name=\"twitter:card\" content=\"summary_large_image\" \/>\n<meta name=\"twitter:label1\" content=\"Gesch\u00e4tzte Lesezeit\" \/>\n\t<meta name=\"twitter:data1\" content=\"2\u00a0Minuten\" \/>\n<script type=\"application\/ld+json\" class=\"yoast-schema-graph\">{\"@context\":\"https:\\\/\\\/schema.org\",\"@graph\":[{\"@type\":\"WebPage\",\"@id\":\"http:\\\/\\\/www.fachbau.ch\\\/de_de\\\/product\\\/die-baustellen-7-8-2016\\\/\",\"url\":\"http:\\\/\\\/www.fachbau.ch\\\/de_de\\\/product\\\/die-baustellen-7-8-2016\\\/\",\"name\":\"die baustellen 7-8\\\/2016 - fachbau.ch\",\"isPartOf\":{\"@id\":\"https:\\\/\\\/www.fachbau.ch\\\/#website\"},\"primaryImageOfPage\":{\"@id\":\"http:\\\/\\\/www.fachbau.ch\\\/de_de\\\/product\\\/die-baustellen-7-8-2016\\\/#primaryimage\"},\"image\":{\"@id\":\"http:\\\/\\\/www.fachbau.ch\\\/de_de\\\/product\\\/die-baustellen-7-8-2016\\\/#primaryimage\"},\"thumbnailUrl\":\"https:\\\/\\\/www.fachbau.ch\\\/wp-content\\\/uploads\\\/2022\\\/01\\\/die_baustellen_2016_7-8.png\",\"datePublished\":\"2022-01-27T00:32:30+00:00\",\"description\":\"Erhalte die deutschsprachige Fachzeitschrift \u00abdie baustellen\u00bb in der Ausgabe 7-8\\\/2016 als PDF-Download mit nachfolgendem Inhaltsverzeichnis:\",\"breadcrumb\":{\"@id\":\"http:\\\/\\\/www.fachbau.ch\\\/de_de\\\/product\\\/die-baustellen-7-8-2016\\\/#breadcrumb\"},\"inLanguage\":\"de\",\"potentialAction\":[{\"@type\":\"ReadAction\",\"target\":[\"http:\\\/\\\/www.fachbau.ch\\\/de_de\\\/product\\\/die-baustellen-7-8-2016\\\/\"]}]},{\"@type\":\"ImageObject\",\"inLanguage\":\"de\",\"@id\":\"http:\\\/\\\/www.fachbau.ch\\\/de_de\\\/product\\\/die-baustellen-7-8-2016\\\/#primaryimage\",\"url\":\"https:\\\/\\\/www.fachbau.ch\\\/wp-content\\\/uploads\\\/2022\\\/01\\\/die_baustellen_2016_7-8.png\",\"contentUrl\":\"https:\\\/\\\/www.fachbau.ch\\\/wp-content\\\/uploads\\\/2022\\\/01\\\/die_baustellen_2016_7-8.png\",\"width\":654,\"height\":370},{\"@type\":\"BreadcrumbList\",\"@id\":\"http:\\\/\\\/www.fachbau.ch\\\/de_de\\\/product\\\/die-baustellen-7-8-2016\\\/#breadcrumb\",\"itemListElement\":[{\"@type\":\"ListItem\",\"position\":1,\"name\":\"Startseite\",\"item\":\"https:\\\/\\\/www.fachbau.ch\\\/\"},{\"@type\":\"ListItem\",\"position\":2,\"name\":\"Shop\",\"item\":\"https:\\\/\\\/www.fachbau.ch\\\/shop\\\/\"},{\"@type\":\"ListItem\",\"position\":3,\"name\":\"die baustellen 7-8\\\/2016\"}]},{\"@type\":\"WebSite\",\"@id\":\"https:\\\/\\\/www.fachbau.ch\\\/#website\",\"url\":\"https:\\\/\\\/www.fachbau.ch\\\/\",\"name\":\"fachbau.ch\",\"description\":\"Modernes, nachhaltiges Bauen.\",\"publisher\":{\"@id\":\"https:\\\/\\\/www.fachbau.ch\\\/#organization\"},\"potentialAction\":[{\"@type\":\"SearchAction\",\"target\":{\"@type\":\"EntryPoint\",\"urlTemplate\":\"https:\\\/\\\/www.fachbau.ch\\\/?s={search_term_string}\"},\"query-input\":{\"@type\":\"PropertyValueSpecification\",\"valueRequired\":true,\"valueName\":\"search_term_string\"}}],\"inLanguage\":\"de\"},{\"@type\":\"Organization\",\"@id\":\"https:\\\/\\\/www.fachbau.ch\\\/#organization\",\"name\":\"fachbau.ch\",\"url\":\"https:\\\/\\\/www.fachbau.ch\\\/\",\"logo\":{\"@type\":\"ImageObject\",\"inLanguage\":\"de\",\"@id\":\"https:\\\/\\\/www.fachbau.ch\\\/#\\\/schema\\\/logo\\\/image\\\/\",\"url\":\"https:\\\/\\\/www.fachbau.ch\\\/wp-content\\\/uploads\\\/2021\\\/12\\\/Logo_fachbau_ch.png\",\"contentUrl\":\"https:\\\/\\\/www.fachbau.ch\\\/wp-content\\\/uploads\\\/2021\\\/12\\\/Logo_fachbau_ch.png\",\"width\":283,\"height\":42,\"caption\":\"fachbau.ch\"},\"image\":{\"@id\":\"https:\\\/\\\/www.fachbau.ch\\\/#\\\/schema\\\/logo\\\/image\\\/\"}}]}<\/script>\n<!-- \/ Yoast SEO plugin. -->","yoast_head_json":{"title":"die baustellen 7-8\/2016 - fachbau.ch","description":"Erhalte die deutschsprachige Fachzeitschrift \u00abdie baustellen\u00bb in der Ausgabe 7-8\/2016 als PDF-Download mit nachfolgendem Inhaltsverzeichnis:","robots":{"index":"index","follow":"follow","max-snippet":"max-snippet:-1","max-image-preview":"max-image-preview:large","max-video-preview":"max-video-preview:-1"},"canonical":"http:\/\/www.fachbau.ch\/de\/de_de\/product\/die-baustellen-7-8-2016\/","og_locale":"de_DE","og_type":"article","og_title":"die baustellen 7-8\/2016 - fachbau.ch","og_description":"Erhalte die deutschsprachige Fachzeitschrift \u00abdie baustellen\u00bb in der Ausgabe 7-8\/2016 als PDF-Download mit nachfolgendem Inhaltsverzeichnis:","og_url":"http:\/\/www.fachbau.ch\/de\/de_de\/product\/die-baustellen-7-8-2016\/","og_site_name":"fachbau.ch","og_image":[{"width":654,"height":370,"url":"https:\/\/www.fachbau.ch\/wp-content\/uploads\/2022\/01\/die_baustellen_2016_7-8.png","type":"image\/png"}],"twitter_card":"summary_large_image","twitter_misc":{"Gesch\u00e4tzte Lesezeit":"2\u00a0Minuten"},"schema":{"@context":"https:\/\/schema.org","@graph":[{"@type":"WebPage","@id":"http:\/\/www.fachbau.ch\/de_de\/product\/die-baustellen-7-8-2016\/","url":"http:\/\/www.fachbau.ch\/de_de\/product\/die-baustellen-7-8-2016\/","name":"die baustellen 7-8\/2016 - fachbau.ch","isPartOf":{"@id":"https:\/\/www.fachbau.ch\/#website"},"primaryImageOfPage":{"@id":"http:\/\/www.fachbau.ch\/de_de\/product\/die-baustellen-7-8-2016\/#primaryimage"},"image":{"@id":"http:\/\/www.fachbau.ch\/de_de\/product\/die-baustellen-7-8-2016\/#primaryimage"},"thumbnailUrl":"https:\/\/www.fachbau.ch\/wp-content\/uploads\/2022\/01\/die_baustellen_2016_7-8.png","datePublished":"2022-01-27T00:32:30+00:00","description":"Erhalte die deutschsprachige Fachzeitschrift \u00abdie baustellen\u00bb in der Ausgabe 7-8\/2016 als PDF-Download mit nachfolgendem Inhaltsverzeichnis:","breadcrumb":{"@id":"http:\/\/www.fachbau.ch\/de_de\/product\/die-baustellen-7-8-2016\/#breadcrumb"},"inLanguage":"de","potentialAction":[{"@type":"ReadAction","target":["http:\/\/www.fachbau.ch\/de_de\/product\/die-baustellen-7-8-2016\/"]}]},{"@type":"ImageObject","inLanguage":"de","@id":"http:\/\/www.fachbau.ch\/de_de\/product\/die-baustellen-7-8-2016\/#primaryimage","url":"https:\/\/www.fachbau.ch\/wp-content\/uploads\/2022\/01\/die_baustellen_2016_7-8.png","contentUrl":"https:\/\/www.fachbau.ch\/wp-content\/uploads\/2022\/01\/die_baustellen_2016_7-8.png","width":654,"height":370},{"@type":"BreadcrumbList","@id":"http:\/\/www.fachbau.ch\/de_de\/product\/die-baustellen-7-8-2016\/#breadcrumb","itemListElement":[{"@type":"ListItem","position":1,"name":"Startseite","item":"https:\/\/www.fachbau.ch\/"},{"@type":"ListItem","position":2,"name":"Shop","item":"https:\/\/www.fachbau.ch\/shop\/"},{"@type":"ListItem","position":3,"name":"die baustellen 7-8\/2016"}]},{"@type":"WebSite","@id":"https:\/\/www.fachbau.ch\/#website","url":"https:\/\/www.fachbau.ch\/","name":"fachbau.ch","description":"Modernes, nachhaltiges Bauen.","publisher":{"@id":"https:\/\/www.fachbau.ch\/#organization"},"potentialAction":[{"@type":"SearchAction","target":{"@type":"EntryPoint","urlTemplate":"https:\/\/www.fachbau.ch\/?s={search_term_string}"},"query-input":{"@type":"PropertyValueSpecification","valueRequired":true,"valueName":"search_term_string"}}],"inLanguage":"de"},{"@type":"Organization","@id":"https:\/\/www.fachbau.ch\/#organization","name":"fachbau.ch","url":"https:\/\/www.fachbau.ch\/","logo":{"@type":"ImageObject","inLanguage":"de","@id":"https:\/\/www.fachbau.ch\/#\/schema\/logo\/image\/","url":"https:\/\/www.fachbau.ch\/wp-content\/uploads\/2021\/12\/Logo_fachbau_ch.png","contentUrl":"https:\/\/www.fachbau.ch\/wp-content\/uploads\/2021\/12\/Logo_fachbau_ch.png","width":283,"height":42,"caption":"fachbau.ch"},"image":{"@id":"https:\/\/www.fachbau.ch\/#\/schema\/logo\/image\/"}}]}},"_links":{"self":[{"href":"https:\/\/www.fachbau.ch\/de\/wp-json\/wp\/v2\/product\/13710","targetHints":{"allow":["GET"]}}],"collection":[{"href":"https:\/\/www.fachbau.ch\/de\/wp-json\/wp\/v2\/product"}],"about":[{"href":"https:\/\/www.fachbau.ch\/de\/wp-json\/wp\/v2\/types\/product"}],"wp:featuredmedia":[{"embeddable":true,"href":"https:\/\/www.fachbau.ch\/de\/wp-json\/wp\/v2\/media\/13712"}],"wp:attachment":[{"href":"https:\/\/www.fachbau.ch\/de\/wp-json\/wp\/v2\/media?parent=13710"}],"wp:term":[{"taxonomy":"product_brand","embeddable":true,"href":"https:\/\/www.fachbau.ch\/de\/wp-json\/wp\/v2\/product_brand?post=13710"},{"taxonomy":"product_cat","embeddable":true,"href":"https:\/\/www.fachbau.ch\/de\/wp-json\/wp\/v2\/product_cat?post=13710"},{"taxonomy":"product_tag","embeddable":true,"href":"https:\/\/www.fachbau.ch\/de\/wp-json\/wp\/v2\/product_tag?post=13710"}],"curies":[{"name":"wp","href":"https:\/\/api.w.org\/{rel}","templated":true}]}}