{"id":13704,"date":"2022-01-27T01:11:49","date_gmt":"2022-01-27T00:11:49","guid":{"rendered":"https:\/\/www.fachbau.ch\/?post_type=product&#038;p=13704"},"modified":"2022-01-27T01:11:49","modified_gmt":"2022-01-27T00:11:49","slug":"die-baustellen-10-2016","status":"publish","type":"product","link":"https:\/\/www.fachbau.ch\/de\/product\/die-baustellen-10-2016\/","title":{"rendered":"die baustellen 10\/2016"},"content":{"rendered":"<h2>Branche<\/h2>\n<h2>kurz &amp; knapp<\/h2>\n<p>Was die Unternehmen der Baubranche heute bewegt.<\/p>\n<h2>fokus<\/h2>\n<p>Ein Gespr\u00e4ch \u00fcber schwedisch-schweizerische Sicherheit und den globalen Markt.<\/p>\n<h2>baukonjunktur<\/h2>\n<p>Ein Zukunftsszenario f\u00fcr den Hochbau Schweiz.<\/p>\n<h2>verbandsinformation gsgi<\/h2>\n<p>Die Ausbildung zum Projektleiter: Was das bedeutet und welche Schritte zum Ziel f\u00fchren.<\/p>\n<h2>projekte<\/h2>\n<p>Von der Zentrumsentwicklung \u00fcber den Eispark zum Thermalbad.<\/p>\n<h2>bauen im ausland<\/h2>\n<p>Die Fahrwegverk\u00fcrzung verl\u00e4uft \u00fcber die t\u00fcrkische Meeresbucht.<\/p>\n<h2>baugeschichte<\/h2>\n<p>Das Bauvorhaben des h\u00f6chsten Alpendurchstichs \u2013 fr\u00fcher war alles anders.<\/p>\n<h2>Technik<\/h2>\n<h2>baustoffe<\/h2>\n<ul>\n<li>Das Nest der Empa erh\u00e4lt ein weiteres Dach.<\/li>\n<li>Gemischt: Polystyrol mit Bindemittel oder Zementprodukte mit Polystyrol?<\/li>\n<li>Digitale Vernetzung im Holzbau: Was bedeutet das?<\/li>\n<li>Gestaltungen mit Fassadenprofilen aus Glasfaserbeton.<\/li>\n<li>Die Forschung ist am praktischen Einsatz mit Elementen aus Faserverbundkunststoffen.<\/li>\n<\/ul>\n<h2>stahlbau<\/h2>\n<p>Aus Streckmetall gebaut: hindernisfreie Passerelle am Genfersee.<\/p>\n<p>Der 6. Prix Acier bringt das Besondere an die \u00d6ffentlichkeit.<\/p>\n<h2>baustellenbericht<\/h2>\n<ul>\n<li>Auf Schweizer Baustellen unterwegs.<\/li>\n<li>Die Wiederauferstehung des Hotel Renaissance als Ambassador House.<\/li>\n<li>Pro Monat ein Geschoss bis zum Flughafen-Parkhaus, Erweiterung Ost.<\/li>\n<li>Die Br\u00fccke auf der Br\u00fccke sch\u00fctzt die Bauarbeiter auf der Fahrbahn.<\/li>\n<li>\u00a0Greencity: Ein ganzes Stadtquartier baut auf 2000 Watt.<\/li>\n<\/ul>\n<h2>aus- und weiterbildung<\/h2>\n<ul>\n<li>Im Sonderteil: Bauausbildner stellen sich und ihre Angebote vor.<\/li>\n<li>Roundtable mit Verantwortlichen aus Berufsverb\u00e4nden, Bauschulen und Fachhochschulen.<\/li>\n<li>Minergie lernen: Die Schulung betrifft diverse Arbeitsgattungen und Stufen.<\/li>\n<li>Was der Abschluss \u00abBauf\u00fchrer\/In SBA\u00bb bringt und f\u00fcr wen er sich eignet.<\/li>\n<li>Das KTH ist auch im Web interaktiv.<\/li>\n<li>Der berufsbegleitende Fachkurs Baubiologie gibt dem Bauprofi die Umsicht.<\/li>\n<\/ul>\n<h2>farbe am bau<\/h2>\n<p>Die eigene Strategie entwickeln, im Haus der Farbe \u2013 Fachstelle Farbe.<\/p>\n<p>Ein neuer Graffitischutz, von der Stadt Z\u00fcrich entwickelt.<\/p>\n<h2>brandschutz<\/h2>\n<p>Worauf geachtet werden muss, damit auf der Baustelle kein Brand entsteht.<\/p>\n<h2>stadtraum<\/h2>\n<p>Der M\u00fcnsterhof in Z\u00fcrich: historisch und nutzerfreundlich aufgewertet.<\/p>\n<h2>Management<\/h2>\n<h2>bim<\/h2>\n<p>BIM in der Schweiz, komplett digital mit 3D-Printer und ein innovatives Bausystem.<\/p>\n<h2>kolumne<\/h2>\n<ul>\n<li>Auch \u00dcbertreibungen k\u00f6nnen sinnvoll sein.<\/li>\n<li>Die Spannweite zwischen K\u00f6nnen und Wissen richtig einsch\u00e4tzen.<\/li>\n<li>Wie man die Menschen einfach durchschaut.<\/li>\n<\/ul>\n<h2>agenda<\/h2>\n<p>Herausgesucht: aktuelle Anl\u00e4sse f\u00fcr Baufachleute.<\/p>\n<h2>baukarriere<\/h2>\n<p>Erfolgreich ins Berufsleben mit dem Bewerbungsschreiben.<\/p>\n<h2>Service<\/h2>\n<h2>sieben-fragen-interview<\/h2>\n<p>Wie die Betonschalung das Projekt beeinflusst.<\/p>\n<h2>verbandsnachrichten<\/h2>\n<p>Highlights, Ver\u00e4nderungen und Nachrichten aus der Verbandswelt.<\/p>\n<h2>recht &amp; rekord<\/h2>\n<p>Wann die administrative T\u00e4tigkeit z\u00e4hlt und wer die meisten Seilbahnkilometer f\u00e4hrt.<\/p>\n<h2>bezugsquellen<\/h2>\n<p>Wer heute was anbietet \u2013 die \u00dcbersicht.<\/p>\n<h2>blickpunkt<\/h2>\n<p>Steinmetz-Meisterin flirtet mit der Bildhauerei.<\/p>\n","protected":false},"excerpt":{"rendered":"<p>Erhalte die deutschsprachige Fachzeitschrift \u00abdie baustellen\u00bb in der Ausgabe 10\/2016 als PDF-Download mit nachfolgendem Inhaltsverzeichnis:<\/p>\n","protected":false},"featured_media":13706,"template":"","meta":{"_acf_changed":false,"pgc_sgb_lightbox_settings":""},"product_brand":[],"product_cat":[1732,1727],"product_tag":[1719],"class_list":{"0":"post-13704","1":"product","2":"type-product","3":"status-publish","4":"has-post-thumbnail","6":"product_cat-die-baustellen","7":"product_cat-einzelausgaben","8":"product_tag-1719","10":"first","11":"instock","12":"downloadable","13":"virtual","14":"taxable","15":"purchasable","16":"product-type-simple"},"acf":[],"yoast_head":"<!-- This site is optimized with the Yoast SEO plugin v27.4 - https:\/\/yoast.com\/product\/yoast-seo-wordpress\/ -->\n<title>die baustellen 10\/2016 - fachbau.ch<\/title>\n<meta name=\"description\" content=\"Erhalte die deutschsprachige Fachzeitschrift \u00abdie baustellen\u00bb in der Ausgabe 10\/2016 als PDF-Download mit nachfolgendem Inhaltsverzeichnis:\" \/>\n<meta name=\"robots\" content=\"index, follow, max-snippet:-1, max-image-preview:large, max-video-preview:-1\" \/>\n<link rel=\"canonical\" href=\"http:\/\/www.fachbau.ch\/de\/de_de\/product\/die-baustellen-10-2016\/\" \/>\n<meta property=\"og:locale\" content=\"de_DE\" \/>\n<meta property=\"og:type\" content=\"article\" \/>\n<meta property=\"og:title\" content=\"die baustellen 10\/2016 - fachbau.ch\" \/>\n<meta property=\"og:description\" content=\"Erhalte die deutschsprachige Fachzeitschrift \u00abdie baustellen\u00bb in der Ausgabe 10\/2016 als PDF-Download mit nachfolgendem Inhaltsverzeichnis:\" \/>\n<meta property=\"og:url\" content=\"http:\/\/www.fachbau.ch\/de\/de_de\/product\/die-baustellen-10-2016\/\" \/>\n<meta property=\"og:site_name\" content=\"fachbau.ch\" \/>\n<meta property=\"og:image\" content=\"https:\/\/www.fachbau.ch\/wp-content\/uploads\/2022\/01\/die_baustellen_2016_10.png\" \/>\n\t<meta property=\"og:image:width\" content=\"654\" \/>\n\t<meta property=\"og:image:height\" content=\"370\" \/>\n\t<meta property=\"og:image:type\" content=\"image\/png\" \/>\n<meta name=\"twitter:card\" content=\"summary_large_image\" \/>\n<meta name=\"twitter:label1\" content=\"Gesch\u00e4tzte Lesezeit\" \/>\n\t<meta name=\"twitter:data1\" content=\"2\u00a0Minuten\" \/>\n<script type=\"application\/ld+json\" class=\"yoast-schema-graph\">{\"@context\":\"https:\\\/\\\/schema.org\",\"@graph\":[{\"@type\":\"WebPage\",\"@id\":\"http:\\\/\\\/www.fachbau.ch\\\/de_de\\\/product\\\/die-baustellen-10-2016\\\/\",\"url\":\"http:\\\/\\\/www.fachbau.ch\\\/de_de\\\/product\\\/die-baustellen-10-2016\\\/\",\"name\":\"die baustellen 10\\\/2016 - fachbau.ch\",\"isPartOf\":{\"@id\":\"https:\\\/\\\/www.fachbau.ch\\\/#website\"},\"primaryImageOfPage\":{\"@id\":\"http:\\\/\\\/www.fachbau.ch\\\/de_de\\\/product\\\/die-baustellen-10-2016\\\/#primaryimage\"},\"image\":{\"@id\":\"http:\\\/\\\/www.fachbau.ch\\\/de_de\\\/product\\\/die-baustellen-10-2016\\\/#primaryimage\"},\"thumbnailUrl\":\"https:\\\/\\\/www.fachbau.ch\\\/wp-content\\\/uploads\\\/2022\\\/01\\\/die_baustellen_2016_10.png\",\"datePublished\":\"2022-01-27T00:11:49+00:00\",\"description\":\"Erhalte die deutschsprachige Fachzeitschrift \u00abdie baustellen\u00bb in der Ausgabe 10\\\/2016 als PDF-Download mit nachfolgendem Inhaltsverzeichnis:\",\"breadcrumb\":{\"@id\":\"http:\\\/\\\/www.fachbau.ch\\\/de_de\\\/product\\\/die-baustellen-10-2016\\\/#breadcrumb\"},\"inLanguage\":\"de\",\"potentialAction\":[{\"@type\":\"ReadAction\",\"target\":[\"http:\\\/\\\/www.fachbau.ch\\\/de_de\\\/product\\\/die-baustellen-10-2016\\\/\"]}]},{\"@type\":\"ImageObject\",\"inLanguage\":\"de\",\"@id\":\"http:\\\/\\\/www.fachbau.ch\\\/de_de\\\/product\\\/die-baustellen-10-2016\\\/#primaryimage\",\"url\":\"https:\\\/\\\/www.fachbau.ch\\\/wp-content\\\/uploads\\\/2022\\\/01\\\/die_baustellen_2016_10.png\",\"contentUrl\":\"https:\\\/\\\/www.fachbau.ch\\\/wp-content\\\/uploads\\\/2022\\\/01\\\/die_baustellen_2016_10.png\",\"width\":654,\"height\":370},{\"@type\":\"BreadcrumbList\",\"@id\":\"http:\\\/\\\/www.fachbau.ch\\\/de_de\\\/product\\\/die-baustellen-10-2016\\\/#breadcrumb\",\"itemListElement\":[{\"@type\":\"ListItem\",\"position\":1,\"name\":\"Startseite\",\"item\":\"https:\\\/\\\/www.fachbau.ch\\\/\"},{\"@type\":\"ListItem\",\"position\":2,\"name\":\"Shop\",\"item\":\"https:\\\/\\\/www.fachbau.ch\\\/shop\\\/\"},{\"@type\":\"ListItem\",\"position\":3,\"name\":\"die baustellen 10\\\/2016\"}]},{\"@type\":\"WebSite\",\"@id\":\"https:\\\/\\\/www.fachbau.ch\\\/#website\",\"url\":\"https:\\\/\\\/www.fachbau.ch\\\/\",\"name\":\"fachbau.ch\",\"description\":\"Modernes, nachhaltiges Bauen.\",\"publisher\":{\"@id\":\"https:\\\/\\\/www.fachbau.ch\\\/#organization\"},\"potentialAction\":[{\"@type\":\"SearchAction\",\"target\":{\"@type\":\"EntryPoint\",\"urlTemplate\":\"https:\\\/\\\/www.fachbau.ch\\\/?s={search_term_string}\"},\"query-input\":{\"@type\":\"PropertyValueSpecification\",\"valueRequired\":true,\"valueName\":\"search_term_string\"}}],\"inLanguage\":\"de\"},{\"@type\":\"Organization\",\"@id\":\"https:\\\/\\\/www.fachbau.ch\\\/#organization\",\"name\":\"fachbau.ch\",\"url\":\"https:\\\/\\\/www.fachbau.ch\\\/\",\"logo\":{\"@type\":\"ImageObject\",\"inLanguage\":\"de\",\"@id\":\"https:\\\/\\\/www.fachbau.ch\\\/#\\\/schema\\\/logo\\\/image\\\/\",\"url\":\"https:\\\/\\\/www.fachbau.ch\\\/wp-content\\\/uploads\\\/2021\\\/12\\\/Logo_fachbau_ch.png\",\"contentUrl\":\"https:\\\/\\\/www.fachbau.ch\\\/wp-content\\\/uploads\\\/2021\\\/12\\\/Logo_fachbau_ch.png\",\"width\":283,\"height\":42,\"caption\":\"fachbau.ch\"},\"image\":{\"@id\":\"https:\\\/\\\/www.fachbau.ch\\\/#\\\/schema\\\/logo\\\/image\\\/\"}}]}<\/script>\n<!-- \/ Yoast SEO plugin. -->","yoast_head_json":{"title":"die baustellen 10\/2016 - fachbau.ch","description":"Erhalte die deutschsprachige Fachzeitschrift \u00abdie baustellen\u00bb in der Ausgabe 10\/2016 als PDF-Download mit nachfolgendem Inhaltsverzeichnis:","robots":{"index":"index","follow":"follow","max-snippet":"max-snippet:-1","max-image-preview":"max-image-preview:large","max-video-preview":"max-video-preview:-1"},"canonical":"http:\/\/www.fachbau.ch\/de\/de_de\/product\/die-baustellen-10-2016\/","og_locale":"de_DE","og_type":"article","og_title":"die baustellen 10\/2016 - fachbau.ch","og_description":"Erhalte die deutschsprachige Fachzeitschrift \u00abdie baustellen\u00bb in der Ausgabe 10\/2016 als PDF-Download mit nachfolgendem Inhaltsverzeichnis:","og_url":"http:\/\/www.fachbau.ch\/de\/de_de\/product\/die-baustellen-10-2016\/","og_site_name":"fachbau.ch","og_image":[{"width":654,"height":370,"url":"https:\/\/www.fachbau.ch\/wp-content\/uploads\/2022\/01\/die_baustellen_2016_10.png","type":"image\/png"}],"twitter_card":"summary_large_image","twitter_misc":{"Gesch\u00e4tzte Lesezeit":"2\u00a0Minuten"},"schema":{"@context":"https:\/\/schema.org","@graph":[{"@type":"WebPage","@id":"http:\/\/www.fachbau.ch\/de_de\/product\/die-baustellen-10-2016\/","url":"http:\/\/www.fachbau.ch\/de_de\/product\/die-baustellen-10-2016\/","name":"die baustellen 10\/2016 - fachbau.ch","isPartOf":{"@id":"https:\/\/www.fachbau.ch\/#website"},"primaryImageOfPage":{"@id":"http:\/\/www.fachbau.ch\/de_de\/product\/die-baustellen-10-2016\/#primaryimage"},"image":{"@id":"http:\/\/www.fachbau.ch\/de_de\/product\/die-baustellen-10-2016\/#primaryimage"},"thumbnailUrl":"https:\/\/www.fachbau.ch\/wp-content\/uploads\/2022\/01\/die_baustellen_2016_10.png","datePublished":"2022-01-27T00:11:49+00:00","description":"Erhalte die deutschsprachige Fachzeitschrift \u00abdie baustellen\u00bb in der Ausgabe 10\/2016 als PDF-Download mit nachfolgendem Inhaltsverzeichnis:","breadcrumb":{"@id":"http:\/\/www.fachbau.ch\/de_de\/product\/die-baustellen-10-2016\/#breadcrumb"},"inLanguage":"de","potentialAction":[{"@type":"ReadAction","target":["http:\/\/www.fachbau.ch\/de_de\/product\/die-baustellen-10-2016\/"]}]},{"@type":"ImageObject","inLanguage":"de","@id":"http:\/\/www.fachbau.ch\/de_de\/product\/die-baustellen-10-2016\/#primaryimage","url":"https:\/\/www.fachbau.ch\/wp-content\/uploads\/2022\/01\/die_baustellen_2016_10.png","contentUrl":"https:\/\/www.fachbau.ch\/wp-content\/uploads\/2022\/01\/die_baustellen_2016_10.png","width":654,"height":370},{"@type":"BreadcrumbList","@id":"http:\/\/www.fachbau.ch\/de_de\/product\/die-baustellen-10-2016\/#breadcrumb","itemListElement":[{"@type":"ListItem","position":1,"name":"Startseite","item":"https:\/\/www.fachbau.ch\/"},{"@type":"ListItem","position":2,"name":"Shop","item":"https:\/\/www.fachbau.ch\/shop\/"},{"@type":"ListItem","position":3,"name":"die baustellen 10\/2016"}]},{"@type":"WebSite","@id":"https:\/\/www.fachbau.ch\/#website","url":"https:\/\/www.fachbau.ch\/","name":"fachbau.ch","description":"Modernes, nachhaltiges Bauen.","publisher":{"@id":"https:\/\/www.fachbau.ch\/#organization"},"potentialAction":[{"@type":"SearchAction","target":{"@type":"EntryPoint","urlTemplate":"https:\/\/www.fachbau.ch\/?s={search_term_string}"},"query-input":{"@type":"PropertyValueSpecification","valueRequired":true,"valueName":"search_term_string"}}],"inLanguage":"de"},{"@type":"Organization","@id":"https:\/\/www.fachbau.ch\/#organization","name":"fachbau.ch","url":"https:\/\/www.fachbau.ch\/","logo":{"@type":"ImageObject","inLanguage":"de","@id":"https:\/\/www.fachbau.ch\/#\/schema\/logo\/image\/","url":"https:\/\/www.fachbau.ch\/wp-content\/uploads\/2021\/12\/Logo_fachbau_ch.png","contentUrl":"https:\/\/www.fachbau.ch\/wp-content\/uploads\/2021\/12\/Logo_fachbau_ch.png","width":283,"height":42,"caption":"fachbau.ch"},"image":{"@id":"https:\/\/www.fachbau.ch\/#\/schema\/logo\/image\/"}}]}},"_links":{"self":[{"href":"https:\/\/www.fachbau.ch\/de\/wp-json\/wp\/v2\/product\/13704","targetHints":{"allow":["GET"]}}],"collection":[{"href":"https:\/\/www.fachbau.ch\/de\/wp-json\/wp\/v2\/product"}],"about":[{"href":"https:\/\/www.fachbau.ch\/de\/wp-json\/wp\/v2\/types\/product"}],"wp:featuredmedia":[{"embeddable":true,"href":"https:\/\/www.fachbau.ch\/de\/wp-json\/wp\/v2\/media\/13706"}],"wp:attachment":[{"href":"https:\/\/www.fachbau.ch\/de\/wp-json\/wp\/v2\/media?parent=13704"}],"wp:term":[{"taxonomy":"product_brand","embeddable":true,"href":"https:\/\/www.fachbau.ch\/de\/wp-json\/wp\/v2\/product_brand?post=13704"},{"taxonomy":"product_cat","embeddable":true,"href":"https:\/\/www.fachbau.ch\/de\/wp-json\/wp\/v2\/product_cat?post=13704"},{"taxonomy":"product_tag","embeddable":true,"href":"https:\/\/www.fachbau.ch\/de\/wp-json\/wp\/v2\/product_tag?post=13704"}],"curies":[{"name":"wp","href":"https:\/\/api.w.org\/{rel}","templated":true}]}}