{"id":13692,"date":"2022-01-27T01:00:54","date_gmt":"2022-01-27T00:00:54","guid":{"rendered":"https:\/\/www.fachbau.ch\/?post_type=product&#038;p=13692"},"modified":"2022-01-27T01:00:54","modified_gmt":"2022-01-27T00:00:54","slug":"die-baustellen-11-2016","status":"publish","type":"product","link":"https:\/\/www.fachbau.ch\/de\/product\/die-baustellen-11-2016\/","title":{"rendered":"die baustellen 11\/2016"},"content":{"rendered":"<h2>Branche<\/h2>\n<h2>kurz &amp; knapp<\/h2>\n<p>Aktuell: neue Gesch\u00e4ftsf\u00fchrung, Preisverleihung und Unfallverh\u00fctung.<\/p>\n<h2>fokus<\/h2>\n<p>Der Gesch\u00e4ftsf\u00fchrer Schalungsbau legt seine Strategien f\u00fcr maximal drei Jahre fest.<\/p>\n<h2>baukonjunktur<\/h2>\n<p>Die Baubranche behauptet sich im Schweizer Industrieumfeld.<\/p>\n<h2>entwicklung schweiz<\/h2>\n<p>Strategien f\u00fcr den Geb\u00e4udepark der Schweiz zum \u00abEnergieziel 2050\u00bb des Bundes.<\/p>\n<h2>projekte<\/h2>\n<p>Die Hochschule kommt zusammen, die Wohnh\u00e4user breiten sich aus.<\/p>\n<h2>bauen im ausland<\/h2>\n<p>Quer durch: 44 Tunnel und 40 Viadukte verbinden in K\u00fcrze Florenz und Bologna.<\/p>\n<h2>baugeschichte<\/h2>\n<p>Die Idee der Pumpspeicherkraftwerke ist nicht so neu.<\/p>\n<h2>Technik<\/h2>\n<h2>schalungen<\/h2>\n<p>Von der Magnettechnik bis zur runden Kletterschalung.<\/p>\n<h2>ger\u00fcste<\/h2>\n<p>Sicherheit mit Abspannen, im Unter- und \u00dcberbau, vom Turm bis in den Berg.<\/p>\n<h2>grabenbau<\/h2>\n<p>Mit dem Schachtverbau schneller und sicherer im Grabenbau.<\/p>\n<p>Wie moderne Ortungstechnik Leitungen, Kabel und Objekte aufsp\u00fcrt.<\/p>\n<h2>br\u00fcckenbau<\/h2>\n<p>Empa-Forschung macht Br\u00fccken\u00fcberg\u00e4nge leiser.<\/p>\n<h2>geotextilien<\/h2>\n<ul>\n<li>Die Fachtagung f\u00fcr Geokunststoffe nimmt das Wasser in den Fokus.<\/li>\n<li>HTW Chur: Was Geotextilien leisten, in vielen Beispielen.<\/li>\n<li>L\u00f6sungen mit Filterelementen halten das Strassenabwasser frei.<\/li>\n<\/ul>\n<h2>recycling<\/h2>\n<p>Erstveranstaltung des ARV: Fachleute zeigen auf, wann und warum Recycling sinnvoll ist.<\/p>\n<p>Ein Industrieareal wird zur Baureife dekontaminiert.<\/p>\n<h2>haushebung<\/h2>\n<p>Ein Schweizer Verfahren verfestigt den Baugrund und hebt das Haus wenn n\u00f6tig an.<\/p>\n<h2>sportbau<\/h2>\n<p>Campus Sursee errichtet mit dem Nationalen Schwimmverband ein Sportzentrum.<\/p>\n<p>Auf Winterthurer Fabrikareal entsteht Europas gr\u00f6sste Halle f\u00fcr Actionsport.<\/p>\n<h2>baumaschinen<\/h2>\n<p>Minexpo, Las Vegas: Die echt grossen Maschinen kamen zu dieser Ausstellung.<\/p>\n<h2>standseilbahn<\/h2>\n<p>Wird bis auf den Grund erneuert: Die Standseilbahn Kehrsiten\u2013B\u00fcrgenstock.<\/p>\n<h2>Management<\/h2>\n<h2>vorbericht<\/h2>\n<p>Bau 2017 in M\u00fcnchen: Bringt Gestalter, Planer und Handwerker zusammen.<\/p>\n<p>Infra-Tagung 2017 in Luzern: Wie gestaltet der Schweizer Infrastrukturbau die Zukunft?<\/p>\n<h2>baustelle<\/h2>\n<p>Am Guisanplatz Bern baut der Bund ein Verwaltungszentrum mit 2700 Arbeitspl\u00e4tzen.<\/p>\n<p>Wohnbauten auf der ehemaligen Konservenfabrik und der 54. Brunnen f\u00fcr Lenzburg.<\/p>\n<h2>kolumne<\/h2>\n<ul>\n<li>\u00dcber die Ruhe der Novembertage.<\/li>\n<li>Karrieregespr\u00e4che sind nicht nur gegen Jahresende angebracht.<\/li>\n<li>Was \u00abSocial Bots\u00bb sind, wo sie n\u00fctzen und welche Gefahren von ihnen ausgehen.<\/li>\n<\/ul>\n<h2>agenda<\/h2>\n<p>Wann und wo sich die Bauschaffenden wieder antreffen.<\/p>\n<h2>baukarriere<\/h2>\n<p>Spannende Herausforderungen warten auf den Bauprofi.<\/p>\n<h2>Service<\/h2>\n<h2>sieben-fragen-interview<\/h2>\n<p>Die Kommunikation ist f\u00fcr ihn Metier sowie Leidenschaft.<\/p>\n<h2>verbandsnachrichten<\/h2>\n<p>Fachvereine f\u00f6rdern junge Berufsleute und motivieren zur H\u00f6chstleistung.<\/p>\n<h2>recht &amp; rekord<\/h2>\n<p>Zur Streitschlichtung gibt es Alternativen und den Rekord beschreiben die Begriffe.<\/p>\n<h2>bezugsquellen<\/h2>\n<p>Verzeichnis der Lieferanten und Anbieter: F\u00fcr die Bauleute frisch zusammengestellt.<\/p>\n<h2>blickpunkt<\/h2>\n<p>Mit einem guten Teampartner den Dachdecker-Weltmeistertitel geholt.<\/p>\n","protected":false},"excerpt":{"rendered":"<p>Erhalte die deutschsprachige Fachzeitschrift \u00abdie baustellen\u00bb in der Ausgabe 11\/2016 als PDF-Download mit nachfolgendem Inhaltsverzeichnis:<\/p>\n","protected":false},"featured_media":13702,"template":"","meta":{"_acf_changed":false,"pgc_sgb_lightbox_settings":""},"product_brand":[],"product_cat":[1732,1727],"product_tag":[1719],"class_list":{"0":"post-13692","1":"product","2":"type-product","3":"status-publish","4":"has-post-thumbnail","6":"product_cat-die-baustellen","7":"product_cat-einzelausgaben","8":"product_tag-1719","10":"first","11":"instock","12":"downloadable","13":"virtual","14":"taxable","15":"purchasable","16":"product-type-simple"},"acf":[],"yoast_head":"<!-- This site is optimized with the Yoast SEO plugin v27.4 - https:\/\/yoast.com\/product\/yoast-seo-wordpress\/ -->\n<title>die baustellen 11\/2016 - fachbau.ch<\/title>\n<meta name=\"description\" content=\"Erhalte die deutschsprachige Fachzeitschrift \u00abdie baustellen\u00bb in der Ausgabe 11\/2016 als PDF-Download mit nachfolgendem Inhaltsverzeichnis:\" \/>\n<meta name=\"robots\" content=\"index, follow, max-snippet:-1, max-image-preview:large, max-video-preview:-1\" \/>\n<link rel=\"canonical\" href=\"http:\/\/www.fachbau.ch\/de\/de_de\/product\/die-baustellen-11-2016\/\" \/>\n<meta property=\"og:locale\" content=\"de_DE\" \/>\n<meta property=\"og:type\" content=\"article\" \/>\n<meta property=\"og:title\" content=\"die baustellen 11\/2016 - fachbau.ch\" \/>\n<meta property=\"og:description\" content=\"Erhalte die deutschsprachige Fachzeitschrift \u00abdie baustellen\u00bb in der Ausgabe 11\/2016 als PDF-Download mit nachfolgendem Inhaltsverzeichnis:\" \/>\n<meta property=\"og:url\" content=\"http:\/\/www.fachbau.ch\/de\/de_de\/product\/die-baustellen-11-2016\/\" \/>\n<meta property=\"og:site_name\" content=\"fachbau.ch\" \/>\n<meta property=\"og:image\" content=\"https:\/\/www.fachbau.ch\/wp-content\/uploads\/2022\/01\/die_baustellen_2016_11.png\" \/>\n\t<meta property=\"og:image:width\" content=\"654\" \/>\n\t<meta property=\"og:image:height\" content=\"370\" \/>\n\t<meta property=\"og:image:type\" content=\"image\/png\" \/>\n<meta name=\"twitter:card\" content=\"summary_large_image\" \/>\n<meta name=\"twitter:label1\" content=\"Gesch\u00e4tzte Lesezeit\" \/>\n\t<meta name=\"twitter:data1\" content=\"2\u00a0Minuten\" \/>\n<script type=\"application\/ld+json\" class=\"yoast-schema-graph\">{\"@context\":\"https:\\\/\\\/schema.org\",\"@graph\":[{\"@type\":\"WebPage\",\"@id\":\"http:\\\/\\\/www.fachbau.ch\\\/de_de\\\/product\\\/die-baustellen-11-2016\\\/\",\"url\":\"http:\\\/\\\/www.fachbau.ch\\\/de_de\\\/product\\\/die-baustellen-11-2016\\\/\",\"name\":\"die baustellen 11\\\/2016 - fachbau.ch\",\"isPartOf\":{\"@id\":\"https:\\\/\\\/www.fachbau.ch\\\/#website\"},\"primaryImageOfPage\":{\"@id\":\"http:\\\/\\\/www.fachbau.ch\\\/de_de\\\/product\\\/die-baustellen-11-2016\\\/#primaryimage\"},\"image\":{\"@id\":\"http:\\\/\\\/www.fachbau.ch\\\/de_de\\\/product\\\/die-baustellen-11-2016\\\/#primaryimage\"},\"thumbnailUrl\":\"https:\\\/\\\/www.fachbau.ch\\\/wp-content\\\/uploads\\\/2022\\\/01\\\/die_baustellen_2016_11.png\",\"datePublished\":\"2022-01-27T00:00:54+00:00\",\"description\":\"Erhalte die deutschsprachige Fachzeitschrift \u00abdie baustellen\u00bb in der Ausgabe 11\\\/2016 als PDF-Download mit nachfolgendem Inhaltsverzeichnis:\",\"breadcrumb\":{\"@id\":\"http:\\\/\\\/www.fachbau.ch\\\/de_de\\\/product\\\/die-baustellen-11-2016\\\/#breadcrumb\"},\"inLanguage\":\"de\",\"potentialAction\":[{\"@type\":\"ReadAction\",\"target\":[\"http:\\\/\\\/www.fachbau.ch\\\/de_de\\\/product\\\/die-baustellen-11-2016\\\/\"]}]},{\"@type\":\"ImageObject\",\"inLanguage\":\"de\",\"@id\":\"http:\\\/\\\/www.fachbau.ch\\\/de_de\\\/product\\\/die-baustellen-11-2016\\\/#primaryimage\",\"url\":\"https:\\\/\\\/www.fachbau.ch\\\/wp-content\\\/uploads\\\/2022\\\/01\\\/die_baustellen_2016_11.png\",\"contentUrl\":\"https:\\\/\\\/www.fachbau.ch\\\/wp-content\\\/uploads\\\/2022\\\/01\\\/die_baustellen_2016_11.png\",\"width\":654,\"height\":370},{\"@type\":\"BreadcrumbList\",\"@id\":\"http:\\\/\\\/www.fachbau.ch\\\/de_de\\\/product\\\/die-baustellen-11-2016\\\/#breadcrumb\",\"itemListElement\":[{\"@type\":\"ListItem\",\"position\":1,\"name\":\"Startseite\",\"item\":\"https:\\\/\\\/www.fachbau.ch\\\/\"},{\"@type\":\"ListItem\",\"position\":2,\"name\":\"Shop\",\"item\":\"https:\\\/\\\/www.fachbau.ch\\\/shop\\\/\"},{\"@type\":\"ListItem\",\"position\":3,\"name\":\"die baustellen 11\\\/2016\"}]},{\"@type\":\"WebSite\",\"@id\":\"https:\\\/\\\/www.fachbau.ch\\\/#website\",\"url\":\"https:\\\/\\\/www.fachbau.ch\\\/\",\"name\":\"fachbau.ch\",\"description\":\"Modernes, nachhaltiges Bauen.\",\"publisher\":{\"@id\":\"https:\\\/\\\/www.fachbau.ch\\\/#organization\"},\"potentialAction\":[{\"@type\":\"SearchAction\",\"target\":{\"@type\":\"EntryPoint\",\"urlTemplate\":\"https:\\\/\\\/www.fachbau.ch\\\/?s={search_term_string}\"},\"query-input\":{\"@type\":\"PropertyValueSpecification\",\"valueRequired\":true,\"valueName\":\"search_term_string\"}}],\"inLanguage\":\"de\"},{\"@type\":\"Organization\",\"@id\":\"https:\\\/\\\/www.fachbau.ch\\\/#organization\",\"name\":\"fachbau.ch\",\"url\":\"https:\\\/\\\/www.fachbau.ch\\\/\",\"logo\":{\"@type\":\"ImageObject\",\"inLanguage\":\"de\",\"@id\":\"https:\\\/\\\/www.fachbau.ch\\\/#\\\/schema\\\/logo\\\/image\\\/\",\"url\":\"https:\\\/\\\/www.fachbau.ch\\\/wp-content\\\/uploads\\\/2021\\\/12\\\/Logo_fachbau_ch.png\",\"contentUrl\":\"https:\\\/\\\/www.fachbau.ch\\\/wp-content\\\/uploads\\\/2021\\\/12\\\/Logo_fachbau_ch.png\",\"width\":283,\"height\":42,\"caption\":\"fachbau.ch\"},\"image\":{\"@id\":\"https:\\\/\\\/www.fachbau.ch\\\/#\\\/schema\\\/logo\\\/image\\\/\"}}]}<\/script>\n<!-- \/ Yoast SEO plugin. -->","yoast_head_json":{"title":"die baustellen 11\/2016 - fachbau.ch","description":"Erhalte die deutschsprachige Fachzeitschrift \u00abdie baustellen\u00bb in der Ausgabe 11\/2016 als PDF-Download mit nachfolgendem Inhaltsverzeichnis:","robots":{"index":"index","follow":"follow","max-snippet":"max-snippet:-1","max-image-preview":"max-image-preview:large","max-video-preview":"max-video-preview:-1"},"canonical":"http:\/\/www.fachbau.ch\/de\/de_de\/product\/die-baustellen-11-2016\/","og_locale":"de_DE","og_type":"article","og_title":"die baustellen 11\/2016 - fachbau.ch","og_description":"Erhalte die deutschsprachige Fachzeitschrift \u00abdie baustellen\u00bb in der Ausgabe 11\/2016 als PDF-Download mit nachfolgendem Inhaltsverzeichnis:","og_url":"http:\/\/www.fachbau.ch\/de\/de_de\/product\/die-baustellen-11-2016\/","og_site_name":"fachbau.ch","og_image":[{"width":654,"height":370,"url":"https:\/\/www.fachbau.ch\/wp-content\/uploads\/2022\/01\/die_baustellen_2016_11.png","type":"image\/png"}],"twitter_card":"summary_large_image","twitter_misc":{"Gesch\u00e4tzte Lesezeit":"2\u00a0Minuten"},"schema":{"@context":"https:\/\/schema.org","@graph":[{"@type":"WebPage","@id":"http:\/\/www.fachbau.ch\/de_de\/product\/die-baustellen-11-2016\/","url":"http:\/\/www.fachbau.ch\/de_de\/product\/die-baustellen-11-2016\/","name":"die baustellen 11\/2016 - fachbau.ch","isPartOf":{"@id":"https:\/\/www.fachbau.ch\/#website"},"primaryImageOfPage":{"@id":"http:\/\/www.fachbau.ch\/de_de\/product\/die-baustellen-11-2016\/#primaryimage"},"image":{"@id":"http:\/\/www.fachbau.ch\/de_de\/product\/die-baustellen-11-2016\/#primaryimage"},"thumbnailUrl":"https:\/\/www.fachbau.ch\/wp-content\/uploads\/2022\/01\/die_baustellen_2016_11.png","datePublished":"2022-01-27T00:00:54+00:00","description":"Erhalte die deutschsprachige Fachzeitschrift \u00abdie baustellen\u00bb in der Ausgabe 11\/2016 als PDF-Download mit nachfolgendem Inhaltsverzeichnis:","breadcrumb":{"@id":"http:\/\/www.fachbau.ch\/de_de\/product\/die-baustellen-11-2016\/#breadcrumb"},"inLanguage":"de","potentialAction":[{"@type":"ReadAction","target":["http:\/\/www.fachbau.ch\/de_de\/product\/die-baustellen-11-2016\/"]}]},{"@type":"ImageObject","inLanguage":"de","@id":"http:\/\/www.fachbau.ch\/de_de\/product\/die-baustellen-11-2016\/#primaryimage","url":"https:\/\/www.fachbau.ch\/wp-content\/uploads\/2022\/01\/die_baustellen_2016_11.png","contentUrl":"https:\/\/www.fachbau.ch\/wp-content\/uploads\/2022\/01\/die_baustellen_2016_11.png","width":654,"height":370},{"@type":"BreadcrumbList","@id":"http:\/\/www.fachbau.ch\/de_de\/product\/die-baustellen-11-2016\/#breadcrumb","itemListElement":[{"@type":"ListItem","position":1,"name":"Startseite","item":"https:\/\/www.fachbau.ch\/"},{"@type":"ListItem","position":2,"name":"Shop","item":"https:\/\/www.fachbau.ch\/shop\/"},{"@type":"ListItem","position":3,"name":"die baustellen 11\/2016"}]},{"@type":"WebSite","@id":"https:\/\/www.fachbau.ch\/#website","url":"https:\/\/www.fachbau.ch\/","name":"fachbau.ch","description":"Modernes, nachhaltiges Bauen.","publisher":{"@id":"https:\/\/www.fachbau.ch\/#organization"},"potentialAction":[{"@type":"SearchAction","target":{"@type":"EntryPoint","urlTemplate":"https:\/\/www.fachbau.ch\/?s={search_term_string}"},"query-input":{"@type":"PropertyValueSpecification","valueRequired":true,"valueName":"search_term_string"}}],"inLanguage":"de"},{"@type":"Organization","@id":"https:\/\/www.fachbau.ch\/#organization","name":"fachbau.ch","url":"https:\/\/www.fachbau.ch\/","logo":{"@type":"ImageObject","inLanguage":"de","@id":"https:\/\/www.fachbau.ch\/#\/schema\/logo\/image\/","url":"https:\/\/www.fachbau.ch\/wp-content\/uploads\/2021\/12\/Logo_fachbau_ch.png","contentUrl":"https:\/\/www.fachbau.ch\/wp-content\/uploads\/2021\/12\/Logo_fachbau_ch.png","width":283,"height":42,"caption":"fachbau.ch"},"image":{"@id":"https:\/\/www.fachbau.ch\/#\/schema\/logo\/image\/"}}]}},"_links":{"self":[{"href":"https:\/\/www.fachbau.ch\/de\/wp-json\/wp\/v2\/product\/13692","targetHints":{"allow":["GET"]}}],"collection":[{"href":"https:\/\/www.fachbau.ch\/de\/wp-json\/wp\/v2\/product"}],"about":[{"href":"https:\/\/www.fachbau.ch\/de\/wp-json\/wp\/v2\/types\/product"}],"wp:featuredmedia":[{"embeddable":true,"href":"https:\/\/www.fachbau.ch\/de\/wp-json\/wp\/v2\/media\/13702"}],"wp:attachment":[{"href":"https:\/\/www.fachbau.ch\/de\/wp-json\/wp\/v2\/media?parent=13692"}],"wp:term":[{"taxonomy":"product_brand","embeddable":true,"href":"https:\/\/www.fachbau.ch\/de\/wp-json\/wp\/v2\/product_brand?post=13692"},{"taxonomy":"product_cat","embeddable":true,"href":"https:\/\/www.fachbau.ch\/de\/wp-json\/wp\/v2\/product_cat?post=13692"},{"taxonomy":"product_tag","embeddable":true,"href":"https:\/\/www.fachbau.ch\/de\/wp-json\/wp\/v2\/product_tag?post=13692"}],"curies":[{"name":"wp","href":"https:\/\/api.w.org\/{rel}","templated":true}]}}