{"id":13674,"date":"2022-01-26T13:45:03","date_gmt":"2022-01-26T12:45:03","guid":{"rendered":"https:\/\/www.fachbau.ch\/?post_type=product&#038;p=13674"},"modified":"2022-01-26T13:45:03","modified_gmt":"2022-01-26T12:45:03","slug":"die-baustellen-4-2017","status":"publish","type":"product","link":"https:\/\/www.fachbau.ch\/de\/product\/die-baustellen-4-2017\/","title":{"rendered":"die baustellen 4\/2017"},"content":{"rendered":"<h2>BRANCHE<\/h2>\n<h2>kurz &amp; knapp<\/h2>\n<p>Wer was wo bewegt: Kurznachrichten f\u00fcr die Bauwelt.<\/p>\n<h2>fokus<\/h2>\n<p>Der Schweizer Pionier fabriziert Teile in hochfestem Beton.<\/p>\n<h2>baukonjunktur<\/h2>\n<p>Immobilien als Anlage: der aktuelle Stand in der Schweiz.<\/p>\n<h2>verbandsinformation gsgi<\/h2>\n<p>Geb\u00e4udeeffizienz unterst\u00fctzt die Energiestrategie des Bundes.<\/p>\n<h2>projekte<\/h2>\n<p>Vom Schulw\u00fcrfel bis zum Ende eines Provisoriums.<\/p>\n<h2>bauen im ausland<\/h2>\n<p>Leitungssanierung unter dem schwankenden Wasserlevel Venedigs.<\/p>\n<h2>baugeschichte<\/h2>\n<p>Wie der Kanton Jura seine Autobahn erk\u00e4mpfte.<\/p>\n<h2>TECHNIK<\/h2>\n<h2>minibagger<\/h2>\n<p>Die Kleinen erledigen den Job auch mit elektrischem Antrieb.<br \/>\nWas die Minibagger leisten: eine aktuelle Markt\u00fcbersicht.<\/p>\n<h2>baumaschinen<\/h2>\n<p>Besuch in der Produktion von Strassenbaumaschinen.<\/p>\n<h2>betonschalung<\/h2>\n<ul>\n<li>Erh\u00e4rten, Schmelzen und Formen: Wachs im Schalungsbau.<\/li>\n<li>Vom Tunnelgew\u00f6lbe bis zum Schnellbausystem:<br \/>\nPraxisberichte.<\/li>\n<\/ul>\n<h2>ger\u00fcstbau<\/h2>\n<p>F\u00fcnfzig Meter am Br\u00fcckenpfeiler und ein Schutzdach f\u00fcr die Restauration.<\/p>\n<h2>baumaterial<\/h2>\n<p>Perforierte Klinkerfassade f\u00fcr den \u00abTate Modern\u00bb-Anbau.<br \/>\nWie Mikroaufnahmen vom Materialinneren auf den Monitor gelangen.<\/p>\n<h2>veranstaltung<\/h2>\n<ul>\n<li>176 16. Mai 2017: \u00abTief.Bau.Tex.4\u00bb zum Bauen mit<br \/>\nGeokunststoffen in Chur.<\/li>\n<li>23. M\u00e4rz 2017: Momentaufnahme auf der Umfahrung Z\u00fcrich Nord.<\/li>\n<\/ul>\n<h2>baustellen<\/h2>\n<ul>\n<li>Die Stadt Uster baut ihr Zentrum neu.<\/li>\n<li>Bezirk Uster: Wohnbausiedlung in M\u00f6nchaltdorf f\u00fcr Stadt und Land.<\/li>\n<li>Digitale Bauweise dient dem Spitalbetrieb.<\/li>\n<\/ul>\n<h2>MANAGEMENT<\/h2>\n<h2>nutzfahrzeuge<\/h2>\n<p>In eine neue Fahrzeug- und Baumaschinenflotte investiert.<\/p>\n<h2>bausoftware<\/h2>\n<p>\u00abSoftware Contest\u00bb vergleicht ERP-Systeme.<br \/>\nAuf der Baustelle und im Fahrzeug: die digitalen Helfer sind dabei.<\/p>\n<h2>agenda<\/h2>\n<p>Interessante Anl\u00e4sse beleben die Bauagenda.<\/p>\n<h2>kolumne<\/h2>\n<ul>\n<li>K\u00fcnstliche Intelligenz zur Diskussion.<\/li>\n<li>Sozial vernetzt zum Mitarbeiter.<\/li>\n<li>Wie viel z\u00e4hlt der erste Eindruck?<\/li>\n<\/ul>\n<h2>baukarriere<\/h2>\n<ul>\n<li>Offene Stellen: Hier l\u00e4sst sich das Gelernte umsetzen.<\/li>\n<li>Bauschule Aarau bringt 120 frische Kaderleute auf den Bauplatz.<\/li>\n<li>Sechs Ehemalige berichten: Von der Baulehre in die Karriere gestartet.<\/li>\n<li>Auch Baustellen-Signalisation will gelernt sein.<\/li>\n<li>Ein Asbestsanierer bringt Vorteile in die Baufirma.<\/li>\n<li>131 2. November 2017: Vorhang auf f\u00fcr den Cadre d\u2019Or im<\/li>\n<li>Campus Sursee.<\/li>\n<\/ul>\n<h2>sieben-fragen-interview<\/h2>\n<p>Mit der Systemschalung erfolgt eine Gesamtleistung.<\/p>\n<h2>SERVICE<\/h2>\n<h2>verbandsnachrichten<\/h2>\n<p>Was die Verb\u00e4nde derzeit bereithalten und wo sie sich engagieren.<\/p>\n<h2>recht &amp; rekord<\/h2>\n<p>text \u2026 folgt am Montag<\/p>\n<h2>bezugsquellen<\/h2>\n<p>Wo die Bauschaffenden Produkte und Service erhalten.<\/p>\n<h2>blickpunkt<\/h2>\n<p>Wie Globi zur ETH kam.<\/p>\n","protected":false},"excerpt":{"rendered":"<p>Erhalte die deutschsprachige Fachzeitschrift \u00abdie baustellen\u00bb in der Ausgabe 4\/2017 als PDF-Download mit nachfolgendem Inhaltsverzeichnis:<\/p>\n","protected":false},"featured_media":13678,"template":"","meta":{"_acf_changed":false,"pgc_sgb_lightbox_settings":""},"product_brand":[],"product_cat":[1732,1727],"product_tag":[1720],"class_list":{"0":"post-13674","1":"product","2":"type-product","3":"status-publish","4":"has-post-thumbnail","6":"product_cat-die-baustellen","7":"product_cat-einzelausgaben","8":"product_tag-1720","10":"first","11":"instock","12":"downloadable","13":"virtual","14":"taxable","15":"purchasable","16":"product-type-simple"},"acf":[],"yoast_head":"<!-- This site is optimized with the Yoast SEO plugin v27.4 - https:\/\/yoast.com\/product\/yoast-seo-wordpress\/ -->\n<title>die baustellen 4\/2017 - fachbau.ch<\/title>\n<meta name=\"description\" content=\"Erhalte die deutschsprachige Fachzeitschrift \u00abdie baustellen\u00bb in der Ausgabe 4\/2017 als PDF-Download mit nachfolgendem Inhaltsverzeichnis:\" \/>\n<meta name=\"robots\" content=\"index, follow, max-snippet:-1, max-image-preview:large, max-video-preview:-1\" \/>\n<link rel=\"canonical\" href=\"http:\/\/www.fachbau.ch\/de\/de_de\/product\/die-baustellen-4-2017\/\" \/>\n<meta property=\"og:locale\" content=\"de_DE\" \/>\n<meta property=\"og:type\" content=\"article\" \/>\n<meta property=\"og:title\" content=\"die baustellen 4\/2017 - fachbau.ch\" \/>\n<meta property=\"og:description\" content=\"Erhalte die deutschsprachige Fachzeitschrift \u00abdie baustellen\u00bb in der Ausgabe 4\/2017 als PDF-Download mit nachfolgendem Inhaltsverzeichnis:\" \/>\n<meta property=\"og:url\" content=\"http:\/\/www.fachbau.ch\/de\/de_de\/product\/die-baustellen-4-2017\/\" \/>\n<meta property=\"og:site_name\" content=\"fachbau.ch\" \/>\n<meta property=\"og:image\" content=\"https:\/\/www.fachbau.ch\/wp-content\/uploads\/2022\/01\/die_baustellen_2017_4.png\" \/>\n\t<meta property=\"og:image:width\" content=\"654\" \/>\n\t<meta property=\"og:image:height\" content=\"370\" \/>\n\t<meta property=\"og:image:type\" content=\"image\/png\" \/>\n<meta name=\"twitter:card\" content=\"summary_large_image\" \/>\n<meta name=\"twitter:label1\" content=\"Gesch\u00e4tzte Lesezeit\" \/>\n\t<meta name=\"twitter:data1\" content=\"2\u00a0Minuten\" \/>\n<script type=\"application\/ld+json\" class=\"yoast-schema-graph\">{\"@context\":\"https:\\\/\\\/schema.org\",\"@graph\":[{\"@type\":\"WebPage\",\"@id\":\"http:\\\/\\\/www.fachbau.ch\\\/de_de\\\/product\\\/die-baustellen-4-2017\\\/\",\"url\":\"http:\\\/\\\/www.fachbau.ch\\\/de_de\\\/product\\\/die-baustellen-4-2017\\\/\",\"name\":\"die baustellen 4\\\/2017 - fachbau.ch\",\"isPartOf\":{\"@id\":\"https:\\\/\\\/www.fachbau.ch\\\/#website\"},\"primaryImageOfPage\":{\"@id\":\"http:\\\/\\\/www.fachbau.ch\\\/de_de\\\/product\\\/die-baustellen-4-2017\\\/#primaryimage\"},\"image\":{\"@id\":\"http:\\\/\\\/www.fachbau.ch\\\/de_de\\\/product\\\/die-baustellen-4-2017\\\/#primaryimage\"},\"thumbnailUrl\":\"https:\\\/\\\/www.fachbau.ch\\\/wp-content\\\/uploads\\\/2022\\\/01\\\/die_baustellen_2017_4.png\",\"datePublished\":\"2022-01-26T12:45:03+00:00\",\"description\":\"Erhalte die deutschsprachige Fachzeitschrift \u00abdie baustellen\u00bb in der Ausgabe 4\\\/2017 als PDF-Download mit nachfolgendem Inhaltsverzeichnis:\",\"breadcrumb\":{\"@id\":\"http:\\\/\\\/www.fachbau.ch\\\/de_de\\\/product\\\/die-baustellen-4-2017\\\/#breadcrumb\"},\"inLanguage\":\"de\",\"potentialAction\":[{\"@type\":\"ReadAction\",\"target\":[\"http:\\\/\\\/www.fachbau.ch\\\/de_de\\\/product\\\/die-baustellen-4-2017\\\/\"]}]},{\"@type\":\"ImageObject\",\"inLanguage\":\"de\",\"@id\":\"http:\\\/\\\/www.fachbau.ch\\\/de_de\\\/product\\\/die-baustellen-4-2017\\\/#primaryimage\",\"url\":\"https:\\\/\\\/www.fachbau.ch\\\/wp-content\\\/uploads\\\/2022\\\/01\\\/die_baustellen_2017_4.png\",\"contentUrl\":\"https:\\\/\\\/www.fachbau.ch\\\/wp-content\\\/uploads\\\/2022\\\/01\\\/die_baustellen_2017_4.png\",\"width\":654,\"height\":370},{\"@type\":\"BreadcrumbList\",\"@id\":\"http:\\\/\\\/www.fachbau.ch\\\/de_de\\\/product\\\/die-baustellen-4-2017\\\/#breadcrumb\",\"itemListElement\":[{\"@type\":\"ListItem\",\"position\":1,\"name\":\"Startseite\",\"item\":\"https:\\\/\\\/www.fachbau.ch\\\/\"},{\"@type\":\"ListItem\",\"position\":2,\"name\":\"Shop\",\"item\":\"https:\\\/\\\/www.fachbau.ch\\\/shop\\\/\"},{\"@type\":\"ListItem\",\"position\":3,\"name\":\"die baustellen 4\\\/2017\"}]},{\"@type\":\"WebSite\",\"@id\":\"https:\\\/\\\/www.fachbau.ch\\\/#website\",\"url\":\"https:\\\/\\\/www.fachbau.ch\\\/\",\"name\":\"fachbau.ch\",\"description\":\"Modernes, nachhaltiges Bauen.\",\"publisher\":{\"@id\":\"https:\\\/\\\/www.fachbau.ch\\\/#organization\"},\"potentialAction\":[{\"@type\":\"SearchAction\",\"target\":{\"@type\":\"EntryPoint\",\"urlTemplate\":\"https:\\\/\\\/www.fachbau.ch\\\/?s={search_term_string}\"},\"query-input\":{\"@type\":\"PropertyValueSpecification\",\"valueRequired\":true,\"valueName\":\"search_term_string\"}}],\"inLanguage\":\"de\"},{\"@type\":\"Organization\",\"@id\":\"https:\\\/\\\/www.fachbau.ch\\\/#organization\",\"name\":\"fachbau.ch\",\"url\":\"https:\\\/\\\/www.fachbau.ch\\\/\",\"logo\":{\"@type\":\"ImageObject\",\"inLanguage\":\"de\",\"@id\":\"https:\\\/\\\/www.fachbau.ch\\\/#\\\/schema\\\/logo\\\/image\\\/\",\"url\":\"https:\\\/\\\/www.fachbau.ch\\\/wp-content\\\/uploads\\\/2021\\\/12\\\/Logo_fachbau_ch.png\",\"contentUrl\":\"https:\\\/\\\/www.fachbau.ch\\\/wp-content\\\/uploads\\\/2021\\\/12\\\/Logo_fachbau_ch.png\",\"width\":283,\"height\":42,\"caption\":\"fachbau.ch\"},\"image\":{\"@id\":\"https:\\\/\\\/www.fachbau.ch\\\/#\\\/schema\\\/logo\\\/image\\\/\"}}]}<\/script>\n<!-- \/ Yoast SEO plugin. -->","yoast_head_json":{"title":"die baustellen 4\/2017 - fachbau.ch","description":"Erhalte die deutschsprachige Fachzeitschrift \u00abdie baustellen\u00bb in der Ausgabe 4\/2017 als PDF-Download mit nachfolgendem Inhaltsverzeichnis:","robots":{"index":"index","follow":"follow","max-snippet":"max-snippet:-1","max-image-preview":"max-image-preview:large","max-video-preview":"max-video-preview:-1"},"canonical":"http:\/\/www.fachbau.ch\/de\/de_de\/product\/die-baustellen-4-2017\/","og_locale":"de_DE","og_type":"article","og_title":"die baustellen 4\/2017 - fachbau.ch","og_description":"Erhalte die deutschsprachige Fachzeitschrift \u00abdie baustellen\u00bb in der Ausgabe 4\/2017 als PDF-Download mit nachfolgendem Inhaltsverzeichnis:","og_url":"http:\/\/www.fachbau.ch\/de\/de_de\/product\/die-baustellen-4-2017\/","og_site_name":"fachbau.ch","og_image":[{"width":654,"height":370,"url":"https:\/\/www.fachbau.ch\/wp-content\/uploads\/2022\/01\/die_baustellen_2017_4.png","type":"image\/png"}],"twitter_card":"summary_large_image","twitter_misc":{"Gesch\u00e4tzte Lesezeit":"2\u00a0Minuten"},"schema":{"@context":"https:\/\/schema.org","@graph":[{"@type":"WebPage","@id":"http:\/\/www.fachbau.ch\/de_de\/product\/die-baustellen-4-2017\/","url":"http:\/\/www.fachbau.ch\/de_de\/product\/die-baustellen-4-2017\/","name":"die baustellen 4\/2017 - fachbau.ch","isPartOf":{"@id":"https:\/\/www.fachbau.ch\/#website"},"primaryImageOfPage":{"@id":"http:\/\/www.fachbau.ch\/de_de\/product\/die-baustellen-4-2017\/#primaryimage"},"image":{"@id":"http:\/\/www.fachbau.ch\/de_de\/product\/die-baustellen-4-2017\/#primaryimage"},"thumbnailUrl":"https:\/\/www.fachbau.ch\/wp-content\/uploads\/2022\/01\/die_baustellen_2017_4.png","datePublished":"2022-01-26T12:45:03+00:00","description":"Erhalte die deutschsprachige Fachzeitschrift \u00abdie baustellen\u00bb in der Ausgabe 4\/2017 als PDF-Download mit nachfolgendem Inhaltsverzeichnis:","breadcrumb":{"@id":"http:\/\/www.fachbau.ch\/de_de\/product\/die-baustellen-4-2017\/#breadcrumb"},"inLanguage":"de","potentialAction":[{"@type":"ReadAction","target":["http:\/\/www.fachbau.ch\/de_de\/product\/die-baustellen-4-2017\/"]}]},{"@type":"ImageObject","inLanguage":"de","@id":"http:\/\/www.fachbau.ch\/de_de\/product\/die-baustellen-4-2017\/#primaryimage","url":"https:\/\/www.fachbau.ch\/wp-content\/uploads\/2022\/01\/die_baustellen_2017_4.png","contentUrl":"https:\/\/www.fachbau.ch\/wp-content\/uploads\/2022\/01\/die_baustellen_2017_4.png","width":654,"height":370},{"@type":"BreadcrumbList","@id":"http:\/\/www.fachbau.ch\/de_de\/product\/die-baustellen-4-2017\/#breadcrumb","itemListElement":[{"@type":"ListItem","position":1,"name":"Startseite","item":"https:\/\/www.fachbau.ch\/"},{"@type":"ListItem","position":2,"name":"Shop","item":"https:\/\/www.fachbau.ch\/shop\/"},{"@type":"ListItem","position":3,"name":"die baustellen 4\/2017"}]},{"@type":"WebSite","@id":"https:\/\/www.fachbau.ch\/#website","url":"https:\/\/www.fachbau.ch\/","name":"fachbau.ch","description":"Modernes, nachhaltiges Bauen.","publisher":{"@id":"https:\/\/www.fachbau.ch\/#organization"},"potentialAction":[{"@type":"SearchAction","target":{"@type":"EntryPoint","urlTemplate":"https:\/\/www.fachbau.ch\/?s={search_term_string}"},"query-input":{"@type":"PropertyValueSpecification","valueRequired":true,"valueName":"search_term_string"}}],"inLanguage":"de"},{"@type":"Organization","@id":"https:\/\/www.fachbau.ch\/#organization","name":"fachbau.ch","url":"https:\/\/www.fachbau.ch\/","logo":{"@type":"ImageObject","inLanguage":"de","@id":"https:\/\/www.fachbau.ch\/#\/schema\/logo\/image\/","url":"https:\/\/www.fachbau.ch\/wp-content\/uploads\/2021\/12\/Logo_fachbau_ch.png","contentUrl":"https:\/\/www.fachbau.ch\/wp-content\/uploads\/2021\/12\/Logo_fachbau_ch.png","width":283,"height":42,"caption":"fachbau.ch"},"image":{"@id":"https:\/\/www.fachbau.ch\/#\/schema\/logo\/image\/"}}]}},"_links":{"self":[{"href":"https:\/\/www.fachbau.ch\/de\/wp-json\/wp\/v2\/product\/13674","targetHints":{"allow":["GET"]}}],"collection":[{"href":"https:\/\/www.fachbau.ch\/de\/wp-json\/wp\/v2\/product"}],"about":[{"href":"https:\/\/www.fachbau.ch\/de\/wp-json\/wp\/v2\/types\/product"}],"wp:featuredmedia":[{"embeddable":true,"href":"https:\/\/www.fachbau.ch\/de\/wp-json\/wp\/v2\/media\/13678"}],"wp:attachment":[{"href":"https:\/\/www.fachbau.ch\/de\/wp-json\/wp\/v2\/media?parent=13674"}],"wp:term":[{"taxonomy":"product_brand","embeddable":true,"href":"https:\/\/www.fachbau.ch\/de\/wp-json\/wp\/v2\/product_brand?post=13674"},{"taxonomy":"product_cat","embeddable":true,"href":"https:\/\/www.fachbau.ch\/de\/wp-json\/wp\/v2\/product_cat?post=13674"},{"taxonomy":"product_tag","embeddable":true,"href":"https:\/\/www.fachbau.ch\/de\/wp-json\/wp\/v2\/product_tag?post=13674"}],"curies":[{"name":"wp","href":"https:\/\/api.w.org\/{rel}","templated":true}]}}