{"id":13670,"date":"2022-01-26T13:29:57","date_gmt":"2022-01-26T12:29:57","guid":{"rendered":"https:\/\/www.fachbau.ch\/?post_type=product&#038;p=13670"},"modified":"2022-01-26T13:29:57","modified_gmt":"2022-01-26T12:29:57","slug":"die-baustellen-5-2017","status":"publish","type":"product","link":"https:\/\/www.fachbau.ch\/de\/product\/die-baustellen-5-2017\/","title":{"rendered":"die baustellen 5\/2017"},"content":{"rendered":"<h2>kurz &amp; knapp<\/h2>\n<p>Aktuell: Kurznachrichten aus dem Bauhauptgewerbe.<\/p>\n<h2>fokus<\/h2>\n<p>Stiftungspr\u00e4sident Urs von Arx:<\/p>\n<p>Was der \u00abBuilding-Award\u00bb bedeutet.<\/p>\n<h2>baukonjunktur<\/h2>\n<p>Schweizer Gewerbespiegel und Immobilienanlagen.<\/p>\n<h2>entwicklung schweiz<\/h2>\n<p>Siedlung \u00abSandacher\u00bb: ein Beispiel f\u00fcr nachhaltigen Wohnungsbau.<\/p>\n<h2>projekte<\/h2>\n<p>Ehrw\u00fcrdige Substanz und moderne Kuben sind im Bau.<\/p>\n<h2>bauen im ausland<\/h2>\n<p>Schweizer Strassenbauer verbessern das Berufs- image in Bhutan.<\/p>\n<h2>baugeschichte<\/h2>\n<p>Wiederaufbau in Berlin: Kaiserschloss wird zum Stadtschloss.<\/p>\n<p>interview Die Initiatoren und Organisatoren erkl\u00e4ren den Swiss Tunnel Congress.<\/p>\n<h2>TECHNIK<\/h2>\n<h2>tunnelbau<\/h2>\n<p>Die SBB realisieren 4-Meter-Korridor durch den B\u00f6zbergtunnel.<\/p>\n<h2>r\u00fcckbau<\/h2>\n<ul>\n<li>Recyclingwirtschaft: Was macht die Schweiz, was macht Deutschland?<\/li>\n<li>Die schweizweit neuartige Metallaufbereitungsanlage ist er\u00f6ffnet.<\/li>\n<li>Longfront-Abbruchbagger erledigen den R\u00fcckbau aus dem Stand.<\/li>\n<\/ul>\n<h2>baumaschinen<\/h2>\n<p>Erlebnisbericht vom Modellbautag im Ebianum Fisibach.<\/p>\n<h2>sprengarbeiten<\/h2>\n<p>Entgegen allen Vorurteilen: Sprengen ist effizient und nervschonend.<\/p>\n<h2>baustoffe<\/h2>\n<p>Forscherteam erstellt Memory-Formen f\u00fcr den 3-D-Druck.<\/p>\n<h2>korrosionsschutz<\/h2>\n<p>Eine kathodische Schutzanlage erh\u00e4lt das Wasserbauwerk.<\/p>\n<h2>vorfabrikation<\/h2>\n<ul>\n<li>Der Express-St\u00fctzen-Service ist online erreichbar.<\/li>\n<li>Vorgespannte Betonelemente erm\u00f6glichen schlanke Bauk\u00f6rper.<\/li>\n<li>Effizient und ruhig: Die Pfahlschraube aus hochfestem Stahlbeton.<\/li>\n<li>Bericht zum Bewehrungsstahltag: Ver\u00e4nderte Rahmen- bedingungen.<\/li>\n<\/ul>\n<h2>digitales bauen<\/h2>\n<ul>\n<li>Mit neuster Technik kommt das Holografiebild auf den Bauplatz.<\/li>\n<li>Deutsche Materialforscher entwickeln die Bauteil\u00fcberwachung mit RFID.<\/li>\n<li>Die schnelle Echtzeitvermessung \u00fcbernehmen die Drohnen.<\/li>\n<\/ul>\n<h2>baustelle<\/h2>\n<p>Schlotterbeck: Urbaner Wohnraum im geschichtstr\u00e4chtigen Geb\u00e4ude.<\/p>\n<p>Andreasturm: 80-Meter-Hochhaus f\u00fchrt direkt in die Bahnhofspassage.<\/p>\n<h2>suisse public<\/h2>\n<p>Bernexpo, 13. bis 16. Juni 2017: Die Show f\u00fcr den \u00f6ffentlichen Dienst.<\/p>\n<h2>MANAGEMENT<\/h2>\n<h2>kolumne<\/h2>\n<ul>\n<li>Webelemente und -komponenten statt Pixeldesign.<\/li>\n<li>Bestimmte Fragen f\u00fcr das Bauchgef\u00fchl.<\/li>\n<li>Wie man Fachkr\u00e4fte f\u00fcr den Job beurteilt.<\/li>\n<\/ul>\n<h2>agenda<\/h2>\n<p>Lehrreich bis unterhaltsam: Veranstaltungen f\u00fcr den Bauprofi.<\/p>\n<h2>baukarriere<\/h2>\n<p>Neue Herausforderungen erwarten die Bauprofis.<\/p>\n<p>Die richtige Ausbildung zur Gesch\u00e4ftsf\u00fchrung finden.<\/p>\n<h2>sieben-fragen-interview<\/h2>\n<p>Infra Suisse: Das besch\u00e4ftigt den Schweizer Infrastrukturbau.<\/p>\n<h2>SERVICE<\/h2>\n<h2><code>verbandsnachrichten<\/code><\/h2>\n<p>Positionen und Aktivit\u00e4ten f\u00fcrs Image und f\u00fcr starke Unternehmen.<\/p>\n<h2>recht &amp; rekord<\/h2>\n<p>Wie Abfall zu behandeln ist und wer mehr Parkpl\u00e4tze hat.<\/p>\n<h2>bezugsquellen<\/h2>\n<p>Der Marktplatz mit den Baudienstleistungen und Bauprodukten.<\/p>\n<h2>blickpunkt<\/h2>\n<p>Vom Matrosen zum Flusskapit\u00e4n und zum Wasserbau.<\/p>\n","protected":false},"excerpt":{"rendered":"<p>Erhalte die deutschsprachige Fachzeitschrift \u00abdie baustellen\u00bb in der Ausgabe 5\/2017 als PDF-Download mit nachfolgendem Inhaltsverzeichnis:<\/p>\n","protected":false},"featured_media":13672,"template":"","meta":{"_acf_changed":false,"pgc_sgb_lightbox_settings":""},"product_brand":[],"product_cat":[1732,1727],"product_tag":[1720],"class_list":{"0":"post-13670","1":"product","2":"type-product","3":"status-publish","4":"has-post-thumbnail","6":"product_cat-die-baustellen","7":"product_cat-einzelausgaben","8":"product_tag-1720","10":"first","11":"instock","12":"downloadable","13":"virtual","14":"taxable","15":"purchasable","16":"product-type-simple"},"acf":[],"yoast_head":"<!-- This site is optimized with the Yoast SEO plugin v27.4 - https:\/\/yoast.com\/product\/yoast-seo-wordpress\/ -->\n<title>die baustellen 5\/2017 - fachbau.ch<\/title>\n<meta name=\"description\" content=\"Erhalte die deutschsprachige Fachzeitschrift \u00abdie baustellen\u00bb in der Ausgabe 5\/2017 als PDF-Download mit nachfolgendem Inhaltsverzeichnis:\" \/>\n<meta name=\"robots\" content=\"index, follow, max-snippet:-1, max-image-preview:large, max-video-preview:-1\" \/>\n<link rel=\"canonical\" href=\"http:\/\/www.fachbau.ch\/de\/de_de\/product\/die-baustellen-5-2017\/\" \/>\n<meta property=\"og:locale\" content=\"de_DE\" \/>\n<meta property=\"og:type\" content=\"article\" \/>\n<meta property=\"og:title\" content=\"die baustellen 5\/2017 - fachbau.ch\" \/>\n<meta property=\"og:description\" content=\"Erhalte die deutschsprachige Fachzeitschrift \u00abdie baustellen\u00bb in der Ausgabe 5\/2017 als PDF-Download mit nachfolgendem Inhaltsverzeichnis:\" \/>\n<meta property=\"og:url\" content=\"http:\/\/www.fachbau.ch\/de\/de_de\/product\/die-baustellen-5-2017\/\" \/>\n<meta property=\"og:site_name\" content=\"fachbau.ch\" \/>\n<meta name=\"twitter:card\" content=\"summary_large_image\" \/>\n<meta name=\"twitter:label1\" content=\"Gesch\u00e4tzte Lesezeit\" \/>\n\t<meta name=\"twitter:data1\" content=\"2\u00a0Minuten\" \/>\n<script type=\"application\/ld+json\" class=\"yoast-schema-graph\">{\"@context\":\"https:\\\/\\\/schema.org\",\"@graph\":[{\"@type\":\"WebPage\",\"@id\":\"http:\\\/\\\/www.fachbau.ch\\\/de_de\\\/product\\\/die-baustellen-5-2017\\\/\",\"url\":\"http:\\\/\\\/www.fachbau.ch\\\/de_de\\\/product\\\/die-baustellen-5-2017\\\/\",\"name\":\"die baustellen 5\\\/2017 - fachbau.ch\",\"isPartOf\":{\"@id\":\"https:\\\/\\\/www.fachbau.ch\\\/#website\"},\"primaryImageOfPage\":{\"@id\":\"http:\\\/\\\/www.fachbau.ch\\\/de_de\\\/product\\\/die-baustellen-5-2017\\\/#primaryimage\"},\"image\":{\"@id\":\"http:\\\/\\\/www.fachbau.ch\\\/de_de\\\/product\\\/die-baustellen-5-2017\\\/#primaryimage\"},\"thumbnailUrl\":\"\",\"datePublished\":\"2022-01-26T12:29:57+00:00\",\"description\":\"Erhalte die deutschsprachige Fachzeitschrift \u00abdie baustellen\u00bb in der Ausgabe 5\\\/2017 als PDF-Download mit nachfolgendem Inhaltsverzeichnis:\",\"breadcrumb\":{\"@id\":\"http:\\\/\\\/www.fachbau.ch\\\/de_de\\\/product\\\/die-baustellen-5-2017\\\/#breadcrumb\"},\"inLanguage\":\"de\",\"potentialAction\":[{\"@type\":\"ReadAction\",\"target\":[\"http:\\\/\\\/www.fachbau.ch\\\/de_de\\\/product\\\/die-baustellen-5-2017\\\/\"]}]},{\"@type\":\"ImageObject\",\"inLanguage\":\"de\",\"@id\":\"http:\\\/\\\/www.fachbau.ch\\\/de_de\\\/product\\\/die-baustellen-5-2017\\\/#primaryimage\",\"url\":\"\",\"contentUrl\":\"\"},{\"@type\":\"BreadcrumbList\",\"@id\":\"http:\\\/\\\/www.fachbau.ch\\\/de_de\\\/product\\\/die-baustellen-5-2017\\\/#breadcrumb\",\"itemListElement\":[{\"@type\":\"ListItem\",\"position\":1,\"name\":\"Startseite\",\"item\":\"https:\\\/\\\/www.fachbau.ch\\\/\"},{\"@type\":\"ListItem\",\"position\":2,\"name\":\"Shop\",\"item\":\"https:\\\/\\\/www.fachbau.ch\\\/shop\\\/\"},{\"@type\":\"ListItem\",\"position\":3,\"name\":\"die baustellen 5\\\/2017\"}]},{\"@type\":\"WebSite\",\"@id\":\"https:\\\/\\\/www.fachbau.ch\\\/#website\",\"url\":\"https:\\\/\\\/www.fachbau.ch\\\/\",\"name\":\"fachbau.ch\",\"description\":\"Modernes, nachhaltiges Bauen.\",\"publisher\":{\"@id\":\"https:\\\/\\\/www.fachbau.ch\\\/#organization\"},\"potentialAction\":[{\"@type\":\"SearchAction\",\"target\":{\"@type\":\"EntryPoint\",\"urlTemplate\":\"https:\\\/\\\/www.fachbau.ch\\\/?s={search_term_string}\"},\"query-input\":{\"@type\":\"PropertyValueSpecification\",\"valueRequired\":true,\"valueName\":\"search_term_string\"}}],\"inLanguage\":\"de\"},{\"@type\":\"Organization\",\"@id\":\"https:\\\/\\\/www.fachbau.ch\\\/#organization\",\"name\":\"fachbau.ch\",\"url\":\"https:\\\/\\\/www.fachbau.ch\\\/\",\"logo\":{\"@type\":\"ImageObject\",\"inLanguage\":\"de\",\"@id\":\"https:\\\/\\\/www.fachbau.ch\\\/#\\\/schema\\\/logo\\\/image\\\/\",\"url\":\"https:\\\/\\\/www.fachbau.ch\\\/wp-content\\\/uploads\\\/2021\\\/12\\\/Logo_fachbau_ch.png\",\"contentUrl\":\"https:\\\/\\\/www.fachbau.ch\\\/wp-content\\\/uploads\\\/2021\\\/12\\\/Logo_fachbau_ch.png\",\"width\":283,\"height\":42,\"caption\":\"fachbau.ch\"},\"image\":{\"@id\":\"https:\\\/\\\/www.fachbau.ch\\\/#\\\/schema\\\/logo\\\/image\\\/\"}}]}<\/script>\n<!-- \/ Yoast SEO plugin. -->","yoast_head_json":{"title":"die baustellen 5\/2017 - fachbau.ch","description":"Erhalte die deutschsprachige Fachzeitschrift \u00abdie baustellen\u00bb in der Ausgabe 5\/2017 als PDF-Download mit nachfolgendem Inhaltsverzeichnis:","robots":{"index":"index","follow":"follow","max-snippet":"max-snippet:-1","max-image-preview":"max-image-preview:large","max-video-preview":"max-video-preview:-1"},"canonical":"http:\/\/www.fachbau.ch\/de\/de_de\/product\/die-baustellen-5-2017\/","og_locale":"de_DE","og_type":"article","og_title":"die baustellen 5\/2017 - fachbau.ch","og_description":"Erhalte die deutschsprachige Fachzeitschrift \u00abdie baustellen\u00bb in der Ausgabe 5\/2017 als PDF-Download mit nachfolgendem Inhaltsverzeichnis:","og_url":"http:\/\/www.fachbau.ch\/de\/de_de\/product\/die-baustellen-5-2017\/","og_site_name":"fachbau.ch","twitter_card":"summary_large_image","twitter_misc":{"Gesch\u00e4tzte Lesezeit":"2\u00a0Minuten"},"schema":{"@context":"https:\/\/schema.org","@graph":[{"@type":"WebPage","@id":"http:\/\/www.fachbau.ch\/de_de\/product\/die-baustellen-5-2017\/","url":"http:\/\/www.fachbau.ch\/de_de\/product\/die-baustellen-5-2017\/","name":"die baustellen 5\/2017 - fachbau.ch","isPartOf":{"@id":"https:\/\/www.fachbau.ch\/#website"},"primaryImageOfPage":{"@id":"http:\/\/www.fachbau.ch\/de_de\/product\/die-baustellen-5-2017\/#primaryimage"},"image":{"@id":"http:\/\/www.fachbau.ch\/de_de\/product\/die-baustellen-5-2017\/#primaryimage"},"thumbnailUrl":"","datePublished":"2022-01-26T12:29:57+00:00","description":"Erhalte die deutschsprachige Fachzeitschrift \u00abdie baustellen\u00bb in der Ausgabe 5\/2017 als PDF-Download mit nachfolgendem Inhaltsverzeichnis:","breadcrumb":{"@id":"http:\/\/www.fachbau.ch\/de_de\/product\/die-baustellen-5-2017\/#breadcrumb"},"inLanguage":"de","potentialAction":[{"@type":"ReadAction","target":["http:\/\/www.fachbau.ch\/de_de\/product\/die-baustellen-5-2017\/"]}]},{"@type":"ImageObject","inLanguage":"de","@id":"http:\/\/www.fachbau.ch\/de_de\/product\/die-baustellen-5-2017\/#primaryimage","url":"","contentUrl":""},{"@type":"BreadcrumbList","@id":"http:\/\/www.fachbau.ch\/de_de\/product\/die-baustellen-5-2017\/#breadcrumb","itemListElement":[{"@type":"ListItem","position":1,"name":"Startseite","item":"https:\/\/www.fachbau.ch\/"},{"@type":"ListItem","position":2,"name":"Shop","item":"https:\/\/www.fachbau.ch\/shop\/"},{"@type":"ListItem","position":3,"name":"die baustellen 5\/2017"}]},{"@type":"WebSite","@id":"https:\/\/www.fachbau.ch\/#website","url":"https:\/\/www.fachbau.ch\/","name":"fachbau.ch","description":"Modernes, nachhaltiges Bauen.","publisher":{"@id":"https:\/\/www.fachbau.ch\/#organization"},"potentialAction":[{"@type":"SearchAction","target":{"@type":"EntryPoint","urlTemplate":"https:\/\/www.fachbau.ch\/?s={search_term_string}"},"query-input":{"@type":"PropertyValueSpecification","valueRequired":true,"valueName":"search_term_string"}}],"inLanguage":"de"},{"@type":"Organization","@id":"https:\/\/www.fachbau.ch\/#organization","name":"fachbau.ch","url":"https:\/\/www.fachbau.ch\/","logo":{"@type":"ImageObject","inLanguage":"de","@id":"https:\/\/www.fachbau.ch\/#\/schema\/logo\/image\/","url":"https:\/\/www.fachbau.ch\/wp-content\/uploads\/2021\/12\/Logo_fachbau_ch.png","contentUrl":"https:\/\/www.fachbau.ch\/wp-content\/uploads\/2021\/12\/Logo_fachbau_ch.png","width":283,"height":42,"caption":"fachbau.ch"},"image":{"@id":"https:\/\/www.fachbau.ch\/#\/schema\/logo\/image\/"}}]}},"_links":{"self":[{"href":"https:\/\/www.fachbau.ch\/de\/wp-json\/wp\/v2\/product\/13670","targetHints":{"allow":["GET"]}}],"collection":[{"href":"https:\/\/www.fachbau.ch\/de\/wp-json\/wp\/v2\/product"}],"about":[{"href":"https:\/\/www.fachbau.ch\/de\/wp-json\/wp\/v2\/types\/product"}],"wp:featuredmedia":[{"embeddable":true,"href":"https:\/\/www.fachbau.ch\/de\/wp-json\/"}],"wp:attachment":[{"href":"https:\/\/www.fachbau.ch\/de\/wp-json\/wp\/v2\/media?parent=13670"}],"wp:term":[{"taxonomy":"product_brand","embeddable":true,"href":"https:\/\/www.fachbau.ch\/de\/wp-json\/wp\/v2\/product_brand?post=13670"},{"taxonomy":"product_cat","embeddable":true,"href":"https:\/\/www.fachbau.ch\/de\/wp-json\/wp\/v2\/product_cat?post=13670"},{"taxonomy":"product_tag","embeddable":true,"href":"https:\/\/www.fachbau.ch\/de\/wp-json\/wp\/v2\/product_tag?post=13670"}],"curies":[{"name":"wp","href":"https:\/\/api.w.org\/{rel}","templated":true}]}}