{"id":13664,"date":"2022-01-27T01:01:53","date_gmt":"2022-01-27T00:01:53","guid":{"rendered":"https:\/\/www.fachbau.ch\/?post_type=product&#038;p=13664"},"modified":"2022-01-27T01:01:53","modified_gmt":"2022-01-27T00:01:53","slug":"die-baustellen-7-8-2017","status":"publish","type":"product","link":"https:\/\/www.fachbau.ch\/de\/product\/die-baustellen-7-8-2017\/","title":{"rendered":"die baustellen 7-8\/2017"},"content":{"rendered":"<h2>BRANCHE<\/h2>\n<h2>kurz &amp; knapp<\/h2>\n<p>Neues aus der Schweizer Baubranche:<\/p>\n<p>Nachrichten und Mitteilungen.<\/p>\n<h2>fokus<\/h2>\n<p>Bauingenieurin Marlise Blaser realisiert Ideen mit Betonelementen.<\/p>\n<h2>baukonjunktur<\/h2>\n<p>Die Metaanalyse sieht die Schweizer Bauwirtschaft in guter Fahrt.<\/p>\n<h2>verbandsinformation gsgi<\/h2>\n<p>Bericht 2016\/2017: Was wurde getan, wie geht es weiter?<\/p>\n<h2>projekte<\/h2>\n<p>Wohn- und Gewerbebauten von Genf bis Z\u00fcrich und einmal Hongkong.<\/p>\n<h2>bauen im ausland<\/h2>\n<p>Da wird gefr\u00e4st statt geh\u00e4mmert: Bau des Stadtbahn- tunnels Karlsruhe.<\/p>\n<h2>baugeschichte<\/h2>\n<p>Innerschweizer \u00abNaturtalent\u00bb war im Holzbau seiner Zeit voraus.<\/p>\n<h2>TECHNIK<\/h2>\n<h2>baustoffe<\/h2>\n<p>Am Betonforum: Die Gesellschaft erobert den Untergrund.<br \/>\nDer Verband f\u00fcr Geokunststoffe f\u00fchrt ein n\u00fctzliches Register.<br \/>\nEin neuer Werkstoff bringt Holz und Beton zusammen.<\/p>\n<h2>betonschalung<\/h2>\n<p>Die Empa untersucht die Betonoberfl\u00e4che und gibt Tipps.<\/p>\n<p>Schalungsberichte aus der Praxis: mit Qualit\u00e4t und Sicherheit.<\/p>\n<h2>ger\u00fcstbau<\/h2>\n<p>Bau- und Arbeitsger\u00fcste: Die Partner und ihre Aufgaben.<\/p>\n<p>Es ist einger\u00fcstet: F\u00fcr Fussg\u00e4nger, Arbeits- und Personenschutz.<\/p>\n<h2>arbeitsschutz<\/h2>\n<ul>\n<li>Seitenschutznetze und permanente Absturzsicherungen.<\/li>\n<li>Acht Jahre Engagement f\u00fcr die Arbeitsb\u00fchnenbranche.<\/li>\n<li>Die Stapler und ihre R\u00fcckhalteeinrichtung.<\/li>\n<\/ul>\n<h2>sicherheit und umwelt<\/h2>\n<p>Baustelle Unispital Z\u00fcrich und die Sicherung des Brandschutzes.<\/p>\n<p>Vielf\u00e4ltige Massnahmen sch\u00fctzen vor L\u00e4rm.<\/p>\n<h2>baustelle<\/h2>\n<ul>\n<li>Am Flughafen Z\u00fcrich wird eine Satellitenstadt gebaut.<\/li>\n<li>Durchstich des Sanierungstunnels Belchen.<\/li>\n<li>Rascher Gleisr\u00fcckbau am Central dank maschinellem Grossaufgebot.<\/li>\n<\/ul>\n<h2>digitales bauen<\/h2>\n<p>BIM zum Zweiten: Der Umgang mit digitalen Daten.<\/p>\n<h2>MANAGEMENT<\/h2>\n<h2>offene t\u00fcr<\/h2>\n<p>Langenthaler pr\u00e4sentieren ihre \u00d6l- und Schmierstoffproduktion.<\/p>\n<h2>agenda<\/h2>\n<p>Wo sich die Bauleute bald einmal antreffen.<\/p>\n<h2>kolumne<\/h2>\n<p>Wer auf das Problem eingeht, der gewinnt.<\/p>\n<p>Einige Regeln f\u00fcr eine gesunde Work-Life-Balance.<\/p>\n<h2>baukarriere<\/h2>\n<ul>\n<li>Varianten f\u00fcr die n\u00e4chste Herausforderung.<\/li>\n<li>Tempor\u00e4re Arbeit heute: ein Interview.<\/li>\n<li>Diplom\u00fcbergabe: H\u00f6here Berufsbildung am Campus Sursee.<\/li>\n<li>Der Building-Award ging an Ingenieure und Unternehmen.<\/li>\n<li>Die Bauf\u00fchrertagung rollt das ganze Spektrum aus.<\/li>\n<li>Projekte und Aussichten am AIV-Alumni-Ehemaligenap\u00e9ro.<\/li>\n<\/ul>\n<h2>sieben-fragen-interview<\/h2>\n<p>Fazit und Meilensteine: Zehn Jahre f\u00fcr Nutzfahrzeuge im Einsatz.<\/p>\n<h2>SERVICE<\/h2>\n<h2>verbandsnachrichten<\/h2>\n<p>Ausbildung, \u00d6ffentlichkeit und Personelles: alles f\u00fcr die Branche Bau.<\/p>\n<h2>recht &amp; rekord<\/h2>\n<p>Wie man Grundst\u00fccke erschliesst und in China Flugh\u00e4fen baut.<\/p>\n<h2>bezugsquellen<\/h2>\n<p>Produkte und Leistungen f\u00fcr die Baubranche.<\/p>\n<h2>blickpunkt<\/h2>\n<p>Wie der Forscher den Carbonbeton praxistauglich macht.<\/p>\n","protected":false},"excerpt":{"rendered":"<p>Erhalte die deutschsprachige Fachzeitschrift \u00abdie baustellen\u00bb in der Ausgabe 7-8\/2017 als PDF-Download mit nachfolgendem Inhaltsverzeichnis:<\/p>\n","protected":false},"featured_media":13666,"template":"","meta":{"_acf_changed":false,"pgc_sgb_lightbox_settings":""},"product_brand":[],"product_cat":[1732,1727],"product_tag":[1720],"class_list":{"0":"post-13664","1":"product","2":"type-product","3":"status-publish","4":"has-post-thumbnail","6":"product_cat-die-baustellen","7":"product_cat-einzelausgaben","8":"product_tag-1720","10":"first","11":"instock","12":"downloadable","13":"virtual","14":"taxable","15":"purchasable","16":"product-type-simple"},"acf":[],"yoast_head":"<!-- This site is optimized with the Yoast SEO plugin v27.4 - https:\/\/yoast.com\/product\/yoast-seo-wordpress\/ -->\n<title>die baustellen 7-8\/2017 - fachbau.ch<\/title>\n<meta name=\"description\" content=\"Erhalte die deutschsprachige Fachzeitschrift \u00abdie baustellen\u00bb in der Ausgabe 7-8\/2017 als PDF-Download mit nachfolgendem Inhaltsverzeichnis:\" \/>\n<meta name=\"robots\" content=\"index, follow, max-snippet:-1, max-image-preview:large, max-video-preview:-1\" \/>\n<link rel=\"canonical\" href=\"http:\/\/www.fachbau.ch\/de\/de_de\/product\/die-baustellen-7-8-2017\/\" \/>\n<meta property=\"og:locale\" content=\"de_DE\" \/>\n<meta property=\"og:type\" content=\"article\" \/>\n<meta property=\"og:title\" content=\"die baustellen 7-8\/2017 - fachbau.ch\" \/>\n<meta property=\"og:description\" content=\"Erhalte die deutschsprachige Fachzeitschrift \u00abdie baustellen\u00bb in der Ausgabe 7-8\/2017 als PDF-Download mit nachfolgendem Inhaltsverzeichnis:\" \/>\n<meta property=\"og:url\" content=\"http:\/\/www.fachbau.ch\/de\/de_de\/product\/die-baustellen-7-8-2017\/\" \/>\n<meta property=\"og:site_name\" content=\"fachbau.ch\" \/>\n<meta property=\"og:image\" content=\"https:\/\/www.fachbau.ch\/wp-content\/uploads\/2022\/01\/die_baustellen_2017_7-8.png\" \/>\n\t<meta property=\"og:image:width\" content=\"654\" \/>\n\t<meta property=\"og:image:height\" content=\"370\" \/>\n\t<meta property=\"og:image:type\" content=\"image\/png\" \/>\n<meta name=\"twitter:card\" content=\"summary_large_image\" \/>\n<meta name=\"twitter:label1\" content=\"Gesch\u00e4tzte Lesezeit\" \/>\n\t<meta name=\"twitter:data1\" content=\"2\u00a0Minuten\" \/>\n<script type=\"application\/ld+json\" class=\"yoast-schema-graph\">{\"@context\":\"https:\\\/\\\/schema.org\",\"@graph\":[{\"@type\":\"WebPage\",\"@id\":\"http:\\\/\\\/www.fachbau.ch\\\/de_de\\\/product\\\/die-baustellen-7-8-2017\\\/\",\"url\":\"http:\\\/\\\/www.fachbau.ch\\\/de_de\\\/product\\\/die-baustellen-7-8-2017\\\/\",\"name\":\"die baustellen 7-8\\\/2017 - fachbau.ch\",\"isPartOf\":{\"@id\":\"https:\\\/\\\/www.fachbau.ch\\\/#website\"},\"primaryImageOfPage\":{\"@id\":\"http:\\\/\\\/www.fachbau.ch\\\/de_de\\\/product\\\/die-baustellen-7-8-2017\\\/#primaryimage\"},\"image\":{\"@id\":\"http:\\\/\\\/www.fachbau.ch\\\/de_de\\\/product\\\/die-baustellen-7-8-2017\\\/#primaryimage\"},\"thumbnailUrl\":\"https:\\\/\\\/www.fachbau.ch\\\/wp-content\\\/uploads\\\/2022\\\/01\\\/die_baustellen_2017_7-8.png\",\"datePublished\":\"2022-01-27T00:01:53+00:00\",\"description\":\"Erhalte die deutschsprachige Fachzeitschrift \u00abdie baustellen\u00bb in der Ausgabe 7-8\\\/2017 als PDF-Download mit nachfolgendem Inhaltsverzeichnis:\",\"breadcrumb\":{\"@id\":\"http:\\\/\\\/www.fachbau.ch\\\/de_de\\\/product\\\/die-baustellen-7-8-2017\\\/#breadcrumb\"},\"inLanguage\":\"de\",\"potentialAction\":[{\"@type\":\"ReadAction\",\"target\":[\"http:\\\/\\\/www.fachbau.ch\\\/de_de\\\/product\\\/die-baustellen-7-8-2017\\\/\"]}]},{\"@type\":\"ImageObject\",\"inLanguage\":\"de\",\"@id\":\"http:\\\/\\\/www.fachbau.ch\\\/de_de\\\/product\\\/die-baustellen-7-8-2017\\\/#primaryimage\",\"url\":\"https:\\\/\\\/www.fachbau.ch\\\/wp-content\\\/uploads\\\/2022\\\/01\\\/die_baustellen_2017_7-8.png\",\"contentUrl\":\"https:\\\/\\\/www.fachbau.ch\\\/wp-content\\\/uploads\\\/2022\\\/01\\\/die_baustellen_2017_7-8.png\",\"width\":654,\"height\":370},{\"@type\":\"BreadcrumbList\",\"@id\":\"http:\\\/\\\/www.fachbau.ch\\\/de_de\\\/product\\\/die-baustellen-7-8-2017\\\/#breadcrumb\",\"itemListElement\":[{\"@type\":\"ListItem\",\"position\":1,\"name\":\"Startseite\",\"item\":\"https:\\\/\\\/www.fachbau.ch\\\/\"},{\"@type\":\"ListItem\",\"position\":2,\"name\":\"Shop\",\"item\":\"https:\\\/\\\/www.fachbau.ch\\\/shop\\\/\"},{\"@type\":\"ListItem\",\"position\":3,\"name\":\"die baustellen 7-8\\\/2017\"}]},{\"@type\":\"WebSite\",\"@id\":\"https:\\\/\\\/www.fachbau.ch\\\/#website\",\"url\":\"https:\\\/\\\/www.fachbau.ch\\\/\",\"name\":\"fachbau.ch\",\"description\":\"Modernes, nachhaltiges Bauen.\",\"publisher\":{\"@id\":\"https:\\\/\\\/www.fachbau.ch\\\/#organization\"},\"potentialAction\":[{\"@type\":\"SearchAction\",\"target\":{\"@type\":\"EntryPoint\",\"urlTemplate\":\"https:\\\/\\\/www.fachbau.ch\\\/?s={search_term_string}\"},\"query-input\":{\"@type\":\"PropertyValueSpecification\",\"valueRequired\":true,\"valueName\":\"search_term_string\"}}],\"inLanguage\":\"de\"},{\"@type\":\"Organization\",\"@id\":\"https:\\\/\\\/www.fachbau.ch\\\/#organization\",\"name\":\"fachbau.ch\",\"url\":\"https:\\\/\\\/www.fachbau.ch\\\/\",\"logo\":{\"@type\":\"ImageObject\",\"inLanguage\":\"de\",\"@id\":\"https:\\\/\\\/www.fachbau.ch\\\/#\\\/schema\\\/logo\\\/image\\\/\",\"url\":\"https:\\\/\\\/www.fachbau.ch\\\/wp-content\\\/uploads\\\/2021\\\/12\\\/Logo_fachbau_ch.png\",\"contentUrl\":\"https:\\\/\\\/www.fachbau.ch\\\/wp-content\\\/uploads\\\/2021\\\/12\\\/Logo_fachbau_ch.png\",\"width\":283,\"height\":42,\"caption\":\"fachbau.ch\"},\"image\":{\"@id\":\"https:\\\/\\\/www.fachbau.ch\\\/#\\\/schema\\\/logo\\\/image\\\/\"}}]}<\/script>\n<!-- \/ Yoast SEO plugin. -->","yoast_head_json":{"title":"die baustellen 7-8\/2017 - fachbau.ch","description":"Erhalte die deutschsprachige Fachzeitschrift \u00abdie baustellen\u00bb in der Ausgabe 7-8\/2017 als PDF-Download mit nachfolgendem Inhaltsverzeichnis:","robots":{"index":"index","follow":"follow","max-snippet":"max-snippet:-1","max-image-preview":"max-image-preview:large","max-video-preview":"max-video-preview:-1"},"canonical":"http:\/\/www.fachbau.ch\/de\/de_de\/product\/die-baustellen-7-8-2017\/","og_locale":"de_DE","og_type":"article","og_title":"die baustellen 7-8\/2017 - fachbau.ch","og_description":"Erhalte die deutschsprachige Fachzeitschrift \u00abdie baustellen\u00bb in der Ausgabe 7-8\/2017 als PDF-Download mit nachfolgendem Inhaltsverzeichnis:","og_url":"http:\/\/www.fachbau.ch\/de\/de_de\/product\/die-baustellen-7-8-2017\/","og_site_name":"fachbau.ch","og_image":[{"width":654,"height":370,"url":"https:\/\/www.fachbau.ch\/wp-content\/uploads\/2022\/01\/die_baustellen_2017_7-8.png","type":"image\/png"}],"twitter_card":"summary_large_image","twitter_misc":{"Gesch\u00e4tzte Lesezeit":"2\u00a0Minuten"},"schema":{"@context":"https:\/\/schema.org","@graph":[{"@type":"WebPage","@id":"http:\/\/www.fachbau.ch\/de_de\/product\/die-baustellen-7-8-2017\/","url":"http:\/\/www.fachbau.ch\/de_de\/product\/die-baustellen-7-8-2017\/","name":"die baustellen 7-8\/2017 - fachbau.ch","isPartOf":{"@id":"https:\/\/www.fachbau.ch\/#website"},"primaryImageOfPage":{"@id":"http:\/\/www.fachbau.ch\/de_de\/product\/die-baustellen-7-8-2017\/#primaryimage"},"image":{"@id":"http:\/\/www.fachbau.ch\/de_de\/product\/die-baustellen-7-8-2017\/#primaryimage"},"thumbnailUrl":"https:\/\/www.fachbau.ch\/wp-content\/uploads\/2022\/01\/die_baustellen_2017_7-8.png","datePublished":"2022-01-27T00:01:53+00:00","description":"Erhalte die deutschsprachige Fachzeitschrift \u00abdie baustellen\u00bb in der Ausgabe 7-8\/2017 als PDF-Download mit nachfolgendem Inhaltsverzeichnis:","breadcrumb":{"@id":"http:\/\/www.fachbau.ch\/de_de\/product\/die-baustellen-7-8-2017\/#breadcrumb"},"inLanguage":"de","potentialAction":[{"@type":"ReadAction","target":["http:\/\/www.fachbau.ch\/de_de\/product\/die-baustellen-7-8-2017\/"]}]},{"@type":"ImageObject","inLanguage":"de","@id":"http:\/\/www.fachbau.ch\/de_de\/product\/die-baustellen-7-8-2017\/#primaryimage","url":"https:\/\/www.fachbau.ch\/wp-content\/uploads\/2022\/01\/die_baustellen_2017_7-8.png","contentUrl":"https:\/\/www.fachbau.ch\/wp-content\/uploads\/2022\/01\/die_baustellen_2017_7-8.png","width":654,"height":370},{"@type":"BreadcrumbList","@id":"http:\/\/www.fachbau.ch\/de_de\/product\/die-baustellen-7-8-2017\/#breadcrumb","itemListElement":[{"@type":"ListItem","position":1,"name":"Startseite","item":"https:\/\/www.fachbau.ch\/"},{"@type":"ListItem","position":2,"name":"Shop","item":"https:\/\/www.fachbau.ch\/shop\/"},{"@type":"ListItem","position":3,"name":"die baustellen 7-8\/2017"}]},{"@type":"WebSite","@id":"https:\/\/www.fachbau.ch\/#website","url":"https:\/\/www.fachbau.ch\/","name":"fachbau.ch","description":"Modernes, nachhaltiges Bauen.","publisher":{"@id":"https:\/\/www.fachbau.ch\/#organization"},"potentialAction":[{"@type":"SearchAction","target":{"@type":"EntryPoint","urlTemplate":"https:\/\/www.fachbau.ch\/?s={search_term_string}"},"query-input":{"@type":"PropertyValueSpecification","valueRequired":true,"valueName":"search_term_string"}}],"inLanguage":"de"},{"@type":"Organization","@id":"https:\/\/www.fachbau.ch\/#organization","name":"fachbau.ch","url":"https:\/\/www.fachbau.ch\/","logo":{"@type":"ImageObject","inLanguage":"de","@id":"https:\/\/www.fachbau.ch\/#\/schema\/logo\/image\/","url":"https:\/\/www.fachbau.ch\/wp-content\/uploads\/2021\/12\/Logo_fachbau_ch.png","contentUrl":"https:\/\/www.fachbau.ch\/wp-content\/uploads\/2021\/12\/Logo_fachbau_ch.png","width":283,"height":42,"caption":"fachbau.ch"},"image":{"@id":"https:\/\/www.fachbau.ch\/#\/schema\/logo\/image\/"}}]}},"_links":{"self":[{"href":"https:\/\/www.fachbau.ch\/de\/wp-json\/wp\/v2\/product\/13664","targetHints":{"allow":["GET"]}}],"collection":[{"href":"https:\/\/www.fachbau.ch\/de\/wp-json\/wp\/v2\/product"}],"about":[{"href":"https:\/\/www.fachbau.ch\/de\/wp-json\/wp\/v2\/types\/product"}],"wp:featuredmedia":[{"embeddable":true,"href":"https:\/\/www.fachbau.ch\/de\/wp-json\/wp\/v2\/media\/13666"}],"wp:attachment":[{"href":"https:\/\/www.fachbau.ch\/de\/wp-json\/wp\/v2\/media?parent=13664"}],"wp:term":[{"taxonomy":"product_brand","embeddable":true,"href":"https:\/\/www.fachbau.ch\/de\/wp-json\/wp\/v2\/product_brand?post=13664"},{"taxonomy":"product_cat","embeddable":true,"href":"https:\/\/www.fachbau.ch\/de\/wp-json\/wp\/v2\/product_cat?post=13664"},{"taxonomy":"product_tag","embeddable":true,"href":"https:\/\/www.fachbau.ch\/de\/wp-json\/wp\/v2\/product_tag?post=13664"}],"curies":[{"name":"wp","href":"https:\/\/api.w.org\/{rel}","templated":true}]}}