{"id":10877,"date":"2021-10-21T09:45:09","date_gmt":"2021-10-21T07:45:09","guid":{"rendered":"https:\/\/www.fachbau.ch\/?post_type=product&#038;p=10877"},"modified":"2021-10-21T09:45:09","modified_gmt":"2021-10-21T07:45:09","slug":"intelligent-bauen-7-8-2021","status":"publish","type":"product","link":"https:\/\/www.fachbau.ch\/de\/product\/intelligent-bauen-7-8-2021\/","title":{"rendered":"intelligent bauen 7-8\/2021"},"content":{"rendered":"<h2>Bau- \/ Immobilienbranche<\/h2>\n<ul>\n<li>Kurz &amp; knapp: Infos und News aus der Branche<\/li>\n<li>Interview mit Manuel B\u00f6hm, Teamleiter FM bei Wincasa<\/li>\n<li>Schweizer Fenster- und Fassadenbauer in Not<\/li>\n<li>Statistik: leichter R\u00fcckgang der Bauinvestitionen 2020<\/li>\n<li>Verbandsinformationen GSGI<\/li>\n<\/ul>\n<h2>Architektur<\/h2>\n<ul>\n<li>Aerogel Architecture Award 2021<\/li>\n<li>ATP Z\u00fcrich gestaltet Manufakturzentrum f\u00fcr Luxusuhren<\/li>\n<li>Ein langer Weg zum Hochhaus Baden Ost<\/li>\n<li>Fokus: ein historischer Gutshof modern gerahmt<\/li>\n<li>Aus einem Bank-Hochhaus wird ein Hotel<\/li>\n<\/ul>\n<h2>Technik<\/h2>\n<ul>\n<li>Geb\u00e4udetechnik-Design: ein K\u00f6nnen und D\u00fcrfen<\/li>\n<li>Umweltmanagement auf neuem Level<\/li>\n<li>R\u00fcckblick 17. Weishaupt-Ingenieur-Fachzirkel<\/li>\n<li>Abw\u00e4rme nutzen: warme Weggli, warme Wohnungen<\/li>\n<li>Brandschutz: brandsichere Leitungsbefestigungen<\/li>\n<\/ul>\n<h2>management<\/h2>\n<ul>\n<li>Ein Innovationsnetzwerk f\u00fcr die Schweiz<\/li>\n<li>GNI: Erfolge generieren weitere Erfolge<\/li>\n<li>R\u00fcckblick \u00abTag der Bauwirtschaft\u00bb<\/li>\n<li>Veranstaltungen, Seminare, Weiterbildung<\/li>\n<\/ul>\n","protected":false},"excerpt":{"rendered":"<p>Erhalte die deutschsprachige Fachzeitschrift \u00abintelligent bauen\u00bb in der Ausgabe 7-8\/2021 als PDF-Download mit nachfolgendem Inhaltsverzeichnis:<\/p>\n","protected":false},"featured_media":10879,"template":"","meta":{"_acf_changed":false,"pgc_sgb_lightbox_settings":""},"product_brand":[],"product_cat":[1727,1728],"product_tag":[1724],"class_list":{"0":"post-10877","1":"product","2":"type-product","3":"status-publish","4":"has-post-thumbnail","6":"product_cat-einzelausgaben","7":"product_cat-intelligent-bauen","8":"product_tag-1724","10":"first","11":"instock","12":"downloadable","13":"virtual","14":"taxable","15":"purchasable","16":"product-type-simple"},"acf":[],"yoast_head":"<!-- This site is optimized with the Yoast SEO plugin v27.4 - https:\/\/yoast.com\/product\/yoast-seo-wordpress\/ -->\n<title>intelligent bauen 7-8\/2021 - fachbau.ch<\/title>\n<meta name=\"description\" content=\"Erhalte die deutschsprachige Fachzeitschrift \u00abintelligent bauen\u00bb in der Ausgabe 7-8\/2021 als PDF-Download mit nachfolgendem Inhaltsverzeichnis:\" \/>\n<meta name=\"robots\" content=\"index, follow, max-snippet:-1, max-image-preview:large, max-video-preview:-1\" \/>\n<link rel=\"canonical\" href=\"http:\/\/www.fachbau.ch\/de\/de_de\/product\/intelligent-bauen-7-8-2021\/\" \/>\n<meta property=\"og:locale\" content=\"de_DE\" \/>\n<meta property=\"og:type\" content=\"article\" \/>\n<meta property=\"og:title\" content=\"intelligent bauen 7-8\/2021 - fachbau.ch\" \/>\n<meta property=\"og:description\" content=\"Erhalte die deutschsprachige Fachzeitschrift \u00abintelligent bauen\u00bb in der Ausgabe 7-8\/2021 als PDF-Download mit nachfolgendem Inhaltsverzeichnis:\" \/>\n<meta property=\"og:url\" content=\"http:\/\/www.fachbau.ch\/de\/de_de\/product\/intelligent-bauen-7-8-2021\/\" \/>\n<meta property=\"og:site_name\" content=\"fachbau.ch\" \/>\n<meta property=\"og:image\" content=\"https:\/\/www.fachbau.ch\/wp-content\/uploads\/2021\/10\/intelligentbauen_2021_7-8.png\" \/>\n\t<meta property=\"og:image:width\" content=\"654\" \/>\n\t<meta property=\"og:image:height\" content=\"370\" \/>\n\t<meta property=\"og:image:type\" content=\"image\/png\" \/>\n<meta name=\"twitter:card\" content=\"summary_large_image\" \/>\n<meta name=\"twitter:label1\" content=\"Gesch\u00e4tzte Lesezeit\" \/>\n\t<meta name=\"twitter:data1\" content=\"1\u00a0Minute\" \/>\n<script type=\"application\/ld+json\" class=\"yoast-schema-graph\">{\"@context\":\"https:\\\/\\\/schema.org\",\"@graph\":[{\"@type\":\"WebPage\",\"@id\":\"http:\\\/\\\/www.fachbau.ch\\\/de_de\\\/product\\\/intelligent-bauen-7-8-2021\\\/\",\"url\":\"http:\\\/\\\/www.fachbau.ch\\\/de_de\\\/product\\\/intelligent-bauen-7-8-2021\\\/\",\"name\":\"intelligent bauen 7-8\\\/2021 - fachbau.ch\",\"isPartOf\":{\"@id\":\"https:\\\/\\\/www.fachbau.ch\\\/#website\"},\"primaryImageOfPage\":{\"@id\":\"http:\\\/\\\/www.fachbau.ch\\\/de_de\\\/product\\\/intelligent-bauen-7-8-2021\\\/#primaryimage\"},\"image\":{\"@id\":\"http:\\\/\\\/www.fachbau.ch\\\/de_de\\\/product\\\/intelligent-bauen-7-8-2021\\\/#primaryimage\"},\"thumbnailUrl\":\"https:\\\/\\\/www.fachbau.ch\\\/wp-content\\\/uploads\\\/2021\\\/10\\\/intelligentbauen_2021_7-8.png\",\"datePublished\":\"2021-10-21T07:45:09+00:00\",\"description\":\"Erhalte die deutschsprachige Fachzeitschrift \u00abintelligent bauen\u00bb in der Ausgabe 7-8\\\/2021 als PDF-Download mit nachfolgendem Inhaltsverzeichnis:\",\"breadcrumb\":{\"@id\":\"http:\\\/\\\/www.fachbau.ch\\\/de_de\\\/product\\\/intelligent-bauen-7-8-2021\\\/#breadcrumb\"},\"inLanguage\":\"de\",\"potentialAction\":[{\"@type\":\"ReadAction\",\"target\":[\"http:\\\/\\\/www.fachbau.ch\\\/de_de\\\/product\\\/intelligent-bauen-7-8-2021\\\/\"]}]},{\"@type\":\"ImageObject\",\"inLanguage\":\"de\",\"@id\":\"http:\\\/\\\/www.fachbau.ch\\\/de_de\\\/product\\\/intelligent-bauen-7-8-2021\\\/#primaryimage\",\"url\":\"https:\\\/\\\/www.fachbau.ch\\\/wp-content\\\/uploads\\\/2021\\\/10\\\/intelligentbauen_2021_7-8.png\",\"contentUrl\":\"https:\\\/\\\/www.fachbau.ch\\\/wp-content\\\/uploads\\\/2021\\\/10\\\/intelligentbauen_2021_7-8.png\",\"width\":654,\"height\":370},{\"@type\":\"BreadcrumbList\",\"@id\":\"http:\\\/\\\/www.fachbau.ch\\\/de_de\\\/product\\\/intelligent-bauen-7-8-2021\\\/#breadcrumb\",\"itemListElement\":[{\"@type\":\"ListItem\",\"position\":1,\"name\":\"Startseite\",\"item\":\"https:\\\/\\\/www.fachbau.ch\\\/\"},{\"@type\":\"ListItem\",\"position\":2,\"name\":\"Shop\",\"item\":\"https:\\\/\\\/www.fachbau.ch\\\/shop\\\/\"},{\"@type\":\"ListItem\",\"position\":3,\"name\":\"intelligent bauen 7-8\\\/2021\"}]},{\"@type\":\"WebSite\",\"@id\":\"https:\\\/\\\/www.fachbau.ch\\\/#website\",\"url\":\"https:\\\/\\\/www.fachbau.ch\\\/\",\"name\":\"fachbau.ch\",\"description\":\"Modernes, nachhaltiges Bauen.\",\"publisher\":{\"@id\":\"https:\\\/\\\/www.fachbau.ch\\\/#organization\"},\"potentialAction\":[{\"@type\":\"SearchAction\",\"target\":{\"@type\":\"EntryPoint\",\"urlTemplate\":\"https:\\\/\\\/www.fachbau.ch\\\/?s={search_term_string}\"},\"query-input\":{\"@type\":\"PropertyValueSpecification\",\"valueRequired\":true,\"valueName\":\"search_term_string\"}}],\"inLanguage\":\"de\"},{\"@type\":\"Organization\",\"@id\":\"https:\\\/\\\/www.fachbau.ch\\\/#organization\",\"name\":\"fachbau.ch\",\"url\":\"https:\\\/\\\/www.fachbau.ch\\\/\",\"logo\":{\"@type\":\"ImageObject\",\"inLanguage\":\"de\",\"@id\":\"https:\\\/\\\/www.fachbau.ch\\\/#\\\/schema\\\/logo\\\/image\\\/\",\"url\":\"https:\\\/\\\/www.fachbau.ch\\\/wp-content\\\/uploads\\\/2021\\\/12\\\/Logo_fachbau_ch.png\",\"contentUrl\":\"https:\\\/\\\/www.fachbau.ch\\\/wp-content\\\/uploads\\\/2021\\\/12\\\/Logo_fachbau_ch.png\",\"width\":283,\"height\":42,\"caption\":\"fachbau.ch\"},\"image\":{\"@id\":\"https:\\\/\\\/www.fachbau.ch\\\/#\\\/schema\\\/logo\\\/image\\\/\"}}]}<\/script>\n<!-- \/ Yoast SEO plugin. -->","yoast_head_json":{"title":"intelligent bauen 7-8\/2021 - fachbau.ch","description":"Erhalte die deutschsprachige Fachzeitschrift \u00abintelligent bauen\u00bb in der Ausgabe 7-8\/2021 als PDF-Download mit nachfolgendem Inhaltsverzeichnis:","robots":{"index":"index","follow":"follow","max-snippet":"max-snippet:-1","max-image-preview":"max-image-preview:large","max-video-preview":"max-video-preview:-1"},"canonical":"http:\/\/www.fachbau.ch\/de\/de_de\/product\/intelligent-bauen-7-8-2021\/","og_locale":"de_DE","og_type":"article","og_title":"intelligent bauen 7-8\/2021 - fachbau.ch","og_description":"Erhalte die deutschsprachige Fachzeitschrift \u00abintelligent bauen\u00bb in der Ausgabe 7-8\/2021 als PDF-Download mit nachfolgendem Inhaltsverzeichnis:","og_url":"http:\/\/www.fachbau.ch\/de\/de_de\/product\/intelligent-bauen-7-8-2021\/","og_site_name":"fachbau.ch","og_image":[{"width":654,"height":370,"url":"https:\/\/www.fachbau.ch\/wp-content\/uploads\/2021\/10\/intelligentbauen_2021_7-8.png","type":"image\/png"}],"twitter_card":"summary_large_image","twitter_misc":{"Gesch\u00e4tzte Lesezeit":"1\u00a0Minute"},"schema":{"@context":"https:\/\/schema.org","@graph":[{"@type":"WebPage","@id":"http:\/\/www.fachbau.ch\/de_de\/product\/intelligent-bauen-7-8-2021\/","url":"http:\/\/www.fachbau.ch\/de_de\/product\/intelligent-bauen-7-8-2021\/","name":"intelligent bauen 7-8\/2021 - fachbau.ch","isPartOf":{"@id":"https:\/\/www.fachbau.ch\/#website"},"primaryImageOfPage":{"@id":"http:\/\/www.fachbau.ch\/de_de\/product\/intelligent-bauen-7-8-2021\/#primaryimage"},"image":{"@id":"http:\/\/www.fachbau.ch\/de_de\/product\/intelligent-bauen-7-8-2021\/#primaryimage"},"thumbnailUrl":"https:\/\/www.fachbau.ch\/wp-content\/uploads\/2021\/10\/intelligentbauen_2021_7-8.png","datePublished":"2021-10-21T07:45:09+00:00","description":"Erhalte die deutschsprachige Fachzeitschrift \u00abintelligent bauen\u00bb in der Ausgabe 7-8\/2021 als PDF-Download mit nachfolgendem Inhaltsverzeichnis:","breadcrumb":{"@id":"http:\/\/www.fachbau.ch\/de_de\/product\/intelligent-bauen-7-8-2021\/#breadcrumb"},"inLanguage":"de","potentialAction":[{"@type":"ReadAction","target":["http:\/\/www.fachbau.ch\/de_de\/product\/intelligent-bauen-7-8-2021\/"]}]},{"@type":"ImageObject","inLanguage":"de","@id":"http:\/\/www.fachbau.ch\/de_de\/product\/intelligent-bauen-7-8-2021\/#primaryimage","url":"https:\/\/www.fachbau.ch\/wp-content\/uploads\/2021\/10\/intelligentbauen_2021_7-8.png","contentUrl":"https:\/\/www.fachbau.ch\/wp-content\/uploads\/2021\/10\/intelligentbauen_2021_7-8.png","width":654,"height":370},{"@type":"BreadcrumbList","@id":"http:\/\/www.fachbau.ch\/de_de\/product\/intelligent-bauen-7-8-2021\/#breadcrumb","itemListElement":[{"@type":"ListItem","position":1,"name":"Startseite","item":"https:\/\/www.fachbau.ch\/"},{"@type":"ListItem","position":2,"name":"Shop","item":"https:\/\/www.fachbau.ch\/shop\/"},{"@type":"ListItem","position":3,"name":"intelligent bauen 7-8\/2021"}]},{"@type":"WebSite","@id":"https:\/\/www.fachbau.ch\/#website","url":"https:\/\/www.fachbau.ch\/","name":"fachbau.ch","description":"Modernes, nachhaltiges Bauen.","publisher":{"@id":"https:\/\/www.fachbau.ch\/#organization"},"potentialAction":[{"@type":"SearchAction","target":{"@type":"EntryPoint","urlTemplate":"https:\/\/www.fachbau.ch\/?s={search_term_string}"},"query-input":{"@type":"PropertyValueSpecification","valueRequired":true,"valueName":"search_term_string"}}],"inLanguage":"de"},{"@type":"Organization","@id":"https:\/\/www.fachbau.ch\/#organization","name":"fachbau.ch","url":"https:\/\/www.fachbau.ch\/","logo":{"@type":"ImageObject","inLanguage":"de","@id":"https:\/\/www.fachbau.ch\/#\/schema\/logo\/image\/","url":"https:\/\/www.fachbau.ch\/wp-content\/uploads\/2021\/12\/Logo_fachbau_ch.png","contentUrl":"https:\/\/www.fachbau.ch\/wp-content\/uploads\/2021\/12\/Logo_fachbau_ch.png","width":283,"height":42,"caption":"fachbau.ch"},"image":{"@id":"https:\/\/www.fachbau.ch\/#\/schema\/logo\/image\/"}}]}},"_links":{"self":[{"href":"https:\/\/www.fachbau.ch\/de\/wp-json\/wp\/v2\/product\/10877","targetHints":{"allow":["GET"]}}],"collection":[{"href":"https:\/\/www.fachbau.ch\/de\/wp-json\/wp\/v2\/product"}],"about":[{"href":"https:\/\/www.fachbau.ch\/de\/wp-json\/wp\/v2\/types\/product"}],"wp:featuredmedia":[{"embeddable":true,"href":"https:\/\/www.fachbau.ch\/de\/wp-json\/wp\/v2\/media\/10879"}],"wp:attachment":[{"href":"https:\/\/www.fachbau.ch\/de\/wp-json\/wp\/v2\/media?parent=10877"}],"wp:term":[{"taxonomy":"product_brand","embeddable":true,"href":"https:\/\/www.fachbau.ch\/de\/wp-json\/wp\/v2\/product_brand?post=10877"},{"taxonomy":"product_cat","embeddable":true,"href":"https:\/\/www.fachbau.ch\/de\/wp-json\/wp\/v2\/product_cat?post=10877"},{"taxonomy":"product_tag","embeddable":true,"href":"https:\/\/www.fachbau.ch\/de\/wp-json\/wp\/v2\/product_tag?post=10877"}],"curies":[{"name":"wp","href":"https:\/\/api.w.org\/{rel}","templated":true}]}}