{"id":1226,"date":"2017-09-15T16:54:38","date_gmt":"2017-09-15T14:54:38","guid":{"rendered":"https:\/\/www.umweltperspektiven.ch\/?page_id=1226"},"modified":"2023-10-09T15:56:29","modified_gmt":"2023-10-09T13:56:29","slug":"agb","status":"publish","type":"page","link":"https:\/\/www.fachbau.ch\/de\/agb\/","title":{"rendered":"AGB"},"content":{"rendered":"<p><strong>Auftragserteilung\/Auftrags\u00e4nderung<\/strong> Aufgabe, \u00c4nderung oder Sistierung von Inseraten erbitten wir schriftlich.<\/p>\n<p><strong>Auftragsbest\u00e4tigung<\/strong> Eine Auftragsbest\u00e4tigung erhalten Sie von uns nach Eingang Ihrer Buchung.<\/p>\n<p><strong>Ver\u00f6ffentlichung von Anzeigen<\/strong> F\u00fcr den Inhalt einer Anzeige ist der Auftraggeber verantwortlich. Er hat f\u00fcr allf\u00e4llige Anspr\u00fcche gegen\u00fcber dem Verlag einzustehen. Der Verlag beh\u00e4lt sich das Recht vor, die Ver\u00f6ffentlichung von Anzeigen abzulehnen, laufende Anzeigen zu sistieren oder \u00c4nderungen zu verlangen. Textanzeigen m\u00fcssen sich in Layout, Schrift und Schriftgrad vom redaktionellen Teil unterscheiden. Das Zeitungssignet und dessen Schriftform d\u00fcrfen nicht verwendet werden. Alle Anzeigen k\u00f6nnen vom Verlag durch die \u00dcberschrift \u00abAnzeige\u00bb oder \u00abPromotion\u00bb deutlich als solche gekennzeichnet werden.<\/p>\n<p><strong>Platzierungen<\/strong> Platzierungen werden als Wunsch, nicht aber als Bedingung entgegengenommen (zuschlagspflichtige Platzierungen ausgenommen).<\/p>\n<p><strong>Verschiebungsrecht<\/strong> Die Verschiebung von Anzeigen um eine Ausgabe m\u00fcssen wir uns aus technischen Gr\u00fcnden, auch ohne R\u00fccksprache mit dem Auftraggeber, vorbehalten.<\/p>\n<p><strong>Tarif\u00e4nderungen<\/strong> Tarif\u00e4nderungen bleiben vorbehalten und treten auch f\u00fcr laufende Aufr\u00e4ge sofort in Kraft. Alle Anzeigenpreise exkl. MwSt. Preise in Franken zum aktuellen Tagespreis.<\/p>\n<p><strong>Rabattvereinbarungen<\/strong> Rabattierungen gelten f\u00fcr die Dauer eines Jahres und nur f\u00fcr einen einzigen Auftraggeber. Sie sind f\u00fcr die ganze Vertragsdauer verbindlich.<\/p>\n<p><strong>Technische M\u00e4ngel<\/strong> F\u00fcr Anzeigen, die infolge fehlender oder ungeeigneter Druckunterlagen nicht einwandfrei erscheinen, kann keine Haftung \u00fcbernommen werden. Bei Buntfarben muss ein farbverbindlicher Abzug rechtzeitig abgegeben werden. Eine angemessene Toleranz in der Farbnuance bleibt vorbehalten. Anspruch auf Ersatz oder Preisnachlass besteht nur dann, wenn die Anzeige durch grosse M\u00e4ngel in der technischen Wiedergabe ihre Werbewirkung einb\u00fcsst.<\/p>\n<p><strong>Reklamationen<\/strong> Reklamationen werden innerhalb von 10 Tagen nach Rechnungsstellung angenommen.<\/p>\n<p><strong>Rechnungsstellung<\/strong> Die Rechnung wird mit dem entsprechenden Seitenbeleg im PDF-Format elektronisch an die vom Auftraggeber angegebene E-Mail-Adresse zugesendet. Bei Bedarf kann eine physische Rechnung zu einem Unkostenbeitrag versendet werden.<\/p>\n<p><strong>Haftungsausschluss<\/strong> Der redaktionelle Inhalt stellt weder ein Angebot noch eine Aufforderung zum Abschluss einer Finanztransaktion dar und entbindet den Leser nicht von seiner<br \/>\neigenen Beurteilung.<\/p>\n<p><strong>Zahlungsfrist<\/strong> 30 Tage nach Erhalt der Rechnung, ohne Skonto. M\u00fcssen Rechnungsbetr\u00e4ge auf dem Zwangsvollstreckungsweg geltend gemacht werden, tritt jede Rabatt- und Kommissions vereinbarung ausser Kraft.<\/p>\n<p><strong>Anwendbarkeit<\/strong> Die Insertionsauftr\u00e4ge basieren auf dem vom Verlag herausgegebenen Tarif. Die Insertionsbestimmungen sind f\u00fcr alle Auftr\u00e4ge verbindlich.<\/p>\n<p><strong>Gerichtsstand<\/strong> Gerichtsstand und Erf\u00fcllungsort ist Z\u00fcrich.<\/p>\n<p>Z\u00fcrich, Berneck, Flawil, Frauenfeld, September 2017<\/p>\n","protected":false},"excerpt":{"rendered":"<p>Auftragserteilung\/Auftrags\u00e4nderung Aufgabe, \u00c4nderung oder Sistierung von Inseraten erbitten wir schriftlich. Auftragsbest\u00e4tigung Eine Auftragsbest\u00e4tigung erhalten Sie von uns nach Eingang Ihrer Buchung. Ver\u00f6ffentlichung von Anzeigen F\u00fcr den Inhalt einer Anzeige ist der Auftraggeber verantwortlich. Er hat f\u00fcr allf\u00e4llige Anspr\u00fcche gegen\u00fcber dem Verlag einzustehen. Der Verlag beh\u00e4lt sich das Recht vor, die Ver\u00f6ffentlichung von Anzeigen abzulehnen, laufende [&hellip;]<\/p>\n","protected":false},"author":1,"featured_media":0,"parent":0,"menu_order":0,"comment_status":"closed","ping_status":"closed","template":"","meta":{"_acf_changed":false,"pgc_sgb_lightbox_settings":"","footnotes":""},"class_list":["post-1226","page","type-page","status-publish","hentry"],"acf":[],"yoast_head":"<!-- This site is optimized with the Yoast SEO plugin v27.4 - https:\/\/yoast.com\/product\/yoast-seo-wordpress\/ -->\n<title>AGB der UmweltPERSPEKTIVEN \/ Galledia AG \/ Galledia Fachmedien AG<\/title>\n<meta name=\"description\" content=\"Allgemeine Gesch\u00e4ftsbedingungen der Galledia ag und der Galledia Fachmedien AG, beide nachfolgend Galledia genannt.\" \/>\n<meta name=\"robots\" content=\"index, follow, max-snippet:-1, max-image-preview:large, max-video-preview:-1\" \/>\n<link rel=\"canonical\" href=\"https:\/\/www.fachbau.ch\/de\/agb\/\" \/>\n<meta property=\"og:locale\" content=\"de_DE\" \/>\n<meta property=\"og:type\" content=\"article\" \/>\n<meta property=\"og:title\" content=\"AGB der UmweltPERSPEKTIVEN \/ Galledia AG \/ Galledia Fachmedien AG\" \/>\n<meta property=\"og:description\" content=\"Allgemeine Gesch\u00e4ftsbedingungen der Galledia ag und der Galledia Fachmedien AG, beide nachfolgend Galledia genannt.\" \/>\n<meta property=\"og:url\" content=\"https:\/\/www.fachbau.ch\/de\/agb\/\" \/>\n<meta property=\"og:site_name\" content=\"fachbau.ch\" \/>\n<meta property=\"article:modified_time\" content=\"2023-10-09T13:56:29+00:00\" \/>\n<meta name=\"twitter:card\" content=\"summary_large_image\" \/>\n<meta name=\"twitter:label1\" content=\"Gesch\u00e4tzte Lesezeit\" \/>\n\t<meta name=\"twitter:data1\" content=\"2\u00a0Minuten\" \/>\n<script type=\"application\/ld+json\" class=\"yoast-schema-graph\">{\"@context\":\"https:\\\/\\\/schema.org\",\"@graph\":[{\"@type\":\"WebPage\",\"@id\":\"https:\\\/\\\/www.fachbau.ch\\\/agb\\\/\",\"url\":\"https:\\\/\\\/www.fachbau.ch\\\/agb\\\/\",\"name\":\"AGB der UmweltPERSPEKTIVEN \\\/ Galledia AG \\\/ Galledia Fachmedien AG\",\"isPartOf\":{\"@id\":\"https:\\\/\\\/www.fachbau.ch\\\/#website\"},\"datePublished\":\"2017-09-15T14:54:38+00:00\",\"dateModified\":\"2023-10-09T13:56:29+00:00\",\"description\":\"Allgemeine Gesch\u00e4ftsbedingungen der Galledia ag und der Galledia Fachmedien AG, beide nachfolgend Galledia genannt.\",\"breadcrumb\":{\"@id\":\"https:\\\/\\\/www.fachbau.ch\\\/agb\\\/#breadcrumb\"},\"inLanguage\":\"de\",\"potentialAction\":[{\"@type\":\"ReadAction\",\"target\":[\"https:\\\/\\\/www.fachbau.ch\\\/agb\\\/\"]}]},{\"@type\":\"BreadcrumbList\",\"@id\":\"https:\\\/\\\/www.fachbau.ch\\\/agb\\\/#breadcrumb\",\"itemListElement\":[{\"@type\":\"ListItem\",\"position\":1,\"name\":\"Startseite\",\"item\":\"https:\\\/\\\/www.fachbau.ch\\\/\"},{\"@type\":\"ListItem\",\"position\":2,\"name\":\"AGB\"}]},{\"@type\":\"WebSite\",\"@id\":\"https:\\\/\\\/www.fachbau.ch\\\/#website\",\"url\":\"https:\\\/\\\/www.fachbau.ch\\\/\",\"name\":\"fachbau.ch\",\"description\":\"Modernes, nachhaltiges Bauen.\",\"publisher\":{\"@id\":\"https:\\\/\\\/www.fachbau.ch\\\/#organization\"},\"potentialAction\":[{\"@type\":\"SearchAction\",\"target\":{\"@type\":\"EntryPoint\",\"urlTemplate\":\"https:\\\/\\\/www.fachbau.ch\\\/?s={search_term_string}\"},\"query-input\":{\"@type\":\"PropertyValueSpecification\",\"valueRequired\":true,\"valueName\":\"search_term_string\"}}],\"inLanguage\":\"de\"},{\"@type\":\"Organization\",\"@id\":\"https:\\\/\\\/www.fachbau.ch\\\/#organization\",\"name\":\"fachbau.ch\",\"url\":\"https:\\\/\\\/www.fachbau.ch\\\/\",\"logo\":{\"@type\":\"ImageObject\",\"inLanguage\":\"de\",\"@id\":\"https:\\\/\\\/www.fachbau.ch\\\/#\\\/schema\\\/logo\\\/image\\\/\",\"url\":\"https:\\\/\\\/www.fachbau.ch\\\/wp-content\\\/uploads\\\/2021\\\/12\\\/Logo_fachbau_ch.png\",\"contentUrl\":\"https:\\\/\\\/www.fachbau.ch\\\/wp-content\\\/uploads\\\/2021\\\/12\\\/Logo_fachbau_ch.png\",\"width\":283,\"height\":42,\"caption\":\"fachbau.ch\"},\"image\":{\"@id\":\"https:\\\/\\\/www.fachbau.ch\\\/#\\\/schema\\\/logo\\\/image\\\/\"}}]}<\/script>\n<!-- \/ Yoast SEO plugin. -->","yoast_head_json":{"title":"AGB der UmweltPERSPEKTIVEN \/ Galledia AG \/ Galledia Fachmedien AG","description":"Allgemeine Gesch\u00e4ftsbedingungen der Galledia ag und der Galledia Fachmedien AG, beide nachfolgend Galledia genannt.","robots":{"index":"index","follow":"follow","max-snippet":"max-snippet:-1","max-image-preview":"max-image-preview:large","max-video-preview":"max-video-preview:-1"},"canonical":"https:\/\/www.fachbau.ch\/de\/agb\/","og_locale":"de_DE","og_type":"article","og_title":"AGB der UmweltPERSPEKTIVEN \/ Galledia AG \/ Galledia Fachmedien AG","og_description":"Allgemeine Gesch\u00e4ftsbedingungen der Galledia ag und der Galledia Fachmedien AG, beide nachfolgend Galledia genannt.","og_url":"https:\/\/www.fachbau.ch\/de\/agb\/","og_site_name":"fachbau.ch","article_modified_time":"2023-10-09T13:56:29+00:00","twitter_card":"summary_large_image","twitter_misc":{"Gesch\u00e4tzte Lesezeit":"2\u00a0Minuten"},"schema":{"@context":"https:\/\/schema.org","@graph":[{"@type":"WebPage","@id":"https:\/\/www.fachbau.ch\/agb\/","url":"https:\/\/www.fachbau.ch\/agb\/","name":"AGB der UmweltPERSPEKTIVEN \/ Galledia AG \/ Galledia Fachmedien AG","isPartOf":{"@id":"https:\/\/www.fachbau.ch\/#website"},"datePublished":"2017-09-15T14:54:38+00:00","dateModified":"2023-10-09T13:56:29+00:00","description":"Allgemeine Gesch\u00e4ftsbedingungen der Galledia ag und der Galledia Fachmedien AG, beide nachfolgend Galledia genannt.","breadcrumb":{"@id":"https:\/\/www.fachbau.ch\/agb\/#breadcrumb"},"inLanguage":"de","potentialAction":[{"@type":"ReadAction","target":["https:\/\/www.fachbau.ch\/agb\/"]}]},{"@type":"BreadcrumbList","@id":"https:\/\/www.fachbau.ch\/agb\/#breadcrumb","itemListElement":[{"@type":"ListItem","position":1,"name":"Startseite","item":"https:\/\/www.fachbau.ch\/"},{"@type":"ListItem","position":2,"name":"AGB"}]},{"@type":"WebSite","@id":"https:\/\/www.fachbau.ch\/#website","url":"https:\/\/www.fachbau.ch\/","name":"fachbau.ch","description":"Modernes, nachhaltiges Bauen.","publisher":{"@id":"https:\/\/www.fachbau.ch\/#organization"},"potentialAction":[{"@type":"SearchAction","target":{"@type":"EntryPoint","urlTemplate":"https:\/\/www.fachbau.ch\/?s={search_term_string}"},"query-input":{"@type":"PropertyValueSpecification","valueRequired":true,"valueName":"search_term_string"}}],"inLanguage":"de"},{"@type":"Organization","@id":"https:\/\/www.fachbau.ch\/#organization","name":"fachbau.ch","url":"https:\/\/www.fachbau.ch\/","logo":{"@type":"ImageObject","inLanguage":"de","@id":"https:\/\/www.fachbau.ch\/#\/schema\/logo\/image\/","url":"https:\/\/www.fachbau.ch\/wp-content\/uploads\/2021\/12\/Logo_fachbau_ch.png","contentUrl":"https:\/\/www.fachbau.ch\/wp-content\/uploads\/2021\/12\/Logo_fachbau_ch.png","width":283,"height":42,"caption":"fachbau.ch"},"image":{"@id":"https:\/\/www.fachbau.ch\/#\/schema\/logo\/image\/"}}]}},"_links":{"self":[{"href":"https:\/\/www.fachbau.ch\/de\/wp-json\/wp\/v2\/pages\/1226","targetHints":{"allow":["GET"]}}],"collection":[{"href":"https:\/\/www.fachbau.ch\/de\/wp-json\/wp\/v2\/pages"}],"about":[{"href":"https:\/\/www.fachbau.ch\/de\/wp-json\/wp\/v2\/types\/page"}],"author":[{"embeddable":true,"href":"https:\/\/www.fachbau.ch\/de\/wp-json\/wp\/v2\/users\/1"}],"replies":[{"embeddable":true,"href":"https:\/\/www.fachbau.ch\/de\/wp-json\/wp\/v2\/comments?post=1226"}],"version-history":[{"count":1,"href":"https:\/\/www.fachbau.ch\/de\/wp-json\/wp\/v2\/pages\/1226\/revisions"}],"predecessor-version":[{"id":18827,"href":"https:\/\/www.fachbau.ch\/de\/wp-json\/wp\/v2\/pages\/1226\/revisions\/18827"}],"wp:attachment":[{"href":"https:\/\/www.fachbau.ch\/de\/wp-json\/wp\/v2\/media?parent=1226"}],"curies":[{"name":"wp","href":"https:\/\/api.w.org\/{rel}","templated":true}]}}